{"id":28221,"date":"2024-06-07T11:49:46","date_gmt":"2024-06-07T11:49:46","guid":{"rendered":"https:\/\/cigarettemanufacturingmachinery.com\/?post_type=product&#038;p=28221"},"modified":"2024-06-25T07:05:18","modified_gmt":"2024-06-25T07:05:18","slug":"protos-80er-cigarette-making-machine","status":"publish","type":"product","link":"https:\/\/cigarettemanufacturingmachinery.com\/de\/produkt\/protos-80er-zigarettenmaschine\/","title":{"rendered":"Protos 80ER \u2013 Zigarettenmaschine"},"content":{"rendered":"<p>Hier sind einige Highlights zum Protos 80ER<\/p>\n<ol>\n<li>Hohe Produktionskapazit\u00e4t: 8.000 Zigaretten pro Minute (Regular Dia) und 7.000 Zigaretten pro Minute (Slim &amp; Super Slim)<\/li>\n<li>Die Maschine verarbeitet Zigaretten mit einem Umfang von 17 mm bis 28,3 mm<\/li>\n<li>Geeignet f\u00fcr Zigarettenl\u00e4ngen von 65 mm bis 110 mm<\/li>\n<li>Unterst\u00fctzt Zigarettendurchmesser von 5,4 mm bis 8 mm<\/li>\n<li>Hohe Betriebseffizienzrate \u00fcber 98%<\/li>\n<li>Wird mit einem SPS-Steuerungssystem von SIEMENS IPC oder BECKHOFF IPC geliefert<\/li>\n<li>Wiegt 10.800 kg, die l\u00e4ngste Seite ist 3500 mm lang<\/li>\n<li>Die Maschineneinheit umfasst den Zigarettenstangenhersteller S7000, den Filteraufsatz M8000 und den automatischen Tablettf\u00fcller F80<\/li>\n<li>Die Leistung der Maschine ist aufgeteilt in S7000 ca. 50KW, M8000 ca. 20KW und F80 ca. 15KW<\/li>\n<\/ol>","protected":false},"excerpt":{"rendered":"<p>Das durchweg positive Kundenfeedback, Hunderte von von HAUNI weltweit verkauften Einheiten und die Tatsache, dass die meisten Zigarettenhersteller Protos 80ER-Zigarettenmaschinen verwenden, sind allein schon eine gro\u00dfartige Rechtfertigung f\u00fcr die Zuverl\u00e4ssigkeit dieser Maschine.<\/p>","protected":false},"featured_media":28187,"comment_status":"closed","ping_status":"closed","template":"","meta":[],"product_brand":[],"product_cat":[101],"product_tag":[],"class_list":{"0":"post-28221","1":"product","2":"type-product","3":"status-publish","4":"has-post-thumbnail","6":"product_cat-cigarette-manufacturing","8":"first","9":"instock","10":"shipping-taxable","11":"product-type-simple"},"yoast_head":"<!-- This site is optimized with the Yoast SEO plugin v27.4 - https:\/\/yoast.com\/product\/yoast-seo-wordpress\/ -->\n<title>Protos 80ER - Cigarette Making Machine<\/title>\n<meta name=\"description\" content=\"Protos 80ER - Cigarette Making Machine | Ready to ship \u2714 - Contact us to get custom quote for your machinery requirements\" \/>\n<meta name=\"robots\" content=\"index, follow, max-snippet:-1, max-image-preview:large, max-video-preview:-1\" \/>\n<link rel=\"canonical\" href=\"https:\/\/cigarettemanufacturingmachinery.com\/de\/produkt\/protos-80er-zigarettenmaschine\/\" \/>\n<meta property=\"og:locale\" content=\"de_DE\" \/>\n<meta property=\"og:type\" content=\"article\" \/>\n<meta property=\"og:title\" content=\"Protos 80ER - Cigarette Making Machine\" \/>\n<meta property=\"og:description\" content=\"Protos 80ER - Cigarette Making Machine | Ready to ship \u2714 - Contact us to get custom quote for your machinery requirements\" \/>\n<meta property=\"og:url\" content=\"https:\/\/cigarettemanufacturingmachinery.com\/de\/produkt\/protos-80er-zigarettenmaschine\/\" \/>\n<meta property=\"og:site_name\" content=\"Cigarette Manufacturing Machinery\" \/>\n<meta property=\"article:modified_time\" content=\"2024-06-25T07:05:18+00:00\" \/>\n<meta property=\"og:image\" content=\"https:\/\/cigarettemanufacturingmachinery.com\/wp-content\/uploads\/2024\/06\/Protos-80er.webp\" \/>\n\t<meta property=\"og:image:width\" content=\"768\" \/>\n\t<meta property=\"og:image:height\" content=\"512\" \/>\n\t<meta property=\"og:image:type\" content=\"image\/webp\" \/>\n<meta name=\"twitter:card\" content=\"summary_large_image\" \/>\n<meta name=\"twitter:label1\" content=\"Gesch\u00e4tzte Lesezeit\" \/>\n\t<meta name=\"twitter:data1\" content=\"1\u00a0Minute\" \/>\n<!-- \/ Yoast SEO plugin. -->","yoast_head_json":{"title":"Protos 80ER - Zigarettenmaschine","description":"Protos 80ER - Zigarettenmaschine | Sofort versandfertig \u2714 - Kontaktieren Sie uns, um ein individuelles Angebot f\u00fcr Ihren Maschinenbedarf zu erhalten","robots":{"index":"index","follow":"follow","max-snippet":"max-snippet:-1","max-image-preview":"max-image-preview:large","max-video-preview":"max-video-preview:-1"},"canonical":"https:\/\/cigarettemanufacturingmachinery.com\/de\/produkt\/protos-80er-zigarettenmaschine\/","og_locale":"de_DE","og_type":"article","og_title":"Protos 80ER - Cigarette Making Machine","og_description":"Protos 80ER - Cigarette Making Machine | Ready to ship \u2714 - Contact us to get custom quote for your machinery requirements","og_url":"https:\/\/cigarettemanufacturingmachinery.com\/de\/produkt\/protos-80er-zigarettenmaschine\/","og_site_name":"Cigarette Manufacturing Machinery","article_modified_time":"2024-06-25T07:05:18+00:00","og_image":[{"width":768,"height":512,"url":"https:\/\/cigarettemanufacturingmachinery.com\/wp-content\/uploads\/2024\/06\/Protos-80er.webp","type":"image\/webp"}],"twitter_card":"summary_large_image","twitter_misc":{"Gesch\u00e4tzte Lesezeit":"1\u00a0Minute"},"schema":{"@context":"https:\/\/schema.org","@graph":[{"@type":"WebPage","@id":"https:\/\/cigarettemanufacturingmachinery.com\/product\/protos-80er-cigarette-making-machine\/","url":"https:\/\/cigarettemanufacturingmachinery.com\/product\/protos-80er-cigarette-making-machine\/","name":"Protos 80ER - Zigarettenmaschine","isPartOf":{"@id":"https:\/\/cigarettemanufacturingmachinery.com\/#website"},"primaryImageOfPage":{"@id":"https:\/\/cigarettemanufacturingmachinery.com\/product\/protos-80er-cigarette-making-machine\/#primaryimage"},"image":{"@id":"https:\/\/cigarettemanufacturingmachinery.com\/product\/protos-80er-cigarette-making-machine\/#primaryimage"},"thumbnailUrl":"https:\/\/cigarettemanufacturingmachinery.com\/wp-content\/uploads\/2024\/06\/Protos-80er.webp","datePublished":"2024-06-07T11:49:46+00:00","dateModified":"2024-06-25T07:05:18+00:00","description":"Protos 80ER - Zigarettenmaschine | Sofort versandfertig \u2714 - Kontaktieren Sie uns, um ein individuelles Angebot f\u00fcr Ihren Maschinenbedarf zu erhalten","breadcrumb":{"@id":"https:\/\/cigarettemanufacturingmachinery.com\/product\/protos-80er-cigarette-making-machine\/#breadcrumb"},"inLanguage":"de","potentialAction":[{"@type":"ReadAction","target":["https:\/\/cigarettemanufacturingmachinery.com\/product\/protos-80er-cigarette-making-machine\/"]}]},{"@type":"ImageObject","inLanguage":"de","@id":"https:\/\/cigarettemanufacturingmachinery.com\/product\/protos-80er-cigarette-making-machine\/#primaryimage","url":"https:\/\/cigarettemanufacturingmachinery.com\/wp-content\/uploads\/2024\/06\/Protos-80er.webp","contentUrl":"https:\/\/cigarettemanufacturingmachinery.com\/wp-content\/uploads\/2024\/06\/Protos-80er.webp","width":768,"height":512,"caption":"Protos 80er cigarette making machine"},{"@type":"BreadcrumbList","@id":"https:\/\/cigarettemanufacturingmachinery.com\/product\/protos-80er-cigarette-making-machine\/#breadcrumb","itemListElement":[{"@type":"ListItem","position":1,"name":"Home","item":"https:\/\/cigarettemanufacturingmachinery.com\/"},{"@type":"ListItem","position":2,"name":"\u00dcr\u00fcnler","item":"https:\/\/cigarettemanufacturingmachinery.com\/tr\/shop\/"},{"@type":"ListItem","position":3,"name":"Protos 80ER &#8211; Cigarette Making Machine"}]},{"@type":"WebSite","@id":"https:\/\/cigarettemanufacturingmachinery.com\/#website","url":"https:\/\/cigarettemanufacturingmachinery.com\/","name":"Maschinen zur Zigarettenherstellung","description":"Lieferanten von Zigarettenherstellungsmaschinen","potentialAction":[{"@type":"SearchAction","target":{"@type":"EntryPoint","urlTemplate":"https:\/\/cigarettemanufacturingmachinery.com\/?s={search_term_string}"},"query-input":{"@type":"PropertyValueSpecification","valueRequired":true,"valueName":"search_term_string"}}],"inLanguage":"de"}]}},"_links":{"self":[{"href":"https:\/\/cigarettemanufacturingmachinery.com\/de\/wp-json\/wp\/v2\/product\/28221","targetHints":{"allow":["GET"]}}],"collection":[{"href":"https:\/\/cigarettemanufacturingmachinery.com\/de\/wp-json\/wp\/v2\/product"}],"about":[{"href":"https:\/\/cigarettemanufacturingmachinery.com\/de\/wp-json\/wp\/v2\/types\/product"}],"replies":[{"embeddable":true,"href":"https:\/\/cigarettemanufacturingmachinery.com\/de\/wp-json\/wp\/v2\/comments?post=28221"}],"version-history":[{"count":2,"href":"https:\/\/cigarettemanufacturingmachinery.com\/de\/wp-json\/wp\/v2\/product\/28221\/revisions"}],"predecessor-version":[{"id":28412,"href":"https:\/\/cigarettemanufacturingmachinery.com\/de\/wp-json\/wp\/v2\/product\/28221\/revisions\/28412"}],"wp:featuredmedia":[{"embeddable":true,"href":"https:\/\/cigarettemanufacturingmachinery.com\/de\/wp-json\/wp\/v2\/media\/28187"}],"wp:attachment":[{"href":"https:\/\/cigarettemanufacturingmachinery.com\/de\/wp-json\/wp\/v2\/media?parent=28221"}],"wp:term":[{"taxonomy":"product_brand","embeddable":true,"href":"https:\/\/cigarettemanufacturingmachinery.com\/de\/wp-json\/wp\/v2\/product_brand?post=28221"},{"taxonomy":"product_cat","embeddable":true,"href":"https:\/\/cigarettemanufacturingmachinery.com\/de\/wp-json\/wp\/v2\/product_cat?post=28221"},{"taxonomy":"product_tag","embeddable":true,"href":"https:\/\/cigarettemanufacturingmachinery.com\/de\/wp-json\/wp\/v2\/product_tag?post=28221"}],"curies":[{"name":"wp","href":"https:\/\/api.w.org\/{rel}","templated":true}]}}