{"id":28223,"date":"2024-06-07T11:52:43","date_gmt":"2024-06-07T11:52:43","guid":{"rendered":"https:\/\/cigarettemanufacturingmachinery.com\/?post_type=product&#038;p=28223"},"modified":"2024-06-25T07:07:29","modified_gmt":"2024-06-25T07:07:29","slug":"protos-70-cigarette-making-machine","status":"publish","type":"product","link":"https:\/\/cigarettemanufacturingmachinery.com\/de\/produkt\/protos-70-zigarettenmaschine\/","title":{"rendered":"Protos 70 \u2013 Zigarettenmaschine"},"content":{"rendered":"<p>Hier sind einige Highlights f\u00fcr Protos 70<\/p>\n<ol>\n<li>Eine Hochgeschwindigkeitsproduktionskapazit\u00e4t von 7.000 Zigaretten pro Minute (Regular Dia) und 6.000 Zigaretten pro Minute (Slim &amp; Super Slim)<\/li>\n<li>Es deckt den Zigarettenumfangsbereich von 17 mm bis 28,3 mm ab<\/li>\n<li>Diese Maschine ist mit Zigarettendurchmessern von 5,4 mm bis 8 mm kompatibel<\/li>\n<li>Es bietet Platz f\u00fcr Zigarettenl\u00e4ngen (Filter + Tabakstangenl\u00e4nge) von 65 mm bis 110 mm<\/li>\n<li>Es hat einen hohen Wirkungsgrad von 97%<\/li>\n<li>Es ist mit einem SPS-Steuerungssystem von SIEMENS IPC oder BECKHOFF IPC ausgestattet<\/li>\n<li>Die Maschineneinheit umfasst den Zigarettenstangenhersteller S7000, den Filteraufsatz M8000 und den automatischen Tablettf\u00fcller F80<\/li>\n<li>Seine Leistung ist unterteilt in S7000 \/ 50KW, M8000 \/20KW und F80\/15KW<\/li>\n<li>Sein Gesamtgewicht betr\u00e4gt 10.800 kg, die l\u00e4ngste L\u00e4nge betr\u00e4gt 3000 mm<\/li>\n<\/ol>\n<p>&nbsp;<\/p>","protected":false},"excerpt":{"rendered":"<p>Mit hoher Betriebseffizienz und einer weiten Verbreitung in Nordamerika, Europa, Asien und S\u00fcdamerika ist der HAUNI Protos 70 eine effiziente Zigarettenherstellungsmaschine, die von den Tabakunternehmen akzeptiert wird.<\/p>","protected":false},"featured_media":28191,"comment_status":"closed","ping_status":"closed","template":"","meta":[],"product_brand":[],"product_cat":[101],"product_tag":[],"class_list":{"0":"post-28223","1":"product","2":"type-product","3":"status-publish","4":"has-post-thumbnail","6":"product_cat-cigarette-manufacturing","8":"first","9":"instock","10":"shipping-taxable","11":"product-type-simple"},"yoast_head":"<!-- This site is optimized with the Yoast SEO plugin v27.4 - https:\/\/yoast.com\/product\/yoast-seo-wordpress\/ -->\n<title>Protos 70 - Cigarette Making Machine<\/title>\n<meta name=\"description\" content=\"Protos 70 - Cigarette Making Machine | Ready to ship \u2714 - Contact us to get custom quote for your machinery requirements\" \/>\n<meta name=\"robots\" content=\"index, follow, max-snippet:-1, max-image-preview:large, max-video-preview:-1\" \/>\n<link rel=\"canonical\" href=\"https:\/\/cigarettemanufacturingmachinery.com\/de\/produk\/mesin-pembuat-rokok-protos-70\/\" \/>\n<meta property=\"og:locale\" content=\"de_DE\" \/>\n<meta property=\"og:type\" content=\"article\" \/>\n<meta property=\"og:title\" content=\"Protos 70 - Cigarette Making Machine\" \/>\n<meta property=\"og:description\" content=\"Protos 70 - Cigarette Making Machine | Ready to ship \u2714 - Contact us to get custom quote for your machinery requirements\" \/>\n<meta property=\"og:url\" content=\"https:\/\/cigarettemanufacturingmachinery.com\/de\/produk\/mesin-pembuat-rokok-protos-70\/\" \/>\n<meta property=\"og:site_name\" content=\"Cigarette Manufacturing Machinery\" \/>\n<meta property=\"article:modified_time\" content=\"2024-06-25T07:07:29+00:00\" \/>\n<meta property=\"og:image\" content=\"https:\/\/cigarettemanufacturingmachinery.com\/wp-content\/uploads\/2024\/06\/Protos-70-cigarette-making-machine.webp\" \/>\n\t<meta property=\"og:image:width\" content=\"804\" \/>\n\t<meta property=\"og:image:height\" content=\"536\" \/>\n\t<meta property=\"og:image:type\" content=\"image\/webp\" \/>\n<meta name=\"twitter:card\" content=\"summary_large_image\" \/>\n<meta name=\"twitter:label1\" content=\"Gesch\u00e4tzte Lesezeit\" \/>\n\t<meta name=\"twitter:data1\" content=\"1\u00a0Minute\" \/>\n<!-- \/ Yoast SEO plugin. -->","yoast_head_json":{"title":"Protos 70 - Zigarettenmaschine","description":"Protos 70 - Zigarettenmaschine | Versandfertig \u2714 - Kontaktieren Sie uns, um ein individuelles Angebot f\u00fcr Ihre Maschinenanforderungen zu erhalten","robots":{"index":"index","follow":"follow","max-snippet":"max-snippet:-1","max-image-preview":"max-image-preview:large","max-video-preview":"max-video-preview:-1"},"canonical":"https:\/\/cigarettemanufacturingmachinery.com\/de\/produk\/mesin-pembuat-rokok-protos-70\/","og_locale":"de_DE","og_type":"article","og_title":"Protos 70 - Cigarette Making Machine","og_description":"Protos 70 - Cigarette Making Machine | Ready to ship \u2714 - Contact us to get custom quote for your machinery requirements","og_url":"https:\/\/cigarettemanufacturingmachinery.com\/de\/produk\/mesin-pembuat-rokok-protos-70\/","og_site_name":"Cigarette Manufacturing Machinery","article_modified_time":"2024-06-25T07:07:29+00:00","og_image":[{"width":804,"height":536,"url":"https:\/\/cigarettemanufacturingmachinery.com\/wp-content\/uploads\/2024\/06\/Protos-70-cigarette-making-machine.webp","type":"image\/webp"}],"twitter_card":"summary_large_image","twitter_misc":{"Gesch\u00e4tzte Lesezeit":"1\u00a0Minute"},"schema":{"@context":"https:\/\/schema.org","@graph":[{"@type":"WebPage","@id":"https:\/\/cigarettemanufacturingmachinery.com\/id\/produk\/mesin-pembuat-rokok-protos-70\/","url":"https:\/\/cigarettemanufacturingmachinery.com\/id\/produk\/mesin-pembuat-rokok-protos-70\/","name":"Protos 70 - Zigarettenmaschine","isPartOf":{"@id":"https:\/\/cigarettemanufacturingmachinery.com\/#website"},"primaryImageOfPage":{"@id":"https:\/\/cigarettemanufacturingmachinery.com\/id\/produk\/mesin-pembuat-rokok-protos-70\/#primaryimage"},"image":{"@id":"https:\/\/cigarettemanufacturingmachinery.com\/id\/produk\/mesin-pembuat-rokok-protos-70\/#primaryimage"},"thumbnailUrl":"https:\/\/cigarettemanufacturingmachinery.com\/wp-content\/uploads\/2024\/06\/Protos-70-cigarette-making-machine.webp","datePublished":"2024-06-07T11:52:43+00:00","dateModified":"2024-06-25T07:07:29+00:00","description":"Protos 70 - Zigarettenmaschine | Versandfertig \u2714 - Kontaktieren Sie uns, um ein individuelles Angebot f\u00fcr Ihre Maschinenanforderungen zu erhalten","breadcrumb":{"@id":"https:\/\/cigarettemanufacturingmachinery.com\/id\/produk\/mesin-pembuat-rokok-protos-70\/#breadcrumb"},"inLanguage":"de","potentialAction":[{"@type":"ReadAction","target":["https:\/\/cigarettemanufacturingmachinery.com\/id\/produk\/mesin-pembuat-rokok-protos-70\/"]}]},{"@type":"ImageObject","inLanguage":"de","@id":"https:\/\/cigarettemanufacturingmachinery.com\/id\/produk\/mesin-pembuat-rokok-protos-70\/#primaryimage","url":"https:\/\/cigarettemanufacturingmachinery.com\/wp-content\/uploads\/2024\/06\/Protos-70-cigarette-making-machine.webp","contentUrl":"https:\/\/cigarettemanufacturingmachinery.com\/wp-content\/uploads\/2024\/06\/Protos-70-cigarette-making-machine.webp","width":804,"height":536,"caption":"Protos 80er cigarette making machine"},{"@type":"BreadcrumbList","@id":"https:\/\/cigarettemanufacturingmachinery.com\/id\/produk\/mesin-pembuat-rokok-protos-70\/#breadcrumb","itemListElement":[{"@type":"ListItem","position":1,"name":"Home","item":"https:\/\/cigarettemanufacturingmachinery.com\/"},{"@type":"ListItem","position":2,"name":"\u00dcr\u00fcnler","item":"https:\/\/cigarettemanufacturingmachinery.com\/tr\/shop\/"},{"@type":"ListItem","position":3,"name":"Protos 70 &#8211; Cigarette Making Machine"}]},{"@type":"WebSite","@id":"https:\/\/cigarettemanufacturingmachinery.com\/#website","url":"https:\/\/cigarettemanufacturingmachinery.com\/","name":"Maschinen zur Zigarettenherstellung","description":"Lieferanten von Zigarettenherstellungsmaschinen","potentialAction":[{"@type":"SearchAction","target":{"@type":"EntryPoint","urlTemplate":"https:\/\/cigarettemanufacturingmachinery.com\/?s={search_term_string}"},"query-input":{"@type":"PropertyValueSpecification","valueRequired":true,"valueName":"search_term_string"}}],"inLanguage":"de"}]}},"_links":{"self":[{"href":"https:\/\/cigarettemanufacturingmachinery.com\/de\/wp-json\/wp\/v2\/product\/28223","targetHints":{"allow":["GET"]}}],"collection":[{"href":"https:\/\/cigarettemanufacturingmachinery.com\/de\/wp-json\/wp\/v2\/product"}],"about":[{"href":"https:\/\/cigarettemanufacturingmachinery.com\/de\/wp-json\/wp\/v2\/types\/product"}],"replies":[{"embeddable":true,"href":"https:\/\/cigarettemanufacturingmachinery.com\/de\/wp-json\/wp\/v2\/comments?post=28223"}],"version-history":[{"count":2,"href":"https:\/\/cigarettemanufacturingmachinery.com\/de\/wp-json\/wp\/v2\/product\/28223\/revisions"}],"predecessor-version":[{"id":28413,"href":"https:\/\/cigarettemanufacturingmachinery.com\/de\/wp-json\/wp\/v2\/product\/28223\/revisions\/28413"}],"wp:featuredmedia":[{"embeddable":true,"href":"https:\/\/cigarettemanufacturingmachinery.com\/de\/wp-json\/wp\/v2\/media\/28191"}],"wp:attachment":[{"href":"https:\/\/cigarettemanufacturingmachinery.com\/de\/wp-json\/wp\/v2\/media?parent=28223"}],"wp:term":[{"taxonomy":"product_brand","embeddable":true,"href":"https:\/\/cigarettemanufacturingmachinery.com\/de\/wp-json\/wp\/v2\/product_brand?post=28223"},{"taxonomy":"product_cat","embeddable":true,"href":"https:\/\/cigarettemanufacturingmachinery.com\/de\/wp-json\/wp\/v2\/product_cat?post=28223"},{"taxonomy":"product_tag","embeddable":true,"href":"https:\/\/cigarettemanufacturingmachinery.com\/de\/wp-json\/wp\/v2\/product_tag?post=28223"}],"curies":[{"name":"wp","href":"https:\/\/api.w.org\/{rel}","templated":true}]}}