{"id":28225,"date":"2024-06-07T11:54:19","date_gmt":"2024-06-07T11:54:19","guid":{"rendered":"https:\/\/cigarettemanufacturingmachinery.com\/?post_type=product&#038;p=28225"},"modified":"2024-06-25T07:08:46","modified_gmt":"2024-06-25T07:08:46","slug":"mark-8-post-64-cigarette-manufacturing-machine","status":"publish","type":"product","link":"https:\/\/cigarettemanufacturingmachinery.com\/de\/produkt\/mark-8-post-64-zigarettenherstellungsmaschine\/","title":{"rendered":"Mark 8 Post 64 \u2013 Zigarettenherstellungsmaschine"},"content":{"rendered":"<p>Hier sind einige Highlights von Markus 8<\/p>\n<ol>\n<li>Die Maschine hat eine Geschwindigkeit von 1800-2000 Zigaretten pro Minute<\/li>\n<li>Es verf\u00fcgt \u00fcber einen Molins MK-8 \u201ePost 64\u201c mit Doppelfarbdrucker<\/li>\n<li>Geeignet f\u00fcr Zigaretten mit einem Umfang von 17 mm \u2013 28,3 mm<\/li>\n<li>Angebote f\u00fcr Filterl\u00e4ngen von 20 mm bis 35 mm<\/li>\n<li>Es bietet Platz f\u00fcr Zigarettenl\u00e4ngen von 65 mm bis 110 mm<\/li>\n<li>Die Standardkonfigurationen sind Standard 84 mm \/ 100 mm \/ Slims \/ Superslims \/ Nano<\/li>\n<li>Funktioniert sowohl mit 220 V als auch mit 380 V<\/li>\n<li>Die Maschine wiegt 3.500 kg und hat eine l\u00e4ngste Seitenl\u00e4nge von 3.000 mm.<\/li>\n<li>Die Maschine verf\u00fcgt \u00fcber eine robuste Konstruktion mit hoher Genauigkeit<\/li>\n<\/ol>","protected":false},"excerpt":{"rendered":"<p>MOLINS Mark 8 ist eine dreiphasige, schwere Zigarettenherstellungsmaschine in Gusseisenbauweise. Diese Maschine ist weit verbreitet und wird f\u00fcr ihre Robustheit und Leistungsf\u00e4higkeit gesch\u00e4tzt. Die Maschine besteht aus einem Molins MK 8-Maker, einem Hauni Max 3 und einem Doppelreihenf\u00e4nger.<\/p>","protected":false},"featured_media":28182,"comment_status":"closed","ping_status":"closed","template":"","meta":[],"product_brand":[],"product_cat":[101],"product_tag":[],"class_list":{"0":"post-28225","1":"product","2":"type-product","3":"status-publish","4":"has-post-thumbnail","6":"product_cat-cigarette-manufacturing","8":"first","9":"instock","10":"shipping-taxable","11":"product-type-simple"},"yoast_head":"<!-- This site is optimized with the Yoast SEO plugin v27.4 - https:\/\/yoast.com\/product\/yoast-seo-wordpress\/ -->\n<title>Mark 8 Post 64 - Cigarette Manufacturing Machine<\/title>\n<meta name=\"description\" content=\"Mark 8 Post 64 - Cigarette Manufacturing Machine | Ready to ship \u2714 - Contact us to get custom quote for your machinery requirements\" \/>\n<meta name=\"robots\" content=\"index, follow, max-snippet:-1, max-image-preview:large, max-video-preview:-1\" \/>\n<link rel=\"canonical\" href=\"https:\/\/cigarettemanufacturingmachinery.com\/de\/\u043f\u0440\u043e\u0434\u0443\u043a\u0442\/\u043c\u0430\u0448\u0438\u043d\u0430-\u0434\u043b\u044f-\u043f\u0440\u043e\u0438\u0437\u0432\u043e\u0434\u0441\u0442\u0432\u0430-\u0441\u0438\u0433\u0430\u0440\u0435\u0442-mark-8-post-64\/\" \/>\n<meta property=\"og:locale\" content=\"de_DE\" \/>\n<meta property=\"og:type\" content=\"article\" \/>\n<meta property=\"og:title\" content=\"Mark 8 Post 64 - Cigarette Manufacturing Machine\" \/>\n<meta property=\"og:description\" content=\"Mark 8 Post 64 - Cigarette Manufacturing Machine | Ready to ship \u2714 - Contact us to get custom quote for your machinery requirements\" \/>\n<meta property=\"og:url\" content=\"https:\/\/cigarettemanufacturingmachinery.com\/de\/\u043f\u0440\u043e\u0434\u0443\u043a\u0442\/\u043c\u0430\u0448\u0438\u043d\u0430-\u0434\u043b\u044f-\u043f\u0440\u043e\u0438\u0437\u0432\u043e\u0434\u0441\u0442\u0432\u0430-\u0441\u0438\u0433\u0430\u0440\u0435\u0442-mark-8-post-64\/\" \/>\n<meta property=\"og:site_name\" content=\"Cigarette Manufacturing Machinery\" \/>\n<meta property=\"article:modified_time\" content=\"2024-06-25T07:08:46+00:00\" \/>\n<meta property=\"og:image\" content=\"https:\/\/cigarettemanufacturingmachinery.com\/wp-content\/uploads\/2024\/06\/mark.webp\" \/>\n\t<meta property=\"og:image:width\" content=\"732\" \/>\n\t<meta property=\"og:image:height\" content=\"488\" \/>\n\t<meta property=\"og:image:type\" content=\"image\/webp\" \/>\n<meta name=\"twitter:card\" content=\"summary_large_image\" \/>\n<!-- \/ Yoast SEO plugin. -->","yoast_head_json":{"title":"Mark 8 Post 64 - Zigarettenherstellungsmaschine","description":"Mark 8 Post 64 - Zigarettenherstellungsmaschine | Versandfertig \u2714 - Kontaktieren Sie uns, um ein individuelles Angebot f\u00fcr Ihren Maschinenbedarf zu erhalten","robots":{"index":"index","follow":"follow","max-snippet":"max-snippet:-1","max-image-preview":"max-image-preview:large","max-video-preview":"max-video-preview:-1"},"canonical":"https:\/\/cigarettemanufacturingmachinery.com\/de\/\u043f\u0440\u043e\u0434\u0443\u043a\u0442\/\u043c\u0430\u0448\u0438\u043d\u0430-\u0434\u043b\u044f-\u043f\u0440\u043e\u0438\u0437\u0432\u043e\u0434\u0441\u0442\u0432\u0430-\u0441\u0438\u0433\u0430\u0440\u0435\u0442-mark-8-post-64\/","og_locale":"de_DE","og_type":"article","og_title":"Mark 8 Post 64 - Cigarette Manufacturing Machine","og_description":"Mark 8 Post 64 - Cigarette Manufacturing Machine | Ready to ship \u2714 - Contact us to get custom quote for your machinery requirements","og_url":"https:\/\/cigarettemanufacturingmachinery.com\/de\/\u043f\u0440\u043e\u0434\u0443\u043a\u0442\/\u043c\u0430\u0448\u0438\u043d\u0430-\u0434\u043b\u044f-\u043f\u0440\u043e\u0438\u0437\u0432\u043e\u0434\u0441\u0442\u0432\u0430-\u0441\u0438\u0433\u0430\u0440\u0435\u0442-mark-8-post-64\/","og_site_name":"Cigarette Manufacturing Machinery","article_modified_time":"2024-06-25T07:08:46+00:00","og_image":[{"width":732,"height":488,"url":"https:\/\/cigarettemanufacturingmachinery.com\/wp-content\/uploads\/2024\/06\/mark.webp","type":"image\/webp"}],"twitter_card":"summary_large_image","schema":{"@context":"https:\/\/schema.org","@graph":[{"@type":"WebPage","@id":"https:\/\/cigarettemanufacturingmachinery.com\/ru\/\u043f\u0440\u043e\u0434\u0443\u043a\u0442\/\u043c\u0430\u0448\u0438\u043d\u0430-\u0434\u043b\u044f-\u043f\u0440\u043e\u0438\u0437\u0432\u043e\u0434\u0441\u0442\u0432\u0430-\u0441\u0438\u0433\u0430\u0440\u0435\u0442-mark-8-post-64\/","url":"https:\/\/cigarettemanufacturingmachinery.com\/ru\/\u043f\u0440\u043e\u0434\u0443\u043a\u0442\/\u043c\u0430\u0448\u0438\u043d\u0430-\u0434\u043b\u044f-\u043f\u0440\u043e\u0438\u0437\u0432\u043e\u0434\u0441\u0442\u0432\u0430-\u0441\u0438\u0433\u0430\u0440\u0435\u0442-mark-8-post-64\/","name":"Mark 8 Post 64 - Zigarettenherstellungsmaschine","isPartOf":{"@id":"https:\/\/cigarettemanufacturingmachinery.com\/#website"},"primaryImageOfPage":{"@id":"https:\/\/cigarettemanufacturingmachinery.com\/ru\/\u043f\u0440\u043e\u0434\u0443\u043a\u0442\/\u043c\u0430\u0448\u0438\u043d\u0430-\u0434\u043b\u044f-\u043f\u0440\u043e\u0438\u0437\u0432\u043e\u0434\u0441\u0442\u0432\u0430-\u0441\u0438\u0433\u0430\u0440\u0435\u0442-mark-8-post-64\/#primaryimage"},"image":{"@id":"https:\/\/cigarettemanufacturingmachinery.com\/ru\/\u043f\u0440\u043e\u0434\u0443\u043a\u0442\/\u043c\u0430\u0448\u0438\u043d\u0430-\u0434\u043b\u044f-\u043f\u0440\u043e\u0438\u0437\u0432\u043e\u0434\u0441\u0442\u0432\u0430-\u0441\u0438\u0433\u0430\u0440\u0435\u0442-mark-8-post-64\/#primaryimage"},"thumbnailUrl":"https:\/\/cigarettemanufacturingmachinery.com\/wp-content\/uploads\/2024\/06\/mark.webp","datePublished":"2024-06-07T11:54:19+00:00","dateModified":"2024-06-25T07:08:46+00:00","description":"Mark 8 Post 64 - Zigarettenherstellungsmaschine | Versandfertig \u2714 - Kontaktieren Sie uns, um ein individuelles Angebot f\u00fcr Ihren Maschinenbedarf zu erhalten","breadcrumb":{"@id":"https:\/\/cigarettemanufacturingmachinery.com\/ru\/\u043f\u0440\u043e\u0434\u0443\u043a\u0442\/\u043c\u0430\u0448\u0438\u043d\u0430-\u0434\u043b\u044f-\u043f\u0440\u043e\u0438\u0437\u0432\u043e\u0434\u0441\u0442\u0432\u0430-\u0441\u0438\u0433\u0430\u0440\u0435\u0442-mark-8-post-64\/#breadcrumb"},"inLanguage":"de","potentialAction":[{"@type":"ReadAction","target":["https:\/\/cigarettemanufacturingmachinery.com\/ru\/\u043f\u0440\u043e\u0434\u0443\u043a\u0442\/\u043c\u0430\u0448\u0438\u043d\u0430-\u0434\u043b\u044f-\u043f\u0440\u043e\u0438\u0437\u0432\u043e\u0434\u0441\u0442\u0432\u0430-\u0441\u0438\u0433\u0430\u0440\u0435\u0442-mark-8-post-64\/"]}]},{"@type":"ImageObject","inLanguage":"de","@id":"https:\/\/cigarettemanufacturingmachinery.com\/ru\/\u043f\u0440\u043e\u0434\u0443\u043a\u0442\/\u043c\u0430\u0448\u0438\u043d\u0430-\u0434\u043b\u044f-\u043f\u0440\u043e\u0438\u0437\u0432\u043e\u0434\u0441\u0442\u0432\u0430-\u0441\u0438\u0433\u0430\u0440\u0435\u0442-mark-8-post-64\/#primaryimage","url":"https:\/\/cigarettemanufacturingmachinery.com\/wp-content\/uploads\/2024\/06\/mark.webp","contentUrl":"https:\/\/cigarettemanufacturingmachinery.com\/wp-content\/uploads\/2024\/06\/mark.webp","width":732,"height":488,"caption":"mark 8 Post Cigarette Manufacturing Machine"},{"@type":"BreadcrumbList","@id":"https:\/\/cigarettemanufacturingmachinery.com\/ru\/\u043f\u0440\u043e\u0434\u0443\u043a\u0442\/\u043c\u0430\u0448\u0438\u043d\u0430-\u0434\u043b\u044f-\u043f\u0440\u043e\u0438\u0437\u0432\u043e\u0434\u0441\u0442\u0432\u0430-\u0441\u0438\u0433\u0430\u0440\u0435\u0442-mark-8-post-64\/#breadcrumb","itemListElement":[{"@type":"ListItem","position":1,"name":"Home","item":"https:\/\/cigarettemanufacturingmachinery.com\/"},{"@type":"ListItem","position":2,"name":"\u00dcr\u00fcnler","item":"https:\/\/cigarettemanufacturingmachinery.com\/tr\/shop\/"},{"@type":"ListItem","position":3,"name":"Mark 8 Post 64 &#8211; Cigarette Manufacturing Machine"}]},{"@type":"WebSite","@id":"https:\/\/cigarettemanufacturingmachinery.com\/#website","url":"https:\/\/cigarettemanufacturingmachinery.com\/","name":"Maschinen zur Zigarettenherstellung","description":"Lieferanten von Zigarettenherstellungsmaschinen","potentialAction":[{"@type":"SearchAction","target":{"@type":"EntryPoint","urlTemplate":"https:\/\/cigarettemanufacturingmachinery.com\/?s={search_term_string}"},"query-input":{"@type":"PropertyValueSpecification","valueRequired":true,"valueName":"search_term_string"}}],"inLanguage":"de"}]}},"_links":{"self":[{"href":"https:\/\/cigarettemanufacturingmachinery.com\/de\/wp-json\/wp\/v2\/product\/28225","targetHints":{"allow":["GET"]}}],"collection":[{"href":"https:\/\/cigarettemanufacturingmachinery.com\/de\/wp-json\/wp\/v2\/product"}],"about":[{"href":"https:\/\/cigarettemanufacturingmachinery.com\/de\/wp-json\/wp\/v2\/types\/product"}],"replies":[{"embeddable":true,"href":"https:\/\/cigarettemanufacturingmachinery.com\/de\/wp-json\/wp\/v2\/comments?post=28225"}],"version-history":[{"count":2,"href":"https:\/\/cigarettemanufacturingmachinery.com\/de\/wp-json\/wp\/v2\/product\/28225\/revisions"}],"predecessor-version":[{"id":28417,"href":"https:\/\/cigarettemanufacturingmachinery.com\/de\/wp-json\/wp\/v2\/product\/28225\/revisions\/28417"}],"wp:featuredmedia":[{"embeddable":true,"href":"https:\/\/cigarettemanufacturingmachinery.com\/de\/wp-json\/wp\/v2\/media\/28182"}],"wp:attachment":[{"href":"https:\/\/cigarettemanufacturingmachinery.com\/de\/wp-json\/wp\/v2\/media?parent=28225"}],"wp:term":[{"taxonomy":"product_brand","embeddable":true,"href":"https:\/\/cigarettemanufacturingmachinery.com\/de\/wp-json\/wp\/v2\/product_brand?post=28225"},{"taxonomy":"product_cat","embeddable":true,"href":"https:\/\/cigarettemanufacturingmachinery.com\/de\/wp-json\/wp\/v2\/product_cat?post=28225"},{"taxonomy":"product_tag","embeddable":true,"href":"https:\/\/cigarettemanufacturingmachinery.com\/de\/wp-json\/wp\/v2\/product_tag?post=28225"}],"curies":[{"name":"wp","href":"https:\/\/api.w.org\/{rel}","templated":true}]}}