{"id":28229,"date":"2024-06-08T06:13:06","date_gmt":"2024-06-08T06:13:06","guid":{"rendered":"https:\/\/cigarettemanufacturingmachinery.com\/?post_type=product&#038;p=28229"},"modified":"2025-08-09T13:36:20","modified_gmt":"2025-08-09T13:36:20","slug":"mark-8d-max15-cigarette-manufacturing-machine","status":"publish","type":"product","link":"https:\/\/cigarettemanufacturingmachinery.com\/de\/produkt\/mark-8d-max15-zigarettenherstellungsmaschine\/","title":{"rendered":"Mark 8 mit MAX 15"},"content":{"rendered":"<p>Hier sind einige Highlights von Mark 8D<\/p>\n<ol>\n<li>Es hat eine Produktionsgeschwindigkeit von 3000 Zigaretten \/ Minute<\/li>\n<li>Es handelt sich um Zigarettengr\u00f6\u00dfen King\/ Demi\/ Slims\/ Super Slims\/ Nano<\/li>\n<li>Es bietet Platz f\u00fcr Zigarettenl\u00e4ngen von 65 mm bis 110 mm<\/li>\n<li>Maschinengriff Zigarettenumfang von 17 mm \u2013 28,3 mm<\/li>\n<li>Maschineneinheit besteht aus MK-8D Zigarettenmaschine, MAX-15 mit 1117 Zuf\u00fchreinheit<\/li>\n<li>Es arbeitet mit 17 kW<\/li>\n<li>Mark 8D ist eine 5000 kg Maschine<\/li>\n<\/ol>","protected":false},"excerpt":{"rendered":"<p>Mark 8D ist eine schnellere Maschine mit hoher Genauigkeit, die f\u00fcr kleine bis mittlere Projekte in der Zigarettenindustrie entwickelt wurde. Molins Mark 8D bietet Flexibilit\u00e4t und Effizienz im Produktionsprozess und ist eine kosteng\u00fcnstige L\u00f6sung.<\/p>","protected":false},"featured_media":28183,"comment_status":"closed","ping_status":"closed","template":"","meta":[],"product_brand":[],"product_cat":[101],"product_tag":[],"class_list":{"0":"post-28229","1":"product","2":"type-product","3":"status-publish","4":"has-post-thumbnail","6":"product_cat-cigarette-manufacturing","8":"first","9":"instock","10":"shipping-taxable","11":"product-type-simple"},"yoast_head":"<!-- This site is optimized with the Yoast SEO plugin v27.4 - https:\/\/yoast.com\/product\/yoast-seo-wordpress\/ -->\n<title>Mark 8 with MAX 15 - Cigarette Making Machine<\/title>\n<meta name=\"description\" content=\"Mark 8D is a faster machine with high accuracy built to deal with small to medium projects in the cigarette manufacturing industry.\" \/>\n<meta name=\"robots\" content=\"index, follow, max-snippet:-1, max-image-preview:large, max-video-preview:-1\" \/>\n<link rel=\"canonical\" href=\"https:\/\/cigarettemanufacturingmachinery.com\/de\/\u043f\u0440\u043e\u0434\u0443\u043a\u0442\/\u043c\u0430\u0448\u0438\u043d\u0430-\u0434\u043b\u044f-\u043f\u0440\u043e\u0438\u0437\u0432\u043e\u0434\u0441\u0442\u0432\u0430-\u0441\u0438\u0433\u0430\u0440\u0435\u0442-mark-8d-max15\/\" \/>\n<meta property=\"og:locale\" content=\"de_DE\" \/>\n<meta property=\"og:type\" content=\"article\" \/>\n<meta property=\"og:title\" content=\"Mark 8 with MAX 15 - Cigarette Making Machine\" \/>\n<meta property=\"og:description\" content=\"Mark 8D is a faster machine with high accuracy built to deal with small to medium projects in the cigarette manufacturing industry.\" \/>\n<meta property=\"og:url\" content=\"https:\/\/cigarettemanufacturingmachinery.com\/de\/\u043f\u0440\u043e\u0434\u0443\u043a\u0442\/\u043c\u0430\u0448\u0438\u043d\u0430-\u0434\u043b\u044f-\u043f\u0440\u043e\u0438\u0437\u0432\u043e\u0434\u0441\u0442\u0432\u0430-\u0441\u0438\u0433\u0430\u0440\u0435\u0442-mark-8d-max15\/\" \/>\n<meta property=\"og:site_name\" content=\"Cigarette Manufacturing Machinery\" \/>\n<meta property=\"article:modified_time\" content=\"2025-08-09T13:36:20+00:00\" \/>\n<meta property=\"og:image\" content=\"https:\/\/cigarettemanufacturingmachinery.com\/wp-content\/uploads\/2024\/06\/Mark-1.webp\" \/>\n\t<meta property=\"og:image:width\" content=\"828\" \/>\n\t<meta property=\"og:image:height\" content=\"552\" \/>\n\t<meta property=\"og:image:type\" content=\"image\/webp\" \/>\n<meta name=\"twitter:card\" content=\"summary_large_image\" \/>\n<meta name=\"twitter:label1\" content=\"Gesch\u00e4tzte Lesezeit\" \/>\n\t<meta name=\"twitter:data1\" content=\"1\u00a0Minute\" \/>\n<!-- \/ Yoast SEO plugin. -->","yoast_head_json":{"title":"Mark 8 mit MAX 15 - Zigarettenmaschine","description":"Mark 8D ist eine schnellere Maschine mit hoher Genauigkeit, die f\u00fcr kleine bis mittlere Projekte in der Zigarettenherstellungsindustrie entwickelt wurde.","robots":{"index":"index","follow":"follow","max-snippet":"max-snippet:-1","max-image-preview":"max-image-preview:large","max-video-preview":"max-video-preview:-1"},"canonical":"https:\/\/cigarettemanufacturingmachinery.com\/de\/\u043f\u0440\u043e\u0434\u0443\u043a\u0442\/\u043c\u0430\u0448\u0438\u043d\u0430-\u0434\u043b\u044f-\u043f\u0440\u043e\u0438\u0437\u0432\u043e\u0434\u0441\u0442\u0432\u0430-\u0441\u0438\u0433\u0430\u0440\u0435\u0442-mark-8d-max15\/","og_locale":"de_DE","og_type":"article","og_title":"Mark 8 with MAX 15 - Cigarette Making Machine","og_description":"Mark 8D is a faster machine with high accuracy built to deal with small to medium projects in the cigarette manufacturing industry.","og_url":"https:\/\/cigarettemanufacturingmachinery.com\/de\/\u043f\u0440\u043e\u0434\u0443\u043a\u0442\/\u043c\u0430\u0448\u0438\u043d\u0430-\u0434\u043b\u044f-\u043f\u0440\u043e\u0438\u0437\u0432\u043e\u0434\u0441\u0442\u0432\u0430-\u0441\u0438\u0433\u0430\u0440\u0435\u0442-mark-8d-max15\/","og_site_name":"Cigarette Manufacturing Machinery","article_modified_time":"2025-08-09T13:36:20+00:00","og_image":[{"width":828,"height":552,"url":"https:\/\/cigarettemanufacturingmachinery.com\/wp-content\/uploads\/2024\/06\/Mark-1.webp","type":"image\/webp"}],"twitter_card":"summary_large_image","twitter_misc":{"Gesch\u00e4tzte Lesezeit":"1\u00a0Minute"},"schema":{"@context":"https:\/\/schema.org","@graph":[{"@type":"WebPage","@id":"https:\/\/cigarettemanufacturingmachinery.com\/ru\/\u043f\u0440\u043e\u0434\u0443\u043a\u0442\/\u043c\u0430\u0448\u0438\u043d\u0430-\u0434\u043b\u044f-\u043f\u0440\u043e\u0438\u0437\u0432\u043e\u0434\u0441\u0442\u0432\u0430-\u0441\u0438\u0433\u0430\u0440\u0435\u0442-mark-8d-max15\/","url":"https:\/\/cigarettemanufacturingmachinery.com\/ru\/\u043f\u0440\u043e\u0434\u0443\u043a\u0442\/\u043c\u0430\u0448\u0438\u043d\u0430-\u0434\u043b\u044f-\u043f\u0440\u043e\u0438\u0437\u0432\u043e\u0434\u0441\u0442\u0432\u0430-\u0441\u0438\u0433\u0430\u0440\u0435\u0442-mark-8d-max15\/","name":"Mark 8 mit MAX 15 - Zigarettenmaschine","isPartOf":{"@id":"https:\/\/cigarettemanufacturingmachinery.com\/#website"},"primaryImageOfPage":{"@id":"https:\/\/cigarettemanufacturingmachinery.com\/ru\/\u043f\u0440\u043e\u0434\u0443\u043a\u0442\/\u043c\u0430\u0448\u0438\u043d\u0430-\u0434\u043b\u044f-\u043f\u0440\u043e\u0438\u0437\u0432\u043e\u0434\u0441\u0442\u0432\u0430-\u0441\u0438\u0433\u0430\u0440\u0435\u0442-mark-8d-max15\/#primaryimage"},"image":{"@id":"https:\/\/cigarettemanufacturingmachinery.com\/ru\/\u043f\u0440\u043e\u0434\u0443\u043a\u0442\/\u043c\u0430\u0448\u0438\u043d\u0430-\u0434\u043b\u044f-\u043f\u0440\u043e\u0438\u0437\u0432\u043e\u0434\u0441\u0442\u0432\u0430-\u0441\u0438\u0433\u0430\u0440\u0435\u0442-mark-8d-max15\/#primaryimage"},"thumbnailUrl":"https:\/\/cigarettemanufacturingmachinery.com\/wp-content\/uploads\/2024\/06\/Mark-1.webp","datePublished":"2024-06-08T06:13:06+00:00","dateModified":"2025-08-09T13:36:20+00:00","description":"Mark 8D ist eine schnellere Maschine mit hoher Genauigkeit, die f\u00fcr kleine bis mittlere Projekte in der Zigarettenherstellungsindustrie entwickelt wurde.","breadcrumb":{"@id":"https:\/\/cigarettemanufacturingmachinery.com\/ru\/\u043f\u0440\u043e\u0434\u0443\u043a\u0442\/\u043c\u0430\u0448\u0438\u043d\u0430-\u0434\u043b\u044f-\u043f\u0440\u043e\u0438\u0437\u0432\u043e\u0434\u0441\u0442\u0432\u0430-\u0441\u0438\u0433\u0430\u0440\u0435\u0442-mark-8d-max15\/#breadcrumb"},"inLanguage":"de","potentialAction":[{"@type":"ReadAction","target":["https:\/\/cigarettemanufacturingmachinery.com\/ru\/\u043f\u0440\u043e\u0434\u0443\u043a\u0442\/\u043c\u0430\u0448\u0438\u043d\u0430-\u0434\u043b\u044f-\u043f\u0440\u043e\u0438\u0437\u0432\u043e\u0434\u0441\u0442\u0432\u0430-\u0441\u0438\u0433\u0430\u0440\u0435\u0442-mark-8d-max15\/"]}]},{"@type":"ImageObject","inLanguage":"de","@id":"https:\/\/cigarettemanufacturingmachinery.com\/ru\/\u043f\u0440\u043e\u0434\u0443\u043a\u0442\/\u043c\u0430\u0448\u0438\u043d\u0430-\u0434\u043b\u044f-\u043f\u0440\u043e\u0438\u0437\u0432\u043e\u0434\u0441\u0442\u0432\u0430-\u0441\u0438\u0433\u0430\u0440\u0435\u0442-mark-8d-max15\/#primaryimage","url":"https:\/\/cigarettemanufacturingmachinery.com\/wp-content\/uploads\/2024\/06\/Mark-1.webp","contentUrl":"https:\/\/cigarettemanufacturingmachinery.com\/wp-content\/uploads\/2024\/06\/Mark-1.webp","width":828,"height":552,"caption":"Mark 8 D Cigarette Making Machine"},{"@type":"BreadcrumbList","@id":"https:\/\/cigarettemanufacturingmachinery.com\/ru\/\u043f\u0440\u043e\u0434\u0443\u043a\u0442\/\u043c\u0430\u0448\u0438\u043d\u0430-\u0434\u043b\u044f-\u043f\u0440\u043e\u0438\u0437\u0432\u043e\u0434\u0441\u0442\u0432\u0430-\u0441\u0438\u0433\u0430\u0440\u0435\u0442-mark-8d-max15\/#breadcrumb","itemListElement":[{"@type":"ListItem","position":1,"name":"Home","item":"https:\/\/cigarettemanufacturingmachinery.com\/"},{"@type":"ListItem","position":2,"name":"\u00dcr\u00fcnler","item":"https:\/\/cigarettemanufacturingmachinery.com\/tr\/shop\/"},{"@type":"ListItem","position":3,"name":"Mark 8 with MAX 15"}]},{"@type":"WebSite","@id":"https:\/\/cigarettemanufacturingmachinery.com\/#website","url":"https:\/\/cigarettemanufacturingmachinery.com\/","name":"Maschinen zur Zigarettenherstellung","description":"Lieferanten von Zigarettenherstellungsmaschinen","potentialAction":[{"@type":"SearchAction","target":{"@type":"EntryPoint","urlTemplate":"https:\/\/cigarettemanufacturingmachinery.com\/?s={search_term_string}"},"query-input":{"@type":"PropertyValueSpecification","valueRequired":true,"valueName":"search_term_string"}}],"inLanguage":"de"}]}},"_links":{"self":[{"href":"https:\/\/cigarettemanufacturingmachinery.com\/de\/wp-json\/wp\/v2\/product\/28229","targetHints":{"allow":["GET"]}}],"collection":[{"href":"https:\/\/cigarettemanufacturingmachinery.com\/de\/wp-json\/wp\/v2\/product"}],"about":[{"href":"https:\/\/cigarettemanufacturingmachinery.com\/de\/wp-json\/wp\/v2\/types\/product"}],"replies":[{"embeddable":true,"href":"https:\/\/cigarettemanufacturingmachinery.com\/de\/wp-json\/wp\/v2\/comments?post=28229"}],"version-history":[{"count":3,"href":"https:\/\/cigarettemanufacturingmachinery.com\/de\/wp-json\/wp\/v2\/product\/28229\/revisions"}],"predecessor-version":[{"id":29182,"href":"https:\/\/cigarettemanufacturingmachinery.com\/de\/wp-json\/wp\/v2\/product\/28229\/revisions\/29182"}],"wp:featuredmedia":[{"embeddable":true,"href":"https:\/\/cigarettemanufacturingmachinery.com\/de\/wp-json\/wp\/v2\/media\/28183"}],"wp:attachment":[{"href":"https:\/\/cigarettemanufacturingmachinery.com\/de\/wp-json\/wp\/v2\/media?parent=28229"}],"wp:term":[{"taxonomy":"product_brand","embeddable":true,"href":"https:\/\/cigarettemanufacturingmachinery.com\/de\/wp-json\/wp\/v2\/product_brand?post=28229"},{"taxonomy":"product_cat","embeddable":true,"href":"https:\/\/cigarettemanufacturingmachinery.com\/de\/wp-json\/wp\/v2\/product_cat?post=28229"},{"taxonomy":"product_tag","embeddable":true,"href":"https:\/\/cigarettemanufacturingmachinery.com\/de\/wp-json\/wp\/v2\/product_tag?post=28229"}],"curies":[{"name":"wp","href":"https:\/\/api.w.org\/{rel}","templated":true}]}}