{"id":28233,"date":"2024-06-08T06:16:33","date_gmt":"2024-06-08T06:16:33","guid":{"rendered":"https:\/\/cigarettemanufacturingmachinery.com\/?post_type=product&#038;p=28233"},"modified":"2024-06-25T07:12:24","modified_gmt":"2024-06-25T07:12:24","slug":"mark-9-5-lenze-servo-drives-cigarette-manufacturing-machine","status":"publish","type":"product","link":"https:\/\/cigarettemanufacturingmachinery.com\/de\/produkt\/mark-9-5-lenze-servoantriebe-zigarettenherstellungsmaschine\/","title":{"rendered":"Mark 9.5 Lenze Servo Drives \u2013 Zigarettenherstellungsmaschine"},"content":{"rendered":"<p>Hier sind einige Highlights f\u00fcr Mark 9.5 (LSD)<\/p>\n<ol>\n<li>Es verf\u00fcgt \u00fcber eine Produktionskapazit\u00e4t von 3500 cpm (Regular Dia), 3200 cpm (Slim &amp; Super Slim)<\/li>\n<li>Es eignet sich f\u00fcr Zigaretten mit einem Umfang von 17 mm bis 28,3 mm<\/li>\n<li>Es bietet Platz f\u00fcr Filter + Tabakstangen mit einer L\u00e4nge von 65 mm \u2013 110 mm<\/li>\n<li>Kommt mit SPS-Steuerungssystem von SIEMENS PLC<\/li>\n<li>Es verf\u00fcgt \u00fcber ein Mikrowellensystem zur Gewichtskontrolle<\/li>\n<li>Das Servosystem wird von Lenze gebaut<\/li>\n<li>Die Maschineneinheit wird mit einem MK-9.5-Zigarettenhersteller, einem MAX-S-Filtermonteur und einem HCF80-Auto-Tablettf\u00fcller geliefert<\/li>\n<li>Die Leistung wird als MK-9.5 \/ 35KW, MAX-S \/20KW und HCF80\/15KW verteilt<\/li>\n<li>Sein Gesamtgewicht betr\u00e4gt 8600 kg<\/li>\n<\/ol>","protected":false},"excerpt":{"rendered":"<p>Molins Mark 9.5 (LSD) Lenze Servo Drives ist eine hocheffiziente Maschine zur Herstellung schwerer Zigaretten mit der F\u00e4higkeit, mittlere Produktionsmengen zu bew\u00e4ltigen. F\u00fcr Genauigkeit und Taktung verwendet diese Maschine Lenze Servo Drives, die f\u00fcr ihre verbesserte Betriebseffizienz und ihren reduzierten Stromverbrauch bekannt sind.<\/p>","protected":false},"featured_media":28186,"comment_status":"closed","ping_status":"closed","template":"","meta":[],"product_brand":[],"product_cat":[101],"product_tag":[],"class_list":{"0":"post-28233","1":"product","2":"type-product","3":"status-publish","4":"has-post-thumbnail","6":"product_cat-cigarette-manufacturing","8":"first","9":"instock","10":"shipping-taxable","11":"product-type-simple"},"yoast_head":"<!-- This site is optimized with the Yoast SEO plugin v27.4 - https:\/\/yoast.com\/product\/yoast-seo-wordpress\/ -->\n<title>Mark 9.5 Lenze Servo Drives - Cigarette Manufacturing Machine<\/title>\n<meta name=\"description\" content=\"Mark 9.5 Lenze Servo Drives - Cigarette Manufacturing Machine | Ready to ship \u2714 - Contact us to get custom quote for your machinery requirements\" \/>\n<meta name=\"robots\" content=\"index, follow, max-snippet:-1, max-image-preview:large, max-video-preview:-1\" \/>\n<link rel=\"canonical\" href=\"https:\/\/cigarettemanufacturingmachinery.com\/de\/produkt\/mark-9-5-lenze-servoantriebe-zigarettenherstellungsmaschine\/\" \/>\n<meta property=\"og:locale\" content=\"de_DE\" \/>\n<meta property=\"og:type\" content=\"article\" \/>\n<meta property=\"og:title\" content=\"Mark 9.5 Lenze Servo Drives - Cigarette Manufacturing Machine\" \/>\n<meta property=\"og:description\" content=\"Mark 9.5 Lenze Servo Drives - Cigarette Manufacturing Machine | Ready to ship \u2714 - Contact us to get custom quote for your machinery requirements\" \/>\n<meta property=\"og:url\" content=\"https:\/\/cigarettemanufacturingmachinery.com\/de\/produkt\/mark-9-5-lenze-servoantriebe-zigarettenherstellungsmaschine\/\" \/>\n<meta property=\"og:site_name\" content=\"Cigarette Manufacturing Machinery\" \/>\n<meta property=\"article:modified_time\" content=\"2024-06-25T07:12:24+00:00\" \/>\n<meta property=\"og:image\" content=\"https:\/\/cigarettemanufacturingmachinery.com\/wp-content\/uploads\/2024\/06\/Mark-9.5-LSD.webp\" \/>\n\t<meta property=\"og:image:width\" content=\"816\" \/>\n\t<meta property=\"og:image:height\" content=\"544\" \/>\n\t<meta property=\"og:image:type\" content=\"image\/webp\" \/>\n<meta name=\"twitter:card\" content=\"summary_large_image\" \/>\n<!-- \/ Yoast SEO plugin. -->","yoast_head_json":{"title":"Mark 9.5 Lenze Servo Drives - Zigarettenherstellungsmaschine","description":"Mark 9.5 Lenze Servoantriebe - Zigarettenherstellungsmaschine | Versandfertig \u2714 - Kontaktieren Sie uns, um ein individuelles Angebot f\u00fcr Ihre Maschinenanforderungen zu erhalten","robots":{"index":"index","follow":"follow","max-snippet":"max-snippet:-1","max-image-preview":"max-image-preview:large","max-video-preview":"max-video-preview:-1"},"canonical":"https:\/\/cigarettemanufacturingmachinery.com\/de\/produkt\/mark-9-5-lenze-servoantriebe-zigarettenherstellungsmaschine\/","og_locale":"de_DE","og_type":"article","og_title":"Mark 9.5 Lenze Servo Drives - Cigarette Manufacturing Machine","og_description":"Mark 9.5 Lenze Servo Drives - Cigarette Manufacturing Machine | Ready to ship \u2714 - Contact us to get custom quote for your machinery requirements","og_url":"https:\/\/cigarettemanufacturingmachinery.com\/de\/produkt\/mark-9-5-lenze-servoantriebe-zigarettenherstellungsmaschine\/","og_site_name":"Cigarette Manufacturing Machinery","article_modified_time":"2024-06-25T07:12:24+00:00","og_image":[{"width":816,"height":544,"url":"https:\/\/cigarettemanufacturingmachinery.com\/wp-content\/uploads\/2024\/06\/Mark-9.5-LSD.webp","type":"image\/webp"}],"twitter_card":"summary_large_image","schema":{"@context":"https:\/\/schema.org","@graph":[{"@type":"WebPage","@id":"https:\/\/cigarettemanufacturingmachinery.com\/product\/mark-9-5-lenze-servo-drives-cigarette-manufacturing-machine\/","url":"https:\/\/cigarettemanufacturingmachinery.com\/product\/mark-9-5-lenze-servo-drives-cigarette-manufacturing-machine\/","name":"Mark 9.5 Lenze Servo Drives - Zigarettenherstellungsmaschine","isPartOf":{"@id":"https:\/\/cigarettemanufacturingmachinery.com\/#website"},"primaryImageOfPage":{"@id":"https:\/\/cigarettemanufacturingmachinery.com\/product\/mark-9-5-lenze-servo-drives-cigarette-manufacturing-machine\/#primaryimage"},"image":{"@id":"https:\/\/cigarettemanufacturingmachinery.com\/product\/mark-9-5-lenze-servo-drives-cigarette-manufacturing-machine\/#primaryimage"},"thumbnailUrl":"https:\/\/cigarettemanufacturingmachinery.com\/wp-content\/uploads\/2024\/06\/Mark-9.5-LSD.webp","datePublished":"2024-06-08T06:16:33+00:00","dateModified":"2024-06-25T07:12:24+00:00","description":"Mark 9.5 Lenze Servoantriebe - Zigarettenherstellungsmaschine | Versandfertig \u2714 - Kontaktieren Sie uns, um ein individuelles Angebot f\u00fcr Ihre Maschinenanforderungen zu erhalten","breadcrumb":{"@id":"https:\/\/cigarettemanufacturingmachinery.com\/product\/mark-9-5-lenze-servo-drives-cigarette-manufacturing-machine\/#breadcrumb"},"inLanguage":"de","potentialAction":[{"@type":"ReadAction","target":["https:\/\/cigarettemanufacturingmachinery.com\/product\/mark-9-5-lenze-servo-drives-cigarette-manufacturing-machine\/"]}]},{"@type":"ImageObject","inLanguage":"de","@id":"https:\/\/cigarettemanufacturingmachinery.com\/product\/mark-9-5-lenze-servo-drives-cigarette-manufacturing-machine\/#primaryimage","url":"https:\/\/cigarettemanufacturingmachinery.com\/wp-content\/uploads\/2024\/06\/Mark-9.5-LSD.webp","contentUrl":"https:\/\/cigarettemanufacturingmachinery.com\/wp-content\/uploads\/2024\/06\/Mark-9.5-LSD.webp","width":816,"height":544,"caption":"Mark 9.5 LSD Cigarette making Machine"},{"@type":"BreadcrumbList","@id":"https:\/\/cigarettemanufacturingmachinery.com\/product\/mark-9-5-lenze-servo-drives-cigarette-manufacturing-machine\/#breadcrumb","itemListElement":[{"@type":"ListItem","position":1,"name":"Home","item":"https:\/\/cigarettemanufacturingmachinery.com\/"},{"@type":"ListItem","position":2,"name":"\u00dcr\u00fcnler","item":"https:\/\/cigarettemanufacturingmachinery.com\/tr\/shop\/"},{"@type":"ListItem","position":3,"name":"Mark 9.5 Lenze Servo Drives &#8211; Cigarette Manufacturing Machine"}]},{"@type":"WebSite","@id":"https:\/\/cigarettemanufacturingmachinery.com\/#website","url":"https:\/\/cigarettemanufacturingmachinery.com\/","name":"Maschinen zur Zigarettenherstellung","description":"Lieferanten von Zigarettenherstellungsmaschinen","potentialAction":[{"@type":"SearchAction","target":{"@type":"EntryPoint","urlTemplate":"https:\/\/cigarettemanufacturingmachinery.com\/?s={search_term_string}"},"query-input":{"@type":"PropertyValueSpecification","valueRequired":true,"valueName":"search_term_string"}}],"inLanguage":"de"}]}},"_links":{"self":[{"href":"https:\/\/cigarettemanufacturingmachinery.com\/de\/wp-json\/wp\/v2\/product\/28233","targetHints":{"allow":["GET"]}}],"collection":[{"href":"https:\/\/cigarettemanufacturingmachinery.com\/de\/wp-json\/wp\/v2\/product"}],"about":[{"href":"https:\/\/cigarettemanufacturingmachinery.com\/de\/wp-json\/wp\/v2\/types\/product"}],"replies":[{"embeddable":true,"href":"https:\/\/cigarettemanufacturingmachinery.com\/de\/wp-json\/wp\/v2\/comments?post=28233"}],"version-history":[{"count":2,"href":"https:\/\/cigarettemanufacturingmachinery.com\/de\/wp-json\/wp\/v2\/product\/28233\/revisions"}],"predecessor-version":[{"id":28425,"href":"https:\/\/cigarettemanufacturingmachinery.com\/de\/wp-json\/wp\/v2\/product\/28233\/revisions\/28425"}],"wp:featuredmedia":[{"embeddable":true,"href":"https:\/\/cigarettemanufacturingmachinery.com\/de\/wp-json\/wp\/v2\/media\/28186"}],"wp:attachment":[{"href":"https:\/\/cigarettemanufacturingmachinery.com\/de\/wp-json\/wp\/v2\/media?parent=28233"}],"wp:term":[{"taxonomy":"product_brand","embeddable":true,"href":"https:\/\/cigarettemanufacturingmachinery.com\/de\/wp-json\/wp\/v2\/product_brand?post=28233"},{"taxonomy":"product_cat","embeddable":true,"href":"https:\/\/cigarettemanufacturingmachinery.com\/de\/wp-json\/wp\/v2\/product_cat?post=28233"},{"taxonomy":"product_tag","embeddable":true,"href":"https:\/\/cigarettemanufacturingmachinery.com\/de\/wp-json\/wp\/v2\/product_tag?post=28233"}],"curies":[{"name":"wp","href":"https:\/\/api.w.org\/{rel}","templated":true}]}}