{"id":28250,"date":"2024-06-08T07:47:59","date_gmt":"2024-06-08T07:47:59","guid":{"rendered":"https:\/\/cigarettemanufacturingmachinery.com\/?post_type=product&#038;p=28250"},"modified":"2024-06-28T06:36:42","modified_gmt":"2024-06-28T06:36:42","slug":"molins-pm-5-filter-making-machines","status":"publish","type":"product","link":"https:\/\/cigarettemanufacturingmachinery.com\/de\/produkt\/molins-pm-5-filterherstellungsmaschinen\/","title":{"rendered":"MOLINS PM-5 Filterherstellungsmaschinen"},"content":{"rendered":"<p>Hier sind einige Highlights f\u00fcr PM-5<\/p>\n<ol>\n<li>Die Produktionskapazit\u00e4t betr\u00e4gt 4000 Filter pro Minute<\/li>\n<li>Diese Maschine verarbeitet Filterst\u00e4be mit einem Durchmesser von 7,5 mm bis 7,8 mm<\/li>\n<li>Es bietet Platz f\u00fcr Filterst\u00e4be mit einer L\u00e4nge von 108 mm bis 126 mm<\/li>\n<li>Sein ungef\u00e4hres Gewicht betr\u00e4gt 2000 kg<\/li>\n<li>Die Maschine ist mit einem elektronischen SPS-System ausgestattet<\/li>\n<li>Diese Maschine verf\u00fcgt au\u00dferdem \u00fcber eine automatische Durchmesserkontrolle<\/li>\n<\/ol>\n<p>&nbsp;<\/p>","protected":false},"excerpt":{"rendered":"<p>Mit einem Acetatkabel zur Filterherstellung, das mit hoher Genauigkeit und Effizienz arbeitet und bei einem Luftdruck von 6 Bar betrieben wird, ist die Zigarettenfilterherstellungsmaschine MOLINS PM-5 ein anspruchsvolles St\u00fcck Technik f\u00fcr Zigarettenhersteller.<\/p>","protected":false},"featured_media":28205,"comment_status":"closed","ping_status":"closed","template":"","meta":[],"product_brand":[],"product_cat":[102],"product_tag":[],"class_list":{"0":"post-28250","1":"product","2":"type-product","3":"status-publish","4":"has-post-thumbnail","6":"product_cat-filter-making","8":"first","9":"instock","10":"shipping-taxable","11":"product-type-simple"},"yoast_head":"<!-- This site is optimized with the Yoast SEO plugin v27.3 - https:\/\/yoast.com\/product\/yoast-seo-wordpress\/ -->\n<title>MOLINS PM-5 Filter Making Machines<\/title>\n<meta name=\"description\" content=\"MOLINS PM-5 Filter Making Machines | Ready to ship \u2714 - Contact us to get custom quote for your machinery requirements\" \/>\n<meta name=\"robots\" content=\"index, follow, max-snippet:-1, max-image-preview:large, max-video-preview:-1\" \/>\n<link rel=\"canonical\" href=\"https:\/\/cigarettemanufacturingmachinery.com\/de\/produkt\/maszyny-do-produkcji-filtrow-molins-pm-5\/\" \/>\n<meta property=\"og:locale\" content=\"de_DE\" \/>\n<meta property=\"og:type\" content=\"article\" \/>\n<meta property=\"og:title\" content=\"MOLINS PM-5 Filter Making Machines\" \/>\n<meta property=\"og:description\" content=\"MOLINS PM-5 Filter Making Machines | Ready to ship \u2714 - Contact us to get custom quote for your machinery requirements\" \/>\n<meta property=\"og:url\" content=\"https:\/\/cigarettemanufacturingmachinery.com\/de\/produkt\/maszyny-do-produkcji-filtrow-molins-pm-5\/\" \/>\n<meta property=\"og:site_name\" content=\"Cigarette Manufacturing Machinery\" \/>\n<meta property=\"article:modified_time\" content=\"2024-06-28T06:36:42+00:00\" \/>\n<meta property=\"og:image\" content=\"https:\/\/cigarettemanufacturingmachinery.com\/wp-content\/uploads\/2024\/06\/MOLINS-Filter-Making-Machines.webp\" \/>\n\t<meta property=\"og:image:width\" content=\"816\" \/>\n\t<meta property=\"og:image:height\" content=\"544\" \/>\n\t<meta property=\"og:image:type\" content=\"image\/webp\" \/>\n<meta name=\"twitter:card\" content=\"summary_large_image\" \/>\n<!-- \/ Yoast SEO plugin. -->","yoast_head_json":{"title":"MOLINS PM-5 Filterherstellungsmaschinen","description":"MOLINS PM-5 Filterherstellungsmaschinen | Versandfertig \u2714 - Kontaktieren Sie uns, um ein individuelles Angebot f\u00fcr Ihre Maschinenanforderungen zu erhalten","robots":{"index":"index","follow":"follow","max-snippet":"max-snippet:-1","max-image-preview":"max-image-preview:large","max-video-preview":"max-video-preview:-1"},"canonical":"https:\/\/cigarettemanufacturingmachinery.com\/de\/produkt\/maszyny-do-produkcji-filtrow-molins-pm-5\/","og_locale":"de_DE","og_type":"article","og_title":"MOLINS PM-5 Filter Making Machines","og_description":"MOLINS PM-5 Filter Making Machines | Ready to ship \u2714 - Contact us to get custom quote for your machinery requirements","og_url":"https:\/\/cigarettemanufacturingmachinery.com\/de\/produkt\/maszyny-do-produkcji-filtrow-molins-pm-5\/","og_site_name":"Cigarette Manufacturing Machinery","article_modified_time":"2024-06-28T06:36:42+00:00","og_image":[{"width":816,"height":544,"url":"https:\/\/cigarettemanufacturingmachinery.com\/wp-content\/uploads\/2024\/06\/MOLINS-Filter-Making-Machines.webp","type":"image\/webp"}],"twitter_card":"summary_large_image","schema":{"@context":"https:\/\/schema.org","@graph":[{"@type":"WebPage","@id":"https:\/\/cigarettemanufacturingmachinery.com\/pl\/produkt\/maszyny-do-produkcji-filtrow-molins-pm-5\/","url":"https:\/\/cigarettemanufacturingmachinery.com\/pl\/produkt\/maszyny-do-produkcji-filtrow-molins-pm-5\/","name":"MOLINS PM-5 Filterherstellungsmaschinen","isPartOf":{"@id":"https:\/\/cigarettemanufacturingmachinery.com\/#website"},"primaryImageOfPage":{"@id":"https:\/\/cigarettemanufacturingmachinery.com\/pl\/produkt\/maszyny-do-produkcji-filtrow-molins-pm-5\/#primaryimage"},"image":{"@id":"https:\/\/cigarettemanufacturingmachinery.com\/pl\/produkt\/maszyny-do-produkcji-filtrow-molins-pm-5\/#primaryimage"},"thumbnailUrl":"https:\/\/cigarettemanufacturingmachinery.com\/wp-content\/uploads\/2024\/06\/MOLINS-Filter-Making-Machines.webp","datePublished":"2024-06-08T07:47:59+00:00","dateModified":"2024-06-28T06:36:42+00:00","description":"MOLINS PM-5 Filterherstellungsmaschinen | Versandfertig \u2714 - Kontaktieren Sie uns, um ein individuelles Angebot f\u00fcr Ihre Maschinenanforderungen zu erhalten","breadcrumb":{"@id":"https:\/\/cigarettemanufacturingmachinery.com\/pl\/produkt\/maszyny-do-produkcji-filtrow-molins-pm-5\/#breadcrumb"},"inLanguage":"de","potentialAction":[{"@type":"ReadAction","target":["https:\/\/cigarettemanufacturingmachinery.com\/pl\/produkt\/maszyny-do-produkcji-filtrow-molins-pm-5\/"]}]},{"@type":"ImageObject","inLanguage":"de","@id":"https:\/\/cigarettemanufacturingmachinery.com\/pl\/produkt\/maszyny-do-produkcji-filtrow-molins-pm-5\/#primaryimage","url":"https:\/\/cigarettemanufacturingmachinery.com\/wp-content\/uploads\/2024\/06\/MOLINS-Filter-Making-Machines.webp","contentUrl":"https:\/\/cigarettemanufacturingmachinery.com\/wp-content\/uploads\/2024\/06\/MOLINS-Filter-Making-Machines.webp","width":816,"height":544,"caption":"MOLINS Filter Making Machines"},{"@type":"BreadcrumbList","@id":"https:\/\/cigarettemanufacturingmachinery.com\/pl\/produkt\/maszyny-do-produkcji-filtrow-molins-pm-5\/#breadcrumb","itemListElement":[{"@type":"ListItem","position":1,"name":"Home","item":"https:\/\/cigarettemanufacturingmachinery.com\/"},{"@type":"ListItem","position":2,"name":"\u00dcr\u00fcnler","item":"https:\/\/cigarettemanufacturingmachinery.com\/tr\/shop\/"},{"@type":"ListItem","position":3,"name":"MOLINS PM-5 Filter Making Machines"}]},{"@type":"WebSite","@id":"https:\/\/cigarettemanufacturingmachinery.com\/#website","url":"https:\/\/cigarettemanufacturingmachinery.com\/","name":"Maschinen zur Zigarettenherstellung","description":"Lieferanten von Zigarettenherstellungsmaschinen","potentialAction":[{"@type":"SearchAction","target":{"@type":"EntryPoint","urlTemplate":"https:\/\/cigarettemanufacturingmachinery.com\/?s={search_term_string}"},"query-input":{"@type":"PropertyValueSpecification","valueRequired":true,"valueName":"search_term_string"}}],"inLanguage":"de"}]}},"_links":{"self":[{"href":"https:\/\/cigarettemanufacturingmachinery.com\/de\/wp-json\/wp\/v2\/product\/28250","targetHints":{"allow":["GET"]}}],"collection":[{"href":"https:\/\/cigarettemanufacturingmachinery.com\/de\/wp-json\/wp\/v2\/product"}],"about":[{"href":"https:\/\/cigarettemanufacturingmachinery.com\/de\/wp-json\/wp\/v2\/types\/product"}],"replies":[{"embeddable":true,"href":"https:\/\/cigarettemanufacturingmachinery.com\/de\/wp-json\/wp\/v2\/comments?post=28250"}],"version-history":[{"count":2,"href":"https:\/\/cigarettemanufacturingmachinery.com\/de\/wp-json\/wp\/v2\/product\/28250\/revisions"}],"predecessor-version":[{"id":28510,"href":"https:\/\/cigarettemanufacturingmachinery.com\/de\/wp-json\/wp\/v2\/product\/28250\/revisions\/28510"}],"wp:featuredmedia":[{"embeddable":true,"href":"https:\/\/cigarettemanufacturingmachinery.com\/de\/wp-json\/wp\/v2\/media\/28205"}],"wp:attachment":[{"href":"https:\/\/cigarettemanufacturingmachinery.com\/de\/wp-json\/wp\/v2\/media?parent=28250"}],"wp:term":[{"taxonomy":"product_brand","embeddable":true,"href":"https:\/\/cigarettemanufacturingmachinery.com\/de\/wp-json\/wp\/v2\/product_brand?post=28250"},{"taxonomy":"product_cat","embeddable":true,"href":"https:\/\/cigarettemanufacturingmachinery.com\/de\/wp-json\/wp\/v2\/product_cat?post=28250"},{"taxonomy":"product_tag","embeddable":true,"href":"https:\/\/cigarettemanufacturingmachinery.com\/de\/wp-json\/wp\/v2\/product_tag?post=28250"}],"curies":[{"name":"wp","href":"https:\/\/api.w.org\/{rel}","templated":true}]}}