{"id":28343,"date":"2024-06-19T07:27:59","date_gmt":"2024-06-19T07:27:59","guid":{"rendered":"https:\/\/cigarettemanufacturingmachinery.com\/?post_type=product&#038;p=28343"},"modified":"2024-06-28T06:42:49","modified_gmt":"2024-06-28T06:42:49","slug":"tobacco-feeder","status":"publish","type":"product","link":"https:\/\/cigarettemanufacturingmachinery.com\/de\/produkt\/tabakzufuhrung\/","title":{"rendered":"Tabakzuf\u00fchrung"},"content":{"rendered":"<p>Hier sind einige Highlights von Tobacco Feeder<\/p>\n<ol>\n<li>Seine Hauptfunktion besteht darin, einen gleichm\u00e4\u00dfigen Tabakfluss zu gew\u00e4hrleisten<\/li>\n<li>Es verteilt auch die Tabakschichten gleichm\u00e4\u00dfig<\/li>\n<li>Diese Maschine kann in Mark 9- und Mark 8-Maschinen integriert werden<\/li>\n<li>Es ist steuerbar mit einstellbaren Lautst\u00e4rkeeinstellungen<\/li>\n<li>Es handelt sich um ein automatisches Ger\u00e4t, das die manuelle Arbeit reduziert<\/li>\n<\/ol>","protected":false},"excerpt":{"rendered":"<p>Der Tabakzuf\u00fchrer sorgt f\u00fcr eine gleichm\u00e4\u00dfige Tabakzufuhr im Prozess. Diese n\u00fctzliche Maschine ist f\u00fcr den stetigen Ablauf der Prozesse verantwortlich. Ohne sie kann ein Gro\u00dfteil der Arbeit manuell erledigt werden, was letztendlich zu Zeitverlusten und einer langsameren Produktion f\u00fchrt. F\u00fcr einen optimierten Produktionsprozess beim Tabakschneiden spielt ein Tabakzuf\u00fchrer eine entscheidende Rolle.<\/p>","protected":false},"featured_media":28337,"comment_status":"closed","ping_status":"closed","template":"","meta":[],"product_brand":[],"product_cat":[103],"product_tag":[],"class_list":{"0":"post-28343","1":"product","2":"type-product","3":"status-publish","4":"has-post-thumbnail","6":"product_cat-tobacco-machinery","8":"first","9":"instock","10":"shipping-taxable","11":"product-type-simple"},"yoast_head":"<!-- This site is optimized with the Yoast SEO plugin v27.4 - https:\/\/yoast.com\/product\/yoast-seo-wordpress\/ -->\n<title>Tobacco Feeder<\/title>\n<meta name=\"description\" content=\"Tobacco Feeder | Ready to ship \u2714 - Contact us to get custom quote for your machinery requirements\" \/>\n<meta name=\"robots\" content=\"index, follow, max-snippet:-1, max-image-preview:large, max-video-preview:-1\" \/>\n<link rel=\"canonical\" href=\"https:\/\/cigarettemanufacturingmachinery.com\/de\/produkt\/podajnik-tytoniu\/\" \/>\n<meta property=\"og:locale\" content=\"de_DE\" \/>\n<meta property=\"og:type\" content=\"article\" \/>\n<meta property=\"og:title\" content=\"Tobacco Feeder\" \/>\n<meta property=\"og:description\" content=\"Tobacco Feeder | Ready to ship \u2714 - Contact us to get custom quote for your machinery requirements\" \/>\n<meta property=\"og:url\" content=\"https:\/\/cigarettemanufacturingmachinery.com\/de\/produkt\/podajnik-tytoniu\/\" \/>\n<meta property=\"og:site_name\" content=\"Cigarette Manufacturing Machinery\" \/>\n<meta property=\"article:modified_time\" content=\"2024-06-28T06:42:49+00:00\" \/>\n<meta property=\"og:image\" content=\"https:\/\/cigarettemanufacturingmachinery.com\/wp-content\/uploads\/2024\/06\/Tobacco-Feeder.webp\" \/>\n\t<meta property=\"og:image:width\" content=\"563\" \/>\n\t<meta property=\"og:image:height\" content=\"352\" \/>\n\t<meta property=\"og:image:type\" content=\"image\/webp\" \/>\n<meta name=\"twitter:card\" content=\"summary_large_image\" \/>\n<!-- \/ Yoast SEO plugin. -->","yoast_head_json":{"title":"Tabakzuf\u00fchrung","description":"Tabakzuf\u00fchrung | Versandfertig \u2714 - Kontaktieren Sie uns, um ein individuelles Angebot f\u00fcr Ihren Maschinenbedarf zu erhalten","robots":{"index":"index","follow":"follow","max-snippet":"max-snippet:-1","max-image-preview":"max-image-preview:large","max-video-preview":"max-video-preview:-1"},"canonical":"https:\/\/cigarettemanufacturingmachinery.com\/de\/produkt\/podajnik-tytoniu\/","og_locale":"de_DE","og_type":"article","og_title":"Tobacco Feeder","og_description":"Tobacco Feeder | Ready to ship \u2714 - Contact us to get custom quote for your machinery requirements","og_url":"https:\/\/cigarettemanufacturingmachinery.com\/de\/produkt\/podajnik-tytoniu\/","og_site_name":"Cigarette Manufacturing Machinery","article_modified_time":"2024-06-28T06:42:49+00:00","og_image":[{"width":563,"height":352,"url":"https:\/\/cigarettemanufacturingmachinery.com\/wp-content\/uploads\/2024\/06\/Tobacco-Feeder.webp","type":"image\/webp"}],"twitter_card":"summary_large_image","schema":{"@context":"https:\/\/schema.org","@graph":[{"@type":"WebPage","@id":"https:\/\/cigarettemanufacturingmachinery.com\/pl\/produkt\/podajnik-tytoniu\/","url":"https:\/\/cigarettemanufacturingmachinery.com\/pl\/produkt\/podajnik-tytoniu\/","name":"Tabakzuf\u00fchrung","isPartOf":{"@id":"https:\/\/cigarettemanufacturingmachinery.com\/#website"},"primaryImageOfPage":{"@id":"https:\/\/cigarettemanufacturingmachinery.com\/pl\/produkt\/podajnik-tytoniu\/#primaryimage"},"image":{"@id":"https:\/\/cigarettemanufacturingmachinery.com\/pl\/produkt\/podajnik-tytoniu\/#primaryimage"},"thumbnailUrl":"https:\/\/cigarettemanufacturingmachinery.com\/wp-content\/uploads\/2024\/06\/Tobacco-Feeder.webp","datePublished":"2024-06-19T07:27:59+00:00","dateModified":"2024-06-28T06:42:49+00:00","description":"Tabakzuf\u00fchrung | Versandfertig \u2714 - Kontaktieren Sie uns, um ein individuelles Angebot f\u00fcr Ihren Maschinenbedarf zu erhalten","breadcrumb":{"@id":"https:\/\/cigarettemanufacturingmachinery.com\/pl\/produkt\/podajnik-tytoniu\/#breadcrumb"},"inLanguage":"de","potentialAction":[{"@type":"ReadAction","target":["https:\/\/cigarettemanufacturingmachinery.com\/pl\/produkt\/podajnik-tytoniu\/"]}]},{"@type":"ImageObject","inLanguage":"de","@id":"https:\/\/cigarettemanufacturingmachinery.com\/pl\/produkt\/podajnik-tytoniu\/#primaryimage","url":"https:\/\/cigarettemanufacturingmachinery.com\/wp-content\/uploads\/2024\/06\/Tobacco-Feeder.webp","contentUrl":"https:\/\/cigarettemanufacturingmachinery.com\/wp-content\/uploads\/2024\/06\/Tobacco-Feeder.webp","width":563,"height":352,"caption":"Tobacco Feeder"},{"@type":"BreadcrumbList","@id":"https:\/\/cigarettemanufacturingmachinery.com\/pl\/produkt\/podajnik-tytoniu\/#breadcrumb","itemListElement":[{"@type":"ListItem","position":1,"name":"Home","item":"https:\/\/cigarettemanufacturingmachinery.com\/"},{"@type":"ListItem","position":2,"name":"\u00dcr\u00fcnler","item":"https:\/\/cigarettemanufacturingmachinery.com\/tr\/shop\/"},{"@type":"ListItem","position":3,"name":"Tobacco Feeder"}]},{"@type":"WebSite","@id":"https:\/\/cigarettemanufacturingmachinery.com\/#website","url":"https:\/\/cigarettemanufacturingmachinery.com\/","name":"Maschinen zur Zigarettenherstellung","description":"Lieferanten von Zigarettenherstellungsmaschinen","potentialAction":[{"@type":"SearchAction","target":{"@type":"EntryPoint","urlTemplate":"https:\/\/cigarettemanufacturingmachinery.com\/?s={search_term_string}"},"query-input":{"@type":"PropertyValueSpecification","valueRequired":true,"valueName":"search_term_string"}}],"inLanguage":"de"}]}},"_links":{"self":[{"href":"https:\/\/cigarettemanufacturingmachinery.com\/de\/wp-json\/wp\/v2\/product\/28343","targetHints":{"allow":["GET"]}}],"collection":[{"href":"https:\/\/cigarettemanufacturingmachinery.com\/de\/wp-json\/wp\/v2\/product"}],"about":[{"href":"https:\/\/cigarettemanufacturingmachinery.com\/de\/wp-json\/wp\/v2\/types\/product"}],"replies":[{"embeddable":true,"href":"https:\/\/cigarettemanufacturingmachinery.com\/de\/wp-json\/wp\/v2\/comments?post=28343"}],"version-history":[{"count":2,"href":"https:\/\/cigarettemanufacturingmachinery.com\/de\/wp-json\/wp\/v2\/product\/28343\/revisions"}],"predecessor-version":[{"id":28521,"href":"https:\/\/cigarettemanufacturingmachinery.com\/de\/wp-json\/wp\/v2\/product\/28343\/revisions\/28521"}],"wp:featuredmedia":[{"embeddable":true,"href":"https:\/\/cigarettemanufacturingmachinery.com\/de\/wp-json\/wp\/v2\/media\/28337"}],"wp:attachment":[{"href":"https:\/\/cigarettemanufacturingmachinery.com\/de\/wp-json\/wp\/v2\/media?parent=28343"}],"wp:term":[{"taxonomy":"product_brand","embeddable":true,"href":"https:\/\/cigarettemanufacturingmachinery.com\/de\/wp-json\/wp\/v2\/product_brand?post=28343"},{"taxonomy":"product_cat","embeddable":true,"href":"https:\/\/cigarettemanufacturingmachinery.com\/de\/wp-json\/wp\/v2\/product_cat?post=28343"},{"taxonomy":"product_tag","embeddable":true,"href":"https:\/\/cigarettemanufacturingmachinery.com\/de\/wp-json\/wp\/v2\/product_tag?post=28343"}],"curies":[{"name":"wp","href":"https:\/\/api.w.org\/{rel}","templated":true}]}}