{"id":29070,"date":"2025-05-17T08:57:16","date_gmt":"2025-05-17T08:57:16","guid":{"rendered":"https:\/\/cigarettemanufacturingmachinery.com\/?page_id=29070"},"modified":"2025-05-17T09:08:53","modified_gmt":"2025-05-17T09:08:53","slug":"sitemap","status":"publish","type":"page","link":"https:\/\/cigarettemanufacturingmachinery.com\/pl\/mapa-witryny\/","title":{"rendered":"Mapa witryny"},"content":{"rendered":"<div data-elementor-type=\"wp-page\" data-elementor-id=\"29070\" class=\"elementor elementor-29070\" data-elementor-post-type=\"page\">\n\t\t\t\t<div class=\"wd-negative-gap elementor-element elementor-element-d6b34d4 e-flex e-con-boxed e-con e-parent\" data-id=\"d6b34d4\" data-element_type=\"container\" data-e-type=\"container\">\n\t\t\t\t\t<div class=\"e-con-inner\">\n\t\t\t\t<div class=\"elementor-element elementor-element-0ebc022 elementor-nav-menu--dropdown-tablet elementor-nav-menu__text-align-aside elementor-nav-menu--toggle elementor-nav-menu--burger elementor-widget elementor-widget-nav-menu\" data-id=\"0ebc022\" data-element_type=\"widget\" data-e-type=\"widget\" data-settings=\"{&quot;layout&quot;:&quot;vertical&quot;,&quot;submenu_icon&quot;:{&quot;value&quot;:&quot;&lt;svg aria-hidden=\\&quot;true\\&quot; class=\\&quot;e-font-icon-svg e-fas-caret-down\\&quot; viewBox=\\&quot;0 0 320 512\\&quot; xmlns=\\&quot;http:\\\/\\\/www.w3.org\\\/2000\\\/svg\\&quot;&gt;&lt;path d=\\&quot;M31.3 192h257.3c17.8 0 26.7 21.5 14.1 34.1L174.1 354.8c-7.8 7.8-20.5 7.8-28.3 0L17.2 226.1C4.6 213.5 13.5 192 31.3 192z\\&quot;&gt;&lt;\\\/path&gt;&lt;\\\/svg&gt;&quot;,&quot;library&quot;:&quot;fa-solid&quot;},&quot;toggle&quot;:&quot;burger&quot;}\" data-widget_type=\"nav-menu.default\">\n\t\t\t\t<div class=\"elementor-widget-container\">\n\t\t\t\t\t\t\t\t<nav aria-label=\"Menu\" class=\"elementor-nav-menu--main elementor-nav-menu__container elementor-nav-menu--layout-vertical e--pointer-underline e--animation-fade\">\n\t\t\t\t<ul id=\"menu-1-0ebc022\" class=\"elementor-nav-menu sm-vertical\"><li class=\"menu-item menu-item-type-post_type menu-item-object-page menu-item-home menu-item-29073\"><a href=\"https:\/\/cigarettemanufacturingmachinery.com\/pl\/\" class=\"elementor-item\">Maszyny do produkcji papieros\u00f3w<\/a><\/li>\n<li class=\"menu-item menu-item-type-post_type menu-item-object-page menu-item-29083\"><a href=\"https:\/\/cigarettemanufacturingmachinery.com\/pl\/uzywane-maszyny-produkcyjne\/\" class=\"elementor-item\">U\u017cywane maszyny produkcyjne<\/a><\/li>\n<li class=\"menu-item menu-item-type-post_type menu-item-object-page menu-item-29078\"><a href=\"https:\/\/cigarettemanufacturingmachinery.com\/pl\/czesci-zamienne-do-maszyn-papierosowych\/\" class=\"elementor-item\">Cz\u0119\u015bci zamienne do maszyn do produkcji papieros\u00f3w i tytoniu<\/a><\/li>\n<li class=\"menu-item menu-item-type-post_type menu-item-object-page menu-item-29079\"><a href=\"https:\/\/cigarettemanufacturingmachinery.com\/pl\/maszyny-do-produkcji-filtrow\/\" class=\"elementor-item\">Maszyny do produkcji filtr\u00f3w<\/a><\/li>\n<li class=\"menu-item menu-item-type-post_type menu-item-object-page menu-item-29082\"><a href=\"https:\/\/cigarettemanufacturingmachinery.com\/pl\/uzywane-maszyny-do-produkcji-filtrow\/\" class=\"elementor-item\">U\u017cywane maszyny do produkcji filtr\u00f3w<\/a><\/li>\n<li class=\"menu-item menu-item-type-post_type menu-item-object-page menu-item-29080\"><a href=\"https:\/\/cigarettemanufacturingmachinery.com\/pl\/maszyny-tytoniowe\/\" class=\"elementor-item\">Maszyny tytoniowe<\/a><\/li>\n<li class=\"menu-item menu-item-type-post_type menu-item-object-page menu-item-29084\"><a href=\"https:\/\/cigarettemanufacturingmachinery.com\/pl\/uzywane-maszyny-tytoniowe\/\" class=\"elementor-item\">U\u017cywane maszyny tytoniowe<\/a><\/li>\n<li class=\"menu-item menu-item-type-post_type menu-item-object-page menu-item-29081\"><a href=\"https:\/\/cigarettemanufacturingmachinery.com\/pl\/?page_id=28932\" class=\"elementor-item\">Cz\u0119\u015bci zamienne do maszyn tytoniowych<\/a><\/li>\n<li class=\"menu-item menu-item-type-post_type menu-item-object-page menu-item-29074\"><a href=\"https:\/\/cigarettemanufacturingmachinery.com\/pl\/maszyny-do-produkcji-tytoniu-papierosowego-we-francji\/\" class=\"elementor-item\">Maszyny do papieros\u00f3w i tytoniu Francja<\/a><\/li>\n<li class=\"menu-item menu-item-type-post_type menu-item-object-page menu-item-29075\"><a href=\"https:\/\/cigarettemanufacturingmachinery.com\/pl\/dostawca-maszyn-do-produkcji-tytoniu-papierosowego-w-pakistanie\/\" class=\"elementor-item\">Dostawca maszyn do produkcji papieros\u00f3w i tytoniu w Pakistanie<\/a><\/li>\n<li class=\"menu-item menu-item-type-post_type menu-item-object-page menu-item-29076\"><a href=\"https:\/\/cigarettemanufacturingmachinery.com\/pl\/dostawca-maszyn-do-produkcji-tytoniu-papierosowego-kanada\/\" class=\"elementor-item\">Dostawca maszyn do produkcji papieros\u00f3w i tytoniu Kanada<\/a><\/li>\n<li class=\"menu-item menu-item-type-post_type menu-item-object-page menu-item-29077\"><a href=\"https:\/\/cigarettemanufacturingmachinery.com\/pl\/dostawca-maszyn-do-produkcji-tytoniu-papierosowego-usa\/\" class=\"elementor-item\">Dostawca maszyn do produkcji papieros\u00f3w i tytoniu USA<\/a><\/li>\n<li class=\"menu-item menu-item-type-post_type menu-item-object-product menu-item-29085\"><a href=\"https:\/\/cigarettemanufacturingmachinery.com\/pl\/produkt\/odzyskiwacz-papierosow\/\" class=\"elementor-item\">Odzysk papieros\u00f3w<\/a><\/li>\n<li class=\"menu-item menu-item-type-post_type menu-item-object-product menu-item-29086\"><a href=\"https:\/\/cigarettemanufacturingmachinery.com\/pl\/produkt\/hauni-kdf-1-maszyna-do-produkcji-filtrow-papierosowych\/\" class=\"elementor-item\">Maszyna do produkcji filtr\u00f3w papierosowych Hauni KDF-1<\/a><\/li>\n<li class=\"menu-item menu-item-type-post_type menu-item-object-product menu-item-29087\"><a href=\"https:\/\/cigarettemanufacturingmachinery.com\/pl\/produkt\/hauni-kdf-2-maszyna-do-produkcji-filtrow-papierosowych\/\" class=\"elementor-item\">Maszyna do produkcji filtr\u00f3w papierosowych Hauni KDF-2<\/a><\/li>\n<li class=\"menu-item menu-item-type-post_type menu-item-object-product menu-item-29088\"><a href=\"https:\/\/cigarettemanufacturingmachinery.com\/pl\/produkt\/czesci-zamienne-do-protosow-hauni\/\" class=\"elementor-item\">Cz\u0119\u015bci zamienne Hauni Protos<\/a><\/li>\n<li class=\"menu-item menu-item-type-post_type menu-item-object-product menu-item-29089\"><a href=\"https:\/\/cigarettemanufacturingmachinery.com\/pl\/produkt\/hauni-krajalnica-do-tytoniu-kt-400\/\" class=\"elementor-item\">Krajalnica do tytoniu Hauni KT-400<\/a><\/li>\n<li class=\"menu-item menu-item-type-post_type menu-item-object-product menu-item-29090\"><a href=\"https:\/\/cigarettemanufacturingmachinery.com\/pl\/produkt\/producent-rur-pustych\/\" class=\"elementor-item\">Producent rur pustych<\/a><\/li>\n<li class=\"menu-item menu-item-type-post_type menu-item-object-product menu-item-29091\"><a href=\"https:\/\/cigarettemanufacturingmachinery.com\/pl\/produkt\/maszyna-do-produkcji-papierosow-mark-8-post-64\/\" class=\"elementor-item\">Mark 8 Post 64 \u2013 Maszyna do produkcji papieros\u00f3w<\/a><\/li>\n<li class=\"menu-item menu-item-type-post_type menu-item-object-product menu-item-29092\"><a href=\"https:\/\/cigarettemanufacturingmachinery.com\/pl\/produkt\/maszyna-do-produkcji-papierosow-mark-8d-max15\/\" class=\"elementor-item\">Zaznacz 8 z MAX 15<\/a><\/li>\n<li class=\"menu-item menu-item-type-post_type menu-item-object-product menu-item-29093\"><a href=\"https:\/\/cigarettemanufacturingmachinery.com\/pl\/produkt\/maszyna-do-produkcji-papierosow-mark9-maxs\/\" class=\"elementor-item\">Mark 9 MAX S \u2013 Maszyna do produkcji papieros\u00f3w<\/a><\/li>\n<li class=\"menu-item menu-item-type-post_type menu-item-object-product menu-item-29094\"><a href=\"https:\/\/cigarettemanufacturingmachinery.com\/pl\/produkt\/mark-9-5-lenze-servo-drives-maszyna-do-produkcji-papierosow\/\" class=\"elementor-item\">Mark 9.5 Lenze Servo Drives \u2013 Maszyna do produkcji papieros\u00f3w<\/a><\/li>\n<li class=\"menu-item menu-item-type-post_type menu-item-object-product menu-item-29095\"><a href=\"https:\/\/cigarettemanufacturingmachinery.com\/pl\/produkt\/maszyna-do-produkcji-papierosow-mark-9-5-max-s\/\" class=\"elementor-item\">Mark 9.5 MAX S \u2013 Maszyna do produkcji papieros\u00f3w<\/a><\/li>\n<li class=\"menu-item menu-item-type-post_type menu-item-object-product menu-item-29096\"><a href=\"https:\/\/cigarettemanufacturingmachinery.com\/pl\/produkt\/czesci-zamienne-do-molins-mark-8\/\" class=\"elementor-item\">Cz\u0119\u015bci zamienne do Molins Mark 8<\/a><\/li>\n<li class=\"menu-item menu-item-type-post_type menu-item-object-product menu-item-29097\"><a href=\"https:\/\/cigarettemanufacturingmachinery.com\/pl\/produkt\/czesci-zamienne-do-molins-mark-9\/\" class=\"elementor-item\">Cz\u0119\u015bci zamienne do Molins Mark 9<\/a><\/li>\n<li class=\"menu-item menu-item-type-post_type menu-item-object-product menu-item-29098\"><a href=\"https:\/\/cigarettemanufacturingmachinery.com\/pl\/produkt\/maszyny-do-produkcji-filtrow-molins-pm-5\/\" class=\"elementor-item\">Maszyny do produkcji filtr\u00f3w MOLINS PM-5<\/a><\/li>\n<li class=\"menu-item menu-item-type-post_type menu-item-object-product menu-item-29099\"><a href=\"https:\/\/cigarettemanufacturingmachinery.com\/pl\/produkt\/protos-70-maszyna-do-produkcji-papierosow\/\" class=\"elementor-item\">Protos 70 \u2013 Maszyna do produkcji papieros\u00f3w<\/a><\/li>\n<li class=\"menu-item menu-item-type-post_type menu-item-object-product menu-item-29100\"><a href=\"https:\/\/cigarettemanufacturingmachinery.com\/pl\/produkt\/protos-80er-maszyna-do-produkcji-papierosow\/\" class=\"elementor-item\">Protos 80ER \u2013 Maszyna do produkcji papieros\u00f3w<\/a><\/li>\n<li class=\"menu-item menu-item-type-post_type menu-item-object-product menu-item-29101\"><a href=\"https:\/\/cigarettemanufacturingmachinery.com\/pl\/produkt\/podajnik-tytoniu\/\" class=\"elementor-item\">Podajnik tytoniu<\/a><\/li>\n<li class=\"menu-item menu-item-type-post_type menu-item-object-product menu-item-29102\"><a href=\"https:\/\/cigarettemanufacturingmachinery.com\/pl\/produkt\/splaszczacz-lodyg-tytoniu\/\" class=\"elementor-item\">Sp\u0142aszczacz \u0142odyg tytoniu<\/a><\/li>\n<\/ul>\t\t\t<\/nav>\n\t\t\t\t\t<div class=\"elementor-menu-toggle\" role=\"button\" tabindex=\"0\" aria-label=\"Menu Toggle\" aria-expanded=\"false\">\n\t\t\t<svg aria-hidden=\"true\" role=\"presentation\" class=\"elementor-menu-toggle__icon--open e-font-icon-svg e-eicon-menu-bar\" viewbox=\"0 0 1000 1000\" xmlns=\"http:\/\/www.w3.org\/2000\/svg\"><path d=\"M104 333H896C929 333 958 304 958 271S929 208 896 208H104C71 208 42 237 42 271S71 333 104 333ZM104 583H896C929 583 958 554 958 521S929 458 896 458H104C71 458 42 487 42 521S71 583 104 583ZM104 833H896C929 833 958 804 958 771S929 708 896 708H104C71 708 42 737 42 771S71 833 104 833Z\"><\/path><\/svg><svg aria-hidden=\"true\" role=\"presentation\" class=\"elementor-menu-toggle__icon--close e-font-icon-svg e-eicon-close\" viewbox=\"0 0 1000 1000\" xmlns=\"http:\/\/www.w3.org\/2000\/svg\"><path d=\"M742 167L500 408 258 167C246 154 233 150 217 150 196 150 179 158 167 167 154 179 150 196 150 212 150 229 154 242 171 254L408 500 167 742C138 771 138 800 167 829 196 858 225 858 254 829L496 587 738 829C750 842 767 846 783 846 800 846 817 842 829 829 842 817 846 804 846 783 846 767 842 750 829 737L588 500 833 258C863 229 863 200 833 171 804 137 775 137 742 167Z\"><\/path><\/svg>\t\t<\/div>\n\t\t\t\t\t<nav class=\"elementor-nav-menu--dropdown elementor-nav-menu__container\" aria-hidden=\"true\">\n\t\t\t\t<ul id=\"menu-2-0ebc022\" class=\"elementor-nav-menu sm-vertical\"><li class=\"menu-item menu-item-type-post_type menu-item-object-page menu-item-home menu-item-29073\"><a href=\"https:\/\/cigarettemanufacturingmachinery.com\/pl\/\" class=\"elementor-item\" tabindex=\"-1\">Maszyny do produkcji papieros\u00f3w<\/a><\/li>\n<li class=\"menu-item menu-item-type-post_type menu-item-object-page menu-item-29083\"><a href=\"https:\/\/cigarettemanufacturingmachinery.com\/pl\/uzywane-maszyny-produkcyjne\/\" class=\"elementor-item\" tabindex=\"-1\">U\u017cywane maszyny produkcyjne<\/a><\/li>\n<li class=\"menu-item menu-item-type-post_type menu-item-object-page menu-item-29078\"><a href=\"https:\/\/cigarettemanufacturingmachinery.com\/pl\/czesci-zamienne-do-maszyn-papierosowych\/\" class=\"elementor-item\" tabindex=\"-1\">Cz\u0119\u015bci zamienne do maszyn do produkcji papieros\u00f3w i tytoniu<\/a><\/li>\n<li class=\"menu-item menu-item-type-post_type menu-item-object-page menu-item-29079\"><a href=\"https:\/\/cigarettemanufacturingmachinery.com\/pl\/maszyny-do-produkcji-filtrow\/\" class=\"elementor-item\" tabindex=\"-1\">Maszyny do produkcji filtr\u00f3w<\/a><\/li>\n<li class=\"menu-item menu-item-type-post_type menu-item-object-page menu-item-29082\"><a href=\"https:\/\/cigarettemanufacturingmachinery.com\/pl\/uzywane-maszyny-do-produkcji-filtrow\/\" class=\"elementor-item\" tabindex=\"-1\">U\u017cywane maszyny do produkcji filtr\u00f3w<\/a><\/li>\n<li class=\"menu-item menu-item-type-post_type menu-item-object-page menu-item-29080\"><a href=\"https:\/\/cigarettemanufacturingmachinery.com\/pl\/maszyny-tytoniowe\/\" class=\"elementor-item\" tabindex=\"-1\">Maszyny tytoniowe<\/a><\/li>\n<li class=\"menu-item menu-item-type-post_type menu-item-object-page menu-item-29084\"><a href=\"https:\/\/cigarettemanufacturingmachinery.com\/pl\/uzywane-maszyny-tytoniowe\/\" class=\"elementor-item\" tabindex=\"-1\">U\u017cywane maszyny tytoniowe<\/a><\/li>\n<li class=\"menu-item menu-item-type-post_type menu-item-object-page menu-item-29081\"><a href=\"https:\/\/cigarettemanufacturingmachinery.com\/pl\/?page_id=28932\" class=\"elementor-item\" tabindex=\"-1\">Cz\u0119\u015bci zamienne do maszyn tytoniowych<\/a><\/li>\n<li class=\"menu-item menu-item-type-post_type menu-item-object-page menu-item-29074\"><a href=\"https:\/\/cigarettemanufacturingmachinery.com\/pl\/maszyny-do-produkcji-tytoniu-papierosowego-we-francji\/\" class=\"elementor-item\" tabindex=\"-1\">Maszyny do papieros\u00f3w i tytoniu Francja<\/a><\/li>\n<li class=\"menu-item menu-item-type-post_type menu-item-object-page menu-item-29075\"><a href=\"https:\/\/cigarettemanufacturingmachinery.com\/pl\/dostawca-maszyn-do-produkcji-tytoniu-papierosowego-w-pakistanie\/\" class=\"elementor-item\" tabindex=\"-1\">Dostawca maszyn do produkcji papieros\u00f3w i tytoniu w Pakistanie<\/a><\/li>\n<li class=\"menu-item menu-item-type-post_type menu-item-object-page menu-item-29076\"><a href=\"https:\/\/cigarettemanufacturingmachinery.com\/pl\/dostawca-maszyn-do-produkcji-tytoniu-papierosowego-kanada\/\" class=\"elementor-item\" tabindex=\"-1\">Dostawca maszyn do produkcji papieros\u00f3w i tytoniu Kanada<\/a><\/li>\n<li class=\"menu-item menu-item-type-post_type menu-item-object-page menu-item-29077\"><a href=\"https:\/\/cigarettemanufacturingmachinery.com\/pl\/dostawca-maszyn-do-produkcji-tytoniu-papierosowego-usa\/\" class=\"elementor-item\" tabindex=\"-1\">Dostawca maszyn do produkcji papieros\u00f3w i tytoniu USA<\/a><\/li>\n<li class=\"menu-item menu-item-type-post_type menu-item-object-product menu-item-29085\"><a href=\"https:\/\/cigarettemanufacturingmachinery.com\/pl\/produkt\/odzyskiwacz-papierosow\/\" class=\"elementor-item\" tabindex=\"-1\">Odzysk papieros\u00f3w<\/a><\/li>\n<li class=\"menu-item menu-item-type-post_type menu-item-object-product menu-item-29086\"><a href=\"https:\/\/cigarettemanufacturingmachinery.com\/pl\/produkt\/hauni-kdf-1-maszyna-do-produkcji-filtrow-papierosowych\/\" class=\"elementor-item\" tabindex=\"-1\">Maszyna do produkcji filtr\u00f3w papierosowych Hauni KDF-1<\/a><\/li>\n<li class=\"menu-item menu-item-type-post_type menu-item-object-product menu-item-29087\"><a href=\"https:\/\/cigarettemanufacturingmachinery.com\/pl\/produkt\/hauni-kdf-2-maszyna-do-produkcji-filtrow-papierosowych\/\" class=\"elementor-item\" tabindex=\"-1\">Maszyna do produkcji filtr\u00f3w papierosowych Hauni KDF-2<\/a><\/li>\n<li class=\"menu-item menu-item-type-post_type menu-item-object-product menu-item-29088\"><a href=\"https:\/\/cigarettemanufacturingmachinery.com\/pl\/produkt\/czesci-zamienne-do-protosow-hauni\/\" class=\"elementor-item\" tabindex=\"-1\">Cz\u0119\u015bci zamienne Hauni Protos<\/a><\/li>\n<li class=\"menu-item menu-item-type-post_type menu-item-object-product menu-item-29089\"><a href=\"https:\/\/cigarettemanufacturingmachinery.com\/pl\/produkt\/hauni-krajalnica-do-tytoniu-kt-400\/\" class=\"elementor-item\" tabindex=\"-1\">Krajalnica do tytoniu Hauni KT-400<\/a><\/li>\n<li class=\"menu-item menu-item-type-post_type menu-item-object-product menu-item-29090\"><a href=\"https:\/\/cigarettemanufacturingmachinery.com\/pl\/produkt\/producent-rur-pustych\/\" class=\"elementor-item\" tabindex=\"-1\">Producent rur pustych<\/a><\/li>\n<li class=\"menu-item menu-item-type-post_type menu-item-object-product menu-item-29091\"><a href=\"https:\/\/cigarettemanufacturingmachinery.com\/pl\/produkt\/maszyna-do-produkcji-papierosow-mark-8-post-64\/\" class=\"elementor-item\" tabindex=\"-1\">Mark 8 Post 64 \u2013 Maszyna do produkcji papieros\u00f3w<\/a><\/li>\n<li class=\"menu-item menu-item-type-post_type menu-item-object-product menu-item-29092\"><a href=\"https:\/\/cigarettemanufacturingmachinery.com\/pl\/produkt\/maszyna-do-produkcji-papierosow-mark-8d-max15\/\" class=\"elementor-item\" tabindex=\"-1\">Zaznacz 8 z MAX 15<\/a><\/li>\n<li class=\"menu-item menu-item-type-post_type menu-item-object-product menu-item-29093\"><a href=\"https:\/\/cigarettemanufacturingmachinery.com\/pl\/produkt\/maszyna-do-produkcji-papierosow-mark9-maxs\/\" class=\"elementor-item\" tabindex=\"-1\">Mark 9 MAX S \u2013 Maszyna do produkcji papieros\u00f3w<\/a><\/li>\n<li class=\"menu-item menu-item-type-post_type menu-item-object-product menu-item-29094\"><a href=\"https:\/\/cigarettemanufacturingmachinery.com\/pl\/produkt\/mark-9-5-lenze-servo-drives-maszyna-do-produkcji-papierosow\/\" class=\"elementor-item\" tabindex=\"-1\">Mark 9.5 Lenze Servo Drives \u2013 Maszyna do produkcji papieros\u00f3w<\/a><\/li>\n<li class=\"menu-item menu-item-type-post_type menu-item-object-product menu-item-29095\"><a href=\"https:\/\/cigarettemanufacturingmachinery.com\/pl\/produkt\/maszyna-do-produkcji-papierosow-mark-9-5-max-s\/\" class=\"elementor-item\" tabindex=\"-1\">Mark 9.5 MAX S \u2013 Maszyna do produkcji papieros\u00f3w<\/a><\/li>\n<li class=\"menu-item menu-item-type-post_type menu-item-object-product menu-item-29096\"><a href=\"https:\/\/cigarettemanufacturingmachinery.com\/pl\/produkt\/czesci-zamienne-do-molins-mark-8\/\" class=\"elementor-item\" tabindex=\"-1\">Cz\u0119\u015bci zamienne do Molins Mark 8<\/a><\/li>\n<li class=\"menu-item menu-item-type-post_type menu-item-object-product menu-item-29097\"><a href=\"https:\/\/cigarettemanufacturingmachinery.com\/pl\/produkt\/czesci-zamienne-do-molins-mark-9\/\" class=\"elementor-item\" tabindex=\"-1\">Cz\u0119\u015bci zamienne do Molins Mark 9<\/a><\/li>\n<li class=\"menu-item menu-item-type-post_type menu-item-object-product menu-item-29098\"><a href=\"https:\/\/cigarettemanufacturingmachinery.com\/pl\/produkt\/maszyny-do-produkcji-filtrow-molins-pm-5\/\" class=\"elementor-item\" tabindex=\"-1\">Maszyny do produkcji filtr\u00f3w MOLINS PM-5<\/a><\/li>\n<li class=\"menu-item menu-item-type-post_type menu-item-object-product menu-item-29099\"><a href=\"https:\/\/cigarettemanufacturingmachinery.com\/pl\/produkt\/protos-70-maszyna-do-produkcji-papierosow\/\" class=\"elementor-item\" tabindex=\"-1\">Protos 70 \u2013 Maszyna do produkcji papieros\u00f3w<\/a><\/li>\n<li class=\"menu-item menu-item-type-post_type menu-item-object-product menu-item-29100\"><a href=\"https:\/\/cigarettemanufacturingmachinery.com\/pl\/produkt\/protos-80er-maszyna-do-produkcji-papierosow\/\" class=\"elementor-item\" tabindex=\"-1\">Protos 80ER \u2013 Maszyna do produkcji papieros\u00f3w<\/a><\/li>\n<li class=\"menu-item menu-item-type-post_type menu-item-object-product menu-item-29101\"><a href=\"https:\/\/cigarettemanufacturingmachinery.com\/pl\/produkt\/podajnik-tytoniu\/\" class=\"elementor-item\" tabindex=\"-1\">Podajnik tytoniu<\/a><\/li>\n<li class=\"menu-item menu-item-type-post_type menu-item-object-product menu-item-29102\"><a href=\"https:\/\/cigarettemanufacturingmachinery.com\/pl\/produkt\/splaszczacz-lodyg-tytoniu\/\" class=\"elementor-item\" tabindex=\"-1\">Sp\u0142aszczacz \u0142odyg tytoniu<\/a><\/li>\n<\/ul>\t\t\t<\/nav>\n\t\t\t\t\t\t<\/div>\n\t\t\t\t<\/div>\n\t\t\t\t\t<\/div>\n\t\t\t\t<\/div>\n\t\t\t\t<\/div>","protected":false},"excerpt":{"rendered":"","protected":false},"author":1,"featured_media":0,"parent":0,"menu_order":0,"comment_status":"closed","ping_status":"closed","template":"elementor_header_footer","meta":{"footnotes":""},"class_list":["post-29070","page","type-page","status-publish","hentry"],"yoast_head":"<!-- This site is optimized with the Yoast SEO plugin v27.5 - https:\/\/yoast.com\/product\/yoast-seo-wordpress\/ -->\n<title>Sitemap<\/title>\n<meta name=\"robots\" content=\"index, follow, max-snippet:-1, max-image-preview:large, max-video-preview:-1\" \/>\n<link rel=\"canonical\" href=\"https:\/\/cigarettemanufacturingmachinery.com\/pl\/\u043a\u0430\u0440\u0442\u0430-\u0441\u0430\u0439\u0442\u0430\/\" \/>\n<meta property=\"og:locale\" content=\"pl_PL\" \/>\n<meta property=\"og:type\" content=\"article\" \/>\n<meta property=\"og:title\" content=\"Sitemap\" \/>\n<meta property=\"og:url\" content=\"https:\/\/cigarettemanufacturingmachinery.com\/pl\/\u043a\u0430\u0440\u0442\u0430-\u0441\u0430\u0439\u0442\u0430\/\" \/>\n<meta property=\"og:site_name\" content=\"Cigarette Manufacturing Machinery\" \/>\n<meta property=\"article:modified_time\" content=\"2025-05-17T09:08:53+00:00\" \/>\n<meta property=\"og:image\" content=\"https:\/\/cigarettemanufacturingmachinery.com\/wp-content\/uploads\/2024\/06\/Untitled-2.webp\" \/>\n\t<meta property=\"og:image:width\" content=\"360\" \/>\n\t<meta property=\"og:image:height\" content=\"360\" \/>\n\t<meta property=\"og:image:type\" content=\"image\/webp\" \/>\n<meta name=\"twitter:card\" content=\"summary_large_image\" \/>\n<meta name=\"twitter:label1\" content=\"Szacowany czas czytania\" \/>\n\t<meta name=\"twitter:data1\" content=\"2 minuty\" \/>\n<!-- \/ Yoast SEO plugin. -->","yoast_head_json":{"title":"Mapa witryny","robots":{"index":"index","follow":"follow","max-snippet":"max-snippet:-1","max-image-preview":"max-image-preview:large","max-video-preview":"max-video-preview:-1"},"canonical":"https:\/\/cigarettemanufacturingmachinery.com\/pl\/\u043a\u0430\u0440\u0442\u0430-\u0441\u0430\u0439\u0442\u0430\/","og_locale":"pl_PL","og_type":"article","og_title":"Sitemap","og_url":"https:\/\/cigarettemanufacturingmachinery.com\/pl\/\u043a\u0430\u0440\u0442\u0430-\u0441\u0430\u0439\u0442\u0430\/","og_site_name":"Cigarette Manufacturing Machinery","article_modified_time":"2025-05-17T09:08:53+00:00","og_image":[{"width":360,"height":360,"url":"https:\/\/cigarettemanufacturingmachinery.com\/wp-content\/uploads\/2024\/06\/Untitled-2.webp","type":"image\/webp"}],"twitter_card":"summary_large_image","twitter_misc":{"Szacowany czas czytania":"2 minuty"},"schema":{"@context":"https:\/\/schema.org","@graph":[{"@type":"WebPage","@id":"https:\/\/cigarettemanufacturingmachinery.com\/ru\/\u043a\u0430\u0440\u0442\u0430-\u0441\u0430\u0439\u0442\u0430\/","url":"https:\/\/cigarettemanufacturingmachinery.com\/ru\/\u043a\u0430\u0440\u0442\u0430-\u0441\u0430\u0439\u0442\u0430\/","name":"Mapa witryny","isPartOf":{"@id":"https:\/\/cigarettemanufacturingmachinery.com\/#website"},"datePublished":"2025-05-17T08:57:16+00:00","dateModified":"2025-05-17T09:08:53+00:00","breadcrumb":{"@id":"https:\/\/cigarettemanufacturingmachinery.com\/ru\/\u043a\u0430\u0440\u0442\u0430-\u0441\u0430\u0439\u0442\u0430\/#breadcrumb"},"inLanguage":"pl-PL","potentialAction":[{"@type":"ReadAction","target":["https:\/\/cigarettemanufacturingmachinery.com\/ru\/\u043a\u0430\u0440\u0442\u0430-\u0441\u0430\u0439\u0442\u0430\/"]}]},{"@type":"BreadcrumbList","@id":"https:\/\/cigarettemanufacturingmachinery.com\/ru\/\u043a\u0430\u0440\u0442\u0430-\u0441\u0430\u0439\u0442\u0430\/#breadcrumb","itemListElement":[{"@type":"ListItem","position":1,"name":"Home","item":"https:\/\/cigarettemanufacturingmachinery.com\/"},{"@type":"ListItem","position":2,"name":"Sitemap"}]},{"@type":"WebSite","@id":"https:\/\/cigarettemanufacturingmachinery.com\/#website","url":"https:\/\/cigarettemanufacturingmachinery.com\/","name":"Maszyny do produkcji papieros\u00f3w","description":"Dostawcy maszyn do produkcji papieros\u00f3w","potentialAction":[{"@type":"SearchAction","target":{"@type":"EntryPoint","urlTemplate":"https:\/\/cigarettemanufacturingmachinery.com\/?s={search_term_string}"},"query-input":{"@type":"PropertyValueSpecification","valueRequired":true,"valueName":"search_term_string"}}],"inLanguage":"pl-PL"}]}},"_links":{"self":[{"href":"https:\/\/cigarettemanufacturingmachinery.com\/pl\/wp-json\/wp\/v2\/pages\/29070","targetHints":{"allow":["GET"]}}],"collection":[{"href":"https:\/\/cigarettemanufacturingmachinery.com\/pl\/wp-json\/wp\/v2\/pages"}],"about":[{"href":"https:\/\/cigarettemanufacturingmachinery.com\/pl\/wp-json\/wp\/v2\/types\/page"}],"author":[{"embeddable":true,"href":"https:\/\/cigarettemanufacturingmachinery.com\/pl\/wp-json\/wp\/v2\/users\/1"}],"replies":[{"embeddable":true,"href":"https:\/\/cigarettemanufacturingmachinery.com\/pl\/wp-json\/wp\/v2\/comments?post=29070"}],"version-history":[{"count":7,"href":"https:\/\/cigarettemanufacturingmachinery.com\/pl\/wp-json\/wp\/v2\/pages\/29070\/revisions"}],"predecessor-version":[{"id":29108,"href":"https:\/\/cigarettemanufacturingmachinery.com\/pl\/wp-json\/wp\/v2\/pages\/29070\/revisions\/29108"}],"wp:attachment":[{"href":"https:\/\/cigarettemanufacturingmachinery.com\/pl\/wp-json\/wp\/v2\/media?parent=29070"}],"curies":[{"name":"wp","href":"https:\/\/api.w.org\/{rel}","templated":true}]}}