{"id":28221,"date":"2024-06-07T11:49:46","date_gmt":"2024-06-07T11:49:46","guid":{"rendered":"https:\/\/cigarettemanufacturingmachinery.com\/?post_type=product&#038;p=28221"},"modified":"2024-06-25T07:05:18","modified_gmt":"2024-06-25T07:05:18","slug":"protos-80er-cigarette-making-machine","status":"publish","type":"product","link":"https:\/\/cigarettemanufacturingmachinery.com\/pl\/produkt\/protos-80er-maszyna-do-produkcji-papierosow\/","title":{"rendered":"Protos 80ER \u2013 Maszyna do produkcji papieros\u00f3w"},"content":{"rendered":"<p>Oto kilka najwa\u017cniejszych cech Protos 80ER<\/p>\n<ol>\n<li>Wysoka wydajno\u015b\u0107 produkcyjna 8000 papieros\u00f3w na minut\u0119 (standardowa \u015brednica) i 7000 papieros\u00f3w na minut\u0119 (Slim i Super Slim)<\/li>\n<li>Maszyna zajmuje si\u0119 papierosami o obwodzie od 17 mm do 28,3 mm<\/li>\n<li>Mo\u017cliwo\u015b\u0107 obs\u0142ugi papieros\u00f3w o d\u0142ugo\u015bci od 65 mm do 110 mm<\/li>\n<li>Obs\u0142uguje \u015brednice papieros\u00f3w od 5,4 mm do 8 mm<\/li>\n<li>Wysoka wydajno\u015b\u0107 operacyjna w por\u00f3wnaniu do 98%<\/li>\n<li>W zestawie z systemem sterowania PLC SIEMENS IPC lub BECKHOFF IPC<\/li>\n<li>Wa\u017cy 10 800 kg, a najd\u0142u\u017cszy bok ma 3500 mm<\/li>\n<li>Jednostka maszyny obejmuje maszynk\u0119 do produkcji papieros\u00f3w S7000, nasadk\u0119 do filtra M8000 i automatyczny nape\u0142niacz tacek F80<\/li>\n<li>Moc maszyny jest podzielona na S7000 ok. 50 kW, M8000 ok. 20 kW i F80 ok. 15 kW<\/li>\n<\/ol>","protected":false},"excerpt":{"rendered":"<p>Wiele pozytywnych opinii klient\u00f3w, setki sprzedanych egzemplarzy HAUNI na ca\u0142ym \u015bwiecie oraz fakt, \u017ce wi\u0119kszo\u015b\u0107 producent\u00f3w papieros\u00f3w u\u017cywa maszyn do produkcji papieros\u00f3w Protos 80ER, same w sobie stanowi\u0105 doskona\u0142e potwierdzenie niezawodno\u015bci tego urz\u0105dzenia.<\/p>","protected":false},"featured_media":28187,"comment_status":"closed","ping_status":"closed","template":"","meta":[],"product_brand":[],"product_cat":[101],"product_tag":[],"class_list":{"0":"post-28221","1":"product","2":"type-product","3":"status-publish","4":"has-post-thumbnail","6":"product_cat-cigarette-manufacturing","8":"first","9":"instock","10":"shipping-taxable","11":"product-type-simple"},"yoast_head":"<!-- This site is optimized with the Yoast SEO plugin v27.4 - https:\/\/yoast.com\/product\/yoast-seo-wordpress\/ -->\n<title>Protos 80ER - Cigarette Making Machine<\/title>\n<meta name=\"description\" content=\"Protos 80ER - Cigarette Making Machine | Ready to ship \u2714 - Contact us to get custom quote for your machinery requirements\" \/>\n<meta name=\"robots\" content=\"index, follow, max-snippet:-1, max-image-preview:large, max-video-preview:-1\" \/>\n<link rel=\"canonical\" href=\"https:\/\/cigarettemanufacturingmachinery.com\/pl\/produkt\/protos-80er-maszyna-do-produkcji-papierosow\/\" \/>\n<meta property=\"og:locale\" content=\"pl_PL\" \/>\n<meta property=\"og:type\" content=\"article\" \/>\n<meta property=\"og:title\" content=\"Protos 80ER - Cigarette Making Machine\" \/>\n<meta property=\"og:description\" content=\"Protos 80ER - Cigarette Making Machine | Ready to ship \u2714 - Contact us to get custom quote for your machinery requirements\" \/>\n<meta property=\"og:url\" content=\"https:\/\/cigarettemanufacturingmachinery.com\/pl\/produkt\/protos-80er-maszyna-do-produkcji-papierosow\/\" \/>\n<meta property=\"og:site_name\" content=\"Cigarette Manufacturing Machinery\" \/>\n<meta property=\"article:modified_time\" content=\"2024-06-25T07:05:18+00:00\" \/>\n<meta property=\"og:image\" content=\"https:\/\/cigarettemanufacturingmachinery.com\/wp-content\/uploads\/2024\/06\/Protos-80er.webp\" \/>\n\t<meta property=\"og:image:width\" content=\"768\" \/>\n\t<meta property=\"og:image:height\" content=\"512\" \/>\n\t<meta property=\"og:image:type\" content=\"image\/webp\" \/>\n<meta name=\"twitter:card\" content=\"summary_large_image\" \/>\n<meta name=\"twitter:label1\" content=\"Szacowany czas czytania\" \/>\n\t<meta name=\"twitter:data1\" content=\"1 minuta\" \/>\n<!-- \/ Yoast SEO plugin. -->","yoast_head_json":{"title":"Protos 80ER - Maszyna do produkcji papieros\u00f3w","description":"Protos 80ER - Maszyna do produkcji papieros\u00f3w | Gotowa do wysy\u0142ki \u2714 - Skontaktuj si\u0119 z nami, aby uzyska\u0107 indywidualn\u0105 wycen\u0119 dla swoich wymaga\u0144 dotycz\u0105cych maszyn","robots":{"index":"index","follow":"follow","max-snippet":"max-snippet:-1","max-image-preview":"max-image-preview:large","max-video-preview":"max-video-preview:-1"},"canonical":"https:\/\/cigarettemanufacturingmachinery.com\/pl\/produkt\/protos-80er-maszyna-do-produkcji-papierosow\/","og_locale":"pl_PL","og_type":"article","og_title":"Protos 80ER - Cigarette Making Machine","og_description":"Protos 80ER - Cigarette Making Machine | Ready to ship \u2714 - Contact us to get custom quote for your machinery requirements","og_url":"https:\/\/cigarettemanufacturingmachinery.com\/pl\/produkt\/protos-80er-maszyna-do-produkcji-papierosow\/","og_site_name":"Cigarette Manufacturing Machinery","article_modified_time":"2024-06-25T07:05:18+00:00","og_image":[{"width":768,"height":512,"url":"https:\/\/cigarettemanufacturingmachinery.com\/wp-content\/uploads\/2024\/06\/Protos-80er.webp","type":"image\/webp"}],"twitter_card":"summary_large_image","twitter_misc":{"Szacowany czas czytania":"1 minuta"},"schema":{"@context":"https:\/\/schema.org","@graph":[{"@type":"WebPage","@id":"https:\/\/cigarettemanufacturingmachinery.com\/product\/protos-80er-cigarette-making-machine\/","url":"https:\/\/cigarettemanufacturingmachinery.com\/product\/protos-80er-cigarette-making-machine\/","name":"Protos 80ER - Maszyna do produkcji papieros\u00f3w","isPartOf":{"@id":"https:\/\/cigarettemanufacturingmachinery.com\/#website"},"primaryImageOfPage":{"@id":"https:\/\/cigarettemanufacturingmachinery.com\/product\/protos-80er-cigarette-making-machine\/#primaryimage"},"image":{"@id":"https:\/\/cigarettemanufacturingmachinery.com\/product\/protos-80er-cigarette-making-machine\/#primaryimage"},"thumbnailUrl":"https:\/\/cigarettemanufacturingmachinery.com\/wp-content\/uploads\/2024\/06\/Protos-80er.webp","datePublished":"2024-06-07T11:49:46+00:00","dateModified":"2024-06-25T07:05:18+00:00","description":"Protos 80ER - Maszyna do produkcji papieros\u00f3w | Gotowa do wysy\u0142ki \u2714 - Skontaktuj si\u0119 z nami, aby uzyska\u0107 indywidualn\u0105 wycen\u0119 dla swoich wymaga\u0144 dotycz\u0105cych maszyn","breadcrumb":{"@id":"https:\/\/cigarettemanufacturingmachinery.com\/product\/protos-80er-cigarette-making-machine\/#breadcrumb"},"inLanguage":"pl-PL","potentialAction":[{"@type":"ReadAction","target":["https:\/\/cigarettemanufacturingmachinery.com\/product\/protos-80er-cigarette-making-machine\/"]}]},{"@type":"ImageObject","inLanguage":"pl-PL","@id":"https:\/\/cigarettemanufacturingmachinery.com\/product\/protos-80er-cigarette-making-machine\/#primaryimage","url":"https:\/\/cigarettemanufacturingmachinery.com\/wp-content\/uploads\/2024\/06\/Protos-80er.webp","contentUrl":"https:\/\/cigarettemanufacturingmachinery.com\/wp-content\/uploads\/2024\/06\/Protos-80er.webp","width":768,"height":512,"caption":"Protos 80er cigarette making machine"},{"@type":"BreadcrumbList","@id":"https:\/\/cigarettemanufacturingmachinery.com\/product\/protos-80er-cigarette-making-machine\/#breadcrumb","itemListElement":[{"@type":"ListItem","position":1,"name":"Home","item":"https:\/\/cigarettemanufacturingmachinery.com\/"},{"@type":"ListItem","position":2,"name":"\u00dcr\u00fcnler","item":"https:\/\/cigarettemanufacturingmachinery.com\/tr\/shop\/"},{"@type":"ListItem","position":3,"name":"Protos 80ER &#8211; Cigarette Making Machine"}]},{"@type":"WebSite","@id":"https:\/\/cigarettemanufacturingmachinery.com\/#website","url":"https:\/\/cigarettemanufacturingmachinery.com\/","name":"Maszyny do produkcji papieros\u00f3w","description":"Dostawcy maszyn do produkcji papieros\u00f3w","potentialAction":[{"@type":"SearchAction","target":{"@type":"EntryPoint","urlTemplate":"https:\/\/cigarettemanufacturingmachinery.com\/?s={search_term_string}"},"query-input":{"@type":"PropertyValueSpecification","valueRequired":true,"valueName":"search_term_string"}}],"inLanguage":"pl-PL"}]}},"_links":{"self":[{"href":"https:\/\/cigarettemanufacturingmachinery.com\/pl\/wp-json\/wp\/v2\/product\/28221","targetHints":{"allow":["GET"]}}],"collection":[{"href":"https:\/\/cigarettemanufacturingmachinery.com\/pl\/wp-json\/wp\/v2\/product"}],"about":[{"href":"https:\/\/cigarettemanufacturingmachinery.com\/pl\/wp-json\/wp\/v2\/types\/product"}],"replies":[{"embeddable":true,"href":"https:\/\/cigarettemanufacturingmachinery.com\/pl\/wp-json\/wp\/v2\/comments?post=28221"}],"version-history":[{"count":2,"href":"https:\/\/cigarettemanufacturingmachinery.com\/pl\/wp-json\/wp\/v2\/product\/28221\/revisions"}],"predecessor-version":[{"id":28412,"href":"https:\/\/cigarettemanufacturingmachinery.com\/pl\/wp-json\/wp\/v2\/product\/28221\/revisions\/28412"}],"wp:featuredmedia":[{"embeddable":true,"href":"https:\/\/cigarettemanufacturingmachinery.com\/pl\/wp-json\/wp\/v2\/media\/28187"}],"wp:attachment":[{"href":"https:\/\/cigarettemanufacturingmachinery.com\/pl\/wp-json\/wp\/v2\/media?parent=28221"}],"wp:term":[{"taxonomy":"product_brand","embeddable":true,"href":"https:\/\/cigarettemanufacturingmachinery.com\/pl\/wp-json\/wp\/v2\/product_brand?post=28221"},{"taxonomy":"product_cat","embeddable":true,"href":"https:\/\/cigarettemanufacturingmachinery.com\/pl\/wp-json\/wp\/v2\/product_cat?post=28221"},{"taxonomy":"product_tag","embeddable":true,"href":"https:\/\/cigarettemanufacturingmachinery.com\/pl\/wp-json\/wp\/v2\/product_tag?post=28221"}],"curies":[{"name":"wp","href":"https:\/\/api.w.org\/{rel}","templated":true}]}}