{"id":28223,"date":"2024-06-07T11:52:43","date_gmt":"2024-06-07T11:52:43","guid":{"rendered":"https:\/\/cigarettemanufacturingmachinery.com\/?post_type=product&#038;p=28223"},"modified":"2024-06-25T07:07:29","modified_gmt":"2024-06-25T07:07:29","slug":"protos-70-cigarette-making-machine","status":"publish","type":"product","link":"https:\/\/cigarettemanufacturingmachinery.com\/pl\/produkt\/protos-70-maszyna-do-produkcji-papierosow\/","title":{"rendered":"Protos 70 \u2013 Maszyna do produkcji papieros\u00f3w"},"content":{"rendered":"<p>Oto kilka najwa\u017cniejszych informacji na temat Protos 70<\/p>\n<ol>\n<li>Wysoka wydajno\u015b\u0107 produkcyjna: 7000 papieros\u00f3w na minut\u0119 (standardowa \u015brednica) i 6000 papieros\u00f3w na minut\u0119 (Slim i Super Slim)<\/li>\n<li>Obs\u0142uguje zakres obwodu papieros\u00f3w od 17 mm do 28,3 mm<\/li>\n<li>Ta maszyna jest kompatybilna z papierosami o \u015brednicy od 5,4 mm do 8 mm<\/li>\n<li>Pasuje do papieros\u00f3w o d\u0142ugo\u015bci (filtr + d\u0142ugo\u015b\u0107 pr\u0119ta tytoniowego) od 65 mm do 110 mm<\/li>\n<li>Posiada wysok\u0105 sprawno\u015b\u0107 97%<\/li>\n<li>Wyposa\u017cona jest w system sterowania PLC firmy SIEMENS IPC lub BECKHOFF IPC<\/li>\n<li>Jednostka maszyny obejmuje maszynk\u0119 do produkcji papieros\u00f3w S7000, nasadk\u0119 do filtra M8000 i automatyczny nape\u0142niacz tacek F80<\/li>\n<li>Jego moc jest podzielona na S7000 \/ 50KW, M8000 \/ 20KW i F80 \/ 15KW<\/li>\n<li>Jego ca\u0142kowita masa wynosi 10 800 kg, a najd\u0142u\u017csza d\u0142ugo\u015b\u0107 wynosi 3000 mm.<\/li>\n<\/ol>\n<p>&nbsp;<\/p>","protected":false},"excerpt":{"rendered":"<p>Dzi\u0119ki wysokiej wydajno\u015bci operacyjnej i szerokiemu rozpowszechnieniu w Ameryce P\u00f3\u0142nocnej, Europie, Azji i Ameryce Po\u0142udniowej HAUNI Protos 70 jest wydajn\u0105 maszyn\u0105 do produkcji papieros\u00f3w, akceptowan\u0105 przez firmy tytoniowe.<\/p>","protected":false},"featured_media":28191,"comment_status":"closed","ping_status":"closed","template":"","meta":[],"product_brand":[],"product_cat":[101],"product_tag":[],"class_list":{"0":"post-28223","1":"product","2":"type-product","3":"status-publish","4":"has-post-thumbnail","6":"product_cat-cigarette-manufacturing","8":"first","9":"instock","10":"shipping-taxable","11":"product-type-simple"},"yoast_head":"<!-- This site is optimized with the Yoast SEO plugin v27.4 - https:\/\/yoast.com\/product\/yoast-seo-wordpress\/ -->\n<title>Protos 70 - Cigarette Making Machine<\/title>\n<meta name=\"description\" content=\"Protos 70 - Cigarette Making Machine | Ready to ship \u2714 - Contact us to get custom quote for your machinery requirements\" \/>\n<meta name=\"robots\" content=\"index, follow, max-snippet:-1, max-image-preview:large, max-video-preview:-1\" \/>\n<link rel=\"canonical\" href=\"https:\/\/cigarettemanufacturingmachinery.com\/pl\/produk\/mesin-pembuat-rokok-protos-70\/\" \/>\n<meta property=\"og:locale\" content=\"pl_PL\" \/>\n<meta property=\"og:type\" content=\"article\" \/>\n<meta property=\"og:title\" content=\"Protos 70 - Cigarette Making Machine\" \/>\n<meta property=\"og:description\" content=\"Protos 70 - Cigarette Making Machine | Ready to ship \u2714 - Contact us to get custom quote for your machinery requirements\" \/>\n<meta property=\"og:url\" content=\"https:\/\/cigarettemanufacturingmachinery.com\/pl\/produk\/mesin-pembuat-rokok-protos-70\/\" \/>\n<meta property=\"og:site_name\" content=\"Cigarette Manufacturing Machinery\" \/>\n<meta property=\"article:modified_time\" content=\"2024-06-25T07:07:29+00:00\" \/>\n<meta property=\"og:image\" content=\"https:\/\/cigarettemanufacturingmachinery.com\/wp-content\/uploads\/2024\/06\/Protos-70-cigarette-making-machine.webp\" \/>\n\t<meta property=\"og:image:width\" content=\"804\" \/>\n\t<meta property=\"og:image:height\" content=\"536\" \/>\n\t<meta property=\"og:image:type\" content=\"image\/webp\" \/>\n<meta name=\"twitter:card\" content=\"summary_large_image\" \/>\n<meta name=\"twitter:label1\" content=\"Szacowany czas czytania\" \/>\n\t<meta name=\"twitter:data1\" content=\"1 minuta\" \/>\n<!-- \/ Yoast SEO plugin. -->","yoast_head_json":{"title":"Protos 70 - Maszyna do produkcji papieros\u00f3w","description":"Protos 70 - Maszyna do produkcji papieros\u00f3w | Gotowa do wysy\u0142ki \u2714 - Skontaktuj si\u0119 z nami, aby uzyska\u0107 indywidualn\u0105 wycen\u0119 dla swoich wymaga\u0144 dotycz\u0105cych maszyn","robots":{"index":"index","follow":"follow","max-snippet":"max-snippet:-1","max-image-preview":"max-image-preview:large","max-video-preview":"max-video-preview:-1"},"canonical":"https:\/\/cigarettemanufacturingmachinery.com\/pl\/produk\/mesin-pembuat-rokok-protos-70\/","og_locale":"pl_PL","og_type":"article","og_title":"Protos 70 - Cigarette Making Machine","og_description":"Protos 70 - Cigarette Making Machine | Ready to ship \u2714 - Contact us to get custom quote for your machinery requirements","og_url":"https:\/\/cigarettemanufacturingmachinery.com\/pl\/produk\/mesin-pembuat-rokok-protos-70\/","og_site_name":"Cigarette Manufacturing Machinery","article_modified_time":"2024-06-25T07:07:29+00:00","og_image":[{"width":804,"height":536,"url":"https:\/\/cigarettemanufacturingmachinery.com\/wp-content\/uploads\/2024\/06\/Protos-70-cigarette-making-machine.webp","type":"image\/webp"}],"twitter_card":"summary_large_image","twitter_misc":{"Szacowany czas czytania":"1 minuta"},"schema":{"@context":"https:\/\/schema.org","@graph":[{"@type":"WebPage","@id":"https:\/\/cigarettemanufacturingmachinery.com\/id\/produk\/mesin-pembuat-rokok-protos-70\/","url":"https:\/\/cigarettemanufacturingmachinery.com\/id\/produk\/mesin-pembuat-rokok-protos-70\/","name":"Protos 70 - Maszyna do produkcji papieros\u00f3w","isPartOf":{"@id":"https:\/\/cigarettemanufacturingmachinery.com\/#website"},"primaryImageOfPage":{"@id":"https:\/\/cigarettemanufacturingmachinery.com\/id\/produk\/mesin-pembuat-rokok-protos-70\/#primaryimage"},"image":{"@id":"https:\/\/cigarettemanufacturingmachinery.com\/id\/produk\/mesin-pembuat-rokok-protos-70\/#primaryimage"},"thumbnailUrl":"https:\/\/cigarettemanufacturingmachinery.com\/wp-content\/uploads\/2024\/06\/Protos-70-cigarette-making-machine.webp","datePublished":"2024-06-07T11:52:43+00:00","dateModified":"2024-06-25T07:07:29+00:00","description":"Protos 70 - Maszyna do produkcji papieros\u00f3w | Gotowa do wysy\u0142ki \u2714 - Skontaktuj si\u0119 z nami, aby uzyska\u0107 indywidualn\u0105 wycen\u0119 dla swoich wymaga\u0144 dotycz\u0105cych maszyn","breadcrumb":{"@id":"https:\/\/cigarettemanufacturingmachinery.com\/id\/produk\/mesin-pembuat-rokok-protos-70\/#breadcrumb"},"inLanguage":"pl-PL","potentialAction":[{"@type":"ReadAction","target":["https:\/\/cigarettemanufacturingmachinery.com\/id\/produk\/mesin-pembuat-rokok-protos-70\/"]}]},{"@type":"ImageObject","inLanguage":"pl-PL","@id":"https:\/\/cigarettemanufacturingmachinery.com\/id\/produk\/mesin-pembuat-rokok-protos-70\/#primaryimage","url":"https:\/\/cigarettemanufacturingmachinery.com\/wp-content\/uploads\/2024\/06\/Protos-70-cigarette-making-machine.webp","contentUrl":"https:\/\/cigarettemanufacturingmachinery.com\/wp-content\/uploads\/2024\/06\/Protos-70-cigarette-making-machine.webp","width":804,"height":536,"caption":"Protos 80er cigarette making machine"},{"@type":"BreadcrumbList","@id":"https:\/\/cigarettemanufacturingmachinery.com\/id\/produk\/mesin-pembuat-rokok-protos-70\/#breadcrumb","itemListElement":[{"@type":"ListItem","position":1,"name":"Home","item":"https:\/\/cigarettemanufacturingmachinery.com\/"},{"@type":"ListItem","position":2,"name":"\u00dcr\u00fcnler","item":"https:\/\/cigarettemanufacturingmachinery.com\/tr\/shop\/"},{"@type":"ListItem","position":3,"name":"Protos 70 &#8211; Cigarette Making Machine"}]},{"@type":"WebSite","@id":"https:\/\/cigarettemanufacturingmachinery.com\/#website","url":"https:\/\/cigarettemanufacturingmachinery.com\/","name":"Maszyny do produkcji papieros\u00f3w","description":"Dostawcy maszyn do produkcji papieros\u00f3w","potentialAction":[{"@type":"SearchAction","target":{"@type":"EntryPoint","urlTemplate":"https:\/\/cigarettemanufacturingmachinery.com\/?s={search_term_string}"},"query-input":{"@type":"PropertyValueSpecification","valueRequired":true,"valueName":"search_term_string"}}],"inLanguage":"pl-PL"}]}},"_links":{"self":[{"href":"https:\/\/cigarettemanufacturingmachinery.com\/pl\/wp-json\/wp\/v2\/product\/28223","targetHints":{"allow":["GET"]}}],"collection":[{"href":"https:\/\/cigarettemanufacturingmachinery.com\/pl\/wp-json\/wp\/v2\/product"}],"about":[{"href":"https:\/\/cigarettemanufacturingmachinery.com\/pl\/wp-json\/wp\/v2\/types\/product"}],"replies":[{"embeddable":true,"href":"https:\/\/cigarettemanufacturingmachinery.com\/pl\/wp-json\/wp\/v2\/comments?post=28223"}],"version-history":[{"count":2,"href":"https:\/\/cigarettemanufacturingmachinery.com\/pl\/wp-json\/wp\/v2\/product\/28223\/revisions"}],"predecessor-version":[{"id":28413,"href":"https:\/\/cigarettemanufacturingmachinery.com\/pl\/wp-json\/wp\/v2\/product\/28223\/revisions\/28413"}],"wp:featuredmedia":[{"embeddable":true,"href":"https:\/\/cigarettemanufacturingmachinery.com\/pl\/wp-json\/wp\/v2\/media\/28191"}],"wp:attachment":[{"href":"https:\/\/cigarettemanufacturingmachinery.com\/pl\/wp-json\/wp\/v2\/media?parent=28223"}],"wp:term":[{"taxonomy":"product_brand","embeddable":true,"href":"https:\/\/cigarettemanufacturingmachinery.com\/pl\/wp-json\/wp\/v2\/product_brand?post=28223"},{"taxonomy":"product_cat","embeddable":true,"href":"https:\/\/cigarettemanufacturingmachinery.com\/pl\/wp-json\/wp\/v2\/product_cat?post=28223"},{"taxonomy":"product_tag","embeddable":true,"href":"https:\/\/cigarettemanufacturingmachinery.com\/pl\/wp-json\/wp\/v2\/product_tag?post=28223"}],"curies":[{"name":"wp","href":"https:\/\/api.w.org\/{rel}","templated":true}]}}