{"id":28225,"date":"2024-06-07T11:54:19","date_gmt":"2024-06-07T11:54:19","guid":{"rendered":"https:\/\/cigarettemanufacturingmachinery.com\/?post_type=product&#038;p=28225"},"modified":"2024-06-25T07:08:46","modified_gmt":"2024-06-25T07:08:46","slug":"mark-8-post-64-cigarette-manufacturing-machine","status":"publish","type":"product","link":"https:\/\/cigarettemanufacturingmachinery.com\/pl\/produkt\/maszyna-do-produkcji-papierosow-mark-8-post-64\/","title":{"rendered":"Mark 8 Post 64 \u2013 Maszyna do produkcji papieros\u00f3w"},"content":{"rendered":"<p>Oto kilka najwa\u017cniejszych fragment\u00f3w Ewangelii Marka 8<\/p>\n<ol>\n<li>Maszyna ma pr\u0119dko\u015b\u0107 produkcji 1800-2000 papieros\u00f3w na minut\u0119<\/li>\n<li>Posiada maszyn\u0119 Molins MK-8 \u201ePost 64\u201d z drukark\u0105 dwukolorow\u0105<\/li>\n<li>Pasuje do papieros\u00f3w o obwodzie 17 mm \u2013 28,3 mm<\/li>\n<li>Pasuje do filtr\u00f3w o d\u0142ugo\u015bci od 20 mm do 35 mm<\/li>\n<li>Pasuje do papieros\u00f3w o d\u0142ugo\u015bci od 65 mm do 110 mm<\/li>\n<li>Domy\u015blne ustawienia to Standard 84 mm \/ 100 mm \/ Slims \/ Superslims \/ Nano<\/li>\n<li>Dzia\u0142a zar\u00f3wno przy napi\u0119ciu 220 V, jak i 380 V.<\/li>\n<li>Maszyna wa\u017cy 3500 kg, a jej najd\u0142u\u017cszy bok ma 3000 mm<\/li>\n<li>Maszyna ma solidn\u0105 konstrukcj\u0119 i wysok\u0105 dok\u0142adno\u015b\u0107<\/li>\n<\/ol>","protected":false},"excerpt":{"rendered":"<p>MOLINS Mark 8 to tr\u00f3jfazowa ci\u0119\u017cka maszyna do produkcji papieros\u00f3w z \u017celiwn\u0105 konstrukcj\u0105. Ta maszyna jest szeroko stosowana i ceniona za swoj\u0105 wytrzyma\u0142o\u015b\u0107 i wydajno\u015b\u0107 robocz\u0105. Maszyna sk\u0142ada si\u0119 z Molins MK 8, Hauni Max 3 i dwurz\u0119dowego \u0142apacza<\/p>","protected":false},"featured_media":28182,"comment_status":"closed","ping_status":"closed","template":"","meta":[],"product_brand":[],"product_cat":[101],"product_tag":[],"class_list":{"0":"post-28225","1":"product","2":"type-product","3":"status-publish","4":"has-post-thumbnail","6":"product_cat-cigarette-manufacturing","8":"first","9":"instock","10":"shipping-taxable","11":"product-type-simple"},"yoast_head":"<!-- This site is optimized with the Yoast SEO plugin v27.4 - https:\/\/yoast.com\/product\/yoast-seo-wordpress\/ -->\n<title>Mark 8 Post 64 - Cigarette Manufacturing Machine<\/title>\n<meta name=\"description\" content=\"Mark 8 Post 64 - Cigarette Manufacturing Machine | Ready to ship \u2714 - Contact us to get custom quote for your machinery requirements\" \/>\n<meta name=\"robots\" content=\"index, follow, max-snippet:-1, max-image-preview:large, max-video-preview:-1\" \/>\n<link rel=\"canonical\" href=\"https:\/\/cigarettemanufacturingmachinery.com\/pl\/\u043f\u0440\u043e\u0434\u0443\u043a\u0442\/\u043c\u0430\u0448\u0438\u043d\u0430-\u0434\u043b\u044f-\u043f\u0440\u043e\u0438\u0437\u0432\u043e\u0434\u0441\u0442\u0432\u0430-\u0441\u0438\u0433\u0430\u0440\u0435\u0442-mark-8-post-64\/\" \/>\n<meta property=\"og:locale\" content=\"pl_PL\" \/>\n<meta property=\"og:type\" content=\"article\" \/>\n<meta property=\"og:title\" content=\"Mark 8 Post 64 - Cigarette Manufacturing Machine\" \/>\n<meta property=\"og:description\" content=\"Mark 8 Post 64 - Cigarette Manufacturing Machine | Ready to ship \u2714 - Contact us to get custom quote for your machinery requirements\" \/>\n<meta property=\"og:url\" content=\"https:\/\/cigarettemanufacturingmachinery.com\/pl\/\u043f\u0440\u043e\u0434\u0443\u043a\u0442\/\u043c\u0430\u0448\u0438\u043d\u0430-\u0434\u043b\u044f-\u043f\u0440\u043e\u0438\u0437\u0432\u043e\u0434\u0441\u0442\u0432\u0430-\u0441\u0438\u0433\u0430\u0440\u0435\u0442-mark-8-post-64\/\" \/>\n<meta property=\"og:site_name\" content=\"Cigarette Manufacturing Machinery\" \/>\n<meta property=\"article:modified_time\" content=\"2024-06-25T07:08:46+00:00\" \/>\n<meta property=\"og:image\" content=\"https:\/\/cigarettemanufacturingmachinery.com\/wp-content\/uploads\/2024\/06\/mark.webp\" \/>\n\t<meta property=\"og:image:width\" content=\"732\" \/>\n\t<meta property=\"og:image:height\" content=\"488\" \/>\n\t<meta property=\"og:image:type\" content=\"image\/webp\" \/>\n<meta name=\"twitter:card\" content=\"summary_large_image\" \/>\n<!-- \/ Yoast SEO plugin. -->","yoast_head_json":{"title":"Mark 8 Post 64 - Maszyna do produkcji papieros\u00f3w","description":"Mark 8 Post 64 - Maszyna do produkcji papieros\u00f3w | Gotowa do wysy\u0142ki \u2714 - Skontaktuj si\u0119 z nami, aby uzyska\u0107 indywidualn\u0105 wycen\u0119 dla swoich wymaga\u0144 dotycz\u0105cych maszyn","robots":{"index":"index","follow":"follow","max-snippet":"max-snippet:-1","max-image-preview":"max-image-preview:large","max-video-preview":"max-video-preview:-1"},"canonical":"https:\/\/cigarettemanufacturingmachinery.com\/pl\/\u043f\u0440\u043e\u0434\u0443\u043a\u0442\/\u043c\u0430\u0448\u0438\u043d\u0430-\u0434\u043b\u044f-\u043f\u0440\u043e\u0438\u0437\u0432\u043e\u0434\u0441\u0442\u0432\u0430-\u0441\u0438\u0433\u0430\u0440\u0435\u0442-mark-8-post-64\/","og_locale":"pl_PL","og_type":"article","og_title":"Mark 8 Post 64 - Cigarette Manufacturing Machine","og_description":"Mark 8 Post 64 - Cigarette Manufacturing Machine | Ready to ship \u2714 - Contact us to get custom quote for your machinery requirements","og_url":"https:\/\/cigarettemanufacturingmachinery.com\/pl\/\u043f\u0440\u043e\u0434\u0443\u043a\u0442\/\u043c\u0430\u0448\u0438\u043d\u0430-\u0434\u043b\u044f-\u043f\u0440\u043e\u0438\u0437\u0432\u043e\u0434\u0441\u0442\u0432\u0430-\u0441\u0438\u0433\u0430\u0440\u0435\u0442-mark-8-post-64\/","og_site_name":"Cigarette Manufacturing Machinery","article_modified_time":"2024-06-25T07:08:46+00:00","og_image":[{"width":732,"height":488,"url":"https:\/\/cigarettemanufacturingmachinery.com\/wp-content\/uploads\/2024\/06\/mark.webp","type":"image\/webp"}],"twitter_card":"summary_large_image","schema":{"@context":"https:\/\/schema.org","@graph":[{"@type":"WebPage","@id":"https:\/\/cigarettemanufacturingmachinery.com\/ru\/\u043f\u0440\u043e\u0434\u0443\u043a\u0442\/\u043c\u0430\u0448\u0438\u043d\u0430-\u0434\u043b\u044f-\u043f\u0440\u043e\u0438\u0437\u0432\u043e\u0434\u0441\u0442\u0432\u0430-\u0441\u0438\u0433\u0430\u0440\u0435\u0442-mark-8-post-64\/","url":"https:\/\/cigarettemanufacturingmachinery.com\/ru\/\u043f\u0440\u043e\u0434\u0443\u043a\u0442\/\u043c\u0430\u0448\u0438\u043d\u0430-\u0434\u043b\u044f-\u043f\u0440\u043e\u0438\u0437\u0432\u043e\u0434\u0441\u0442\u0432\u0430-\u0441\u0438\u0433\u0430\u0440\u0435\u0442-mark-8-post-64\/","name":"Mark 8 Post 64 - Maszyna do produkcji papieros\u00f3w","isPartOf":{"@id":"https:\/\/cigarettemanufacturingmachinery.com\/#website"},"primaryImageOfPage":{"@id":"https:\/\/cigarettemanufacturingmachinery.com\/ru\/\u043f\u0440\u043e\u0434\u0443\u043a\u0442\/\u043c\u0430\u0448\u0438\u043d\u0430-\u0434\u043b\u044f-\u043f\u0440\u043e\u0438\u0437\u0432\u043e\u0434\u0441\u0442\u0432\u0430-\u0441\u0438\u0433\u0430\u0440\u0435\u0442-mark-8-post-64\/#primaryimage"},"image":{"@id":"https:\/\/cigarettemanufacturingmachinery.com\/ru\/\u043f\u0440\u043e\u0434\u0443\u043a\u0442\/\u043c\u0430\u0448\u0438\u043d\u0430-\u0434\u043b\u044f-\u043f\u0440\u043e\u0438\u0437\u0432\u043e\u0434\u0441\u0442\u0432\u0430-\u0441\u0438\u0433\u0430\u0440\u0435\u0442-mark-8-post-64\/#primaryimage"},"thumbnailUrl":"https:\/\/cigarettemanufacturingmachinery.com\/wp-content\/uploads\/2024\/06\/mark.webp","datePublished":"2024-06-07T11:54:19+00:00","dateModified":"2024-06-25T07:08:46+00:00","description":"Mark 8 Post 64 - Maszyna do produkcji papieros\u00f3w | Gotowa do wysy\u0142ki \u2714 - Skontaktuj si\u0119 z nami, aby uzyska\u0107 indywidualn\u0105 wycen\u0119 dla swoich wymaga\u0144 dotycz\u0105cych maszyn","breadcrumb":{"@id":"https:\/\/cigarettemanufacturingmachinery.com\/ru\/\u043f\u0440\u043e\u0434\u0443\u043a\u0442\/\u043c\u0430\u0448\u0438\u043d\u0430-\u0434\u043b\u044f-\u043f\u0440\u043e\u0438\u0437\u0432\u043e\u0434\u0441\u0442\u0432\u0430-\u0441\u0438\u0433\u0430\u0440\u0435\u0442-mark-8-post-64\/#breadcrumb"},"inLanguage":"pl-PL","potentialAction":[{"@type":"ReadAction","target":["https:\/\/cigarettemanufacturingmachinery.com\/ru\/\u043f\u0440\u043e\u0434\u0443\u043a\u0442\/\u043c\u0430\u0448\u0438\u043d\u0430-\u0434\u043b\u044f-\u043f\u0440\u043e\u0438\u0437\u0432\u043e\u0434\u0441\u0442\u0432\u0430-\u0441\u0438\u0433\u0430\u0440\u0435\u0442-mark-8-post-64\/"]}]},{"@type":"ImageObject","inLanguage":"pl-PL","@id":"https:\/\/cigarettemanufacturingmachinery.com\/ru\/\u043f\u0440\u043e\u0434\u0443\u043a\u0442\/\u043c\u0430\u0448\u0438\u043d\u0430-\u0434\u043b\u044f-\u043f\u0440\u043e\u0438\u0437\u0432\u043e\u0434\u0441\u0442\u0432\u0430-\u0441\u0438\u0433\u0430\u0440\u0435\u0442-mark-8-post-64\/#primaryimage","url":"https:\/\/cigarettemanufacturingmachinery.com\/wp-content\/uploads\/2024\/06\/mark.webp","contentUrl":"https:\/\/cigarettemanufacturingmachinery.com\/wp-content\/uploads\/2024\/06\/mark.webp","width":732,"height":488,"caption":"mark 8 Post Cigarette Manufacturing Machine"},{"@type":"BreadcrumbList","@id":"https:\/\/cigarettemanufacturingmachinery.com\/ru\/\u043f\u0440\u043e\u0434\u0443\u043a\u0442\/\u043c\u0430\u0448\u0438\u043d\u0430-\u0434\u043b\u044f-\u043f\u0440\u043e\u0438\u0437\u0432\u043e\u0434\u0441\u0442\u0432\u0430-\u0441\u0438\u0433\u0430\u0440\u0435\u0442-mark-8-post-64\/#breadcrumb","itemListElement":[{"@type":"ListItem","position":1,"name":"Home","item":"https:\/\/cigarettemanufacturingmachinery.com\/"},{"@type":"ListItem","position":2,"name":"\u00dcr\u00fcnler","item":"https:\/\/cigarettemanufacturingmachinery.com\/tr\/shop\/"},{"@type":"ListItem","position":3,"name":"Mark 8 Post 64 &#8211; Cigarette Manufacturing Machine"}]},{"@type":"WebSite","@id":"https:\/\/cigarettemanufacturingmachinery.com\/#website","url":"https:\/\/cigarettemanufacturingmachinery.com\/","name":"Maszyny do produkcji papieros\u00f3w","description":"Dostawcy maszyn do produkcji papieros\u00f3w","potentialAction":[{"@type":"SearchAction","target":{"@type":"EntryPoint","urlTemplate":"https:\/\/cigarettemanufacturingmachinery.com\/?s={search_term_string}"},"query-input":{"@type":"PropertyValueSpecification","valueRequired":true,"valueName":"search_term_string"}}],"inLanguage":"pl-PL"}]}},"_links":{"self":[{"href":"https:\/\/cigarettemanufacturingmachinery.com\/pl\/wp-json\/wp\/v2\/product\/28225","targetHints":{"allow":["GET"]}}],"collection":[{"href":"https:\/\/cigarettemanufacturingmachinery.com\/pl\/wp-json\/wp\/v2\/product"}],"about":[{"href":"https:\/\/cigarettemanufacturingmachinery.com\/pl\/wp-json\/wp\/v2\/types\/product"}],"replies":[{"embeddable":true,"href":"https:\/\/cigarettemanufacturingmachinery.com\/pl\/wp-json\/wp\/v2\/comments?post=28225"}],"version-history":[{"count":2,"href":"https:\/\/cigarettemanufacturingmachinery.com\/pl\/wp-json\/wp\/v2\/product\/28225\/revisions"}],"predecessor-version":[{"id":28417,"href":"https:\/\/cigarettemanufacturingmachinery.com\/pl\/wp-json\/wp\/v2\/product\/28225\/revisions\/28417"}],"wp:featuredmedia":[{"embeddable":true,"href":"https:\/\/cigarettemanufacturingmachinery.com\/pl\/wp-json\/wp\/v2\/media\/28182"}],"wp:attachment":[{"href":"https:\/\/cigarettemanufacturingmachinery.com\/pl\/wp-json\/wp\/v2\/media?parent=28225"}],"wp:term":[{"taxonomy":"product_brand","embeddable":true,"href":"https:\/\/cigarettemanufacturingmachinery.com\/pl\/wp-json\/wp\/v2\/product_brand?post=28225"},{"taxonomy":"product_cat","embeddable":true,"href":"https:\/\/cigarettemanufacturingmachinery.com\/pl\/wp-json\/wp\/v2\/product_cat?post=28225"},{"taxonomy":"product_tag","embeddable":true,"href":"https:\/\/cigarettemanufacturingmachinery.com\/pl\/wp-json\/wp\/v2\/product_tag?post=28225"}],"curies":[{"name":"wp","href":"https:\/\/api.w.org\/{rel}","templated":true}]}}