{"id":28231,"date":"2024-06-08T06:14:49","date_gmt":"2024-06-08T06:14:49","guid":{"rendered":"https:\/\/cigarettemanufacturingmachinery.com\/?post_type=product&#038;p=28231"},"modified":"2025-08-09T13:40:12","modified_gmt":"2025-08-09T13:40:12","slug":"mark9-maxs-cigarette-making-machine","status":"publish","type":"product","link":"https:\/\/cigarettemanufacturingmachinery.com\/pl\/produkt\/maszyna-do-produkcji-papierosow-mark9-maxs\/","title":{"rendered":"Mark 9 MAX S \u2013 Maszyna do produkcji papieros\u00f3w"},"content":{"rendered":"<p>Oto kilka najwa\u017cniejszych cech modelu Mark 9 MAX S<\/p>\n<ol>\n<li>Jej wydajno\u015b\u0107 produkcyjna waha si\u0119 od 4500 do 5000 papieros\u00f3w na minut\u0119<\/li>\n<li>Pasuje do papieros\u00f3w o obwodzie od 17 mm do 28,3 mm<\/li>\n<li>Pasuje do papieros\u00f3w o d\u0142ugo\u015bci od 65 mm do 110 mm<\/li>\n<li>W zestawie znajduje si\u0119 filtr Hauni Max \u2013 S Filter Assembler z nape\u0142niaczem tacki przep\u0142ywu masowego<\/li>\n<li>Domy\u015blny rozmiar konfiguracji to Standard 84 mm<\/li>\n<li>D\u0142ugie odst\u0119py mi\u0119dzy przegl\u0105dami wynosz\u0105ce od 2000 do 3000 godzin pracy<\/li>\n<li>Jest to ci\u0119\u017cka maszyna o wadze 7800 kg i najd\u0142u\u017cszym boku 3600 mm<\/li>\n<li>Dzia\u0142a przy napi\u0119ciu 220 V i 380 V<\/li>\n<li>Jest to w pe\u0142ni automatyczna maszyna do produkcji papieros\u00f3w wykonana ze stali nierdzewnej<\/li>\n<\/ol>\n<p>&nbsp;<\/p>","protected":false},"excerpt":{"rendered":"<p>Wysoce precyzyjna maszyna do produkcji papieros\u00f3w, zaprojektowana do obs\u0142ugi projekt\u00f3w produkcyjnych \u015bredniego szczebla. Mark 9 z Max S integruje zaawansowane systemy automatyki i sterowania i jest u\u017cywana przez producent\u00f3w papieros\u00f3w ze wzgl\u0119du na jej sp\u00f3jny wynik.<\/p>","protected":false},"featured_media":28185,"comment_status":"closed","ping_status":"closed","template":"","meta":[],"product_brand":[],"product_cat":[101],"product_tag":[],"class_list":{"0":"post-28231","1":"product","2":"type-product","3":"status-publish","4":"has-post-thumbnail","6":"product_cat-cigarette-manufacturing","8":"first","9":"instock","10":"shipping-taxable","11":"product-type-simple"},"yoast_head":"<!-- This site is optimized with the Yoast SEO plugin v27.4 - https:\/\/yoast.com\/product\/yoast-seo-wordpress\/ -->\n<title>Mark 9 MAX S - Cigarette Making Machine<\/title>\n<meta name=\"description\" content=\"Mark 9 with Max S (5000 cigarettes per minute) integrates advanced automation and control systems and is used by cigarette manufacturers\" \/>\n<meta name=\"robots\" content=\"index, follow, max-snippet:-1, max-image-preview:large, max-video-preview:-1\" \/>\n<link rel=\"canonical\" href=\"https:\/\/cigarettemanufacturingmachinery.com\/pl\/produkt\/maszyna-do-produkcji-papierosow-mark9-maxs\/\" \/>\n<meta property=\"og:locale\" content=\"pl_PL\" \/>\n<meta property=\"og:type\" content=\"article\" \/>\n<meta property=\"og:title\" content=\"Mark 9 MAX S - Cigarette Making Machine\" \/>\n<meta property=\"og:description\" content=\"Mark 9 with Max S (5000 cigarettes per minute) integrates advanced automation and control systems and is used by cigarette manufacturers\" \/>\n<meta property=\"og:url\" content=\"https:\/\/cigarettemanufacturingmachinery.com\/pl\/produkt\/maszyna-do-produkcji-papierosow-mark9-maxs\/\" \/>\n<meta property=\"og:site_name\" content=\"Cigarette Manufacturing Machinery\" \/>\n<meta property=\"article:modified_time\" content=\"2025-08-09T13:40:12+00:00\" \/>\n<meta property=\"og:image\" content=\"https:\/\/cigarettemanufacturingmachinery.com\/wp-content\/uploads\/2024\/06\/Mark-9-Cigarette-Making-Machine.webp\" \/>\n\t<meta property=\"og:image:width\" content=\"708\" \/>\n\t<meta property=\"og:image:height\" content=\"472\" \/>\n\t<meta property=\"og:image:type\" content=\"image\/webp\" \/>\n<meta name=\"twitter:card\" content=\"summary_large_image\" \/>\n<meta name=\"twitter:label1\" content=\"Szacowany czas czytania\" \/>\n\t<meta name=\"twitter:data1\" content=\"1 minuta\" \/>\n<!-- \/ Yoast SEO plugin. -->","yoast_head_json":{"title":"Mark 9 MAX S - Maszyna do produkcji papieros\u00f3w","description":"Mark 9 z Max S (5000 papieros\u00f3w na minut\u0119) integruje zaawansowane systemy automatyki i sterowania i jest u\u017cywany przez producent\u00f3w papieros\u00f3w","robots":{"index":"index","follow":"follow","max-snippet":"max-snippet:-1","max-image-preview":"max-image-preview:large","max-video-preview":"max-video-preview:-1"},"canonical":"https:\/\/cigarettemanufacturingmachinery.com\/pl\/produkt\/maszyna-do-produkcji-papierosow-mark9-maxs\/","og_locale":"pl_PL","og_type":"article","og_title":"Mark 9 MAX S - Cigarette Making Machine","og_description":"Mark 9 with Max S (5000 cigarettes per minute) integrates advanced automation and control systems and is used by cigarette manufacturers","og_url":"https:\/\/cigarettemanufacturingmachinery.com\/pl\/produkt\/maszyna-do-produkcji-papierosow-mark9-maxs\/","og_site_name":"Cigarette Manufacturing Machinery","article_modified_time":"2025-08-09T13:40:12+00:00","og_image":[{"width":708,"height":472,"url":"https:\/\/cigarettemanufacturingmachinery.com\/wp-content\/uploads\/2024\/06\/Mark-9-Cigarette-Making-Machine.webp","type":"image\/webp"}],"twitter_card":"summary_large_image","twitter_misc":{"Szacowany czas czytania":"1 minuta"},"schema":{"@context":"https:\/\/schema.org","@graph":[{"@type":"WebPage","@id":"https:\/\/cigarettemanufacturingmachinery.com\/pl\/produkt\/maszyna-do-produkcji-papierosow-mark9-maxs\/","url":"https:\/\/cigarettemanufacturingmachinery.com\/pl\/produkt\/maszyna-do-produkcji-papierosow-mark9-maxs\/","name":"Mark 9 MAX S - Maszyna do produkcji papieros\u00f3w","isPartOf":{"@id":"https:\/\/cigarettemanufacturingmachinery.com\/#website"},"primaryImageOfPage":{"@id":"https:\/\/cigarettemanufacturingmachinery.com\/pl\/produkt\/maszyna-do-produkcji-papierosow-mark9-maxs\/#primaryimage"},"image":{"@id":"https:\/\/cigarettemanufacturingmachinery.com\/pl\/produkt\/maszyna-do-produkcji-papierosow-mark9-maxs\/#primaryimage"},"thumbnailUrl":"https:\/\/cigarettemanufacturingmachinery.com\/wp-content\/uploads\/2024\/06\/Mark-9-Cigarette-Making-Machine.webp","datePublished":"2024-06-08T06:14:49+00:00","dateModified":"2025-08-09T13:40:12+00:00","description":"Mark 9 z Max S (5000 papieros\u00f3w na minut\u0119) integruje zaawansowane systemy automatyki i sterowania i jest u\u017cywany przez producent\u00f3w papieros\u00f3w","breadcrumb":{"@id":"https:\/\/cigarettemanufacturingmachinery.com\/pl\/produkt\/maszyna-do-produkcji-papierosow-mark9-maxs\/#breadcrumb"},"inLanguage":"pl-PL","potentialAction":[{"@type":"ReadAction","target":["https:\/\/cigarettemanufacturingmachinery.com\/pl\/produkt\/maszyna-do-produkcji-papierosow-mark9-maxs\/"]}]},{"@type":"ImageObject","inLanguage":"pl-PL","@id":"https:\/\/cigarettemanufacturingmachinery.com\/pl\/produkt\/maszyna-do-produkcji-papierosow-mark9-maxs\/#primaryimage","url":"https:\/\/cigarettemanufacturingmachinery.com\/wp-content\/uploads\/2024\/06\/Mark-9-Cigarette-Making-Machine.webp","contentUrl":"https:\/\/cigarettemanufacturingmachinery.com\/wp-content\/uploads\/2024\/06\/Mark-9-Cigarette-Making-Machine.webp","width":708,"height":472,"caption":"Mark 9 Cigarette Making Machine"},{"@type":"BreadcrumbList","@id":"https:\/\/cigarettemanufacturingmachinery.com\/pl\/produkt\/maszyna-do-produkcji-papierosow-mark9-maxs\/#breadcrumb","itemListElement":[{"@type":"ListItem","position":1,"name":"Home","item":"https:\/\/cigarettemanufacturingmachinery.com\/"},{"@type":"ListItem","position":2,"name":"\u00dcr\u00fcnler","item":"https:\/\/cigarettemanufacturingmachinery.com\/tr\/shop\/"},{"@type":"ListItem","position":3,"name":"Mark 9 MAX S &#8211; Cigarette Making Machine"}]},{"@type":"WebSite","@id":"https:\/\/cigarettemanufacturingmachinery.com\/#website","url":"https:\/\/cigarettemanufacturingmachinery.com\/","name":"Maszyny do produkcji papieros\u00f3w","description":"Dostawcy maszyn do produkcji papieros\u00f3w","potentialAction":[{"@type":"SearchAction","target":{"@type":"EntryPoint","urlTemplate":"https:\/\/cigarettemanufacturingmachinery.com\/?s={search_term_string}"},"query-input":{"@type":"PropertyValueSpecification","valueRequired":true,"valueName":"search_term_string"}}],"inLanguage":"pl-PL"}]}},"_links":{"self":[{"href":"https:\/\/cigarettemanufacturingmachinery.com\/pl\/wp-json\/wp\/v2\/product\/28231","targetHints":{"allow":["GET"]}}],"collection":[{"href":"https:\/\/cigarettemanufacturingmachinery.com\/pl\/wp-json\/wp\/v2\/product"}],"about":[{"href":"https:\/\/cigarettemanufacturingmachinery.com\/pl\/wp-json\/wp\/v2\/types\/product"}],"replies":[{"embeddable":true,"href":"https:\/\/cigarettemanufacturingmachinery.com\/pl\/wp-json\/wp\/v2\/comments?post=28231"}],"version-history":[{"count":2,"href":"https:\/\/cigarettemanufacturingmachinery.com\/pl\/wp-json\/wp\/v2\/product\/28231\/revisions"}],"predecessor-version":[{"id":28422,"href":"https:\/\/cigarettemanufacturingmachinery.com\/pl\/wp-json\/wp\/v2\/product\/28231\/revisions\/28422"}],"wp:featuredmedia":[{"embeddable":true,"href":"https:\/\/cigarettemanufacturingmachinery.com\/pl\/wp-json\/wp\/v2\/media\/28185"}],"wp:attachment":[{"href":"https:\/\/cigarettemanufacturingmachinery.com\/pl\/wp-json\/wp\/v2\/media?parent=28231"}],"wp:term":[{"taxonomy":"product_brand","embeddable":true,"href":"https:\/\/cigarettemanufacturingmachinery.com\/pl\/wp-json\/wp\/v2\/product_brand?post=28231"},{"taxonomy":"product_cat","embeddable":true,"href":"https:\/\/cigarettemanufacturingmachinery.com\/pl\/wp-json\/wp\/v2\/product_cat?post=28231"},{"taxonomy":"product_tag","embeddable":true,"href":"https:\/\/cigarettemanufacturingmachinery.com\/pl\/wp-json\/wp\/v2\/product_tag?post=28231"}],"curies":[{"name":"wp","href":"https:\/\/api.w.org\/{rel}","templated":true}]}}