{"id":28345,"date":"2024-06-19T07:28:46","date_gmt":"2024-06-19T07:28:46","guid":{"rendered":"https:\/\/cigarettemanufacturingmachinery.com\/?post_type=product&#038;p=28345"},"modified":"2024-06-28T06:43:37","modified_gmt":"2024-06-28T06:43:37","slug":"cigarette-reclaimer","status":"publish","type":"product","link":"https:\/\/cigarettemanufacturingmachinery.com\/pl\/produkt\/odzyskiwacz-papierosow\/","title":{"rendered":"Odzysk papieros\u00f3w"},"content":{"rendered":"<p>Oto kilka najwa\u017cniejszych cech Cigarette Tobacco Reclaimer<\/p>\n<ol>\n<li>Jego podstawow\u0105 funkcj\u0105 jest odzyskiwanie tytoniu z odpad\u00f3w<\/li>\n<li>To niezwykle wydajna maszyna, kt\u00f3ra oddziela tyto\u0144 od odpad\u00f3w.<\/li>\n<li>Jego zdolno\u015b\u0107 odzysku wynosi 60 kg tytoniu na godzin\u0119<\/li>\n<li>Szacowana wydajno\u015b\u0107 regeneratora wynosi 99,8%<\/li>\n<li>Posiada wysoki wska\u017anik odzysku 90%<\/li>\n<\/ol>","protected":false},"excerpt":{"rendered":"<p>Odzyskarka tytoniu papierosowego to wysoce wydajna maszyna, kt\u00f3ra jest bardzo wa\u017cn\u0105 cz\u0119\u015bci\u0105 wyposa\u017cenia w procesie produkcji papieros\u00f3w. Ta maszyna tytoniowa jest zaprojektowana w celu odzyskiwania u\u017cytecznego tytoniu z odpad\u00f3w papieros\u00f3w w trakcie procesu. Odzyskuje u\u017cyteczny tyto\u0144 i zwi\u0119ksza wydajno\u015b\u0107 przedsi\u0119biorstwa oraz zmniejsza jego marnotrawstwo.<\/p>","protected":false},"featured_media":28338,"comment_status":"closed","ping_status":"closed","template":"","meta":[],"product_brand":[],"product_cat":[103],"product_tag":[],"class_list":{"0":"post-28345","1":"product","2":"type-product","3":"status-publish","4":"has-post-thumbnail","6":"product_cat-tobacco-machinery","8":"first","9":"instock","10":"shipping-taxable","11":"product-type-simple"},"yoast_head":"<!-- This site is optimized with the Yoast SEO plugin v27.4 - https:\/\/yoast.com\/product\/yoast-seo-wordpress\/ -->\n<title>Cigarette Reclaimer<\/title>\n<meta name=\"description\" content=\"Cigarette Reclaimer | Ready to ship \u2714 - Contact us to get custom quote for your machinery requirements\" \/>\n<meta name=\"robots\" content=\"index, follow, max-snippet:-1, max-image-preview:large, max-video-preview:-1\" \/>\n<link rel=\"canonical\" href=\"https:\/\/cigarettemanufacturingmachinery.com\/pl\/produkt\/odzyskiwacz-papierosow\/\" \/>\n<meta property=\"og:locale\" content=\"pl_PL\" \/>\n<meta property=\"og:type\" content=\"article\" \/>\n<meta property=\"og:title\" content=\"Cigarette Reclaimer\" \/>\n<meta property=\"og:description\" content=\"Cigarette Reclaimer | Ready to ship \u2714 - Contact us to get custom quote for your machinery requirements\" \/>\n<meta property=\"og:url\" content=\"https:\/\/cigarettemanufacturingmachinery.com\/pl\/produkt\/odzyskiwacz-papierosow\/\" \/>\n<meta property=\"og:site_name\" content=\"Cigarette Manufacturing Machinery\" \/>\n<meta property=\"article:modified_time\" content=\"2024-06-28T06:43:37+00:00\" \/>\n<meta property=\"og:image\" content=\"https:\/\/cigarettemanufacturingmachinery.com\/wp-content\/uploads\/2024\/06\/Cigarette-tobacco-Reclaimer.webp\" \/>\n\t<meta property=\"og:image:width\" content=\"614\" \/>\n\t<meta property=\"og:image:height\" content=\"384\" \/>\n\t<meta property=\"og:image:type\" content=\"image\/webp\" \/>\n<meta name=\"twitter:card\" content=\"summary_large_image\" \/>\n<!-- \/ Yoast SEO plugin. -->","yoast_head_json":{"title":"Odzysk papieros\u00f3w","description":"Odzysk papieros\u00f3w | Gotowy do wysy\u0142ki \u2714 - Skontaktuj si\u0119 z nami, aby uzyska\u0107 indywidualn\u0105 wycen\u0119 dla swoich wymaga\u0144 dotycz\u0105cych maszyn","robots":{"index":"index","follow":"follow","max-snippet":"max-snippet:-1","max-image-preview":"max-image-preview:large","max-video-preview":"max-video-preview:-1"},"canonical":"https:\/\/cigarettemanufacturingmachinery.com\/pl\/produkt\/odzyskiwacz-papierosow\/","og_locale":"pl_PL","og_type":"article","og_title":"Cigarette Reclaimer","og_description":"Cigarette Reclaimer | Ready to ship \u2714 - Contact us to get custom quote for your machinery requirements","og_url":"https:\/\/cigarettemanufacturingmachinery.com\/pl\/produkt\/odzyskiwacz-papierosow\/","og_site_name":"Cigarette Manufacturing Machinery","article_modified_time":"2024-06-28T06:43:37+00:00","og_image":[{"width":614,"height":384,"url":"https:\/\/cigarettemanufacturingmachinery.com\/wp-content\/uploads\/2024\/06\/Cigarette-tobacco-Reclaimer.webp","type":"image\/webp"}],"twitter_card":"summary_large_image","schema":{"@context":"https:\/\/schema.org","@graph":[{"@type":"WebPage","@id":"https:\/\/cigarettemanufacturingmachinery.com\/pl\/produkt\/odzyskiwacz-papierosow\/","url":"https:\/\/cigarettemanufacturingmachinery.com\/pl\/produkt\/odzyskiwacz-papierosow\/","name":"Odzysk papieros\u00f3w","isPartOf":{"@id":"https:\/\/cigarettemanufacturingmachinery.com\/#website"},"primaryImageOfPage":{"@id":"https:\/\/cigarettemanufacturingmachinery.com\/pl\/produkt\/odzyskiwacz-papierosow\/#primaryimage"},"image":{"@id":"https:\/\/cigarettemanufacturingmachinery.com\/pl\/produkt\/odzyskiwacz-papierosow\/#primaryimage"},"thumbnailUrl":"https:\/\/cigarettemanufacturingmachinery.com\/wp-content\/uploads\/2024\/06\/Cigarette-tobacco-Reclaimer.webp","datePublished":"2024-06-19T07:28:46+00:00","dateModified":"2024-06-28T06:43:37+00:00","description":"Odzysk papieros\u00f3w | Gotowy do wysy\u0142ki \u2714 - Skontaktuj si\u0119 z nami, aby uzyska\u0107 indywidualn\u0105 wycen\u0119 dla swoich wymaga\u0144 dotycz\u0105cych maszyn","breadcrumb":{"@id":"https:\/\/cigarettemanufacturingmachinery.com\/pl\/produkt\/odzyskiwacz-papierosow\/#breadcrumb"},"inLanguage":"pl-PL","potentialAction":[{"@type":"ReadAction","target":["https:\/\/cigarettemanufacturingmachinery.com\/pl\/produkt\/odzyskiwacz-papierosow\/"]}]},{"@type":"ImageObject","inLanguage":"pl-PL","@id":"https:\/\/cigarettemanufacturingmachinery.com\/pl\/produkt\/odzyskiwacz-papierosow\/#primaryimage","url":"https:\/\/cigarettemanufacturingmachinery.com\/wp-content\/uploads\/2024\/06\/Cigarette-tobacco-Reclaimer.webp","contentUrl":"https:\/\/cigarettemanufacturingmachinery.com\/wp-content\/uploads\/2024\/06\/Cigarette-tobacco-Reclaimer.webp","width":614,"height":384,"caption":"Cigarette tobacco Reclaimer"},{"@type":"BreadcrumbList","@id":"https:\/\/cigarettemanufacturingmachinery.com\/pl\/produkt\/odzyskiwacz-papierosow\/#breadcrumb","itemListElement":[{"@type":"ListItem","position":1,"name":"Home","item":"https:\/\/cigarettemanufacturingmachinery.com\/"},{"@type":"ListItem","position":2,"name":"\u00dcr\u00fcnler","item":"https:\/\/cigarettemanufacturingmachinery.com\/tr\/shop\/"},{"@type":"ListItem","position":3,"name":"Cigarette Reclaimer"}]},{"@type":"WebSite","@id":"https:\/\/cigarettemanufacturingmachinery.com\/#website","url":"https:\/\/cigarettemanufacturingmachinery.com\/","name":"Maszyny do produkcji papieros\u00f3w","description":"Dostawcy maszyn do produkcji papieros\u00f3w","potentialAction":[{"@type":"SearchAction","target":{"@type":"EntryPoint","urlTemplate":"https:\/\/cigarettemanufacturingmachinery.com\/?s={search_term_string}"},"query-input":{"@type":"PropertyValueSpecification","valueRequired":true,"valueName":"search_term_string"}}],"inLanguage":"pl-PL"}]}},"_links":{"self":[{"href":"https:\/\/cigarettemanufacturingmachinery.com\/pl\/wp-json\/wp\/v2\/product\/28345","targetHints":{"allow":["GET"]}}],"collection":[{"href":"https:\/\/cigarettemanufacturingmachinery.com\/pl\/wp-json\/wp\/v2\/product"}],"about":[{"href":"https:\/\/cigarettemanufacturingmachinery.com\/pl\/wp-json\/wp\/v2\/types\/product"}],"replies":[{"embeddable":true,"href":"https:\/\/cigarettemanufacturingmachinery.com\/pl\/wp-json\/wp\/v2\/comments?post=28345"}],"version-history":[{"count":2,"href":"https:\/\/cigarettemanufacturingmachinery.com\/pl\/wp-json\/wp\/v2\/product\/28345\/revisions"}],"predecessor-version":[{"id":28522,"href":"https:\/\/cigarettemanufacturingmachinery.com\/pl\/wp-json\/wp\/v2\/product\/28345\/revisions\/28522"}],"wp:featuredmedia":[{"embeddable":true,"href":"https:\/\/cigarettemanufacturingmachinery.com\/pl\/wp-json\/wp\/v2\/media\/28338"}],"wp:attachment":[{"href":"https:\/\/cigarettemanufacturingmachinery.com\/pl\/wp-json\/wp\/v2\/media?parent=28345"}],"wp:term":[{"taxonomy":"product_brand","embeddable":true,"href":"https:\/\/cigarettemanufacturingmachinery.com\/pl\/wp-json\/wp\/v2\/product_brand?post=28345"},{"taxonomy":"product_cat","embeddable":true,"href":"https:\/\/cigarettemanufacturingmachinery.com\/pl\/wp-json\/wp\/v2\/product_cat?post=28345"},{"taxonomy":"product_tag","embeddable":true,"href":"https:\/\/cigarettemanufacturingmachinery.com\/pl\/wp-json\/wp\/v2\/product_tag?post=28345"}],"curies":[{"name":"wp","href":"https:\/\/api.w.org\/{rel}","templated":true}]}}