{"id":28347,"date":"2024-06-19T07:29:39","date_gmt":"2024-06-19T07:29:39","guid":{"rendered":"https:\/\/cigarettemanufacturingmachinery.com\/?post_type=product&#038;p=28347"},"modified":"2024-06-28T06:41:08","modified_gmt":"2024-06-28T06:41:08","slug":"hauni-tobacco-cutter-kt-400","status":"publish","type":"product","link":"https:\/\/cigarettemanufacturingmachinery.com\/pl\/produkt\/hauni-krajalnica-do-tytoniu-kt-400\/","title":{"rendered":"Krajalnica do tytoniu Hauni KT-400"},"content":{"rendered":"<p>Oto kilka najwa\u017cniejszych cech KT-400<\/p>\n<ol>\n<li>Jego wydajno\u015b\u0107 przetw\u00f3rcza wynosi 400 kg na godzin\u0119<\/li>\n<li>Posiada mosi\u0119\u017cn\u0105 listw\u0119 wygi\u0119t\u0105 do regulacji wielko\u015bci ci\u0119cia<\/li>\n<li>Maszyna posiada 5 no\u017cy zapewniaj\u0105cych r\u00f3wne ci\u0119cie<\/li>\n<li>Posiada si\u0142owniki pneumatyczne do obs\u0142ugi szcz\u0119k<\/li>\n<li>P\u0142ynna obs\u0142uga za pomoc\u0105 przycisk\u00f3w steruj\u0105cych<\/li>\n<li>W zestawie znajduje si\u0119 wydajny panel sterowania PLC<\/li>\n<li>Jest przeznaczony do obs\u0142ugi du\u017cych ilo\u015bci<\/li>\n<li>Dzia\u0142a na cz\u0119stotliwo\u015bci 50 Hz<\/li>\n<li>Posiada silnik o mocy 15 koni mechanicznych<\/li>\n<\/ol>","protected":false},"excerpt":{"rendered":"<p>KT-400 Tobacco Cutter to wydajna maszyna firmy HAUNI. Maszyna ta ma d\u0142ug\u0105 list\u0119 zalet technicznych i to s\u0105 powody, dla kt\u00f3rych jest szeroko rozpowszechnionym i lubianym produktem wielu producent\u00f3w papieros\u00f3w.<\/p>","protected":false},"featured_media":28335,"comment_status":"closed","ping_status":"closed","template":"","meta":[],"product_brand":[],"product_cat":[103],"product_tag":[],"class_list":{"0":"post-28347","1":"product","2":"type-product","3":"status-publish","4":"has-post-thumbnail","6":"product_cat-tobacco-machinery","8":"first","9":"instock","10":"shipping-taxable","11":"product-type-simple"},"yoast_head":"<!-- This site is optimized with the Yoast SEO plugin v27.4 - https:\/\/yoast.com\/product\/yoast-seo-wordpress\/ -->\n<title>Hauni Tobacco Cutter KT- 400<\/title>\n<meta name=\"description\" content=\"Hauni Tobacco Cutter KT- 400 | Ready to ship \u2714 - Contact us to get custom quote for your machinery requirements\" \/>\n<meta name=\"robots\" content=\"index, follow, max-snippet:-1, max-image-preview:large, max-video-preview:-1\" \/>\n<link rel=\"canonical\" href=\"https:\/\/cigarettemanufacturingmachinery.com\/pl\/\u043f\u0440\u043e\u0434\u0443\u043a\u0442\/\u043d\u043e\u0436\u0438\u0446\u044f-\u0434\u043b\u044f-\u0442\u044e\u0442\u044e\u043d\u0443-hauni-kt-400\/\" \/>\n<meta property=\"og:locale\" content=\"pl_PL\" \/>\n<meta property=\"og:type\" content=\"article\" \/>\n<meta property=\"og:title\" content=\"Hauni Tobacco Cutter KT- 400\" \/>\n<meta property=\"og:description\" content=\"Hauni Tobacco Cutter KT- 400 | Ready to ship \u2714 - Contact us to get custom quote for your machinery requirements\" \/>\n<meta property=\"og:url\" content=\"https:\/\/cigarettemanufacturingmachinery.com\/pl\/\u043f\u0440\u043e\u0434\u0443\u043a\u0442\/\u043d\u043e\u0436\u0438\u0446\u044f-\u0434\u043b\u044f-\u0442\u044e\u0442\u044e\u043d\u0443-hauni-kt-400\/\" \/>\n<meta property=\"og:site_name\" content=\"Cigarette Manufacturing Machinery\" \/>\n<meta property=\"article:modified_time\" content=\"2024-06-28T06:41:08+00:00\" \/>\n<meta property=\"og:image\" content=\"https:\/\/cigarettemanufacturingmachinery.com\/wp-content\/uploads\/2024\/06\/Hauni-Tobacco-Cutter-KT-400.webp\" \/>\n\t<meta property=\"og:image:width\" content=\"563\" \/>\n\t<meta property=\"og:image:height\" content=\"352\" \/>\n\t<meta property=\"og:image:type\" content=\"image\/webp\" \/>\n<meta name=\"twitter:card\" content=\"summary_large_image\" \/>\n<!-- \/ Yoast SEO plugin. -->","yoast_head_json":{"title":"Krajalnica do tytoniu Hauni KT-400","description":"Hauni Tobacco Cutter KT- 400 | Gotowa do wysy\u0142ki \u2714 - Skontaktuj si\u0119 z nami, aby uzyska\u0107 indywidualn\u0105 wycen\u0119 dla swoich wymaga\u0144 dotycz\u0105cych maszyn","robots":{"index":"index","follow":"follow","max-snippet":"max-snippet:-1","max-image-preview":"max-image-preview:large","max-video-preview":"max-video-preview:-1"},"canonical":"https:\/\/cigarettemanufacturingmachinery.com\/pl\/\u043f\u0440\u043e\u0434\u0443\u043a\u0442\/\u043d\u043e\u0436\u0438\u0446\u044f-\u0434\u043b\u044f-\u0442\u044e\u0442\u044e\u043d\u0443-hauni-kt-400\/","og_locale":"pl_PL","og_type":"article","og_title":"Hauni Tobacco Cutter KT- 400","og_description":"Hauni Tobacco Cutter KT- 400 | Ready to ship \u2714 - Contact us to get custom quote for your machinery requirements","og_url":"https:\/\/cigarettemanufacturingmachinery.com\/pl\/\u043f\u0440\u043e\u0434\u0443\u043a\u0442\/\u043d\u043e\u0436\u0438\u0446\u044f-\u0434\u043b\u044f-\u0442\u044e\u0442\u044e\u043d\u0443-hauni-kt-400\/","og_site_name":"Cigarette Manufacturing Machinery","article_modified_time":"2024-06-28T06:41:08+00:00","og_image":[{"width":563,"height":352,"url":"https:\/\/cigarettemanufacturingmachinery.com\/wp-content\/uploads\/2024\/06\/Hauni-Tobacco-Cutter-KT-400.webp","type":"image\/webp"}],"twitter_card":"summary_large_image","schema":{"@context":"https:\/\/schema.org","@graph":[{"@type":"WebPage","@id":"https:\/\/cigarettemanufacturingmachinery.com\/uk\/\u043f\u0440\u043e\u0434\u0443\u043a\u0442\/\u043d\u043e\u0436\u0438\u0446\u044f-\u0434\u043b\u044f-\u0442\u044e\u0442\u044e\u043d\u0443-hauni-kt-400\/","url":"https:\/\/cigarettemanufacturingmachinery.com\/uk\/\u043f\u0440\u043e\u0434\u0443\u043a\u0442\/\u043d\u043e\u0436\u0438\u0446\u044f-\u0434\u043b\u044f-\u0442\u044e\u0442\u044e\u043d\u0443-hauni-kt-400\/","name":"Krajalnica do tytoniu Hauni KT-400","isPartOf":{"@id":"https:\/\/cigarettemanufacturingmachinery.com\/#website"},"primaryImageOfPage":{"@id":"https:\/\/cigarettemanufacturingmachinery.com\/uk\/\u043f\u0440\u043e\u0434\u0443\u043a\u0442\/\u043d\u043e\u0436\u0438\u0446\u044f-\u0434\u043b\u044f-\u0442\u044e\u0442\u044e\u043d\u0443-hauni-kt-400\/#primaryimage"},"image":{"@id":"https:\/\/cigarettemanufacturingmachinery.com\/uk\/\u043f\u0440\u043e\u0434\u0443\u043a\u0442\/\u043d\u043e\u0436\u0438\u0446\u044f-\u0434\u043b\u044f-\u0442\u044e\u0442\u044e\u043d\u0443-hauni-kt-400\/#primaryimage"},"thumbnailUrl":"https:\/\/cigarettemanufacturingmachinery.com\/wp-content\/uploads\/2024\/06\/Hauni-Tobacco-Cutter-KT-400.webp","datePublished":"2024-06-19T07:29:39+00:00","dateModified":"2024-06-28T06:41:08+00:00","description":"Hauni Tobacco Cutter KT- 400 | Gotowa do wysy\u0142ki \u2714 - Skontaktuj si\u0119 z nami, aby uzyska\u0107 indywidualn\u0105 wycen\u0119 dla swoich wymaga\u0144 dotycz\u0105cych maszyn","breadcrumb":{"@id":"https:\/\/cigarettemanufacturingmachinery.com\/uk\/\u043f\u0440\u043e\u0434\u0443\u043a\u0442\/\u043d\u043e\u0436\u0438\u0446\u044f-\u0434\u043b\u044f-\u0442\u044e\u0442\u044e\u043d\u0443-hauni-kt-400\/#breadcrumb"},"inLanguage":"pl-PL","potentialAction":[{"@type":"ReadAction","target":["https:\/\/cigarettemanufacturingmachinery.com\/uk\/\u043f\u0440\u043e\u0434\u0443\u043a\u0442\/\u043d\u043e\u0436\u0438\u0446\u044f-\u0434\u043b\u044f-\u0442\u044e\u0442\u044e\u043d\u0443-hauni-kt-400\/"]}]},{"@type":"ImageObject","inLanguage":"pl-PL","@id":"https:\/\/cigarettemanufacturingmachinery.com\/uk\/\u043f\u0440\u043e\u0434\u0443\u043a\u0442\/\u043d\u043e\u0436\u0438\u0446\u044f-\u0434\u043b\u044f-\u0442\u044e\u0442\u044e\u043d\u0443-hauni-kt-400\/#primaryimage","url":"https:\/\/cigarettemanufacturingmachinery.com\/wp-content\/uploads\/2024\/06\/Hauni-Tobacco-Cutter-KT-400.webp","contentUrl":"https:\/\/cigarettemanufacturingmachinery.com\/wp-content\/uploads\/2024\/06\/Hauni-Tobacco-Cutter-KT-400.webp","width":563,"height":352,"caption":"Hauni Tobacco Cutter KT- 400"},{"@type":"BreadcrumbList","@id":"https:\/\/cigarettemanufacturingmachinery.com\/uk\/\u043f\u0440\u043e\u0434\u0443\u043a\u0442\/\u043d\u043e\u0436\u0438\u0446\u044f-\u0434\u043b\u044f-\u0442\u044e\u0442\u044e\u043d\u0443-hauni-kt-400\/#breadcrumb","itemListElement":[{"@type":"ListItem","position":1,"name":"Home","item":"https:\/\/cigarettemanufacturingmachinery.com\/"},{"@type":"ListItem","position":2,"name":"\u00dcr\u00fcnler","item":"https:\/\/cigarettemanufacturingmachinery.com\/tr\/shop\/"},{"@type":"ListItem","position":3,"name":"Hauni Tobacco Cutter KT- 400"}]},{"@type":"WebSite","@id":"https:\/\/cigarettemanufacturingmachinery.com\/#website","url":"https:\/\/cigarettemanufacturingmachinery.com\/","name":"Maszyny do produkcji papieros\u00f3w","description":"Dostawcy maszyn do produkcji papieros\u00f3w","potentialAction":[{"@type":"SearchAction","target":{"@type":"EntryPoint","urlTemplate":"https:\/\/cigarettemanufacturingmachinery.com\/?s={search_term_string}"},"query-input":{"@type":"PropertyValueSpecification","valueRequired":true,"valueName":"search_term_string"}}],"inLanguage":"pl-PL"}]}},"_links":{"self":[{"href":"https:\/\/cigarettemanufacturingmachinery.com\/pl\/wp-json\/wp\/v2\/product\/28347","targetHints":{"allow":["GET"]}}],"collection":[{"href":"https:\/\/cigarettemanufacturingmachinery.com\/pl\/wp-json\/wp\/v2\/product"}],"about":[{"href":"https:\/\/cigarettemanufacturingmachinery.com\/pl\/wp-json\/wp\/v2\/types\/product"}],"replies":[{"embeddable":true,"href":"https:\/\/cigarettemanufacturingmachinery.com\/pl\/wp-json\/wp\/v2\/comments?post=28347"}],"version-history":[{"count":2,"href":"https:\/\/cigarettemanufacturingmachinery.com\/pl\/wp-json\/wp\/v2\/product\/28347\/revisions"}],"predecessor-version":[{"id":28518,"href":"https:\/\/cigarettemanufacturingmachinery.com\/pl\/wp-json\/wp\/v2\/product\/28347\/revisions\/28518"}],"wp:featuredmedia":[{"embeddable":true,"href":"https:\/\/cigarettemanufacturingmachinery.com\/pl\/wp-json\/wp\/v2\/media\/28335"}],"wp:attachment":[{"href":"https:\/\/cigarettemanufacturingmachinery.com\/pl\/wp-json\/wp\/v2\/media?parent=28347"}],"wp:term":[{"taxonomy":"product_brand","embeddable":true,"href":"https:\/\/cigarettemanufacturingmachinery.com\/pl\/wp-json\/wp\/v2\/product_brand?post=28347"},{"taxonomy":"product_cat","embeddable":true,"href":"https:\/\/cigarettemanufacturingmachinery.com\/pl\/wp-json\/wp\/v2\/product_cat?post=28347"},{"taxonomy":"product_tag","embeddable":true,"href":"https:\/\/cigarettemanufacturingmachinery.com\/pl\/wp-json\/wp\/v2\/product_tag?post=28347"}],"curies":[{"name":"wp","href":"https:\/\/api.w.org\/{rel}","templated":true}]}}