{"id":28349,"date":"2024-06-19T07:30:53","date_gmt":"2024-06-19T07:30:53","guid":{"rendered":"https:\/\/cigarettemanufacturingmachinery.com\/?post_type=product&#038;p=28349"},"modified":"2024-11-18T17:14:19","modified_gmt":"2024-11-18T17:14:19","slug":"tobacco-stem-flattener","status":"publish","type":"product","link":"https:\/\/cigarettemanufacturingmachinery.com\/pl\/produkt\/splaszczacz-lodyg-tytoniu\/","title":{"rendered":"Sp\u0142aszczacz \u0142odyg tytoniu"},"content":{"rendered":"<p>Oto kilka najwa\u017cniejszych cech sp\u0142aszczacza \u0142odyg tytoniu<\/p>\n<ol>\n<li>Zaprojektowano go w celu zachowania tekstury \u0142odygi podczas sp\u0142aszczania<\/li>\n<li>Zapewnia r\u00f3wnomierne mieszanie z li\u015b\u0107mi tytoniu<\/li>\n<li>Maszyna ta u\u0142atwia obr\u00f3bk\u0119 poprzez sp\u0142aszczanie wa\u0142k\u00f3w<\/li>\n<li>Jego wykorzystanie zwi\u0119ksza produktywno\u015b\u0107 poprzez redukcj\u0119 marnowania li\u015bci<\/li>\n<li>Zapewnia jednolity produkt na kolejne etapy<\/li>\n<\/ol>\n<p>&nbsp;<\/p>","protected":false},"excerpt":{"rendered":"<p>Sp\u0142aszczacz jest specjalnie zaprojektowany do obr\u00f3bki grubszych, twardszych i twardszych cz\u0119\u015bci tytoniu, st\u0105d jego nazwa sp\u0142aszczacz \u0142odyg. Ta maszyna jest u\u017cywana do uczynienia takich twardych cz\u0119\u015bci tytoniu gi\u0119tkimi, aby mo\u017cna je by\u0142o \u0142atwo wykorzysta\u0107 na kolejnych etapach.<\/p>","protected":false},"featured_media":28336,"comment_status":"closed","ping_status":"closed","template":"","meta":[],"product_brand":[],"product_cat":[103],"product_tag":[],"class_list":{"0":"post-28349","1":"product","2":"type-product","3":"status-publish","4":"has-post-thumbnail","6":"product_cat-tobacco-machinery","8":"first","9":"instock","10":"shipping-taxable","11":"product-type-simple"},"yoast_head":"<!-- This site is optimized with the Yoast SEO plugin v27.4 - https:\/\/yoast.com\/product\/yoast-seo-wordpress\/ -->\n<title>Tobacco Stem Flattener<\/title>\n<meta name=\"description\" content=\"Tobacco Stem Flattener | Ready to ship \u2714 - Contact us to get custom quote for your machinery requirements\" \/>\n<meta name=\"robots\" content=\"index, follow, max-snippet:-1, max-image-preview:large, max-video-preview:-1\" \/>\n<link rel=\"canonical\" href=\"https:\/\/cigarettemanufacturingmachinery.com\/pl\/produkt\/splaszczacz-lodyg-tytoniu\/\" \/>\n<meta property=\"og:locale\" content=\"pl_PL\" \/>\n<meta property=\"og:type\" content=\"article\" \/>\n<meta property=\"og:title\" content=\"Tobacco Stem Flattener\" \/>\n<meta property=\"og:description\" content=\"Tobacco Stem Flattener | Ready to ship \u2714 - Contact us to get custom quote for your machinery requirements\" \/>\n<meta property=\"og:url\" content=\"https:\/\/cigarettemanufacturingmachinery.com\/pl\/produkt\/splaszczacz-lodyg-tytoniu\/\" \/>\n<meta property=\"og:site_name\" content=\"Cigarette Manufacturing Machinery\" \/>\n<meta property=\"article:modified_time\" content=\"2024-11-18T17:14:19+00:00\" \/>\n<meta property=\"og:image\" content=\"https:\/\/cigarettemanufacturingmachinery.com\/wp-content\/uploads\/2024\/06\/Tobacco-Stem-Flattener.webp\" \/>\n\t<meta property=\"og:image:width\" content=\"602\" \/>\n\t<meta property=\"og:image:height\" content=\"376\" \/>\n\t<meta property=\"og:image:type\" content=\"image\/webp\" \/>\n<meta name=\"twitter:card\" content=\"summary_large_image\" \/>\n<meta name=\"twitter:label1\" content=\"Szacowany czas czytania\" \/>\n\t<meta name=\"twitter:data1\" content=\"1 minuta\" \/>\n<!-- \/ Yoast SEO plugin. -->","yoast_head_json":{"title":"Sp\u0142aszczacz \u0142odyg tytoniu","description":"Sp\u0142aszczacz \u0142odyg tytoniu | Gotowy do wysy\u0142ki \u2714 - Skontaktuj si\u0119 z nami, aby uzyska\u0107 indywidualn\u0105 wycen\u0119 dla swoich wymaga\u0144 dotycz\u0105cych maszyn","robots":{"index":"index","follow":"follow","max-snippet":"max-snippet:-1","max-image-preview":"max-image-preview:large","max-video-preview":"max-video-preview:-1"},"canonical":"https:\/\/cigarettemanufacturingmachinery.com\/pl\/produkt\/splaszczacz-lodyg-tytoniu\/","og_locale":"pl_PL","og_type":"article","og_title":"Tobacco Stem Flattener","og_description":"Tobacco Stem Flattener | Ready to ship \u2714 - Contact us to get custom quote for your machinery requirements","og_url":"https:\/\/cigarettemanufacturingmachinery.com\/pl\/produkt\/splaszczacz-lodyg-tytoniu\/","og_site_name":"Cigarette Manufacturing Machinery","article_modified_time":"2024-11-18T17:14:19+00:00","og_image":[{"width":602,"height":376,"url":"https:\/\/cigarettemanufacturingmachinery.com\/wp-content\/uploads\/2024\/06\/Tobacco-Stem-Flattener.webp","type":"image\/webp"}],"twitter_card":"summary_large_image","twitter_misc":{"Szacowany czas czytania":"1 minuta"},"schema":{"@context":"https:\/\/schema.org","@graph":[{"@type":"WebPage","@id":"https:\/\/cigarettemanufacturingmachinery.com\/pl\/produkt\/splaszczacz-lodyg-tytoniu\/","url":"https:\/\/cigarettemanufacturingmachinery.com\/pl\/produkt\/splaszczacz-lodyg-tytoniu\/","name":"Sp\u0142aszczacz \u0142odyg tytoniu","isPartOf":{"@id":"https:\/\/cigarettemanufacturingmachinery.com\/#website"},"primaryImageOfPage":{"@id":"https:\/\/cigarettemanufacturingmachinery.com\/pl\/produkt\/splaszczacz-lodyg-tytoniu\/#primaryimage"},"image":{"@id":"https:\/\/cigarettemanufacturingmachinery.com\/pl\/produkt\/splaszczacz-lodyg-tytoniu\/#primaryimage"},"thumbnailUrl":"https:\/\/cigarettemanufacturingmachinery.com\/wp-content\/uploads\/2024\/06\/Tobacco-Stem-Flattener.webp","datePublished":"2024-06-19T07:30:53+00:00","dateModified":"2024-11-18T17:14:19+00:00","description":"Sp\u0142aszczacz \u0142odyg tytoniu | Gotowy do wysy\u0142ki \u2714 - Skontaktuj si\u0119 z nami, aby uzyska\u0107 indywidualn\u0105 wycen\u0119 dla swoich wymaga\u0144 dotycz\u0105cych maszyn","breadcrumb":{"@id":"https:\/\/cigarettemanufacturingmachinery.com\/pl\/produkt\/splaszczacz-lodyg-tytoniu\/#breadcrumb"},"inLanguage":"pl-PL","potentialAction":[{"@type":"ReadAction","target":["https:\/\/cigarettemanufacturingmachinery.com\/pl\/produkt\/splaszczacz-lodyg-tytoniu\/"]}]},{"@type":"ImageObject","inLanguage":"pl-PL","@id":"https:\/\/cigarettemanufacturingmachinery.com\/pl\/produkt\/splaszczacz-lodyg-tytoniu\/#primaryimage","url":"https:\/\/cigarettemanufacturingmachinery.com\/wp-content\/uploads\/2024\/06\/Tobacco-Stem-Flattener.webp","contentUrl":"https:\/\/cigarettemanufacturingmachinery.com\/wp-content\/uploads\/2024\/06\/Tobacco-Stem-Flattener.webp","width":602,"height":376,"caption":"Tobacco Stem Flattener"},{"@type":"BreadcrumbList","@id":"https:\/\/cigarettemanufacturingmachinery.com\/pl\/produkt\/splaszczacz-lodyg-tytoniu\/#breadcrumb","itemListElement":[{"@type":"ListItem","position":1,"name":"Home","item":"https:\/\/cigarettemanufacturingmachinery.com\/"},{"@type":"ListItem","position":2,"name":"\u00dcr\u00fcnler","item":"https:\/\/cigarettemanufacturingmachinery.com\/tr\/shop\/"},{"@type":"ListItem","position":3,"name":"Tobacco Stem Flattener"}]},{"@type":"WebSite","@id":"https:\/\/cigarettemanufacturingmachinery.com\/#website","url":"https:\/\/cigarettemanufacturingmachinery.com\/","name":"Maszyny do produkcji papieros\u00f3w","description":"Dostawcy maszyn do produkcji papieros\u00f3w","potentialAction":[{"@type":"SearchAction","target":{"@type":"EntryPoint","urlTemplate":"https:\/\/cigarettemanufacturingmachinery.com\/?s={search_term_string}"},"query-input":{"@type":"PropertyValueSpecification","valueRequired":true,"valueName":"search_term_string"}}],"inLanguage":"pl-PL"}]}},"_links":{"self":[{"href":"https:\/\/cigarettemanufacturingmachinery.com\/pl\/wp-json\/wp\/v2\/product\/28349","targetHints":{"allow":["GET"]}}],"collection":[{"href":"https:\/\/cigarettemanufacturingmachinery.com\/pl\/wp-json\/wp\/v2\/product"}],"about":[{"href":"https:\/\/cigarettemanufacturingmachinery.com\/pl\/wp-json\/wp\/v2\/types\/product"}],"replies":[{"embeddable":true,"href":"https:\/\/cigarettemanufacturingmachinery.com\/pl\/wp-json\/wp\/v2\/comments?post=28349"}],"version-history":[{"count":2,"href":"https:\/\/cigarettemanufacturingmachinery.com\/pl\/wp-json\/wp\/v2\/product\/28349\/revisions"}],"predecessor-version":[{"id":28519,"href":"https:\/\/cigarettemanufacturingmachinery.com\/pl\/wp-json\/wp\/v2\/product\/28349\/revisions\/28519"}],"wp:featuredmedia":[{"embeddable":true,"href":"https:\/\/cigarettemanufacturingmachinery.com\/pl\/wp-json\/wp\/v2\/media\/28336"}],"wp:attachment":[{"href":"https:\/\/cigarettemanufacturingmachinery.com\/pl\/wp-json\/wp\/v2\/media?parent=28349"}],"wp:term":[{"taxonomy":"product_brand","embeddable":true,"href":"https:\/\/cigarettemanufacturingmachinery.com\/pl\/wp-json\/wp\/v2\/product_brand?post=28349"},{"taxonomy":"product_cat","embeddable":true,"href":"https:\/\/cigarettemanufacturingmachinery.com\/pl\/wp-json\/wp\/v2\/product_cat?post=28349"},{"taxonomy":"product_tag","embeddable":true,"href":"https:\/\/cigarettemanufacturingmachinery.com\/pl\/wp-json\/wp\/v2\/product_tag?post=28349"}],"curies":[{"name":"wp","href":"https:\/\/api.w.org\/{rel}","templated":true}]}}