{"id":28903,"date":"2024-12-21T12:47:45","date_gmt":"2024-12-21T12:47:45","guid":{"rendered":"https:\/\/cigarettemanufacturingmachinery.com\/?post_type=product&#038;p=28903"},"modified":"2026-03-03T08:56:25","modified_gmt":"2026-03-03T08:56:25","slug":"hauni-protos-spare-parts","status":"publish","type":"product","link":"https:\/\/cigarettemanufacturingmachinery.com\/pl\/produkt\/czesci-zamienne-do-protosow-hauni\/","title":{"rendered":"Cz\u0119\u015bci zamienne Hauni Protos"},"content":{"rendered":"<h2>Producent cz\u0119\u015bci zamiennych Hauni PROTOS<\/h2>\n<p>Zwi\u0119ksz niezawodno\u015b\u0107 i \u017cywotno\u015b\u0107 swoich maszyn do produkcji papieros\u00f3w dzi\u0119ki naszym wysokiej jako\u015bci cz\u0119\u015bciom zamiennym Hauni Protos. Znane ze swojej wyj\u0105tkowej wydajno\u015bci, maszyny Hauni Protos stanowi\u0105 fundament przemys\u0142u tytoniowego, a utrzymanie ich funkcjonalno\u015bci wymaga wysokiej jako\u015bci cz\u0119\u015bci zamiennych.<\/p>\n<p>W naszym asortymencie posiadamy szerok\u0105 gam\u0119 cz\u0119\u015bci zamiennych PROTOS, od<strong> od ta\u015bm monta\u017cowych i wa\u0142k\u00f3w ss\u0105cych po no\u017ce tn\u0105ce i dysze klejowe.<\/strong> Ka\u017cda cz\u0119\u015b\u0107 zosta\u0142a zaprojektowana tak, aby zapewni\u0107 precyzj\u0119 i kompatybilno\u015b\u0107, dzi\u0119ki czemu Twoje maszyny Hauni Protos b\u0119d\u0105 dzia\u0142a\u0107 z maksymaln\u0105 wydajno\u015bci\u0105. <strong><a href=\"https:\/\/api.whatsapp.com\/send?phone=971557861010\">Napisz do nas na WhatsApp: +971 55 786 1010<\/a><\/strong><\/p>\n<h2>G\u0142\u00f3wne cechy naszych cz\u0119\u015bci zamiennych Protos:<\/h2>\n<ul>\n<li>Idealne dopasowanie: Zaprojektowane z precyzj\u0105, aby pasowa\u0107 do modeli Hauni Protos 70, 80 i 90.<\/li>\n<li>Wysoka trwa\u0142o\u015b\u0107: Wykonane z materia\u0142\u00f3w najwy\u017cszej jako\u015bci, zapewniaj\u0105cych d\u0142u\u017csz\u0105 odporno\u015b\u0107 na zu\u017cycie.<\/li>\n<li>Wi\u0119ksza wydajno\u015b\u0107: Pomaga zminimalizowa\u0107 przestoje i utrzyma\u0107 p\u0142ynno\u015b\u0107 operacji produkcyjnych.<\/li>\n<\/ul>\n<p>Niezale\u017cnie od tego, czy potrzebujesz cz\u0119\u015bci zamiennych do rutynowej konserwacji, czy do nag\u0142ych napraw, nasze cz\u0119\u015bci zamienne Hauni Protos gwarantuj\u0105, \u017ce Twoje linie produkcyjne b\u0119d\u0105 dzia\u0142a\u0107 sprawnie i wydajnie.<\/p>\n<p>Skontaktuj si\u0119 z nami ju\u017c dzi\u015b, aby dowiedzie\u0107 si\u0119 wi\u0119cej o naszym asortymencie lub z\u0142o\u017cy\u0107 zam\u00f3wienie na najwy\u017cszej jako\u015bci cz\u0119\u015bci Hauni Protos w konkurencyjnych cenach!<\/p>","protected":false},"excerpt":{"rendered":"<p>Dostarczamy wysokiej jako\u015bci cz\u0119\u015bci zamienne Hauni Protos, zaprojektowane z my\u015bl\u0105 o utrzymaniu wydajno\u015bci i efektywno\u015bci maszyn do produkcji papieros\u00f3w. Nasza oferta cz\u0119\u015bci zamiennych PROTOS zosta\u0142a zaprojektowana z my\u015bl\u0105 o trwa\u0142o\u015bci i precyzji, aby sprosta\u0107 Pa\u0144stwa potrzebom produkcyjnym.<\/p>","protected":false},"featured_media":28904,"comment_status":"closed","ping_status":"closed","template":"","meta":[],"product_brand":[],"product_cat":[221],"product_tag":[],"class_list":{"0":"post-28903","1":"product","2":"type-product","3":"status-publish","4":"has-post-thumbnail","6":"product_cat-spare-parts","8":"first","9":"instock","10":"shipping-taxable","11":"product-type-simple"},"yoast_head":"<!-- This site is optimized with the Yoast SEO plugin v27.4 - https:\/\/yoast.com\/product\/yoast-seo-wordpress\/ -->\n<title>Hauni PROTOS Spare Parts Suppliers - Order Now!<\/title>\n<meta name=\"description\" content=\"Get Hauni Protos Spare Parts - Our inventory Have: garniture tapes and suction rollers to cutting knives and glue nozzles. PROTOS 70 \/ PROTOS 80\" \/>\n<meta name=\"robots\" content=\"index, follow, max-snippet:-1, max-image-preview:large, max-video-preview:-1\" \/>\n<link rel=\"canonical\" href=\"https:\/\/cigarettemanufacturingmachinery.com\/pl\/produkt\/czesci-zamienne-do-protosow-hauni\/\" \/>\n<meta property=\"og:locale\" content=\"pl_PL\" \/>\n<meta property=\"og:type\" content=\"article\" \/>\n<meta property=\"og:title\" content=\"Hauni PROTOS Spare Parts Suppliers - Order Now!\" \/>\n<meta property=\"og:description\" content=\"Get Hauni Protos Spare Parts - Our inventory Have: garniture tapes and suction rollers to cutting knives and glue nozzles. PROTOS 70 \/ PROTOS 80\" \/>\n<meta property=\"og:url\" content=\"https:\/\/cigarettemanufacturingmachinery.com\/pl\/produkt\/czesci-zamienne-do-protosow-hauni\/\" \/>\n<meta property=\"og:site_name\" content=\"Cigarette Manufacturing Machinery\" \/>\n<meta property=\"article:modified_time\" content=\"2026-03-03T08:56:25+00:00\" \/>\n<meta property=\"og:image\" content=\"https:\/\/cigarettemanufacturingmachinery.com\/wp-content\/uploads\/2024\/12\/Spare-1.webp\" \/>\n\t<meta property=\"og:image:width\" content=\"1700\" \/>\n\t<meta property=\"og:image:height\" content=\"956\" \/>\n\t<meta property=\"og:image:type\" content=\"image\/webp\" \/>\n<meta name=\"twitter:card\" content=\"summary_large_image\" \/>\n<meta name=\"twitter:label1\" content=\"Szacowany czas czytania\" \/>\n\t<meta name=\"twitter:data1\" content=\"1 minuta\" \/>\n<!-- \/ Yoast SEO plugin. -->","yoast_head_json":{"title":"Dostawcy cz\u0119\u015bci zamiennych Hauni PROTOS \u2014 zam\u00f3w ju\u017c teraz!","description":"Kup cz\u0119\u015bci zamienne do Hauni Protos \u2013 w naszym asortymencie znajdziesz: ta\u015bmy monta\u017cowe, rolki ss\u0105ce, no\u017ce tn\u0105ce i dysze klejowe. PROTOS 70 \/ PROTOS 80","robots":{"index":"index","follow":"follow","max-snippet":"max-snippet:-1","max-image-preview":"max-image-preview:large","max-video-preview":"max-video-preview:-1"},"canonical":"https:\/\/cigarettemanufacturingmachinery.com\/pl\/produkt\/czesci-zamienne-do-protosow-hauni\/","og_locale":"pl_PL","og_type":"article","og_title":"Hauni PROTOS Spare Parts Suppliers - Order Now!","og_description":"Get Hauni Protos Spare Parts - Our inventory Have: garniture tapes and suction rollers to cutting knives and glue nozzles. PROTOS 70 \/ PROTOS 80","og_url":"https:\/\/cigarettemanufacturingmachinery.com\/pl\/produkt\/czesci-zamienne-do-protosow-hauni\/","og_site_name":"Cigarette Manufacturing Machinery","article_modified_time":"2026-03-03T08:56:25+00:00","og_image":[{"width":1700,"height":956,"url":"https:\/\/cigarettemanufacturingmachinery.com\/wp-content\/uploads\/2024\/12\/Spare-1.webp","type":"image\/webp"}],"twitter_card":"summary_large_image","twitter_misc":{"Szacowany czas czytania":"1 minuta"},"schema":{"@context":"https:\/\/schema.org","@graph":[{"@type":"WebPage","@id":"https:\/\/cigarettemanufacturingmachinery.com\/product\/hauni-protos-spare-parts\/","url":"https:\/\/cigarettemanufacturingmachinery.com\/product\/hauni-protos-spare-parts\/","name":"Dostawcy cz\u0119\u015bci zamiennych Hauni PROTOS \u2014 zam\u00f3w ju\u017c teraz!","isPartOf":{"@id":"https:\/\/cigarettemanufacturingmachinery.com\/#website"},"primaryImageOfPage":{"@id":"https:\/\/cigarettemanufacturingmachinery.com\/product\/hauni-protos-spare-parts\/#primaryimage"},"image":{"@id":"https:\/\/cigarettemanufacturingmachinery.com\/product\/hauni-protos-spare-parts\/#primaryimage"},"thumbnailUrl":"https:\/\/cigarettemanufacturingmachinery.com\/wp-content\/uploads\/2024\/12\/Spare-1.webp","datePublished":"2024-12-21T12:47:45+00:00","dateModified":"2026-03-03T08:56:25+00:00","description":"Kup cz\u0119\u015bci zamienne do Hauni Protos \u2013 w naszym asortymencie znajdziesz: ta\u015bmy monta\u017cowe, rolki ss\u0105ce, no\u017ce tn\u0105ce i dysze klejowe. PROTOS 70 \/ PROTOS 80","breadcrumb":{"@id":"https:\/\/cigarettemanufacturingmachinery.com\/product\/hauni-protos-spare-parts\/#breadcrumb"},"inLanguage":"pl-PL","potentialAction":[{"@type":"ReadAction","target":["https:\/\/cigarettemanufacturingmachinery.com\/product\/hauni-protos-spare-parts\/"]}]},{"@type":"ImageObject","inLanguage":"pl-PL","@id":"https:\/\/cigarettemanufacturingmachinery.com\/product\/hauni-protos-spare-parts\/#primaryimage","url":"https:\/\/cigarettemanufacturingmachinery.com\/wp-content\/uploads\/2024\/12\/Spare-1.webp","contentUrl":"https:\/\/cigarettemanufacturingmachinery.com\/wp-content\/uploads\/2024\/12\/Spare-1.webp","width":1700,"height":956,"caption":"Hauni Protos Spare Parts"},{"@type":"BreadcrumbList","@id":"https:\/\/cigarettemanufacturingmachinery.com\/product\/hauni-protos-spare-parts\/#breadcrumb","itemListElement":[{"@type":"ListItem","position":1,"name":"Home","item":"https:\/\/cigarettemanufacturingmachinery.com\/"},{"@type":"ListItem","position":2,"name":"\u00dcr\u00fcnler","item":"https:\/\/cigarettemanufacturingmachinery.com\/tr\/shop\/"},{"@type":"ListItem","position":3,"name":"Hauni Protos Spare Parts"}]},{"@type":"WebSite","@id":"https:\/\/cigarettemanufacturingmachinery.com\/#website","url":"https:\/\/cigarettemanufacturingmachinery.com\/","name":"Maszyny do produkcji papieros\u00f3w","description":"Dostawcy maszyn do produkcji papieros\u00f3w","potentialAction":[{"@type":"SearchAction","target":{"@type":"EntryPoint","urlTemplate":"https:\/\/cigarettemanufacturingmachinery.com\/?s={search_term_string}"},"query-input":{"@type":"PropertyValueSpecification","valueRequired":true,"valueName":"search_term_string"}}],"inLanguage":"pl-PL"}]}},"_links":{"self":[{"href":"https:\/\/cigarettemanufacturingmachinery.com\/pl\/wp-json\/wp\/v2\/product\/28903","targetHints":{"allow":["GET"]}}],"collection":[{"href":"https:\/\/cigarettemanufacturingmachinery.com\/pl\/wp-json\/wp\/v2\/product"}],"about":[{"href":"https:\/\/cigarettemanufacturingmachinery.com\/pl\/wp-json\/wp\/v2\/types\/product"}],"replies":[{"embeddable":true,"href":"https:\/\/cigarettemanufacturingmachinery.com\/pl\/wp-json\/wp\/v2\/comments?post=28903"}],"version-history":[{"count":3,"href":"https:\/\/cigarettemanufacturingmachinery.com\/pl\/wp-json\/wp\/v2\/product\/28903\/revisions"}],"predecessor-version":[{"id":29208,"href":"https:\/\/cigarettemanufacturingmachinery.com\/pl\/wp-json\/wp\/v2\/product\/28903\/revisions\/29208"}],"wp:featuredmedia":[{"embeddable":true,"href":"https:\/\/cigarettemanufacturingmachinery.com\/pl\/wp-json\/wp\/v2\/media\/28904"}],"wp:attachment":[{"href":"https:\/\/cigarettemanufacturingmachinery.com\/pl\/wp-json\/wp\/v2\/media?parent=28903"}],"wp:term":[{"taxonomy":"product_brand","embeddable":true,"href":"https:\/\/cigarettemanufacturingmachinery.com\/pl\/wp-json\/wp\/v2\/product_brand?post=28903"},{"taxonomy":"product_cat","embeddable":true,"href":"https:\/\/cigarettemanufacturingmachinery.com\/pl\/wp-json\/wp\/v2\/product_cat?post=28903"},{"taxonomy":"product_tag","embeddable":true,"href":"https:\/\/cigarettemanufacturingmachinery.com\/pl\/wp-json\/wp\/v2\/product_tag?post=28903"}],"curies":[{"name":"wp","href":"https:\/\/api.w.org\/{rel}","templated":true}]}}