{"id":28221,"date":"2024-06-07T11:49:46","date_gmt":"2024-06-07T11:49:46","guid":{"rendered":"https:\/\/cigarettemanufacturingmachinery.com\/?post_type=product&#038;p=28221"},"modified":"2024-06-25T07:05:18","modified_gmt":"2024-06-25T07:05:18","slug":"protos-80er-cigarette-making-machine","status":"publish","type":"product","link":"https:\/\/cigarettemanufacturingmachinery.com\/tr\/urun\/protos-80er-sigara-yapma-makinesi\/","title":{"rendered":"Protos 80ER \u2013 Sigara Yapma Makinesi"},"content":{"rendered":"<p>Protos 80ER i\u00e7in baz\u0131 \u00f6nemli noktalar \u015funlard\u0131r<\/p>\n<ol>\n<li>Y\u00fcksek \u00fcretim kapasitesi dakikada 8.000 sigara (Normal Dia) ve dakikada 7.000 sigara (\u0130nce ve S\u00fcper \u0130nce)<\/li>\n<li>Makine 17 mm ile 28,3 mm aras\u0131ndaki sigara \u00e7evre aral\u0131\u011f\u0131n\u0131 kapsar<\/li>\n<li>65mm ile 110mm aras\u0131ndaki sigara uzunluklar\u0131n\u0131 i\u015fleyebilir<\/li>\n<li>5,4 mm ile 8 mm aras\u0131ndaki sigara \u00e7aplar\u0131n\u0131 destekler<\/li>\n<li>98%&#039;ye g\u00f6re y\u00fcksek operasyonel verimlilik oran\u0131<\/li>\n<li>SIEMENS IPC veya BECKHOFF IPC PLC Kontrol Sistemi ile birlikte gelir<\/li>\n<li>A\u011f\u0131rl\u0131\u011f\u0131 10.800 kg olup en uzun kenar\u0131 3500 mm&#039;dir<\/li>\n<li>Makine \u00fcnitesi S7000 Sigara \u00c7ubu\u011fu \u00dcreticisi, M8000 Filtre Ucu Ata\u015fman\u0131 ve F80 Otomatik Tepsi Dolum Makinesini i\u00e7erir<\/li>\n<li>Makinenin g\u00fcc\u00fc S7000 yakla\u015f\u0131k 50KW, M8000 yakla\u015f\u0131k 20KW ve F80 yakla\u015f\u0131k 15KW olarak b\u00f6l\u00fcnm\u00fc\u015ft\u00fcr.<\/li>\n<\/ol>","protected":false},"excerpt":{"rendered":"<p>HAUNI&#039;nin d\u00fcnya genelinde y\u00fczlerce adet satm\u0131\u015f olmas\u0131 ve bir\u00e7ok sigara \u00fcreticisinin Protos 80ER Sigara Yapma Makinelerini kullanmas\u0131, m\u00fc\u015fterilerinden ald\u0131\u011f\u0131 g\u00fc\u00e7l\u00fc olumlu geri bildirimler sayesinde bu makinenin g\u00fcvenilirli\u011fini kan\u0131tl\u0131yor.<\/p>","protected":false},"featured_media":28187,"comment_status":"closed","ping_status":"closed","template":"","meta":[],"product_brand":[],"product_cat":[101],"product_tag":[],"class_list":{"0":"post-28221","1":"product","2":"type-product","3":"status-publish","4":"has-post-thumbnail","6":"product_cat-cigarette-manufacturing","8":"first","9":"instock","10":"shipping-taxable","11":"product-type-simple"},"yoast_head":"<!-- This site is optimized with the Yoast SEO plugin v27.4 - https:\/\/yoast.com\/product\/yoast-seo-wordpress\/ -->\n<title>Protos 80ER - Cigarette Making Machine<\/title>\n<meta name=\"description\" content=\"Protos 80ER - Cigarette Making Machine | Ready to ship \u2714 - Contact us to get custom quote for your machinery requirements\" \/>\n<meta name=\"robots\" content=\"index, follow, max-snippet:-1, max-image-preview:large, max-video-preview:-1\" \/>\n<link rel=\"canonical\" href=\"https:\/\/cigarettemanufacturingmachinery.com\/tr\/urun\/protos-80er-sigara-yapma-makinesi\/\" \/>\n<meta property=\"og:locale\" content=\"tr_TR\" \/>\n<meta property=\"og:type\" content=\"article\" \/>\n<meta property=\"og:title\" content=\"Protos 80ER - Cigarette Making Machine\" \/>\n<meta property=\"og:description\" content=\"Protos 80ER - Cigarette Making Machine | Ready to ship \u2714 - Contact us to get custom quote for your machinery requirements\" \/>\n<meta property=\"og:url\" content=\"https:\/\/cigarettemanufacturingmachinery.com\/tr\/urun\/protos-80er-sigara-yapma-makinesi\/\" \/>\n<meta property=\"og:site_name\" content=\"Cigarette Manufacturing Machinery\" \/>\n<meta property=\"article:modified_time\" content=\"2024-06-25T07:05:18+00:00\" \/>\n<meta property=\"og:image\" content=\"https:\/\/cigarettemanufacturingmachinery.com\/wp-content\/uploads\/2024\/06\/Protos-80er.webp\" \/>\n\t<meta property=\"og:image:width\" content=\"768\" \/>\n\t<meta property=\"og:image:height\" content=\"512\" \/>\n\t<meta property=\"og:image:type\" content=\"image\/webp\" \/>\n<meta name=\"twitter:card\" content=\"summary_large_image\" \/>\n<meta name=\"twitter:label1\" content=\"Tahmini okuma s\u00fcresi\" \/>\n\t<meta name=\"twitter:data1\" content=\"1 dakika\" \/>\n<!-- \/ Yoast SEO plugin. -->","yoast_head_json":{"title":"Protos 80ER - Sigara Yapma Makinesi","description":"Protos 80ER - Sigara Yapma Makinesi | G\u00f6nderime haz\u0131r \u2714 - Makine gereksinimleriniz i\u00e7in \u00f6zel fiyat teklifi almak \u00fczere bizimle ileti\u015fime ge\u00e7in","robots":{"index":"index","follow":"follow","max-snippet":"max-snippet:-1","max-image-preview":"max-image-preview:large","max-video-preview":"max-video-preview:-1"},"canonical":"https:\/\/cigarettemanufacturingmachinery.com\/tr\/urun\/protos-80er-sigara-yapma-makinesi\/","og_locale":"tr_TR","og_type":"article","og_title":"Protos 80ER - Cigarette Making Machine","og_description":"Protos 80ER - Cigarette Making Machine | Ready to ship \u2714 - Contact us to get custom quote for your machinery requirements","og_url":"https:\/\/cigarettemanufacturingmachinery.com\/tr\/urun\/protos-80er-sigara-yapma-makinesi\/","og_site_name":"Cigarette Manufacturing Machinery","article_modified_time":"2024-06-25T07:05:18+00:00","og_image":[{"width":768,"height":512,"url":"https:\/\/cigarettemanufacturingmachinery.com\/wp-content\/uploads\/2024\/06\/Protos-80er.webp","type":"image\/webp"}],"twitter_card":"summary_large_image","twitter_misc":{"Tahmini okuma s\u00fcresi":"1 dakika"},"schema":{"@context":"https:\/\/schema.org","@graph":[{"@type":"WebPage","@id":"https:\/\/cigarettemanufacturingmachinery.com\/product\/protos-80er-cigarette-making-machine\/","url":"https:\/\/cigarettemanufacturingmachinery.com\/product\/protos-80er-cigarette-making-machine\/","name":"Protos 80ER - Sigara Yapma Makinesi","isPartOf":{"@id":"https:\/\/cigarettemanufacturingmachinery.com\/#website"},"primaryImageOfPage":{"@id":"https:\/\/cigarettemanufacturingmachinery.com\/product\/protos-80er-cigarette-making-machine\/#primaryimage"},"image":{"@id":"https:\/\/cigarettemanufacturingmachinery.com\/product\/protos-80er-cigarette-making-machine\/#primaryimage"},"thumbnailUrl":"https:\/\/cigarettemanufacturingmachinery.com\/wp-content\/uploads\/2024\/06\/Protos-80er.webp","datePublished":"2024-06-07T11:49:46+00:00","dateModified":"2024-06-25T07:05:18+00:00","description":"Protos 80ER - Sigara Yapma Makinesi | G\u00f6nderime haz\u0131r \u2714 - Makine gereksinimleriniz i\u00e7in \u00f6zel fiyat teklifi almak \u00fczere bizimle ileti\u015fime ge\u00e7in","breadcrumb":{"@id":"https:\/\/cigarettemanufacturingmachinery.com\/product\/protos-80er-cigarette-making-machine\/#breadcrumb"},"inLanguage":"tr","potentialAction":[{"@type":"ReadAction","target":["https:\/\/cigarettemanufacturingmachinery.com\/product\/protos-80er-cigarette-making-machine\/"]}]},{"@type":"ImageObject","inLanguage":"tr","@id":"https:\/\/cigarettemanufacturingmachinery.com\/product\/protos-80er-cigarette-making-machine\/#primaryimage","url":"https:\/\/cigarettemanufacturingmachinery.com\/wp-content\/uploads\/2024\/06\/Protos-80er.webp","contentUrl":"https:\/\/cigarettemanufacturingmachinery.com\/wp-content\/uploads\/2024\/06\/Protos-80er.webp","width":768,"height":512,"caption":"Protos 80er cigarette making machine"},{"@type":"BreadcrumbList","@id":"https:\/\/cigarettemanufacturingmachinery.com\/product\/protos-80er-cigarette-making-machine\/#breadcrumb","itemListElement":[{"@type":"ListItem","position":1,"name":"Home","item":"https:\/\/cigarettemanufacturingmachinery.com\/"},{"@type":"ListItem","position":2,"name":"\u00dcr\u00fcnler","item":"https:\/\/cigarettemanufacturingmachinery.com\/tr\/shop\/"},{"@type":"ListItem","position":3,"name":"Protos 80ER &#8211; Cigarette Making Machine"}]},{"@type":"WebSite","@id":"https:\/\/cigarettemanufacturingmachinery.com\/#website","url":"https:\/\/cigarettemanufacturingmachinery.com\/","name":"Sigara \u00dcretim Makinalar\u0131","description":"Sigara Yapma Makinesi Tedarik\u00e7ileri","potentialAction":[{"@type":"SearchAction","target":{"@type":"EntryPoint","urlTemplate":"https:\/\/cigarettemanufacturingmachinery.com\/?s={search_term_string}"},"query-input":{"@type":"PropertyValueSpecification","valueRequired":true,"valueName":"search_term_string"}}],"inLanguage":"tr"}]}},"_links":{"self":[{"href":"https:\/\/cigarettemanufacturingmachinery.com\/tr\/wp-json\/wp\/v2\/product\/28221","targetHints":{"allow":["GET"]}}],"collection":[{"href":"https:\/\/cigarettemanufacturingmachinery.com\/tr\/wp-json\/wp\/v2\/product"}],"about":[{"href":"https:\/\/cigarettemanufacturingmachinery.com\/tr\/wp-json\/wp\/v2\/types\/product"}],"replies":[{"embeddable":true,"href":"https:\/\/cigarettemanufacturingmachinery.com\/tr\/wp-json\/wp\/v2\/comments?post=28221"}],"version-history":[{"count":2,"href":"https:\/\/cigarettemanufacturingmachinery.com\/tr\/wp-json\/wp\/v2\/product\/28221\/revisions"}],"predecessor-version":[{"id":28412,"href":"https:\/\/cigarettemanufacturingmachinery.com\/tr\/wp-json\/wp\/v2\/product\/28221\/revisions\/28412"}],"wp:featuredmedia":[{"embeddable":true,"href":"https:\/\/cigarettemanufacturingmachinery.com\/tr\/wp-json\/wp\/v2\/media\/28187"}],"wp:attachment":[{"href":"https:\/\/cigarettemanufacturingmachinery.com\/tr\/wp-json\/wp\/v2\/media?parent=28221"}],"wp:term":[{"taxonomy":"product_brand","embeddable":true,"href":"https:\/\/cigarettemanufacturingmachinery.com\/tr\/wp-json\/wp\/v2\/product_brand?post=28221"},{"taxonomy":"product_cat","embeddable":true,"href":"https:\/\/cigarettemanufacturingmachinery.com\/tr\/wp-json\/wp\/v2\/product_cat?post=28221"},{"taxonomy":"product_tag","embeddable":true,"href":"https:\/\/cigarettemanufacturingmachinery.com\/tr\/wp-json\/wp\/v2\/product_tag?post=28221"}],"curies":[{"name":"wp","href":"https:\/\/api.w.org\/{rel}","templated":true}]}}