{"id":28223,"date":"2024-06-07T11:52:43","date_gmt":"2024-06-07T11:52:43","guid":{"rendered":"https:\/\/cigarettemanufacturingmachinery.com\/?post_type=product&#038;p=28223"},"modified":"2024-06-25T07:07:29","modified_gmt":"2024-06-25T07:07:29","slug":"protos-70-cigarette-making-machine","status":"publish","type":"product","link":"https:\/\/cigarettemanufacturingmachinery.com\/tr\/urun\/protos-70-sigara-yapma-makinesi\/","title":{"rendered":"Protos 70 \u2013 Sigara Yapma Makinesi"},"content":{"rendered":"<p>Protos 70 i\u00e7in baz\u0131 \u00f6nemli noktalar \u015funlard\u0131r<\/p>\n<ol>\n<li>Dakikada 7.000 sigara (Regular Dia) ve dakikada 6.000 sigara (Slim &amp; Super Slim) y\u00fcksek h\u0131zl\u0131 \u00fcretim kapasitesi<\/li>\n<li>17 mm ile 28,3 mm aras\u0131ndaki sigara \u00e7evre aral\u0131\u011f\u0131n\u0131 kapsar<\/li>\n<li>Bu makine 5,4 mm ile 8 mm aras\u0131ndaki sigara \u00e7aplar\u0131yla uyumludur<\/li>\n<li>65mm&#039;den 110mm&#039;ye kadar sigara uzunlu\u011funa (filtre + t\u00fct\u00fcn \u00e7ubu\u011fu uzunlu\u011fu) uygundur<\/li>\n<li>97% y\u00fcksek verimlili\u011fe sahiptir<\/li>\n<li>SIEMENS IPC veya BECKHOFF IPC PLC kontrol sistemi ile donat\u0131lm\u0131\u015ft\u0131r<\/li>\n<li>Makine \u00dcnitesi S7000 Sigara \u00c7ubu\u011fu \u00dcreticisi, M8000 Filtre Ucu Ata\u015fman\u0131 ve F80 Otomatik Tepsi Dolum Makinesini i\u00e7erir<\/li>\n<li>G\u00fcc\u00fc S7000 \/ 50KW, M8000 \/ 20KW ve F80\/15KW olarak ayr\u0131lm\u0131\u015ft\u0131r.<\/li>\n<li>Toplam a\u011f\u0131rl\u0131\u011f\u0131 10.800 kg olup en uzun uzunlu\u011fu 3000 mm&#039;dir.<\/li>\n<\/ol>\n<p>&nbsp;<\/p>","protected":false},"excerpt":{"rendered":"<p>Y\u00fcksek i\u015fletme verimlili\u011fi ve Kuzey Amerika, Avrupa, Asya ve G\u00fcney Amerika&#039;da yayg\u0131n kullan\u0131m\u0131 ile HAUNI Protos 70, t\u00fct\u00fcn \u015firketleri taraf\u0131ndan kabul g\u00f6ren verimli bir sigara \u00fcretim makinesidir.<\/p>","protected":false},"featured_media":28191,"comment_status":"closed","ping_status":"closed","template":"","meta":[],"product_brand":[],"product_cat":[101],"product_tag":[],"class_list":{"0":"post-28223","1":"product","2":"type-product","3":"status-publish","4":"has-post-thumbnail","6":"product_cat-cigarette-manufacturing","8":"first","9":"instock","10":"shipping-taxable","11":"product-type-simple"},"yoast_head":"<!-- This site is optimized with the Yoast SEO plugin v27.4 - https:\/\/yoast.com\/product\/yoast-seo-wordpress\/ -->\n<title>Protos 70 - Cigarette Making Machine<\/title>\n<meta name=\"description\" content=\"Protos 70 - Cigarette Making Machine | Ready to ship \u2714 - Contact us to get custom quote for your machinery requirements\" \/>\n<meta name=\"robots\" content=\"index, follow, max-snippet:-1, max-image-preview:large, max-video-preview:-1\" \/>\n<link rel=\"canonical\" href=\"https:\/\/cigarettemanufacturingmachinery.com\/tr\/produk\/mesin-pembuat-rokok-protos-70\/\" \/>\n<meta property=\"og:locale\" content=\"tr_TR\" \/>\n<meta property=\"og:type\" content=\"article\" \/>\n<meta property=\"og:title\" content=\"Protos 70 - Cigarette Making Machine\" \/>\n<meta property=\"og:description\" content=\"Protos 70 - Cigarette Making Machine | Ready to ship \u2714 - Contact us to get custom quote for your machinery requirements\" \/>\n<meta property=\"og:url\" content=\"https:\/\/cigarettemanufacturingmachinery.com\/tr\/produk\/mesin-pembuat-rokok-protos-70\/\" \/>\n<meta property=\"og:site_name\" content=\"Cigarette Manufacturing Machinery\" \/>\n<meta property=\"article:modified_time\" content=\"2024-06-25T07:07:29+00:00\" \/>\n<meta property=\"og:image\" content=\"https:\/\/cigarettemanufacturingmachinery.com\/wp-content\/uploads\/2024\/06\/Protos-70-cigarette-making-machine.webp\" \/>\n\t<meta property=\"og:image:width\" content=\"804\" \/>\n\t<meta property=\"og:image:height\" content=\"536\" \/>\n\t<meta property=\"og:image:type\" content=\"image\/webp\" \/>\n<meta name=\"twitter:card\" content=\"summary_large_image\" \/>\n<meta name=\"twitter:label1\" content=\"Tahmini okuma s\u00fcresi\" \/>\n\t<meta name=\"twitter:data1\" content=\"1 dakika\" \/>\n<!-- \/ Yoast SEO plugin. -->","yoast_head_json":{"title":"Protos 70 - Sigara Yapma Makinesi","description":"Protos 70 - Sigara Yapma Makinesi | G\u00f6nderime haz\u0131r \u2714 - Makine gereksinimleriniz i\u00e7in \u00f6zel fiyat teklifi almak \u00fczere bizimle ileti\u015fime ge\u00e7in","robots":{"index":"index","follow":"follow","max-snippet":"max-snippet:-1","max-image-preview":"max-image-preview:large","max-video-preview":"max-video-preview:-1"},"canonical":"https:\/\/cigarettemanufacturingmachinery.com\/tr\/produk\/mesin-pembuat-rokok-protos-70\/","og_locale":"tr_TR","og_type":"article","og_title":"Protos 70 - Cigarette Making Machine","og_description":"Protos 70 - Cigarette Making Machine | Ready to ship \u2714 - Contact us to get custom quote for your machinery requirements","og_url":"https:\/\/cigarettemanufacturingmachinery.com\/tr\/produk\/mesin-pembuat-rokok-protos-70\/","og_site_name":"Cigarette Manufacturing Machinery","article_modified_time":"2024-06-25T07:07:29+00:00","og_image":[{"width":804,"height":536,"url":"https:\/\/cigarettemanufacturingmachinery.com\/wp-content\/uploads\/2024\/06\/Protos-70-cigarette-making-machine.webp","type":"image\/webp"}],"twitter_card":"summary_large_image","twitter_misc":{"Tahmini okuma s\u00fcresi":"1 dakika"},"schema":{"@context":"https:\/\/schema.org","@graph":[{"@type":"WebPage","@id":"https:\/\/cigarettemanufacturingmachinery.com\/id\/produk\/mesin-pembuat-rokok-protos-70\/","url":"https:\/\/cigarettemanufacturingmachinery.com\/id\/produk\/mesin-pembuat-rokok-protos-70\/","name":"Protos 70 - Sigara Yapma Makinesi","isPartOf":{"@id":"https:\/\/cigarettemanufacturingmachinery.com\/#website"},"primaryImageOfPage":{"@id":"https:\/\/cigarettemanufacturingmachinery.com\/id\/produk\/mesin-pembuat-rokok-protos-70\/#primaryimage"},"image":{"@id":"https:\/\/cigarettemanufacturingmachinery.com\/id\/produk\/mesin-pembuat-rokok-protos-70\/#primaryimage"},"thumbnailUrl":"https:\/\/cigarettemanufacturingmachinery.com\/wp-content\/uploads\/2024\/06\/Protos-70-cigarette-making-machine.webp","datePublished":"2024-06-07T11:52:43+00:00","dateModified":"2024-06-25T07:07:29+00:00","description":"Protos 70 - Sigara Yapma Makinesi | G\u00f6nderime haz\u0131r \u2714 - Makine gereksinimleriniz i\u00e7in \u00f6zel fiyat teklifi almak \u00fczere bizimle ileti\u015fime ge\u00e7in","breadcrumb":{"@id":"https:\/\/cigarettemanufacturingmachinery.com\/id\/produk\/mesin-pembuat-rokok-protos-70\/#breadcrumb"},"inLanguage":"tr","potentialAction":[{"@type":"ReadAction","target":["https:\/\/cigarettemanufacturingmachinery.com\/id\/produk\/mesin-pembuat-rokok-protos-70\/"]}]},{"@type":"ImageObject","inLanguage":"tr","@id":"https:\/\/cigarettemanufacturingmachinery.com\/id\/produk\/mesin-pembuat-rokok-protos-70\/#primaryimage","url":"https:\/\/cigarettemanufacturingmachinery.com\/wp-content\/uploads\/2024\/06\/Protos-70-cigarette-making-machine.webp","contentUrl":"https:\/\/cigarettemanufacturingmachinery.com\/wp-content\/uploads\/2024\/06\/Protos-70-cigarette-making-machine.webp","width":804,"height":536,"caption":"Protos 80er cigarette making machine"},{"@type":"BreadcrumbList","@id":"https:\/\/cigarettemanufacturingmachinery.com\/id\/produk\/mesin-pembuat-rokok-protos-70\/#breadcrumb","itemListElement":[{"@type":"ListItem","position":1,"name":"Home","item":"https:\/\/cigarettemanufacturingmachinery.com\/"},{"@type":"ListItem","position":2,"name":"\u00dcr\u00fcnler","item":"https:\/\/cigarettemanufacturingmachinery.com\/tr\/shop\/"},{"@type":"ListItem","position":3,"name":"Protos 70 &#8211; Cigarette Making Machine"}]},{"@type":"WebSite","@id":"https:\/\/cigarettemanufacturingmachinery.com\/#website","url":"https:\/\/cigarettemanufacturingmachinery.com\/","name":"Sigara \u00dcretim Makinalar\u0131","description":"Sigara Yapma Makinesi Tedarik\u00e7ileri","potentialAction":[{"@type":"SearchAction","target":{"@type":"EntryPoint","urlTemplate":"https:\/\/cigarettemanufacturingmachinery.com\/?s={search_term_string}"},"query-input":{"@type":"PropertyValueSpecification","valueRequired":true,"valueName":"search_term_string"}}],"inLanguage":"tr"}]}},"_links":{"self":[{"href":"https:\/\/cigarettemanufacturingmachinery.com\/tr\/wp-json\/wp\/v2\/product\/28223","targetHints":{"allow":["GET"]}}],"collection":[{"href":"https:\/\/cigarettemanufacturingmachinery.com\/tr\/wp-json\/wp\/v2\/product"}],"about":[{"href":"https:\/\/cigarettemanufacturingmachinery.com\/tr\/wp-json\/wp\/v2\/types\/product"}],"replies":[{"embeddable":true,"href":"https:\/\/cigarettemanufacturingmachinery.com\/tr\/wp-json\/wp\/v2\/comments?post=28223"}],"version-history":[{"count":2,"href":"https:\/\/cigarettemanufacturingmachinery.com\/tr\/wp-json\/wp\/v2\/product\/28223\/revisions"}],"predecessor-version":[{"id":28413,"href":"https:\/\/cigarettemanufacturingmachinery.com\/tr\/wp-json\/wp\/v2\/product\/28223\/revisions\/28413"}],"wp:featuredmedia":[{"embeddable":true,"href":"https:\/\/cigarettemanufacturingmachinery.com\/tr\/wp-json\/wp\/v2\/media\/28191"}],"wp:attachment":[{"href":"https:\/\/cigarettemanufacturingmachinery.com\/tr\/wp-json\/wp\/v2\/media?parent=28223"}],"wp:term":[{"taxonomy":"product_brand","embeddable":true,"href":"https:\/\/cigarettemanufacturingmachinery.com\/tr\/wp-json\/wp\/v2\/product_brand?post=28223"},{"taxonomy":"product_cat","embeddable":true,"href":"https:\/\/cigarettemanufacturingmachinery.com\/tr\/wp-json\/wp\/v2\/product_cat?post=28223"},{"taxonomy":"product_tag","embeddable":true,"href":"https:\/\/cigarettemanufacturingmachinery.com\/tr\/wp-json\/wp\/v2\/product_tag?post=28223"}],"curies":[{"name":"wp","href":"https:\/\/api.w.org\/{rel}","templated":true}]}}