{"id":28231,"date":"2024-06-08T06:14:49","date_gmt":"2024-06-08T06:14:49","guid":{"rendered":"https:\/\/cigarettemanufacturingmachinery.com\/?post_type=product&#038;p=28231"},"modified":"2025-08-09T13:40:12","modified_gmt":"2025-08-09T13:40:12","slug":"mark9-maxs-cigarette-making-machine","status":"publish","type":"product","link":"https:\/\/cigarettemanufacturingmachinery.com\/tr\/urun\/mark9-maxs-sigara-yapma-makinesi\/","title":{"rendered":"Mark 9 MAX S \u2013 Sigara Yapma Makinesi"},"content":{"rendered":"<p>\u0130\u015fte Mark 9 MAX S i\u00e7in baz\u0131 \u00f6nemli noktalar<\/p>\n<ol>\n<li>\u00dcretim kapasitesi dakikada 4500 ila 5000 sigara aras\u0131ndad\u0131r.<\/li>\n<li>17 mm&#039;den 28,3 mm&#039;ye kadar sigara \u00e7evresiyle ilgilenir<\/li>\n<li>65 mm - 110 mm aral\u0131\u011f\u0131ndaki sigara uzunluklar\u0131na uygundur<\/li>\n<li>Hauni Max \u2013 S Filtre Montajc\u0131s\u0131n\u0131n k\u00fctle ak\u0131\u015f tepsisi dolgusu ile filtre aparat\u0131yla birlikte gelir<\/li>\n<li>Varsay\u0131lan kurulum boyutu Standart 84 mm&#039;dir<\/li>\n<li>2000 ila 3000 \u00e7al\u0131\u015fma saati aras\u0131nda uzun bak\u0131m aral\u0131klar\u0131<\/li>\n<li>En uzun kenar\u0131 3600 mm olan 7800 kg a\u011f\u0131rl\u0131\u011f\u0131nda a\u011f\u0131r bir makinedir.<\/li>\n<li>220V ve 380V ile \u00e7al\u0131\u015f\u0131r<\/li>\n<li>Paslanmaz \u00e7elik malzemeden yap\u0131lm\u0131\u015f tam otomatik sigara \u00fcretim makinesidir.<\/li>\n<\/ol>\n<p>&nbsp;<\/p>","protected":false},"excerpt":{"rendered":"<p>Orta seviye \u00fcretim projeleriyle ba\u015fa \u00e7\u0131kmak i\u00e7in \u00fcretilmi\u015f son derece hassas bir sigara \u00fcretim makinesi. Max S ile Mark 9 geli\u015fmi\u015f otomasyon ve kontrol sistemlerini entegre eder ve sigara \u00fcreticileri taraf\u0131ndan tutarl\u0131 \u00e7\u0131kt\u0131s\u0131 i\u00e7in kullan\u0131l\u0131r.<\/p>","protected":false},"featured_media":28185,"comment_status":"closed","ping_status":"closed","template":"","meta":[],"product_brand":[],"product_cat":[101],"product_tag":[],"class_list":{"0":"post-28231","1":"product","2":"type-product","3":"status-publish","4":"has-post-thumbnail","6":"product_cat-cigarette-manufacturing","8":"first","9":"instock","10":"shipping-taxable","11":"product-type-simple"},"yoast_head":"<!-- This site is optimized with the Yoast SEO plugin v27.4 - https:\/\/yoast.com\/product\/yoast-seo-wordpress\/ -->\n<title>Mark 9 MAX S - Cigarette Making Machine<\/title>\n<meta name=\"description\" content=\"Mark 9 with Max S (5000 cigarettes per minute) integrates advanced automation and control systems and is used by cigarette manufacturers\" \/>\n<meta name=\"robots\" content=\"index, follow, max-snippet:-1, max-image-preview:large, max-video-preview:-1\" \/>\n<link rel=\"canonical\" href=\"https:\/\/cigarettemanufacturingmachinery.com\/tr\/produkt\/maszyna-do-produkcji-papierosow-mark9-maxs\/\" \/>\n<meta property=\"og:locale\" content=\"tr_TR\" \/>\n<meta property=\"og:type\" content=\"article\" \/>\n<meta property=\"og:title\" content=\"Mark 9 MAX S - Cigarette Making Machine\" \/>\n<meta property=\"og:description\" content=\"Mark 9 with Max S (5000 cigarettes per minute) integrates advanced automation and control systems and is used by cigarette manufacturers\" \/>\n<meta property=\"og:url\" content=\"https:\/\/cigarettemanufacturingmachinery.com\/tr\/produkt\/maszyna-do-produkcji-papierosow-mark9-maxs\/\" \/>\n<meta property=\"og:site_name\" content=\"Cigarette Manufacturing Machinery\" \/>\n<meta property=\"article:modified_time\" content=\"2025-08-09T13:40:12+00:00\" \/>\n<meta property=\"og:image\" content=\"https:\/\/cigarettemanufacturingmachinery.com\/wp-content\/uploads\/2024\/06\/Mark-9-Cigarette-Making-Machine.webp\" \/>\n\t<meta property=\"og:image:width\" content=\"708\" \/>\n\t<meta property=\"og:image:height\" content=\"472\" \/>\n\t<meta property=\"og:image:type\" content=\"image\/webp\" \/>\n<meta name=\"twitter:card\" content=\"summary_large_image\" \/>\n<meta name=\"twitter:label1\" content=\"Tahmini okuma s\u00fcresi\" \/>\n\t<meta name=\"twitter:data1\" content=\"1 dakika\" \/>\n<!-- \/ Yoast SEO plugin. -->","yoast_head_json":{"title":"Mark 9 MAX S - Sigara Yapma Makinesi","description":"Max S (dakikada 5000 sigara) \u00f6zellikli Mark 9, geli\u015fmi\u015f otomasyon ve kontrol sistemlerini b\u00fcnyesinde bar\u0131nd\u0131r\u0131yor ve sigara \u00fcreticileri taraf\u0131ndan kullan\u0131l\u0131yor.","robots":{"index":"index","follow":"follow","max-snippet":"max-snippet:-1","max-image-preview":"max-image-preview:large","max-video-preview":"max-video-preview:-1"},"canonical":"https:\/\/cigarettemanufacturingmachinery.com\/tr\/produkt\/maszyna-do-produkcji-papierosow-mark9-maxs\/","og_locale":"tr_TR","og_type":"article","og_title":"Mark 9 MAX S - Cigarette Making Machine","og_description":"Mark 9 with Max S (5000 cigarettes per minute) integrates advanced automation and control systems and is used by cigarette manufacturers","og_url":"https:\/\/cigarettemanufacturingmachinery.com\/tr\/produkt\/maszyna-do-produkcji-papierosow-mark9-maxs\/","og_site_name":"Cigarette Manufacturing Machinery","article_modified_time":"2025-08-09T13:40:12+00:00","og_image":[{"width":708,"height":472,"url":"https:\/\/cigarettemanufacturingmachinery.com\/wp-content\/uploads\/2024\/06\/Mark-9-Cigarette-Making-Machine.webp","type":"image\/webp"}],"twitter_card":"summary_large_image","twitter_misc":{"Tahmini okuma s\u00fcresi":"1 dakika"},"schema":{"@context":"https:\/\/schema.org","@graph":[{"@type":"WebPage","@id":"https:\/\/cigarettemanufacturingmachinery.com\/pl\/produkt\/maszyna-do-produkcji-papierosow-mark9-maxs\/","url":"https:\/\/cigarettemanufacturingmachinery.com\/pl\/produkt\/maszyna-do-produkcji-papierosow-mark9-maxs\/","name":"Mark 9 MAX S - Sigara Yapma Makinesi","isPartOf":{"@id":"https:\/\/cigarettemanufacturingmachinery.com\/#website"},"primaryImageOfPage":{"@id":"https:\/\/cigarettemanufacturingmachinery.com\/pl\/produkt\/maszyna-do-produkcji-papierosow-mark9-maxs\/#primaryimage"},"image":{"@id":"https:\/\/cigarettemanufacturingmachinery.com\/pl\/produkt\/maszyna-do-produkcji-papierosow-mark9-maxs\/#primaryimage"},"thumbnailUrl":"https:\/\/cigarettemanufacturingmachinery.com\/wp-content\/uploads\/2024\/06\/Mark-9-Cigarette-Making-Machine.webp","datePublished":"2024-06-08T06:14:49+00:00","dateModified":"2025-08-09T13:40:12+00:00","description":"Max S (dakikada 5000 sigara) \u00f6zellikli Mark 9, geli\u015fmi\u015f otomasyon ve kontrol sistemlerini b\u00fcnyesinde bar\u0131nd\u0131r\u0131yor ve sigara \u00fcreticileri taraf\u0131ndan kullan\u0131l\u0131yor.","breadcrumb":{"@id":"https:\/\/cigarettemanufacturingmachinery.com\/pl\/produkt\/maszyna-do-produkcji-papierosow-mark9-maxs\/#breadcrumb"},"inLanguage":"tr","potentialAction":[{"@type":"ReadAction","target":["https:\/\/cigarettemanufacturingmachinery.com\/pl\/produkt\/maszyna-do-produkcji-papierosow-mark9-maxs\/"]}]},{"@type":"ImageObject","inLanguage":"tr","@id":"https:\/\/cigarettemanufacturingmachinery.com\/pl\/produkt\/maszyna-do-produkcji-papierosow-mark9-maxs\/#primaryimage","url":"https:\/\/cigarettemanufacturingmachinery.com\/wp-content\/uploads\/2024\/06\/Mark-9-Cigarette-Making-Machine.webp","contentUrl":"https:\/\/cigarettemanufacturingmachinery.com\/wp-content\/uploads\/2024\/06\/Mark-9-Cigarette-Making-Machine.webp","width":708,"height":472,"caption":"Mark 9 Cigarette Making Machine"},{"@type":"BreadcrumbList","@id":"https:\/\/cigarettemanufacturingmachinery.com\/pl\/produkt\/maszyna-do-produkcji-papierosow-mark9-maxs\/#breadcrumb","itemListElement":[{"@type":"ListItem","position":1,"name":"Home","item":"https:\/\/cigarettemanufacturingmachinery.com\/"},{"@type":"ListItem","position":2,"name":"\u00dcr\u00fcnler","item":"https:\/\/cigarettemanufacturingmachinery.com\/tr\/shop\/"},{"@type":"ListItem","position":3,"name":"Mark 9 MAX S &#8211; Cigarette Making Machine"}]},{"@type":"WebSite","@id":"https:\/\/cigarettemanufacturingmachinery.com\/#website","url":"https:\/\/cigarettemanufacturingmachinery.com\/","name":"Sigara \u00dcretim Makinalar\u0131","description":"Sigara Yapma Makinesi Tedarik\u00e7ileri","potentialAction":[{"@type":"SearchAction","target":{"@type":"EntryPoint","urlTemplate":"https:\/\/cigarettemanufacturingmachinery.com\/?s={search_term_string}"},"query-input":{"@type":"PropertyValueSpecification","valueRequired":true,"valueName":"search_term_string"}}],"inLanguage":"tr"}]}},"_links":{"self":[{"href":"https:\/\/cigarettemanufacturingmachinery.com\/tr\/wp-json\/wp\/v2\/product\/28231","targetHints":{"allow":["GET"]}}],"collection":[{"href":"https:\/\/cigarettemanufacturingmachinery.com\/tr\/wp-json\/wp\/v2\/product"}],"about":[{"href":"https:\/\/cigarettemanufacturingmachinery.com\/tr\/wp-json\/wp\/v2\/types\/product"}],"replies":[{"embeddable":true,"href":"https:\/\/cigarettemanufacturingmachinery.com\/tr\/wp-json\/wp\/v2\/comments?post=28231"}],"version-history":[{"count":2,"href":"https:\/\/cigarettemanufacturingmachinery.com\/tr\/wp-json\/wp\/v2\/product\/28231\/revisions"}],"predecessor-version":[{"id":28422,"href":"https:\/\/cigarettemanufacturingmachinery.com\/tr\/wp-json\/wp\/v2\/product\/28231\/revisions\/28422"}],"wp:featuredmedia":[{"embeddable":true,"href":"https:\/\/cigarettemanufacturingmachinery.com\/tr\/wp-json\/wp\/v2\/media\/28185"}],"wp:attachment":[{"href":"https:\/\/cigarettemanufacturingmachinery.com\/tr\/wp-json\/wp\/v2\/media?parent=28231"}],"wp:term":[{"taxonomy":"product_brand","embeddable":true,"href":"https:\/\/cigarettemanufacturingmachinery.com\/tr\/wp-json\/wp\/v2\/product_brand?post=28231"},{"taxonomy":"product_cat","embeddable":true,"href":"https:\/\/cigarettemanufacturingmachinery.com\/tr\/wp-json\/wp\/v2\/product_cat?post=28231"},{"taxonomy":"product_tag","embeddable":true,"href":"https:\/\/cigarettemanufacturingmachinery.com\/tr\/wp-json\/wp\/v2\/product_tag?post=28231"}],"curies":[{"name":"wp","href":"https:\/\/api.w.org\/{rel}","templated":true}]}}