{"id":28233,"date":"2024-06-08T06:16:33","date_gmt":"2024-06-08T06:16:33","guid":{"rendered":"https:\/\/cigarettemanufacturingmachinery.com\/?post_type=product&#038;p=28233"},"modified":"2024-06-25T07:12:24","modified_gmt":"2024-06-25T07:12:24","slug":"mark-9-5-lenze-servo-drives-cigarette-manufacturing-machine","status":"publish","type":"product","link":"https:\/\/cigarettemanufacturingmachinery.com\/tr\/urun\/mark-9-5-lenze-servo-suruculer-sigara-uretim-makinesi\/","title":{"rendered":"Mark 9.5 Lenze Servo S\u00fcr\u00fcc\u00fcler \u2013 Sigara \u00dcretim Makinesi"},"content":{"rendered":"<p>\u0130\u015fte Mark 9.5 (LSD) i\u00e7in baz\u0131 \u00f6nemli noktalar<\/p>\n<ol>\n<li>3500 cpm (Normal Dia), 3200 cpm (\u0130nce &amp; S\u00fcper \u0130nce) \u00fcretim kapasitesine sahiptir.<\/li>\n<li>17mm \u2013 28.3mm aral\u0131\u011f\u0131ndaki sigara \u00e7evreleriyle ilgilenir<\/li>\n<li>65mm \u2013 110mm filtre + t\u00fct\u00fcn \u00e7ubu\u011fu uzunlu\u011funa uygundur<\/li>\n<li>SIEMENS PLC taraf\u0131ndan PLC kontrol sistemi ile birlikte gelir<\/li>\n<li>A\u011f\u0131rl\u0131k Kontrol Mikrodalga Sistemine sahiptir<\/li>\n<li>Servo Sistemi Lenze taraf\u0131ndan \u00fcretilmi\u015ftir<\/li>\n<li>Makine \u00fcnitesi MK-9.5 Sigara Yap\u0131c\u0131, MAX-S Filtre Montajc\u0131s\u0131, HCF80 Otomatik Tepsi Dolum Makinesi ile birlikte gelir<\/li>\n<li>G\u00fc\u00e7 MK-9.5 \/ 35KW, MAX-S \/ 20KW ve HCF80\/15KW olarak da\u011f\u0131t\u0131l\u0131r<\/li>\n<li>Toplam a\u011f\u0131rl\u0131\u011f\u0131 8600 KG&#039;d\u0131r<\/li>\n<\/ol>","protected":false},"excerpt":{"rendered":"<p>Molins Mark 9.5 (LSD) Lenze Servo S\u00fcr\u00fcc\u00fcler, orta \u00fcretim hacimlerini idare edebilen y\u00fcksek verimli a\u011f\u0131r sigara \u00fcretim makinesidir. Bu makine, do\u011fruluk ve zamanlama i\u00e7in operasyonel verimlili\u011fi art\u0131rmas\u0131 ve g\u00fc\u00e7 t\u00fcketimini azaltmas\u0131yla bilinen Lenze Servo S\u00fcr\u00fcc\u00fcleri kullan\u0131r.<\/p>","protected":false},"featured_media":28186,"comment_status":"closed","ping_status":"closed","template":"","meta":[],"product_brand":[],"product_cat":[101],"product_tag":[],"class_list":{"0":"post-28233","1":"product","2":"type-product","3":"status-publish","4":"has-post-thumbnail","6":"product_cat-cigarette-manufacturing","8":"first","9":"instock","10":"shipping-taxable","11":"product-type-simple"},"yoast_head":"<!-- This site is optimized with the Yoast SEO plugin v27.4 - https:\/\/yoast.com\/product\/yoast-seo-wordpress\/ -->\n<title>Mark 9.5 Lenze Servo Drives - Cigarette Manufacturing Machine<\/title>\n<meta name=\"description\" content=\"Mark 9.5 Lenze Servo Drives - Cigarette Manufacturing Machine | Ready to ship \u2714 - Contact us to get custom quote for your machinery requirements\" \/>\n<meta name=\"robots\" content=\"index, follow, max-snippet:-1, max-image-preview:large, max-video-preview:-1\" \/>\n<link rel=\"canonical\" href=\"https:\/\/cigarettemanufacturingmachinery.com\/tr\/urun\/mark-9-5-lenze-servo-suruculer-sigara-uretim-makinesi\/\" \/>\n<meta property=\"og:locale\" content=\"tr_TR\" \/>\n<meta property=\"og:type\" content=\"article\" \/>\n<meta property=\"og:title\" content=\"Mark 9.5 Lenze Servo Drives - Cigarette Manufacturing Machine\" \/>\n<meta property=\"og:description\" content=\"Mark 9.5 Lenze Servo Drives - Cigarette Manufacturing Machine | Ready to ship \u2714 - Contact us to get custom quote for your machinery requirements\" \/>\n<meta property=\"og:url\" content=\"https:\/\/cigarettemanufacturingmachinery.com\/tr\/urun\/mark-9-5-lenze-servo-suruculer-sigara-uretim-makinesi\/\" \/>\n<meta property=\"og:site_name\" content=\"Cigarette Manufacturing Machinery\" \/>\n<meta property=\"article:modified_time\" content=\"2024-06-25T07:12:24+00:00\" \/>\n<meta property=\"og:image\" content=\"https:\/\/cigarettemanufacturingmachinery.com\/wp-content\/uploads\/2024\/06\/Mark-9.5-LSD.webp\" \/>\n\t<meta property=\"og:image:width\" content=\"816\" \/>\n\t<meta property=\"og:image:height\" content=\"544\" \/>\n\t<meta property=\"og:image:type\" content=\"image\/webp\" \/>\n<meta name=\"twitter:card\" content=\"summary_large_image\" \/>\n<!-- \/ Yoast SEO plugin. -->","yoast_head_json":{"title":"Mark 9.5 Lenze Servo S\u00fcr\u00fcc\u00fcler - Sigara \u00dcretim Makinesi","description":"Mark 9.5 Lenze Servo S\u00fcr\u00fcc\u00fcler - Sigara \u00dcretim Makinesi | G\u00f6nderime haz\u0131r \u2714 - Makine gereksinimleriniz i\u00e7in \u00f6zel fiyat teklifi almak i\u00e7in bizimle ileti\u015fime ge\u00e7in","robots":{"index":"index","follow":"follow","max-snippet":"max-snippet:-1","max-image-preview":"max-image-preview:large","max-video-preview":"max-video-preview:-1"},"canonical":"https:\/\/cigarettemanufacturingmachinery.com\/tr\/urun\/mark-9-5-lenze-servo-suruculer-sigara-uretim-makinesi\/","og_locale":"tr_TR","og_type":"article","og_title":"Mark 9.5 Lenze Servo Drives - Cigarette Manufacturing Machine","og_description":"Mark 9.5 Lenze Servo Drives - Cigarette Manufacturing Machine | Ready to ship \u2714 - Contact us to get custom quote for your machinery requirements","og_url":"https:\/\/cigarettemanufacturingmachinery.com\/tr\/urun\/mark-9-5-lenze-servo-suruculer-sigara-uretim-makinesi\/","og_site_name":"Cigarette Manufacturing Machinery","article_modified_time":"2024-06-25T07:12:24+00:00","og_image":[{"width":816,"height":544,"url":"https:\/\/cigarettemanufacturingmachinery.com\/wp-content\/uploads\/2024\/06\/Mark-9.5-LSD.webp","type":"image\/webp"}],"twitter_card":"summary_large_image","schema":{"@context":"https:\/\/schema.org","@graph":[{"@type":"WebPage","@id":"https:\/\/cigarettemanufacturingmachinery.com\/product\/mark-9-5-lenze-servo-drives-cigarette-manufacturing-machine\/","url":"https:\/\/cigarettemanufacturingmachinery.com\/product\/mark-9-5-lenze-servo-drives-cigarette-manufacturing-machine\/","name":"Mark 9.5 Lenze Servo S\u00fcr\u00fcc\u00fcler - Sigara \u00dcretim Makinesi","isPartOf":{"@id":"https:\/\/cigarettemanufacturingmachinery.com\/#website"},"primaryImageOfPage":{"@id":"https:\/\/cigarettemanufacturingmachinery.com\/product\/mark-9-5-lenze-servo-drives-cigarette-manufacturing-machine\/#primaryimage"},"image":{"@id":"https:\/\/cigarettemanufacturingmachinery.com\/product\/mark-9-5-lenze-servo-drives-cigarette-manufacturing-machine\/#primaryimage"},"thumbnailUrl":"https:\/\/cigarettemanufacturingmachinery.com\/wp-content\/uploads\/2024\/06\/Mark-9.5-LSD.webp","datePublished":"2024-06-08T06:16:33+00:00","dateModified":"2024-06-25T07:12:24+00:00","description":"Mark 9.5 Lenze Servo S\u00fcr\u00fcc\u00fcler - Sigara \u00dcretim Makinesi | G\u00f6nderime haz\u0131r \u2714 - Makine gereksinimleriniz i\u00e7in \u00f6zel fiyat teklifi almak i\u00e7in bizimle ileti\u015fime ge\u00e7in","breadcrumb":{"@id":"https:\/\/cigarettemanufacturingmachinery.com\/product\/mark-9-5-lenze-servo-drives-cigarette-manufacturing-machine\/#breadcrumb"},"inLanguage":"tr","potentialAction":[{"@type":"ReadAction","target":["https:\/\/cigarettemanufacturingmachinery.com\/product\/mark-9-5-lenze-servo-drives-cigarette-manufacturing-machine\/"]}]},{"@type":"ImageObject","inLanguage":"tr","@id":"https:\/\/cigarettemanufacturingmachinery.com\/product\/mark-9-5-lenze-servo-drives-cigarette-manufacturing-machine\/#primaryimage","url":"https:\/\/cigarettemanufacturingmachinery.com\/wp-content\/uploads\/2024\/06\/Mark-9.5-LSD.webp","contentUrl":"https:\/\/cigarettemanufacturingmachinery.com\/wp-content\/uploads\/2024\/06\/Mark-9.5-LSD.webp","width":816,"height":544,"caption":"Mark 9.5 LSD Cigarette making Machine"},{"@type":"BreadcrumbList","@id":"https:\/\/cigarettemanufacturingmachinery.com\/product\/mark-9-5-lenze-servo-drives-cigarette-manufacturing-machine\/#breadcrumb","itemListElement":[{"@type":"ListItem","position":1,"name":"Home","item":"https:\/\/cigarettemanufacturingmachinery.com\/"},{"@type":"ListItem","position":2,"name":"\u00dcr\u00fcnler","item":"https:\/\/cigarettemanufacturingmachinery.com\/tr\/shop\/"},{"@type":"ListItem","position":3,"name":"Mark 9.5 Lenze Servo Drives &#8211; Cigarette Manufacturing Machine"}]},{"@type":"WebSite","@id":"https:\/\/cigarettemanufacturingmachinery.com\/#website","url":"https:\/\/cigarettemanufacturingmachinery.com\/","name":"Sigara \u00dcretim Makinalar\u0131","description":"Sigara Yapma Makinesi Tedarik\u00e7ileri","potentialAction":[{"@type":"SearchAction","target":{"@type":"EntryPoint","urlTemplate":"https:\/\/cigarettemanufacturingmachinery.com\/?s={search_term_string}"},"query-input":{"@type":"PropertyValueSpecification","valueRequired":true,"valueName":"search_term_string"}}],"inLanguage":"tr"}]}},"_links":{"self":[{"href":"https:\/\/cigarettemanufacturingmachinery.com\/tr\/wp-json\/wp\/v2\/product\/28233","targetHints":{"allow":["GET"]}}],"collection":[{"href":"https:\/\/cigarettemanufacturingmachinery.com\/tr\/wp-json\/wp\/v2\/product"}],"about":[{"href":"https:\/\/cigarettemanufacturingmachinery.com\/tr\/wp-json\/wp\/v2\/types\/product"}],"replies":[{"embeddable":true,"href":"https:\/\/cigarettemanufacturingmachinery.com\/tr\/wp-json\/wp\/v2\/comments?post=28233"}],"version-history":[{"count":2,"href":"https:\/\/cigarettemanufacturingmachinery.com\/tr\/wp-json\/wp\/v2\/product\/28233\/revisions"}],"predecessor-version":[{"id":28425,"href":"https:\/\/cigarettemanufacturingmachinery.com\/tr\/wp-json\/wp\/v2\/product\/28233\/revisions\/28425"}],"wp:featuredmedia":[{"embeddable":true,"href":"https:\/\/cigarettemanufacturingmachinery.com\/tr\/wp-json\/wp\/v2\/media\/28186"}],"wp:attachment":[{"href":"https:\/\/cigarettemanufacturingmachinery.com\/tr\/wp-json\/wp\/v2\/media?parent=28233"}],"wp:term":[{"taxonomy":"product_brand","embeddable":true,"href":"https:\/\/cigarettemanufacturingmachinery.com\/tr\/wp-json\/wp\/v2\/product_brand?post=28233"},{"taxonomy":"product_cat","embeddable":true,"href":"https:\/\/cigarettemanufacturingmachinery.com\/tr\/wp-json\/wp\/v2\/product_cat?post=28233"},{"taxonomy":"product_tag","embeddable":true,"href":"https:\/\/cigarettemanufacturingmachinery.com\/tr\/wp-json\/wp\/v2\/product_tag?post=28233"}],"curies":[{"name":"wp","href":"https:\/\/api.w.org\/{rel}","templated":true}]}}