{"id":28235,"date":"2024-06-08T06:19:06","date_gmt":"2024-06-08T06:19:06","guid":{"rendered":"https:\/\/cigarettemanufacturingmachinery.com\/?post_type=product&#038;p=28235"},"modified":"2024-06-25T07:13:50","modified_gmt":"2024-06-25T07:13:50","slug":"mark-9-5-max-s-cigarette-manufacturing-machine","status":"publish","type":"product","link":"https:\/\/cigarettemanufacturingmachinery.com\/tr\/urun\/mark-9-5-max-s-sigara-uretim-makinesi\/","title":{"rendered":"Mark 9.5 MAX S \u2013 Sigara \u00dcretim Makinesi"},"content":{"rendered":"<p>\u0130\u015fte Mark 9.5 MAX S i\u00e7in baz\u0131 \u00f6nemli noktalar<\/p>\n<ol>\n<li>Dakikada 4500 - 5000 sigara optimum makine h\u0131z\u0131na sahiptir<\/li>\n<li>Sigara \u00fcreticisi MK-9.5 T\u00fct\u00fcn Sigara Yapma Makinesini ta\u015f\u0131r<\/li>\n<li>Bu makine 17mm \u2013 28.3mm sigara \u00e7evresiyle ilgilenir<\/li>\n<li>Makine 65mm \u2013 110mm uzunlu\u011funda filtre + t\u00fct\u00fcn \u00e7ubu\u011funa uygundur<\/li>\n<li>Hauni Max \u2013 S Filtre Montajc\u0131s\u0131 ve K\u00fctle Ak\u0131\u015fl\u0131 Tepsi Dolum Makinesinin filtre aparat\u0131yla birlikte gelir<\/li>\n<li>Varsay\u0131lan kurulum boyutu standart 84 mm&#039;dir<\/li>\n<li>A\u011f\u0131rl\u0131\u011f\u0131 7.800 kg (Yakla\u015f\u0131k)<\/li>\n<\/ol>","protected":false},"excerpt":{"rendered":"<p>Mark 9.5 MAX S \u2013 Sigara \u00dcretim Makinesi, h\u0131z\u0131 ve verimiyle birinci s\u0131n\u0131f sigara \u00fcretim makineleri aras\u0131nda yer almaktad\u0131r. Bu makine, orta seviye \u00fcretimleri idare etmeye haz\u0131r, ger\u00e7ek anlamda sa\u011flam bir m\u00fchendislik par\u00e7as\u0131d\u0131r.<\/p>","protected":false},"featured_media":28185,"comment_status":"closed","ping_status":"closed","template":"","meta":[],"product_brand":[],"product_cat":[101],"product_tag":[],"class_list":{"0":"post-28235","1":"product","2":"type-product","3":"status-publish","4":"has-post-thumbnail","6":"product_cat-cigarette-manufacturing","8":"first","9":"instock","10":"shipping-taxable","11":"product-type-simple"},"yoast_head":"<!-- This site is optimized with the Yoast SEO plugin v27.4 - https:\/\/yoast.com\/product\/yoast-seo-wordpress\/ -->\n<title>Mark 9.5 MAX S - Cigarette Manufacturing Machine<\/title>\n<meta name=\"description\" content=\"Mark 9.5 MAX S - Cigarette Manufacturing Machine | Ready to ship \u2714 - Contact us to get custom quote for your machinery requirements\" \/>\n<meta name=\"robots\" content=\"index, follow, max-snippet:-1, max-image-preview:large, max-video-preview:-1\" \/>\n<link rel=\"canonical\" href=\"https:\/\/cigarettemanufacturingmachinery.com\/tr\/produkt\/maszyna-do-produkcji-papierosow-mark-9-5-max-s\/\" \/>\n<meta property=\"og:locale\" content=\"tr_TR\" \/>\n<meta property=\"og:type\" content=\"article\" \/>\n<meta property=\"og:title\" content=\"Mark 9.5 MAX S - Cigarette Manufacturing Machine\" \/>\n<meta property=\"og:description\" content=\"Mark 9.5 MAX S - Cigarette Manufacturing Machine | Ready to ship \u2714 - Contact us to get custom quote for your machinery requirements\" \/>\n<meta property=\"og:url\" content=\"https:\/\/cigarettemanufacturingmachinery.com\/tr\/produkt\/maszyna-do-produkcji-papierosow-mark-9-5-max-s\/\" \/>\n<meta property=\"og:site_name\" content=\"Cigarette Manufacturing Machinery\" \/>\n<meta property=\"article:modified_time\" content=\"2024-06-25T07:13:50+00:00\" \/>\n<meta property=\"og:image\" content=\"https:\/\/cigarettemanufacturingmachinery.com\/wp-content\/uploads\/2024\/06\/Mark-9-Cigarette-Making-Machine.webp\" \/>\n\t<meta property=\"og:image:width\" content=\"708\" \/>\n\t<meta property=\"og:image:height\" content=\"472\" \/>\n\t<meta property=\"og:image:type\" content=\"image\/webp\" \/>\n<meta name=\"twitter:card\" content=\"summary_large_image\" \/>\n<!-- \/ Yoast SEO plugin. -->","yoast_head_json":{"title":"Mark 9.5 MAX S - Sigara \u00dcretim Makinesi","description":"Mark 9.5 MAX S - Sigara \u00dcretim Makinesi | G\u00f6nderime haz\u0131r \u2714 - Makine gereksinimleriniz i\u00e7in \u00f6zel fiyat teklifi almak \u00fczere bizimle ileti\u015fime ge\u00e7in","robots":{"index":"index","follow":"follow","max-snippet":"max-snippet:-1","max-image-preview":"max-image-preview:large","max-video-preview":"max-video-preview:-1"},"canonical":"https:\/\/cigarettemanufacturingmachinery.com\/tr\/produkt\/maszyna-do-produkcji-papierosow-mark-9-5-max-s\/","og_locale":"tr_TR","og_type":"article","og_title":"Mark 9.5 MAX S - Cigarette Manufacturing Machine","og_description":"Mark 9.5 MAX S - Cigarette Manufacturing Machine | Ready to ship \u2714 - Contact us to get custom quote for your machinery requirements","og_url":"https:\/\/cigarettemanufacturingmachinery.com\/tr\/produkt\/maszyna-do-produkcji-papierosow-mark-9-5-max-s\/","og_site_name":"Cigarette Manufacturing Machinery","article_modified_time":"2024-06-25T07:13:50+00:00","og_image":[{"width":708,"height":472,"url":"https:\/\/cigarettemanufacturingmachinery.com\/wp-content\/uploads\/2024\/06\/Mark-9-Cigarette-Making-Machine.webp","type":"image\/webp"}],"twitter_card":"summary_large_image","schema":{"@context":"https:\/\/schema.org","@graph":[{"@type":"WebPage","@id":"https:\/\/cigarettemanufacturingmachinery.com\/pl\/produkt\/maszyna-do-produkcji-papierosow-mark-9-5-max-s\/","url":"https:\/\/cigarettemanufacturingmachinery.com\/pl\/produkt\/maszyna-do-produkcji-papierosow-mark-9-5-max-s\/","name":"Mark 9.5 MAX S - Sigara \u00dcretim Makinesi","isPartOf":{"@id":"https:\/\/cigarettemanufacturingmachinery.com\/#website"},"primaryImageOfPage":{"@id":"https:\/\/cigarettemanufacturingmachinery.com\/pl\/produkt\/maszyna-do-produkcji-papierosow-mark-9-5-max-s\/#primaryimage"},"image":{"@id":"https:\/\/cigarettemanufacturingmachinery.com\/pl\/produkt\/maszyna-do-produkcji-papierosow-mark-9-5-max-s\/#primaryimage"},"thumbnailUrl":"https:\/\/cigarettemanufacturingmachinery.com\/wp-content\/uploads\/2024\/06\/Mark-9-Cigarette-Making-Machine.webp","datePublished":"2024-06-08T06:19:06+00:00","dateModified":"2024-06-25T07:13:50+00:00","description":"Mark 9.5 MAX S - Sigara \u00dcretim Makinesi | G\u00f6nderime haz\u0131r \u2714 - Makine gereksinimleriniz i\u00e7in \u00f6zel fiyat teklifi almak \u00fczere bizimle ileti\u015fime ge\u00e7in","breadcrumb":{"@id":"https:\/\/cigarettemanufacturingmachinery.com\/pl\/produkt\/maszyna-do-produkcji-papierosow-mark-9-5-max-s\/#breadcrumb"},"inLanguage":"tr","potentialAction":[{"@type":"ReadAction","target":["https:\/\/cigarettemanufacturingmachinery.com\/pl\/produkt\/maszyna-do-produkcji-papierosow-mark-9-5-max-s\/"]}]},{"@type":"ImageObject","inLanguage":"tr","@id":"https:\/\/cigarettemanufacturingmachinery.com\/pl\/produkt\/maszyna-do-produkcji-papierosow-mark-9-5-max-s\/#primaryimage","url":"https:\/\/cigarettemanufacturingmachinery.com\/wp-content\/uploads\/2024\/06\/Mark-9-Cigarette-Making-Machine.webp","contentUrl":"https:\/\/cigarettemanufacturingmachinery.com\/wp-content\/uploads\/2024\/06\/Mark-9-Cigarette-Making-Machine.webp","width":708,"height":472,"caption":"Mark 9 Cigarette Making Machine"},{"@type":"BreadcrumbList","@id":"https:\/\/cigarettemanufacturingmachinery.com\/pl\/produkt\/maszyna-do-produkcji-papierosow-mark-9-5-max-s\/#breadcrumb","itemListElement":[{"@type":"ListItem","position":1,"name":"Home","item":"https:\/\/cigarettemanufacturingmachinery.com\/"},{"@type":"ListItem","position":2,"name":"\u00dcr\u00fcnler","item":"https:\/\/cigarettemanufacturingmachinery.com\/tr\/shop\/"},{"@type":"ListItem","position":3,"name":"Mark 9.5 MAX S &#8211; Cigarette Manufacturing Machine"}]},{"@type":"WebSite","@id":"https:\/\/cigarettemanufacturingmachinery.com\/#website","url":"https:\/\/cigarettemanufacturingmachinery.com\/","name":"Sigara \u00dcretim Makinalar\u0131","description":"Sigara Yapma Makinesi Tedarik\u00e7ileri","potentialAction":[{"@type":"SearchAction","target":{"@type":"EntryPoint","urlTemplate":"https:\/\/cigarettemanufacturingmachinery.com\/?s={search_term_string}"},"query-input":{"@type":"PropertyValueSpecification","valueRequired":true,"valueName":"search_term_string"}}],"inLanguage":"tr"}]}},"_links":{"self":[{"href":"https:\/\/cigarettemanufacturingmachinery.com\/tr\/wp-json\/wp\/v2\/product\/28235","targetHints":{"allow":["GET"]}}],"collection":[{"href":"https:\/\/cigarettemanufacturingmachinery.com\/tr\/wp-json\/wp\/v2\/product"}],"about":[{"href":"https:\/\/cigarettemanufacturingmachinery.com\/tr\/wp-json\/wp\/v2\/types\/product"}],"replies":[{"embeddable":true,"href":"https:\/\/cigarettemanufacturingmachinery.com\/tr\/wp-json\/wp\/v2\/comments?post=28235"}],"version-history":[{"count":2,"href":"https:\/\/cigarettemanufacturingmachinery.com\/tr\/wp-json\/wp\/v2\/product\/28235\/revisions"}],"predecessor-version":[{"id":28429,"href":"https:\/\/cigarettemanufacturingmachinery.com\/tr\/wp-json\/wp\/v2\/product\/28235\/revisions\/28429"}],"wp:featuredmedia":[{"embeddable":true,"href":"https:\/\/cigarettemanufacturingmachinery.com\/tr\/wp-json\/wp\/v2\/media\/28185"}],"wp:attachment":[{"href":"https:\/\/cigarettemanufacturingmachinery.com\/tr\/wp-json\/wp\/v2\/media?parent=28235"}],"wp:term":[{"taxonomy":"product_brand","embeddable":true,"href":"https:\/\/cigarettemanufacturingmachinery.com\/tr\/wp-json\/wp\/v2\/product_brand?post=28235"},{"taxonomy":"product_cat","embeddable":true,"href":"https:\/\/cigarettemanufacturingmachinery.com\/tr\/wp-json\/wp\/v2\/product_cat?post=28235"},{"taxonomy":"product_tag","embeddable":true,"href":"https:\/\/cigarettemanufacturingmachinery.com\/tr\/wp-json\/wp\/v2\/product_tag?post=28235"}],"curies":[{"name":"wp","href":"https:\/\/api.w.org\/{rel}","templated":true}]}}