{"id":28237,"date":"2024-06-08T06:24:31","date_gmt":"2024-06-08T06:24:31","guid":{"rendered":"https:\/\/cigarettemanufacturingmachinery.com\/?post_type=product&#038;p=28237"},"modified":"2024-06-28T06:35:03","modified_gmt":"2024-06-28T06:35:03","slug":"hauni-kdf-2-cigarette-filter-manufacturing-machine","status":"publish","type":"product","link":"https:\/\/cigarettemanufacturingmachinery.com\/tr\/urun\/hauni-kdf-2-sigara-filtresi-uretim-makinesi\/","title":{"rendered":"Hauni KDF-2 Sigara Filtresi \u00dcretim Makinesi"},"content":{"rendered":"<p>\u0130\u015fte KDF-2 i\u00e7in baz\u0131 \u00f6nemli noktalar<\/p>\n<ol>\n<li>Makinenin \u00fcretim kapasitesi 400 Metre \/ Dakikad\u0131r, Asetat \u00c7ekme \u0130\u00e7in<\/li>\n<li>Filtre \u00e7evresi 16,8 mm \u2013 28,1 mm aras\u0131nda de\u011fi\u015fmektedir.<\/li>\n<li>Filtre Uzunlu\u011fu 64mm \u2013 150mm aras\u0131ndad\u0131r.<\/li>\n<li>SIEMENS veya BECKHOFF PLC Kontrol Sistemi ile birlikte gelir<\/li>\n<li>Servo Sistemi Lenze veya Beckhoff&#039;tur<\/li>\n<li>\u00c7evre kontrol\u00fc KDF-2 Filtre \u00dcreticisi \u00c7ekme A\u00e7\u0131c\u0131 HCF80 Otomatik Tepsi Dolum Makinesi ile<\/li>\n<li>Ald\u0131\u011f\u0131 g\u00fc\u00e7 KDF-2 \/ 40KW ve HCF80 \/ 15KW olarak ikiye ayr\u0131l\u0131r<\/li>\n<li>Makinenin Toplam A\u011f\u0131rl\u0131\u011f\u0131 6.500 Kg&#039;d\u0131r<\/li>\n<\/ol>","protected":false},"excerpt":{"rendered":"<p class=\"elementor-heading-title elementor-size-default\">HAUNI KDF-2, filtre \u00fcretiminin daha h\u0131zl\u0131 bir versiyonudur ve k\u00fc\u00e7\u00fck ve orta \u00f6l\u00e7ekli \u00fcretim seviyelerine ula\u015fabilir. KDF-2 \u00e7ok y\u00f6nl\u00fc niteliklere sahiptir ve \u00e7e\u015fitli boyutlarla ba\u015fa \u00e7\u0131kmak i\u00e7in verimlidir.<\/p>","protected":false},"featured_media":28203,"comment_status":"closed","ping_status":"closed","template":"","meta":[],"product_brand":[],"product_cat":[102],"product_tag":[],"class_list":{"0":"post-28237","1":"product","2":"type-product","3":"status-publish","4":"has-post-thumbnail","6":"product_cat-filter-making","8":"first","9":"instock","10":"shipping-taxable","11":"product-type-simple"},"yoast_head":"<!-- This site is optimized with the Yoast SEO plugin v27.4 - https:\/\/yoast.com\/product\/yoast-seo-wordpress\/ -->\n<title>Hauni KDF-2 Cigarette Filter Manufacturing Machine<\/title>\n<meta name=\"description\" content=\"Hauni KDF-2 Cigarette Filter Manufacturing Machine | Ready to ship \u2714 - Contact us to get custom quote for your machinery requirements\" \/>\n<meta name=\"robots\" content=\"index, follow, max-snippet:-1, max-image-preview:large, max-video-preview:-1\" \/>\n<link rel=\"canonical\" href=\"https:\/\/cigarettemanufacturingmachinery.com\/tr\/produkt\/hauni-kdf-2-maszyna-do-produkcji-filtrow-papierosowych\/\" \/>\n<meta property=\"og:locale\" content=\"tr_TR\" \/>\n<meta property=\"og:type\" content=\"article\" \/>\n<meta property=\"og:title\" content=\"Hauni KDF-2 Cigarette Filter Manufacturing Machine\" \/>\n<meta property=\"og:description\" content=\"Hauni KDF-2 Cigarette Filter Manufacturing Machine | Ready to ship \u2714 - Contact us to get custom quote for your machinery requirements\" \/>\n<meta property=\"og:url\" content=\"https:\/\/cigarettemanufacturingmachinery.com\/tr\/produkt\/hauni-kdf-2-maszyna-do-produkcji-filtrow-papierosowych\/\" \/>\n<meta property=\"og:site_name\" content=\"Cigarette Manufacturing Machinery\" \/>\n<meta property=\"article:modified_time\" content=\"2024-06-28T06:35:03+00:00\" \/>\n<meta property=\"og:image\" content=\"https:\/\/cigarettemanufacturingmachinery.com\/wp-content\/uploads\/2024\/06\/Hauni-KDF-2-Cigarette-Filter-Making-Machine.webp\" \/>\n\t<meta property=\"og:image:width\" content=\"684\" \/>\n\t<meta property=\"og:image:height\" content=\"456\" \/>\n\t<meta property=\"og:image:type\" content=\"image\/webp\" \/>\n<meta name=\"twitter:card\" content=\"summary_large_image\" \/>\n<!-- \/ Yoast SEO plugin. -->","yoast_head_json":{"title":"Hauni KDF-2 Sigara Filtresi \u00dcretim Makinesi","description":"Hauni KDF-2 Sigara Filtresi \u00dcretim Makinesi | G\u00f6nderime haz\u0131r \u2714 - Makine gereksinimleriniz i\u00e7in \u00f6zel fiyat teklifi almak \u00fczere bizimle ileti\u015fime ge\u00e7in","robots":{"index":"index","follow":"follow","max-snippet":"max-snippet:-1","max-image-preview":"max-image-preview:large","max-video-preview":"max-video-preview:-1"},"canonical":"https:\/\/cigarettemanufacturingmachinery.com\/tr\/produkt\/hauni-kdf-2-maszyna-do-produkcji-filtrow-papierosowych\/","og_locale":"tr_TR","og_type":"article","og_title":"Hauni KDF-2 Cigarette Filter Manufacturing Machine","og_description":"Hauni KDF-2 Cigarette Filter Manufacturing Machine | Ready to ship \u2714 - Contact us to get custom quote for your machinery requirements","og_url":"https:\/\/cigarettemanufacturingmachinery.com\/tr\/produkt\/hauni-kdf-2-maszyna-do-produkcji-filtrow-papierosowych\/","og_site_name":"Cigarette Manufacturing Machinery","article_modified_time":"2024-06-28T06:35:03+00:00","og_image":[{"width":684,"height":456,"url":"https:\/\/cigarettemanufacturingmachinery.com\/wp-content\/uploads\/2024\/06\/Hauni-KDF-2-Cigarette-Filter-Making-Machine.webp","type":"image\/webp"}],"twitter_card":"summary_large_image","schema":{"@context":"https:\/\/schema.org","@graph":[{"@type":"WebPage","@id":"https:\/\/cigarettemanufacturingmachinery.com\/pl\/produkt\/hauni-kdf-2-maszyna-do-produkcji-filtrow-papierosowych\/","url":"https:\/\/cigarettemanufacturingmachinery.com\/pl\/produkt\/hauni-kdf-2-maszyna-do-produkcji-filtrow-papierosowych\/","name":"Hauni KDF-2 Sigara Filtresi \u00dcretim Makinesi","isPartOf":{"@id":"https:\/\/cigarettemanufacturingmachinery.com\/#website"},"primaryImageOfPage":{"@id":"https:\/\/cigarettemanufacturingmachinery.com\/pl\/produkt\/hauni-kdf-2-maszyna-do-produkcji-filtrow-papierosowych\/#primaryimage"},"image":{"@id":"https:\/\/cigarettemanufacturingmachinery.com\/pl\/produkt\/hauni-kdf-2-maszyna-do-produkcji-filtrow-papierosowych\/#primaryimage"},"thumbnailUrl":"https:\/\/cigarettemanufacturingmachinery.com\/wp-content\/uploads\/2024\/06\/Hauni-KDF-2-Cigarette-Filter-Making-Machine.webp","datePublished":"2024-06-08T06:24:31+00:00","dateModified":"2024-06-28T06:35:03+00:00","description":"Hauni KDF-2 Sigara Filtresi \u00dcretim Makinesi | G\u00f6nderime haz\u0131r \u2714 - Makine gereksinimleriniz i\u00e7in \u00f6zel fiyat teklifi almak \u00fczere bizimle ileti\u015fime ge\u00e7in","breadcrumb":{"@id":"https:\/\/cigarettemanufacturingmachinery.com\/pl\/produkt\/hauni-kdf-2-maszyna-do-produkcji-filtrow-papierosowych\/#breadcrumb"},"inLanguage":"tr","potentialAction":[{"@type":"ReadAction","target":["https:\/\/cigarettemanufacturingmachinery.com\/pl\/produkt\/hauni-kdf-2-maszyna-do-produkcji-filtrow-papierosowych\/"]}]},{"@type":"ImageObject","inLanguage":"tr","@id":"https:\/\/cigarettemanufacturingmachinery.com\/pl\/produkt\/hauni-kdf-2-maszyna-do-produkcji-filtrow-papierosowych\/#primaryimage","url":"https:\/\/cigarettemanufacturingmachinery.com\/wp-content\/uploads\/2024\/06\/Hauni-KDF-2-Cigarette-Filter-Making-Machine.webp","contentUrl":"https:\/\/cigarettemanufacturingmachinery.com\/wp-content\/uploads\/2024\/06\/Hauni-KDF-2-Cigarette-Filter-Making-Machine.webp","width":684,"height":456,"caption":"Hauni KDF-2 Cigarette Filter Making Machine"},{"@type":"BreadcrumbList","@id":"https:\/\/cigarettemanufacturingmachinery.com\/pl\/produkt\/hauni-kdf-2-maszyna-do-produkcji-filtrow-papierosowych\/#breadcrumb","itemListElement":[{"@type":"ListItem","position":1,"name":"Home","item":"https:\/\/cigarettemanufacturingmachinery.com\/"},{"@type":"ListItem","position":2,"name":"\u00dcr\u00fcnler","item":"https:\/\/cigarettemanufacturingmachinery.com\/tr\/shop\/"},{"@type":"ListItem","position":3,"name":"Hauni KDF-2 Cigarette Filter Manufacturing Machine"}]},{"@type":"WebSite","@id":"https:\/\/cigarettemanufacturingmachinery.com\/#website","url":"https:\/\/cigarettemanufacturingmachinery.com\/","name":"Sigara \u00dcretim Makinalar\u0131","description":"Sigara Yapma Makinesi Tedarik\u00e7ileri","potentialAction":[{"@type":"SearchAction","target":{"@type":"EntryPoint","urlTemplate":"https:\/\/cigarettemanufacturingmachinery.com\/?s={search_term_string}"},"query-input":{"@type":"PropertyValueSpecification","valueRequired":true,"valueName":"search_term_string"}}],"inLanguage":"tr"}]}},"_links":{"self":[{"href":"https:\/\/cigarettemanufacturingmachinery.com\/tr\/wp-json\/wp\/v2\/product\/28237","targetHints":{"allow":["GET"]}}],"collection":[{"href":"https:\/\/cigarettemanufacturingmachinery.com\/tr\/wp-json\/wp\/v2\/product"}],"about":[{"href":"https:\/\/cigarettemanufacturingmachinery.com\/tr\/wp-json\/wp\/v2\/types\/product"}],"replies":[{"embeddable":true,"href":"https:\/\/cigarettemanufacturingmachinery.com\/tr\/wp-json\/wp\/v2\/comments?post=28237"}],"version-history":[{"count":2,"href":"https:\/\/cigarettemanufacturingmachinery.com\/tr\/wp-json\/wp\/v2\/product\/28237\/revisions"}],"predecessor-version":[{"id":28505,"href":"https:\/\/cigarettemanufacturingmachinery.com\/tr\/wp-json\/wp\/v2\/product\/28237\/revisions\/28505"}],"wp:featuredmedia":[{"embeddable":true,"href":"https:\/\/cigarettemanufacturingmachinery.com\/tr\/wp-json\/wp\/v2\/media\/28203"}],"wp:attachment":[{"href":"https:\/\/cigarettemanufacturingmachinery.com\/tr\/wp-json\/wp\/v2\/media?parent=28237"}],"wp:term":[{"taxonomy":"product_brand","embeddable":true,"href":"https:\/\/cigarettemanufacturingmachinery.com\/tr\/wp-json\/wp\/v2\/product_brand?post=28237"},{"taxonomy":"product_cat","embeddable":true,"href":"https:\/\/cigarettemanufacturingmachinery.com\/tr\/wp-json\/wp\/v2\/product_cat?post=28237"},{"taxonomy":"product_tag","embeddable":true,"href":"https:\/\/cigarettemanufacturingmachinery.com\/tr\/wp-json\/wp\/v2\/product_tag?post=28237"}],"curies":[{"name":"wp","href":"https:\/\/api.w.org\/{rel}","templated":true}]}}