{"id":28239,"date":"2024-06-08T06:26:18","date_gmt":"2024-06-08T06:26:18","guid":{"rendered":"https:\/\/cigarettemanufacturingmachinery.com\/?post_type=product&#038;p=28239"},"modified":"2024-06-28T06:35:46","modified_gmt":"2024-06-28T06:35:46","slug":"hauni-kdf-1-cigarette-filter-manufacturing-machine","status":"publish","type":"product","link":"https:\/\/cigarettemanufacturingmachinery.com\/tr\/urun\/hauni-kdf-1-sigara-filtresi-uretim-makinesi\/","title":{"rendered":"Hauni KDF-1 Sigara Filtresi \u00dcretim Makinesi"},"content":{"rendered":"<p>\u0130\u015fte KDF-1&#039;in baz\u0131 \u00f6nemli noktalar\u0131<\/p>\n<ol>\n<li>Ortalama \u00fcretim kapasitesi dakikada 250 metredir.<\/li>\n<li>Makine 120mm filtrelerle \u00e7al\u0131\u015f\u0131r<\/li>\n<li>Filtrenin \u00e7evre \u00f6l\u00e7\u00fcs\u00fc 16,8 \u2013 28,1 mm aras\u0131nda de\u011fi\u015fmektedir.<\/li>\n<li>Filtre uzunlu\u011fu 64mm \u2013 150mm aras\u0131ndad\u0131r.<\/li>\n<li>PLC Kontrol Sistemi SIEMENS veya BECKHOFF ile birlikte gelir<\/li>\n<li>Servo Sistemi Lenze veya Beckhoff<\/li>\n<li>\u00c7evre kontrol\u00fc Lazer Sistemi ile sa\u011flanmaktad\u0131r.<\/li>\n<li>\u00c7al\u0131\u015ft\u0131rmak i\u00e7in gereken g\u00fc\u00e7 40KW&#039;t\u0131r<\/li>\n<\/ol>","protected":false},"excerpt":{"rendered":"<p class=\"elementor-heading-title elementor-size-default\">HAUNI KDF-1 Sigara Filtresi \u00dcretim Makinesi, h\u0131z\u0131na ve \u00e7ok y\u00f6nl\u00fcl\u00fc\u011f\u00fcne ba\u011fl\u0131 olarak k\u00fc\u00e7\u00fck \u00f6l\u00e7ekli bir \u00fcretici veya yat\u0131r\u0131mc\u0131 i\u00e7indir. Daha az kesinti s\u00fcresi ve daha az at\u0131kla sa\u011flam bir m\u00fchendislik ekipman\u0131d\u0131r.<\/p>","protected":false},"featured_media":28204,"comment_status":"closed","ping_status":"closed","template":"","meta":[],"product_brand":[],"product_cat":[102],"product_tag":[],"class_list":{"0":"post-28239","1":"product","2":"type-product","3":"status-publish","4":"has-post-thumbnail","6":"product_cat-filter-making","8":"first","9":"instock","10":"shipping-taxable","11":"product-type-simple"},"yoast_head":"<!-- This site is optimized with the Yoast SEO plugin v27.4 - https:\/\/yoast.com\/product\/yoast-seo-wordpress\/ -->\n<title>Hauni KDF-1 Cigarette Filter Manufacturing Machine<\/title>\n<meta name=\"description\" content=\"Hauni KDF-1 Cigarette Filter Manufacturing Machine | Ready to ship \u2714 - Contact us to get custom quote for your machinery requirements\" \/>\n<meta name=\"robots\" content=\"index, follow, max-snippet:-1, max-image-preview:large, max-video-preview:-1\" \/>\n<link rel=\"canonical\" href=\"https:\/\/cigarettemanufacturingmachinery.com\/tr\/urun\/hauni-kdf-1-sigara-filtresi-uretim-makinesi\/\" \/>\n<meta property=\"og:locale\" content=\"tr_TR\" \/>\n<meta property=\"og:type\" content=\"article\" \/>\n<meta property=\"og:title\" content=\"Hauni KDF-1 Cigarette Filter Manufacturing Machine\" \/>\n<meta property=\"og:description\" content=\"Hauni KDF-1 Cigarette Filter Manufacturing Machine | Ready to ship \u2714 - Contact us to get custom quote for your machinery requirements\" \/>\n<meta property=\"og:url\" content=\"https:\/\/cigarettemanufacturingmachinery.com\/tr\/urun\/hauni-kdf-1-sigara-filtresi-uretim-makinesi\/\" \/>\n<meta property=\"og:site_name\" content=\"Cigarette Manufacturing Machinery\" \/>\n<meta property=\"article:modified_time\" content=\"2024-06-28T06:35:46+00:00\" \/>\n<meta property=\"og:image\" content=\"https:\/\/cigarettemanufacturingmachinery.com\/wp-content\/uploads\/2024\/06\/Hauni-KDF-1.webp\" \/>\n\t<meta property=\"og:image:width\" content=\"672\" \/>\n\t<meta property=\"og:image:height\" content=\"448\" \/>\n\t<meta property=\"og:image:type\" content=\"image\/webp\" \/>\n<meta name=\"twitter:card\" content=\"summary_large_image\" \/>\n<!-- \/ Yoast SEO plugin. -->","yoast_head_json":{"title":"Hauni KDF-1 Sigara Filtresi \u00dcretim Makinesi","description":"Hauni KDF-1 Sigara Filtresi \u00dcretim Makinesi | G\u00f6nderime haz\u0131r \u2714 - Makine gereksinimleriniz i\u00e7in \u00f6zel fiyat teklifi almak \u00fczere bizimle ileti\u015fime ge\u00e7in","robots":{"index":"index","follow":"follow","max-snippet":"max-snippet:-1","max-image-preview":"max-image-preview:large","max-video-preview":"max-video-preview:-1"},"canonical":"https:\/\/cigarettemanufacturingmachinery.com\/tr\/urun\/hauni-kdf-1-sigara-filtresi-uretim-makinesi\/","og_locale":"tr_TR","og_type":"article","og_title":"Hauni KDF-1 Cigarette Filter Manufacturing Machine","og_description":"Hauni KDF-1 Cigarette Filter Manufacturing Machine | Ready to ship \u2714 - Contact us to get custom quote for your machinery requirements","og_url":"https:\/\/cigarettemanufacturingmachinery.com\/tr\/urun\/hauni-kdf-1-sigara-filtresi-uretim-makinesi\/","og_site_name":"Cigarette Manufacturing Machinery","article_modified_time":"2024-06-28T06:35:46+00:00","og_image":[{"width":672,"height":448,"url":"https:\/\/cigarettemanufacturingmachinery.com\/wp-content\/uploads\/2024\/06\/Hauni-KDF-1.webp","type":"image\/webp"}],"twitter_card":"summary_large_image","schema":{"@context":"https:\/\/schema.org","@graph":[{"@type":"WebPage","@id":"https:\/\/cigarettemanufacturingmachinery.com\/product\/hauni-kdf-1-cigarette-filter-manufacturing-machine\/","url":"https:\/\/cigarettemanufacturingmachinery.com\/product\/hauni-kdf-1-cigarette-filter-manufacturing-machine\/","name":"Hauni KDF-1 Sigara Filtresi \u00dcretim Makinesi","isPartOf":{"@id":"https:\/\/cigarettemanufacturingmachinery.com\/#website"},"primaryImageOfPage":{"@id":"https:\/\/cigarettemanufacturingmachinery.com\/product\/hauni-kdf-1-cigarette-filter-manufacturing-machine\/#primaryimage"},"image":{"@id":"https:\/\/cigarettemanufacturingmachinery.com\/product\/hauni-kdf-1-cigarette-filter-manufacturing-machine\/#primaryimage"},"thumbnailUrl":"https:\/\/cigarettemanufacturingmachinery.com\/wp-content\/uploads\/2024\/06\/Hauni-KDF-1.webp","datePublished":"2024-06-08T06:26:18+00:00","dateModified":"2024-06-28T06:35:46+00:00","description":"Hauni KDF-1 Sigara Filtresi \u00dcretim Makinesi | G\u00f6nderime haz\u0131r \u2714 - Makine gereksinimleriniz i\u00e7in \u00f6zel fiyat teklifi almak \u00fczere bizimle ileti\u015fime ge\u00e7in","breadcrumb":{"@id":"https:\/\/cigarettemanufacturingmachinery.com\/product\/hauni-kdf-1-cigarette-filter-manufacturing-machine\/#breadcrumb"},"inLanguage":"tr","potentialAction":[{"@type":"ReadAction","target":["https:\/\/cigarettemanufacturingmachinery.com\/product\/hauni-kdf-1-cigarette-filter-manufacturing-machine\/"]}]},{"@type":"ImageObject","inLanguage":"tr","@id":"https:\/\/cigarettemanufacturingmachinery.com\/product\/hauni-kdf-1-cigarette-filter-manufacturing-machine\/#primaryimage","url":"https:\/\/cigarettemanufacturingmachinery.com\/wp-content\/uploads\/2024\/06\/Hauni-KDF-1.webp","contentUrl":"https:\/\/cigarettemanufacturingmachinery.com\/wp-content\/uploads\/2024\/06\/Hauni-KDF-1.webp","width":672,"height":448,"caption":"Hauni KDF-1 Cigarette Filter manufacturing machine"},{"@type":"BreadcrumbList","@id":"https:\/\/cigarettemanufacturingmachinery.com\/product\/hauni-kdf-1-cigarette-filter-manufacturing-machine\/#breadcrumb","itemListElement":[{"@type":"ListItem","position":1,"name":"Home","item":"https:\/\/cigarettemanufacturingmachinery.com\/"},{"@type":"ListItem","position":2,"name":"\u00dcr\u00fcnler","item":"https:\/\/cigarettemanufacturingmachinery.com\/tr\/shop\/"},{"@type":"ListItem","position":3,"name":"Hauni KDF-1 Cigarette Filter Manufacturing Machine"}]},{"@type":"WebSite","@id":"https:\/\/cigarettemanufacturingmachinery.com\/#website","url":"https:\/\/cigarettemanufacturingmachinery.com\/","name":"Sigara \u00dcretim Makinalar\u0131","description":"Sigara Yapma Makinesi Tedarik\u00e7ileri","potentialAction":[{"@type":"SearchAction","target":{"@type":"EntryPoint","urlTemplate":"https:\/\/cigarettemanufacturingmachinery.com\/?s={search_term_string}"},"query-input":{"@type":"PropertyValueSpecification","valueRequired":true,"valueName":"search_term_string"}}],"inLanguage":"tr"}]}},"_links":{"self":[{"href":"https:\/\/cigarettemanufacturingmachinery.com\/tr\/wp-json\/wp\/v2\/product\/28239","targetHints":{"allow":["GET"]}}],"collection":[{"href":"https:\/\/cigarettemanufacturingmachinery.com\/tr\/wp-json\/wp\/v2\/product"}],"about":[{"href":"https:\/\/cigarettemanufacturingmachinery.com\/tr\/wp-json\/wp\/v2\/types\/product"}],"replies":[{"embeddable":true,"href":"https:\/\/cigarettemanufacturingmachinery.com\/tr\/wp-json\/wp\/v2\/comments?post=28239"}],"version-history":[{"count":2,"href":"https:\/\/cigarettemanufacturingmachinery.com\/tr\/wp-json\/wp\/v2\/product\/28239\/revisions"}],"predecessor-version":[{"id":28506,"href":"https:\/\/cigarettemanufacturingmachinery.com\/tr\/wp-json\/wp\/v2\/product\/28239\/revisions\/28506"}],"wp:featuredmedia":[{"embeddable":true,"href":"https:\/\/cigarettemanufacturingmachinery.com\/tr\/wp-json\/wp\/v2\/media\/28204"}],"wp:attachment":[{"href":"https:\/\/cigarettemanufacturingmachinery.com\/tr\/wp-json\/wp\/v2\/media?parent=28239"}],"wp:term":[{"taxonomy":"product_brand","embeddable":true,"href":"https:\/\/cigarettemanufacturingmachinery.com\/tr\/wp-json\/wp\/v2\/product_brand?post=28239"},{"taxonomy":"product_cat","embeddable":true,"href":"https:\/\/cigarettemanufacturingmachinery.com\/tr\/wp-json\/wp\/v2\/product_cat?post=28239"},{"taxonomy":"product_tag","embeddable":true,"href":"https:\/\/cigarettemanufacturingmachinery.com\/tr\/wp-json\/wp\/v2\/product_tag?post=28239"}],"curies":[{"name":"wp","href":"https:\/\/api.w.org\/{rel}","templated":true}]}}