{"id":28250,"date":"2024-06-08T07:47:59","date_gmt":"2024-06-08T07:47:59","guid":{"rendered":"https:\/\/cigarettemanufacturingmachinery.com\/?post_type=product&#038;p=28250"},"modified":"2024-06-28T06:36:42","modified_gmt":"2024-06-28T06:36:42","slug":"molins-pm-5-filter-making-machines","status":"publish","type":"product","link":"https:\/\/cigarettemanufacturingmachinery.com\/tr\/urun\/molins-pm-5-filtre-yapma-makineleri\/","title":{"rendered":"MOLINS PM-5 Filtre \u00dcretim Makineleri"},"content":{"rendered":"<p>\u0130\u015fte PM-5 i\u00e7in baz\u0131 \u00f6nemli noktalar<\/p>\n<ol>\n<li>\u00dcretim kapasitesi dakikada 4000 filtredir<\/li>\n<li>Bu makine 7,5 mm ile 7,8 mm aras\u0131ndaki filtre \u00e7ubu\u011fu \u00e7aplar\u0131yla ilgilenir<\/li>\n<li>108 mm ile 126 mm aras\u0131nda de\u011fi\u015fen filtre \u00e7ubu\u011fu uzunluklar\u0131na uygundur<\/li>\n<li>Yakla\u015f\u0131k a\u011f\u0131rl\u0131\u011f\u0131 2000 kg&#039;d\u0131r<\/li>\n<li>Makine PLC Elektronik sistemle donat\u0131lm\u0131\u015ft\u0131r<\/li>\n<li>Bu makinede ayr\u0131ca otomatik \u00e7ap kontrol\u00fc de bulunmaktad\u0131r<\/li>\n<\/ol>\n<p>&nbsp;<\/p>","protected":false},"excerpt":{"rendered":"<p>Filtre yap\u0131m\u0131nda asetat \u00e7ekme aparat\u0131 ile \u00e7al\u0131\u015fan, y\u00fcksek do\u011fruluk ve verimlilikle \u00e7al\u0131\u015fan, 6 bar hava bas\u0131nc\u0131nda \u00e7al\u0131\u015fan MOLINS PM-5 Sigara Filtresi Yapma Makinas\u0131, sigara \u00fcreticileri i\u00e7in zorlu bir m\u00fchendislik \u00fcr\u00fcn\u00fcd\u00fcr.<\/p>","protected":false},"featured_media":28205,"comment_status":"closed","ping_status":"closed","template":"","meta":[],"product_brand":[],"product_cat":[102],"product_tag":[],"class_list":{"0":"post-28250","1":"product","2":"type-product","3":"status-publish","4":"has-post-thumbnail","6":"product_cat-filter-making","8":"first","9":"instock","10":"shipping-taxable","11":"product-type-simple"},"yoast_head":"<!-- This site is optimized with the Yoast SEO plugin v27.4 - https:\/\/yoast.com\/product\/yoast-seo-wordpress\/ -->\n<title>MOLINS PM-5 Filter Making Machines<\/title>\n<meta name=\"description\" content=\"MOLINS PM-5 Filter Making Machines | Ready to ship \u2714 - Contact us to get custom quote for your machinery requirements\" \/>\n<meta name=\"robots\" content=\"index, follow, max-snippet:-1, max-image-preview:large, max-video-preview:-1\" \/>\n<link rel=\"canonical\" href=\"https:\/\/cigarettemanufacturingmachinery.com\/tr\/produkt\/maszyny-do-produkcji-filtrow-molins-pm-5\/\" \/>\n<meta property=\"og:locale\" content=\"tr_TR\" \/>\n<meta property=\"og:type\" content=\"article\" \/>\n<meta property=\"og:title\" content=\"MOLINS PM-5 Filter Making Machines\" \/>\n<meta property=\"og:description\" content=\"MOLINS PM-5 Filter Making Machines | Ready to ship \u2714 - Contact us to get custom quote for your machinery requirements\" \/>\n<meta property=\"og:url\" content=\"https:\/\/cigarettemanufacturingmachinery.com\/tr\/produkt\/maszyny-do-produkcji-filtrow-molins-pm-5\/\" \/>\n<meta property=\"og:site_name\" content=\"Cigarette Manufacturing Machinery\" \/>\n<meta property=\"article:modified_time\" content=\"2024-06-28T06:36:42+00:00\" \/>\n<meta property=\"og:image\" content=\"https:\/\/cigarettemanufacturingmachinery.com\/wp-content\/uploads\/2024\/06\/MOLINS-Filter-Making-Machines.webp\" \/>\n\t<meta property=\"og:image:width\" content=\"816\" \/>\n\t<meta property=\"og:image:height\" content=\"544\" \/>\n\t<meta property=\"og:image:type\" content=\"image\/webp\" \/>\n<meta name=\"twitter:card\" content=\"summary_large_image\" \/>\n<!-- \/ Yoast SEO plugin. -->","yoast_head_json":{"title":"MOLINS PM-5 Filtre \u00dcretim Makineleri","description":"MOLINS PM-5 Filtre \u00dcretim Makineleri | G\u00f6nderime haz\u0131r \u2714 - Makine gereksinimleriniz i\u00e7in \u00f6zel fiyat teklifi almak \u00fczere bizimle ileti\u015fime ge\u00e7in","robots":{"index":"index","follow":"follow","max-snippet":"max-snippet:-1","max-image-preview":"max-image-preview:large","max-video-preview":"max-video-preview:-1"},"canonical":"https:\/\/cigarettemanufacturingmachinery.com\/tr\/produkt\/maszyny-do-produkcji-filtrow-molins-pm-5\/","og_locale":"tr_TR","og_type":"article","og_title":"MOLINS PM-5 Filter Making Machines","og_description":"MOLINS PM-5 Filter Making Machines | Ready to ship \u2714 - Contact us to get custom quote for your machinery requirements","og_url":"https:\/\/cigarettemanufacturingmachinery.com\/tr\/produkt\/maszyny-do-produkcji-filtrow-molins-pm-5\/","og_site_name":"Cigarette Manufacturing Machinery","article_modified_time":"2024-06-28T06:36:42+00:00","og_image":[{"width":816,"height":544,"url":"https:\/\/cigarettemanufacturingmachinery.com\/wp-content\/uploads\/2024\/06\/MOLINS-Filter-Making-Machines.webp","type":"image\/webp"}],"twitter_card":"summary_large_image","schema":{"@context":"https:\/\/schema.org","@graph":[{"@type":"WebPage","@id":"https:\/\/cigarettemanufacturingmachinery.com\/pl\/produkt\/maszyny-do-produkcji-filtrow-molins-pm-5\/","url":"https:\/\/cigarettemanufacturingmachinery.com\/pl\/produkt\/maszyny-do-produkcji-filtrow-molins-pm-5\/","name":"MOLINS PM-5 Filtre \u00dcretim Makineleri","isPartOf":{"@id":"https:\/\/cigarettemanufacturingmachinery.com\/#website"},"primaryImageOfPage":{"@id":"https:\/\/cigarettemanufacturingmachinery.com\/pl\/produkt\/maszyny-do-produkcji-filtrow-molins-pm-5\/#primaryimage"},"image":{"@id":"https:\/\/cigarettemanufacturingmachinery.com\/pl\/produkt\/maszyny-do-produkcji-filtrow-molins-pm-5\/#primaryimage"},"thumbnailUrl":"https:\/\/cigarettemanufacturingmachinery.com\/wp-content\/uploads\/2024\/06\/MOLINS-Filter-Making-Machines.webp","datePublished":"2024-06-08T07:47:59+00:00","dateModified":"2024-06-28T06:36:42+00:00","description":"MOLINS PM-5 Filtre \u00dcretim Makineleri | G\u00f6nderime haz\u0131r \u2714 - Makine gereksinimleriniz i\u00e7in \u00f6zel fiyat teklifi almak \u00fczere bizimle ileti\u015fime ge\u00e7in","breadcrumb":{"@id":"https:\/\/cigarettemanufacturingmachinery.com\/pl\/produkt\/maszyny-do-produkcji-filtrow-molins-pm-5\/#breadcrumb"},"inLanguage":"tr","potentialAction":[{"@type":"ReadAction","target":["https:\/\/cigarettemanufacturingmachinery.com\/pl\/produkt\/maszyny-do-produkcji-filtrow-molins-pm-5\/"]}]},{"@type":"ImageObject","inLanguage":"tr","@id":"https:\/\/cigarettemanufacturingmachinery.com\/pl\/produkt\/maszyny-do-produkcji-filtrow-molins-pm-5\/#primaryimage","url":"https:\/\/cigarettemanufacturingmachinery.com\/wp-content\/uploads\/2024\/06\/MOLINS-Filter-Making-Machines.webp","contentUrl":"https:\/\/cigarettemanufacturingmachinery.com\/wp-content\/uploads\/2024\/06\/MOLINS-Filter-Making-Machines.webp","width":816,"height":544,"caption":"MOLINS Filter Making Machines"},{"@type":"BreadcrumbList","@id":"https:\/\/cigarettemanufacturingmachinery.com\/pl\/produkt\/maszyny-do-produkcji-filtrow-molins-pm-5\/#breadcrumb","itemListElement":[{"@type":"ListItem","position":1,"name":"Home","item":"https:\/\/cigarettemanufacturingmachinery.com\/"},{"@type":"ListItem","position":2,"name":"\u00dcr\u00fcnler","item":"https:\/\/cigarettemanufacturingmachinery.com\/tr\/shop\/"},{"@type":"ListItem","position":3,"name":"MOLINS PM-5 Filter Making Machines"}]},{"@type":"WebSite","@id":"https:\/\/cigarettemanufacturingmachinery.com\/#website","url":"https:\/\/cigarettemanufacturingmachinery.com\/","name":"Sigara \u00dcretim Makinalar\u0131","description":"Sigara Yapma Makinesi Tedarik\u00e7ileri","potentialAction":[{"@type":"SearchAction","target":{"@type":"EntryPoint","urlTemplate":"https:\/\/cigarettemanufacturingmachinery.com\/?s={search_term_string}"},"query-input":{"@type":"PropertyValueSpecification","valueRequired":true,"valueName":"search_term_string"}}],"inLanguage":"tr"}]}},"_links":{"self":[{"href":"https:\/\/cigarettemanufacturingmachinery.com\/tr\/wp-json\/wp\/v2\/product\/28250","targetHints":{"allow":["GET"]}}],"collection":[{"href":"https:\/\/cigarettemanufacturingmachinery.com\/tr\/wp-json\/wp\/v2\/product"}],"about":[{"href":"https:\/\/cigarettemanufacturingmachinery.com\/tr\/wp-json\/wp\/v2\/types\/product"}],"replies":[{"embeddable":true,"href":"https:\/\/cigarettemanufacturingmachinery.com\/tr\/wp-json\/wp\/v2\/comments?post=28250"}],"version-history":[{"count":2,"href":"https:\/\/cigarettemanufacturingmachinery.com\/tr\/wp-json\/wp\/v2\/product\/28250\/revisions"}],"predecessor-version":[{"id":28510,"href":"https:\/\/cigarettemanufacturingmachinery.com\/tr\/wp-json\/wp\/v2\/product\/28250\/revisions\/28510"}],"wp:featuredmedia":[{"embeddable":true,"href":"https:\/\/cigarettemanufacturingmachinery.com\/tr\/wp-json\/wp\/v2\/media\/28205"}],"wp:attachment":[{"href":"https:\/\/cigarettemanufacturingmachinery.com\/tr\/wp-json\/wp\/v2\/media?parent=28250"}],"wp:term":[{"taxonomy":"product_brand","embeddable":true,"href":"https:\/\/cigarettemanufacturingmachinery.com\/tr\/wp-json\/wp\/v2\/product_brand?post=28250"},{"taxonomy":"product_cat","embeddable":true,"href":"https:\/\/cigarettemanufacturingmachinery.com\/tr\/wp-json\/wp\/v2\/product_cat?post=28250"},{"taxonomy":"product_tag","embeddable":true,"href":"https:\/\/cigarettemanufacturingmachinery.com\/tr\/wp-json\/wp\/v2\/product_tag?post=28250"}],"curies":[{"name":"wp","href":"https:\/\/api.w.org\/{rel}","templated":true}]}}