{"id":28252,"date":"2024-06-08T07:53:59","date_gmt":"2024-06-08T07:53:59","guid":{"rendered":"https:\/\/cigarettemanufacturingmachinery.com\/?post_type=product&#038;p=28252"},"modified":"2024-06-28T06:37:24","modified_gmt":"2024-06-28T06:37:24","slug":"hollow-tube-maker","status":"publish","type":"product","link":"https:\/\/cigarettemanufacturingmachinery.com\/tr\/urun\/ici-bos-tup-ureticisi\/","title":{"rendered":"\u0130\u00e7i Bo\u015f T\u00fcp \u00dcreticisi"},"content":{"rendered":"<p>\u0130\u015fte Hollow Tube Maker i\u00e7in baz\u0131 \u00f6nemli noktalar<\/p>\n<ol>\n<li>Dakikada 2100 sigaral\u0131k inan\u0131lmaz bir \u00fcretim kapasitesi<\/li>\n<li>Dakikada 140-175 metrelik bir \u00c7ubuk H\u0131z Aral\u0131\u011f\u0131 ile birlikte gelir<\/li>\n<li>Kesme H\u0131z\u0131 dakikada 2500 \u00e7ubu\u011fa kadard\u0131r<\/li>\n<li>A\u011f\u0131rl\u0131\u011f\u0131 3050 kg<\/li>\n<li>Fi\u015f Montaj Makinesi Makine a\u011f\u0131rl\u0131\u011f\u0131 1800 kg&#039;d\u0131r<\/li>\n<li>Makinenin Toplam G\u00fcc\u00fc 14 kW (6,5 kW \u00dcretici + 7,5 kW Fi\u015f Montajc\u0131s\u0131) olarak da\u011f\u0131t\u0131lm\u0131\u015ft\u0131r.<\/li>\n<\/ol>","protected":false},"excerpt":{"rendered":"<p>MOLINS Hollow Tube Maker, sa\u011flam m\u00fchendisli\u011fi, y\u00fcksek do\u011fruluktaki verimi ve kaliteli \u00e7\u0131kt\u0131s\u0131yla \u00fcnl\u00fcd\u00fcr. Ad\u0131ndan da anla\u015f\u0131laca\u011f\u0131 gibi, Hollow Tube Maker minimum bak\u0131mla dakikada y\u00fczlerce sigara t\u00fcp\u00fc \u00fcretir.<\/p>","protected":false},"featured_media":28206,"comment_status":"closed","ping_status":"closed","template":"","meta":[],"product_brand":[],"product_cat":[101],"product_tag":[],"class_list":{"0":"post-28252","1":"product","2":"type-product","3":"status-publish","4":"has-post-thumbnail","6":"product_cat-cigarette-manufacturing","8":"first","9":"instock","10":"shipping-taxable","11":"product-type-simple"},"yoast_head":"<!-- This site is optimized with the Yoast SEO plugin v27.4 - https:\/\/yoast.com\/product\/yoast-seo-wordpress\/ -->\n<title>Hollow Tube Maker<\/title>\n<meta name=\"description\" content=\"Hollow Tube Maker | Ready to ship \u2714 - Contact us to get custom quote for your machinery requirements\" \/>\n<meta name=\"robots\" content=\"index, follow, max-snippet:-1, max-image-preview:large, max-video-preview:-1\" \/>\n<link rel=\"canonical\" href=\"https:\/\/cigarettemanufacturingmachinery.com\/tr\/urun\/ici-bos-tup-ureticisi\/\" \/>\n<meta property=\"og:locale\" content=\"tr_TR\" \/>\n<meta property=\"og:type\" content=\"article\" \/>\n<meta property=\"og:title\" content=\"Hollow Tube Maker\" \/>\n<meta property=\"og:description\" content=\"Hollow Tube Maker | Ready to ship \u2714 - Contact us to get custom quote for your machinery requirements\" \/>\n<meta property=\"og:url\" content=\"https:\/\/cigarettemanufacturingmachinery.com\/tr\/urun\/ici-bos-tup-ureticisi\/\" \/>\n<meta property=\"og:site_name\" content=\"Cigarette Manufacturing Machinery\" \/>\n<meta property=\"article:modified_time\" content=\"2024-06-28T06:37:24+00:00\" \/>\n<meta property=\"og:image\" content=\"https:\/\/cigarettemanufacturingmachinery.com\/wp-content\/uploads\/2024\/06\/Hollow-Tube-Maker.webp\" \/>\n\t<meta property=\"og:image:width\" content=\"600\" \/>\n\t<meta property=\"og:image:height\" content=\"400\" \/>\n\t<meta property=\"og:image:type\" content=\"image\/webp\" \/>\n<meta name=\"twitter:card\" content=\"summary_large_image\" \/>\n<!-- \/ Yoast SEO plugin. -->","yoast_head_json":{"title":"\u0130\u00e7i Bo\u015f T\u00fcp \u00dcreticisi","description":"\u0130\u00e7i Bo\u015f Boru \u00dcreticisi | G\u00f6nderime haz\u0131r \u2714 - Makine gereksinimleriniz i\u00e7in \u00f6zel fiyat teklifi almak \u00fczere bizimle ileti\u015fime ge\u00e7in","robots":{"index":"index","follow":"follow","max-snippet":"max-snippet:-1","max-image-preview":"max-image-preview:large","max-video-preview":"max-video-preview:-1"},"canonical":"https:\/\/cigarettemanufacturingmachinery.com\/tr\/urun\/ici-bos-tup-ureticisi\/","og_locale":"tr_TR","og_type":"article","og_title":"Hollow Tube Maker","og_description":"Hollow Tube Maker | Ready to ship \u2714 - Contact us to get custom quote for your machinery requirements","og_url":"https:\/\/cigarettemanufacturingmachinery.com\/tr\/urun\/ici-bos-tup-ureticisi\/","og_site_name":"Cigarette Manufacturing Machinery","article_modified_time":"2024-06-28T06:37:24+00:00","og_image":[{"width":600,"height":400,"url":"https:\/\/cigarettemanufacturingmachinery.com\/wp-content\/uploads\/2024\/06\/Hollow-Tube-Maker.webp","type":"image\/webp"}],"twitter_card":"summary_large_image","schema":{"@context":"https:\/\/schema.org","@graph":[{"@type":"WebPage","@id":"https:\/\/cigarettemanufacturingmachinery.com\/product\/hollow-tube-maker\/","url":"https:\/\/cigarettemanufacturingmachinery.com\/product\/hollow-tube-maker\/","name":"\u0130\u00e7i Bo\u015f T\u00fcp \u00dcreticisi","isPartOf":{"@id":"https:\/\/cigarettemanufacturingmachinery.com\/#website"},"primaryImageOfPage":{"@id":"https:\/\/cigarettemanufacturingmachinery.com\/product\/hollow-tube-maker\/#primaryimage"},"image":{"@id":"https:\/\/cigarettemanufacturingmachinery.com\/product\/hollow-tube-maker\/#primaryimage"},"thumbnailUrl":"https:\/\/cigarettemanufacturingmachinery.com\/wp-content\/uploads\/2024\/06\/Hollow-Tube-Maker.webp","datePublished":"2024-06-08T07:53:59+00:00","dateModified":"2024-06-28T06:37:24+00:00","description":"\u0130\u00e7i Bo\u015f Boru \u00dcreticisi | G\u00f6nderime haz\u0131r \u2714 - Makine gereksinimleriniz i\u00e7in \u00f6zel fiyat teklifi almak \u00fczere bizimle ileti\u015fime ge\u00e7in","breadcrumb":{"@id":"https:\/\/cigarettemanufacturingmachinery.com\/product\/hollow-tube-maker\/#breadcrumb"},"inLanguage":"tr","potentialAction":[{"@type":"ReadAction","target":["https:\/\/cigarettemanufacturingmachinery.com\/product\/hollow-tube-maker\/"]}]},{"@type":"ImageObject","inLanguage":"tr","@id":"https:\/\/cigarettemanufacturingmachinery.com\/product\/hollow-tube-maker\/#primaryimage","url":"https:\/\/cigarettemanufacturingmachinery.com\/wp-content\/uploads\/2024\/06\/Hollow-Tube-Maker.webp","contentUrl":"https:\/\/cigarettemanufacturingmachinery.com\/wp-content\/uploads\/2024\/06\/Hollow-Tube-Maker.webp","width":600,"height":400,"caption":"Hollow Tube Maker"},{"@type":"BreadcrumbList","@id":"https:\/\/cigarettemanufacturingmachinery.com\/product\/hollow-tube-maker\/#breadcrumb","itemListElement":[{"@type":"ListItem","position":1,"name":"Home","item":"https:\/\/cigarettemanufacturingmachinery.com\/"},{"@type":"ListItem","position":2,"name":"\u00dcr\u00fcnler","item":"https:\/\/cigarettemanufacturingmachinery.com\/tr\/shop\/"},{"@type":"ListItem","position":3,"name":"Hollow Tube Maker"}]},{"@type":"WebSite","@id":"https:\/\/cigarettemanufacturingmachinery.com\/#website","url":"https:\/\/cigarettemanufacturingmachinery.com\/","name":"Sigara \u00dcretim Makinalar\u0131","description":"Sigara Yapma Makinesi Tedarik\u00e7ileri","potentialAction":[{"@type":"SearchAction","target":{"@type":"EntryPoint","urlTemplate":"https:\/\/cigarettemanufacturingmachinery.com\/?s={search_term_string}"},"query-input":{"@type":"PropertyValueSpecification","valueRequired":true,"valueName":"search_term_string"}}],"inLanguage":"tr"}]}},"_links":{"self":[{"href":"https:\/\/cigarettemanufacturingmachinery.com\/tr\/wp-json\/wp\/v2\/product\/28252","targetHints":{"allow":["GET"]}}],"collection":[{"href":"https:\/\/cigarettemanufacturingmachinery.com\/tr\/wp-json\/wp\/v2\/product"}],"about":[{"href":"https:\/\/cigarettemanufacturingmachinery.com\/tr\/wp-json\/wp\/v2\/types\/product"}],"replies":[{"embeddable":true,"href":"https:\/\/cigarettemanufacturingmachinery.com\/tr\/wp-json\/wp\/v2\/comments?post=28252"}],"version-history":[{"count":2,"href":"https:\/\/cigarettemanufacturingmachinery.com\/tr\/wp-json\/wp\/v2\/product\/28252\/revisions"}],"predecessor-version":[{"id":28511,"href":"https:\/\/cigarettemanufacturingmachinery.com\/tr\/wp-json\/wp\/v2\/product\/28252\/revisions\/28511"}],"wp:featuredmedia":[{"embeddable":true,"href":"https:\/\/cigarettemanufacturingmachinery.com\/tr\/wp-json\/wp\/v2\/media\/28206"}],"wp:attachment":[{"href":"https:\/\/cigarettemanufacturingmachinery.com\/tr\/wp-json\/wp\/v2\/media?parent=28252"}],"wp:term":[{"taxonomy":"product_brand","embeddable":true,"href":"https:\/\/cigarettemanufacturingmachinery.com\/tr\/wp-json\/wp\/v2\/product_brand?post=28252"},{"taxonomy":"product_cat","embeddable":true,"href":"https:\/\/cigarettemanufacturingmachinery.com\/tr\/wp-json\/wp\/v2\/product_cat?post=28252"},{"taxonomy":"product_tag","embeddable":true,"href":"https:\/\/cigarettemanufacturingmachinery.com\/tr\/wp-json\/wp\/v2\/product_tag?post=28252"}],"curies":[{"name":"wp","href":"https:\/\/api.w.org\/{rel}","templated":true}]}}