{"id":28343,"date":"2024-06-19T07:27:59","date_gmt":"2024-06-19T07:27:59","guid":{"rendered":"https:\/\/cigarettemanufacturingmachinery.com\/?post_type=product&#038;p=28343"},"modified":"2024-06-28T06:42:49","modified_gmt":"2024-06-28T06:42:49","slug":"tobacco-feeder","status":"publish","type":"product","link":"https:\/\/cigarettemanufacturingmachinery.com\/tr\/urun\/tutun-besleyici\/","title":{"rendered":"T\u00fct\u00fcn Besleyici"},"content":{"rendered":"<p>\u0130\u015fte Tobacco Feeder&#039;\u0131n baz\u0131 \u00f6nemli noktalar\u0131<\/p>\n<ol>\n<li>Birincil i\u015flevi, istikrarl\u0131 t\u00fct\u00fcn ak\u0131\u015f\u0131 sa\u011flamakt\u0131r<\/li>\n<li>Ayr\u0131ca t\u00fct\u00fcn katmanlar\u0131n\u0131 e\u015fit \u015fekilde yayar<\/li>\n<li>Bu makine Mark 9 ve Mark 8 makineleriyle entegre edilebilir<\/li>\n<li>Ayarlanabilir ses ayarlar\u0131yla kontrol edilebilir<\/li>\n<li>Manuel i\u015f\u00e7ili\u011fi azaltan otomatik bir ekipmand\u0131r<\/li>\n<\/ol>","protected":false},"excerpt":{"rendered":"<p>T\u00fct\u00fcn Besleyici, i\u015flem s\u0131ras\u0131nda tutarl\u0131 bir t\u00fct\u00fcn tedariki sa\u011flar. Bu kullan\u0131\u015fl\u0131 makine, i\u015flemlerin istikrarl\u0131 ak\u0131\u015f\u0131ndan sorumludur ve onsuz \u00e7ok fazla i\u015f manuel olabilir ve bu da sonu\u00e7ta zaman kay\u0131plar\u0131na ve daha yava\u015f \u00fcretime neden olur. T\u00fct\u00fcn kesmede ak\u0131c\u0131 bir \u00fcretim s\u00fcreci i\u00e7in t\u00fct\u00fcn besleyici hayati bir rol oynar.<\/p>","protected":false},"featured_media":28337,"comment_status":"closed","ping_status":"closed","template":"","meta":[],"product_brand":[],"product_cat":[103],"product_tag":[],"class_list":{"0":"post-28343","1":"product","2":"type-product","3":"status-publish","4":"has-post-thumbnail","6":"product_cat-tobacco-machinery","8":"first","9":"instock","10":"shipping-taxable","11":"product-type-simple"},"yoast_head":"<!-- This site is optimized with the Yoast SEO plugin v27.4 - https:\/\/yoast.com\/product\/yoast-seo-wordpress\/ -->\n<title>Tobacco Feeder<\/title>\n<meta name=\"description\" content=\"Tobacco Feeder | Ready to ship \u2714 - Contact us to get custom quote for your machinery requirements\" \/>\n<meta name=\"robots\" content=\"index, follow, max-snippet:-1, max-image-preview:large, max-video-preview:-1\" \/>\n<link rel=\"canonical\" href=\"https:\/\/cigarettemanufacturingmachinery.com\/tr\/produkt\/podajnik-tytoniu\/\" \/>\n<meta property=\"og:locale\" content=\"tr_TR\" \/>\n<meta property=\"og:type\" content=\"article\" \/>\n<meta property=\"og:title\" content=\"Tobacco Feeder\" \/>\n<meta property=\"og:description\" content=\"Tobacco Feeder | Ready to ship \u2714 - Contact us to get custom quote for your machinery requirements\" \/>\n<meta property=\"og:url\" content=\"https:\/\/cigarettemanufacturingmachinery.com\/tr\/produkt\/podajnik-tytoniu\/\" \/>\n<meta property=\"og:site_name\" content=\"Cigarette Manufacturing Machinery\" \/>\n<meta property=\"article:modified_time\" content=\"2024-06-28T06:42:49+00:00\" \/>\n<meta property=\"og:image\" content=\"https:\/\/cigarettemanufacturingmachinery.com\/wp-content\/uploads\/2024\/06\/Tobacco-Feeder.webp\" \/>\n\t<meta property=\"og:image:width\" content=\"563\" \/>\n\t<meta property=\"og:image:height\" content=\"352\" \/>\n\t<meta property=\"og:image:type\" content=\"image\/webp\" \/>\n<meta name=\"twitter:card\" content=\"summary_large_image\" \/>\n<!-- \/ Yoast SEO plugin. -->","yoast_head_json":{"title":"T\u00fct\u00fcn Besleyici","description":"T\u00fct\u00fcn Besleyici | G\u00f6nderime haz\u0131r \u2714 - Makine gereksinimleriniz i\u00e7in \u00f6zel fiyat teklifi almak \u00fczere bizimle ileti\u015fime ge\u00e7in","robots":{"index":"index","follow":"follow","max-snippet":"max-snippet:-1","max-image-preview":"max-image-preview:large","max-video-preview":"max-video-preview:-1"},"canonical":"https:\/\/cigarettemanufacturingmachinery.com\/tr\/produkt\/podajnik-tytoniu\/","og_locale":"tr_TR","og_type":"article","og_title":"Tobacco Feeder","og_description":"Tobacco Feeder | Ready to ship \u2714 - Contact us to get custom quote for your machinery requirements","og_url":"https:\/\/cigarettemanufacturingmachinery.com\/tr\/produkt\/podajnik-tytoniu\/","og_site_name":"Cigarette Manufacturing Machinery","article_modified_time":"2024-06-28T06:42:49+00:00","og_image":[{"width":563,"height":352,"url":"https:\/\/cigarettemanufacturingmachinery.com\/wp-content\/uploads\/2024\/06\/Tobacco-Feeder.webp","type":"image\/webp"}],"twitter_card":"summary_large_image","schema":{"@context":"https:\/\/schema.org","@graph":[{"@type":"WebPage","@id":"https:\/\/cigarettemanufacturingmachinery.com\/pl\/produkt\/podajnik-tytoniu\/","url":"https:\/\/cigarettemanufacturingmachinery.com\/pl\/produkt\/podajnik-tytoniu\/","name":"T\u00fct\u00fcn Besleyici","isPartOf":{"@id":"https:\/\/cigarettemanufacturingmachinery.com\/#website"},"primaryImageOfPage":{"@id":"https:\/\/cigarettemanufacturingmachinery.com\/pl\/produkt\/podajnik-tytoniu\/#primaryimage"},"image":{"@id":"https:\/\/cigarettemanufacturingmachinery.com\/pl\/produkt\/podajnik-tytoniu\/#primaryimage"},"thumbnailUrl":"https:\/\/cigarettemanufacturingmachinery.com\/wp-content\/uploads\/2024\/06\/Tobacco-Feeder.webp","datePublished":"2024-06-19T07:27:59+00:00","dateModified":"2024-06-28T06:42:49+00:00","description":"T\u00fct\u00fcn Besleyici | G\u00f6nderime haz\u0131r \u2714 - Makine gereksinimleriniz i\u00e7in \u00f6zel fiyat teklifi almak \u00fczere bizimle ileti\u015fime ge\u00e7in","breadcrumb":{"@id":"https:\/\/cigarettemanufacturingmachinery.com\/pl\/produkt\/podajnik-tytoniu\/#breadcrumb"},"inLanguage":"tr","potentialAction":[{"@type":"ReadAction","target":["https:\/\/cigarettemanufacturingmachinery.com\/pl\/produkt\/podajnik-tytoniu\/"]}]},{"@type":"ImageObject","inLanguage":"tr","@id":"https:\/\/cigarettemanufacturingmachinery.com\/pl\/produkt\/podajnik-tytoniu\/#primaryimage","url":"https:\/\/cigarettemanufacturingmachinery.com\/wp-content\/uploads\/2024\/06\/Tobacco-Feeder.webp","contentUrl":"https:\/\/cigarettemanufacturingmachinery.com\/wp-content\/uploads\/2024\/06\/Tobacco-Feeder.webp","width":563,"height":352,"caption":"Tobacco Feeder"},{"@type":"BreadcrumbList","@id":"https:\/\/cigarettemanufacturingmachinery.com\/pl\/produkt\/podajnik-tytoniu\/#breadcrumb","itemListElement":[{"@type":"ListItem","position":1,"name":"Home","item":"https:\/\/cigarettemanufacturingmachinery.com\/"},{"@type":"ListItem","position":2,"name":"\u00dcr\u00fcnler","item":"https:\/\/cigarettemanufacturingmachinery.com\/tr\/shop\/"},{"@type":"ListItem","position":3,"name":"Tobacco Feeder"}]},{"@type":"WebSite","@id":"https:\/\/cigarettemanufacturingmachinery.com\/#website","url":"https:\/\/cigarettemanufacturingmachinery.com\/","name":"Sigara \u00dcretim Makinalar\u0131","description":"Sigara Yapma Makinesi Tedarik\u00e7ileri","potentialAction":[{"@type":"SearchAction","target":{"@type":"EntryPoint","urlTemplate":"https:\/\/cigarettemanufacturingmachinery.com\/?s={search_term_string}"},"query-input":{"@type":"PropertyValueSpecification","valueRequired":true,"valueName":"search_term_string"}}],"inLanguage":"tr"}]}},"_links":{"self":[{"href":"https:\/\/cigarettemanufacturingmachinery.com\/tr\/wp-json\/wp\/v2\/product\/28343","targetHints":{"allow":["GET"]}}],"collection":[{"href":"https:\/\/cigarettemanufacturingmachinery.com\/tr\/wp-json\/wp\/v2\/product"}],"about":[{"href":"https:\/\/cigarettemanufacturingmachinery.com\/tr\/wp-json\/wp\/v2\/types\/product"}],"replies":[{"embeddable":true,"href":"https:\/\/cigarettemanufacturingmachinery.com\/tr\/wp-json\/wp\/v2\/comments?post=28343"}],"version-history":[{"count":2,"href":"https:\/\/cigarettemanufacturingmachinery.com\/tr\/wp-json\/wp\/v2\/product\/28343\/revisions"}],"predecessor-version":[{"id":28521,"href":"https:\/\/cigarettemanufacturingmachinery.com\/tr\/wp-json\/wp\/v2\/product\/28343\/revisions\/28521"}],"wp:featuredmedia":[{"embeddable":true,"href":"https:\/\/cigarettemanufacturingmachinery.com\/tr\/wp-json\/wp\/v2\/media\/28337"}],"wp:attachment":[{"href":"https:\/\/cigarettemanufacturingmachinery.com\/tr\/wp-json\/wp\/v2\/media?parent=28343"}],"wp:term":[{"taxonomy":"product_brand","embeddable":true,"href":"https:\/\/cigarettemanufacturingmachinery.com\/tr\/wp-json\/wp\/v2\/product_brand?post=28343"},{"taxonomy":"product_cat","embeddable":true,"href":"https:\/\/cigarettemanufacturingmachinery.com\/tr\/wp-json\/wp\/v2\/product_cat?post=28343"},{"taxonomy":"product_tag","embeddable":true,"href":"https:\/\/cigarettemanufacturingmachinery.com\/tr\/wp-json\/wp\/v2\/product_tag?post=28343"}],"curies":[{"name":"wp","href":"https:\/\/api.w.org\/{rel}","templated":true}]}}