{"id":28347,"date":"2024-06-19T07:29:39","date_gmt":"2024-06-19T07:29:39","guid":{"rendered":"https:\/\/cigarettemanufacturingmachinery.com\/?post_type=product&#038;p=28347"},"modified":"2024-06-28T06:41:08","modified_gmt":"2024-06-28T06:41:08","slug":"hauni-tobacco-cutter-kt-400","status":"publish","type":"product","link":"https:\/\/cigarettemanufacturingmachinery.com\/tr\/urun\/hauni-tutun-kesici-kt-400\/","title":{"rendered":"Hauni T\u00fct\u00fcn Kesici KT-400"},"content":{"rendered":"<p>\u0130\u015fte KT-400&#039;\u00fcn baz\u0131 \u00f6nemli \u00f6zellikleri<\/p>\n<ol>\n<li>\u0130\u015fleme kapasitesi saatte 400 kg&#039;d\u0131r.<\/li>\n<li>Kesim boyutunu ayarlamak i\u00e7in pirin\u00e7ten yap\u0131lm\u0131\u015f bir b\u00fckme \u00e7\u0131tas\u0131 vard\u0131r<\/li>\n<li>Makinede e\u015fit kesim i\u00e7in 5 b\u0131\u00e7ak bulunmaktad\u0131r<\/li>\n<li>\u00c7ene \u00e7al\u0131\u015ft\u0131rma i\u00e7in pn\u00f6matik silindirlere sahiptir<\/li>\n<li>D\u00fc\u011fme kontrolleriyle sorunsuz i\u015flemler<\/li>\n<li>G\u00fc\u00e7l\u00fc bir PLC kontrol paneliyle birlikte gelir<\/li>\n<li>Toplu miktarda i\u015flemek i\u00e7in tasarlanm\u0131\u015ft\u0131r<\/li>\n<li>50 Hz frekans\u0131nda \u00e7al\u0131\u015f\u0131r<\/li>\n<li>15 Beygir G\u00fcc\u00fcnde Y\u00fcksek Motorla Birlikte Gelir<\/li>\n<\/ol>","protected":false},"excerpt":{"rendered":"<p>KT-400 T\u00fct\u00fcn Kesici, HAUNI taraf\u0131ndan \u00fcretilen y\u00fcksek performansl\u0131 bir makinedir. Bu makine uzun bir teknik avantajlar listesine sahiptir ve bunlar, bir\u00e7ok sigara \u00fcreticisi taraf\u0131ndan yayg\u0131n olarak kullan\u0131lan ve be\u011fenilen bir \u00fcr\u00fcn olmas\u0131n\u0131n nedenleridir.<\/p>","protected":false},"featured_media":28335,"comment_status":"closed","ping_status":"closed","template":"","meta":[],"product_brand":[],"product_cat":[103],"product_tag":[],"class_list":{"0":"post-28347","1":"product","2":"type-product","3":"status-publish","4":"has-post-thumbnail","6":"product_cat-tobacco-machinery","8":"first","9":"instock","10":"shipping-taxable","11":"product-type-simple"},"yoast_head":"<!-- This site is optimized with the Yoast SEO plugin v27.4 - https:\/\/yoast.com\/product\/yoast-seo-wordpress\/ -->\n<title>Hauni Tobacco Cutter KT- 400<\/title>\n<meta name=\"description\" content=\"Hauni Tobacco Cutter KT- 400 | Ready to ship \u2714 - Contact us to get custom quote for your machinery requirements\" \/>\n<meta name=\"robots\" content=\"index, follow, max-snippet:-1, max-image-preview:large, max-video-preview:-1\" \/>\n<link rel=\"canonical\" href=\"https:\/\/cigarettemanufacturingmachinery.com\/tr\/\u043f\u0440\u043e\u0434\u0443\u043a\u0442\/\u043d\u043e\u0436\u0438\u0446\u044f-\u0434\u043b\u044f-\u0442\u044e\u0442\u044e\u043d\u0443-hauni-kt-400\/\" \/>\n<meta property=\"og:locale\" content=\"tr_TR\" \/>\n<meta property=\"og:type\" content=\"article\" \/>\n<meta property=\"og:title\" content=\"Hauni Tobacco Cutter KT- 400\" \/>\n<meta property=\"og:description\" content=\"Hauni Tobacco Cutter KT- 400 | Ready to ship \u2714 - Contact us to get custom quote for your machinery requirements\" \/>\n<meta property=\"og:url\" content=\"https:\/\/cigarettemanufacturingmachinery.com\/tr\/\u043f\u0440\u043e\u0434\u0443\u043a\u0442\/\u043d\u043e\u0436\u0438\u0446\u044f-\u0434\u043b\u044f-\u0442\u044e\u0442\u044e\u043d\u0443-hauni-kt-400\/\" \/>\n<meta property=\"og:site_name\" content=\"Cigarette Manufacturing Machinery\" \/>\n<meta property=\"article:modified_time\" content=\"2024-06-28T06:41:08+00:00\" \/>\n<meta property=\"og:image\" content=\"https:\/\/cigarettemanufacturingmachinery.com\/wp-content\/uploads\/2024\/06\/Hauni-Tobacco-Cutter-KT-400.webp\" \/>\n\t<meta property=\"og:image:width\" content=\"563\" \/>\n\t<meta property=\"og:image:height\" content=\"352\" \/>\n\t<meta property=\"og:image:type\" content=\"image\/webp\" \/>\n<meta name=\"twitter:card\" content=\"summary_large_image\" \/>\n<!-- \/ Yoast SEO plugin. -->","yoast_head_json":{"title":"Hauni T\u00fct\u00fcn Kesici KT-400","description":"Hauni T\u00fct\u00fcn Kesici KT- 400 | G\u00f6nderime haz\u0131r \u2714 - Makine gereksinimleriniz i\u00e7in \u00f6zel fiyat teklifi almak \u00fczere bizimle ileti\u015fime ge\u00e7in","robots":{"index":"index","follow":"follow","max-snippet":"max-snippet:-1","max-image-preview":"max-image-preview:large","max-video-preview":"max-video-preview:-1"},"canonical":"https:\/\/cigarettemanufacturingmachinery.com\/tr\/\u043f\u0440\u043e\u0434\u0443\u043a\u0442\/\u043d\u043e\u0436\u0438\u0446\u044f-\u0434\u043b\u044f-\u0442\u044e\u0442\u044e\u043d\u0443-hauni-kt-400\/","og_locale":"tr_TR","og_type":"article","og_title":"Hauni Tobacco Cutter KT- 400","og_description":"Hauni Tobacco Cutter KT- 400 | Ready to ship \u2714 - Contact us to get custom quote for your machinery requirements","og_url":"https:\/\/cigarettemanufacturingmachinery.com\/tr\/\u043f\u0440\u043e\u0434\u0443\u043a\u0442\/\u043d\u043e\u0436\u0438\u0446\u044f-\u0434\u043b\u044f-\u0442\u044e\u0442\u044e\u043d\u0443-hauni-kt-400\/","og_site_name":"Cigarette Manufacturing Machinery","article_modified_time":"2024-06-28T06:41:08+00:00","og_image":[{"width":563,"height":352,"url":"https:\/\/cigarettemanufacturingmachinery.com\/wp-content\/uploads\/2024\/06\/Hauni-Tobacco-Cutter-KT-400.webp","type":"image\/webp"}],"twitter_card":"summary_large_image","schema":{"@context":"https:\/\/schema.org","@graph":[{"@type":"WebPage","@id":"https:\/\/cigarettemanufacturingmachinery.com\/uk\/\u043f\u0440\u043e\u0434\u0443\u043a\u0442\/\u043d\u043e\u0436\u0438\u0446\u044f-\u0434\u043b\u044f-\u0442\u044e\u0442\u044e\u043d\u0443-hauni-kt-400\/","url":"https:\/\/cigarettemanufacturingmachinery.com\/uk\/\u043f\u0440\u043e\u0434\u0443\u043a\u0442\/\u043d\u043e\u0436\u0438\u0446\u044f-\u0434\u043b\u044f-\u0442\u044e\u0442\u044e\u043d\u0443-hauni-kt-400\/","name":"Hauni T\u00fct\u00fcn Kesici KT-400","isPartOf":{"@id":"https:\/\/cigarettemanufacturingmachinery.com\/#website"},"primaryImageOfPage":{"@id":"https:\/\/cigarettemanufacturingmachinery.com\/uk\/\u043f\u0440\u043e\u0434\u0443\u043a\u0442\/\u043d\u043e\u0436\u0438\u0446\u044f-\u0434\u043b\u044f-\u0442\u044e\u0442\u044e\u043d\u0443-hauni-kt-400\/#primaryimage"},"image":{"@id":"https:\/\/cigarettemanufacturingmachinery.com\/uk\/\u043f\u0440\u043e\u0434\u0443\u043a\u0442\/\u043d\u043e\u0436\u0438\u0446\u044f-\u0434\u043b\u044f-\u0442\u044e\u0442\u044e\u043d\u0443-hauni-kt-400\/#primaryimage"},"thumbnailUrl":"https:\/\/cigarettemanufacturingmachinery.com\/wp-content\/uploads\/2024\/06\/Hauni-Tobacco-Cutter-KT-400.webp","datePublished":"2024-06-19T07:29:39+00:00","dateModified":"2024-06-28T06:41:08+00:00","description":"Hauni T\u00fct\u00fcn Kesici KT- 400 | G\u00f6nderime haz\u0131r \u2714 - Makine gereksinimleriniz i\u00e7in \u00f6zel fiyat teklifi almak \u00fczere bizimle ileti\u015fime ge\u00e7in","breadcrumb":{"@id":"https:\/\/cigarettemanufacturingmachinery.com\/uk\/\u043f\u0440\u043e\u0434\u0443\u043a\u0442\/\u043d\u043e\u0436\u0438\u0446\u044f-\u0434\u043b\u044f-\u0442\u044e\u0442\u044e\u043d\u0443-hauni-kt-400\/#breadcrumb"},"inLanguage":"tr","potentialAction":[{"@type":"ReadAction","target":["https:\/\/cigarettemanufacturingmachinery.com\/uk\/\u043f\u0440\u043e\u0434\u0443\u043a\u0442\/\u043d\u043e\u0436\u0438\u0446\u044f-\u0434\u043b\u044f-\u0442\u044e\u0442\u044e\u043d\u0443-hauni-kt-400\/"]}]},{"@type":"ImageObject","inLanguage":"tr","@id":"https:\/\/cigarettemanufacturingmachinery.com\/uk\/\u043f\u0440\u043e\u0434\u0443\u043a\u0442\/\u043d\u043e\u0436\u0438\u0446\u044f-\u0434\u043b\u044f-\u0442\u044e\u0442\u044e\u043d\u0443-hauni-kt-400\/#primaryimage","url":"https:\/\/cigarettemanufacturingmachinery.com\/wp-content\/uploads\/2024\/06\/Hauni-Tobacco-Cutter-KT-400.webp","contentUrl":"https:\/\/cigarettemanufacturingmachinery.com\/wp-content\/uploads\/2024\/06\/Hauni-Tobacco-Cutter-KT-400.webp","width":563,"height":352,"caption":"Hauni Tobacco Cutter KT- 400"},{"@type":"BreadcrumbList","@id":"https:\/\/cigarettemanufacturingmachinery.com\/uk\/\u043f\u0440\u043e\u0434\u0443\u043a\u0442\/\u043d\u043e\u0436\u0438\u0446\u044f-\u0434\u043b\u044f-\u0442\u044e\u0442\u044e\u043d\u0443-hauni-kt-400\/#breadcrumb","itemListElement":[{"@type":"ListItem","position":1,"name":"Home","item":"https:\/\/cigarettemanufacturingmachinery.com\/"},{"@type":"ListItem","position":2,"name":"\u00dcr\u00fcnler","item":"https:\/\/cigarettemanufacturingmachinery.com\/tr\/shop\/"},{"@type":"ListItem","position":3,"name":"Hauni Tobacco Cutter KT- 400"}]},{"@type":"WebSite","@id":"https:\/\/cigarettemanufacturingmachinery.com\/#website","url":"https:\/\/cigarettemanufacturingmachinery.com\/","name":"Sigara \u00dcretim Makinalar\u0131","description":"Sigara Yapma Makinesi Tedarik\u00e7ileri","potentialAction":[{"@type":"SearchAction","target":{"@type":"EntryPoint","urlTemplate":"https:\/\/cigarettemanufacturingmachinery.com\/?s={search_term_string}"},"query-input":{"@type":"PropertyValueSpecification","valueRequired":true,"valueName":"search_term_string"}}],"inLanguage":"tr"}]}},"_links":{"self":[{"href":"https:\/\/cigarettemanufacturingmachinery.com\/tr\/wp-json\/wp\/v2\/product\/28347","targetHints":{"allow":["GET"]}}],"collection":[{"href":"https:\/\/cigarettemanufacturingmachinery.com\/tr\/wp-json\/wp\/v2\/product"}],"about":[{"href":"https:\/\/cigarettemanufacturingmachinery.com\/tr\/wp-json\/wp\/v2\/types\/product"}],"replies":[{"embeddable":true,"href":"https:\/\/cigarettemanufacturingmachinery.com\/tr\/wp-json\/wp\/v2\/comments?post=28347"}],"version-history":[{"count":2,"href":"https:\/\/cigarettemanufacturingmachinery.com\/tr\/wp-json\/wp\/v2\/product\/28347\/revisions"}],"predecessor-version":[{"id":28518,"href":"https:\/\/cigarettemanufacturingmachinery.com\/tr\/wp-json\/wp\/v2\/product\/28347\/revisions\/28518"}],"wp:featuredmedia":[{"embeddable":true,"href":"https:\/\/cigarettemanufacturingmachinery.com\/tr\/wp-json\/wp\/v2\/media\/28335"}],"wp:attachment":[{"href":"https:\/\/cigarettemanufacturingmachinery.com\/tr\/wp-json\/wp\/v2\/media?parent=28347"}],"wp:term":[{"taxonomy":"product_brand","embeddable":true,"href":"https:\/\/cigarettemanufacturingmachinery.com\/tr\/wp-json\/wp\/v2\/product_brand?post=28347"},{"taxonomy":"product_cat","embeddable":true,"href":"https:\/\/cigarettemanufacturingmachinery.com\/tr\/wp-json\/wp\/v2\/product_cat?post=28347"},{"taxonomy":"product_tag","embeddable":true,"href":"https:\/\/cigarettemanufacturingmachinery.com\/tr\/wp-json\/wp\/v2\/product_tag?post=28347"}],"curies":[{"name":"wp","href":"https:\/\/api.w.org\/{rel}","templated":true}]}}