{"id":28349,"date":"2024-06-19T07:30:53","date_gmt":"2024-06-19T07:30:53","guid":{"rendered":"https:\/\/cigarettemanufacturingmachinery.com\/?post_type=product&#038;p=28349"},"modified":"2024-11-18T17:14:19","modified_gmt":"2024-11-18T17:14:19","slug":"tobacco-stem-flattener","status":"publish","type":"product","link":"https:\/\/cigarettemanufacturingmachinery.com\/tr\/urun\/tutun-sapi-duzlestirici\/","title":{"rendered":"T\u00fct\u00fcn Sap\u0131 D\u00fczle\u015ftirici"},"content":{"rendered":"<p>\u0130\u015fte T\u00fct\u00fcn Sap\u0131 D\u00fczle\u015ftiricinin baz\u0131 \u00f6nemli noktalar\u0131<\/p>\n<ol>\n<li>D\u00fczle\u015ftirme s\u0131ras\u0131nda sap\u0131n dokusunu korumak i\u00e7in tasarlanm\u0131\u015ft\u0131r<\/li>\n<li>T\u00fct\u00fcn yapraklar\u0131yla homojen bir kar\u0131\u015f\u0131m sa\u011flar<\/li>\n<li>Bu makine, silindirleri d\u00fczle\u015ftirerek i\u015flemeyi kolayla\u015ft\u0131r\u0131r<\/li>\n<li>Kullan\u0131m\u0131 yaprak israf\u0131n\u0131 azaltarak verimlili\u011fi art\u0131r\u0131r<\/li>\n<li>Sonraki a\u015famalar i\u00e7in tek tip bir \u00fcr\u00fcn sa\u011flar<\/li>\n<\/ol>\n<p>&nbsp;<\/p>","protected":false},"excerpt":{"rendered":"<p>D\u00fczle\u015ftirici, t\u00fct\u00fcn\u00fcn daha kal\u0131n, daha sert ve daha sert k\u0131s\u0131mlar\u0131n\u0131 ele almak i\u00e7in \u00f6zel olarak tasarlanm\u0131\u015ft\u0131r ve bu nedenle ona sap d\u00fczle\u015ftiricisi ad\u0131 verilmi\u015ftir. Bu makine, t\u00fct\u00fcn\u00fcn bu sert k\u0131s\u0131mlar\u0131n\u0131 esnek hale getirmek i\u00e7in kullan\u0131l\u0131r, b\u00f6ylece sonraki a\u015famalarda kolayca kullan\u0131labilirler.<\/p>","protected":false},"featured_media":28336,"comment_status":"closed","ping_status":"closed","template":"","meta":[],"product_brand":[],"product_cat":[103],"product_tag":[],"class_list":{"0":"post-28349","1":"product","2":"type-product","3":"status-publish","4":"has-post-thumbnail","6":"product_cat-tobacco-machinery","8":"first","9":"instock","10":"shipping-taxable","11":"product-type-simple"},"yoast_head":"<!-- This site is optimized with the Yoast SEO plugin v27.4 - https:\/\/yoast.com\/product\/yoast-seo-wordpress\/ -->\n<title>Tobacco Stem Flattener<\/title>\n<meta name=\"description\" content=\"Tobacco Stem Flattener | Ready to ship \u2714 - Contact us to get custom quote for your machinery requirements\" \/>\n<meta name=\"robots\" content=\"index, follow, max-snippet:-1, max-image-preview:large, max-video-preview:-1\" \/>\n<link rel=\"canonical\" href=\"https:\/\/cigarettemanufacturingmachinery.com\/tr\/produkt\/splaszczacz-lodyg-tytoniu\/\" \/>\n<meta property=\"og:locale\" content=\"tr_TR\" \/>\n<meta property=\"og:type\" content=\"article\" \/>\n<meta property=\"og:title\" content=\"Tobacco Stem Flattener\" \/>\n<meta property=\"og:description\" content=\"Tobacco Stem Flattener | Ready to ship \u2714 - Contact us to get custom quote for your machinery requirements\" \/>\n<meta property=\"og:url\" content=\"https:\/\/cigarettemanufacturingmachinery.com\/tr\/produkt\/splaszczacz-lodyg-tytoniu\/\" \/>\n<meta property=\"og:site_name\" content=\"Cigarette Manufacturing Machinery\" \/>\n<meta property=\"article:modified_time\" content=\"2024-11-18T17:14:19+00:00\" \/>\n<meta property=\"og:image\" content=\"https:\/\/cigarettemanufacturingmachinery.com\/wp-content\/uploads\/2024\/06\/Tobacco-Stem-Flattener.webp\" \/>\n\t<meta property=\"og:image:width\" content=\"602\" \/>\n\t<meta property=\"og:image:height\" content=\"376\" \/>\n\t<meta property=\"og:image:type\" content=\"image\/webp\" \/>\n<meta name=\"twitter:card\" content=\"summary_large_image\" \/>\n<meta name=\"twitter:label1\" content=\"Tahmini okuma s\u00fcresi\" \/>\n\t<meta name=\"twitter:data1\" content=\"1 dakika\" \/>\n<!-- \/ Yoast SEO plugin. -->","yoast_head_json":{"title":"T\u00fct\u00fcn Sap\u0131 D\u00fczle\u015ftirici","description":"T\u00fct\u00fcn Sap\u0131 D\u00fczle\u015ftirici | G\u00f6nderime haz\u0131r \u2714 - Makine gereksinimleriniz i\u00e7in \u00f6zel fiyat teklifi almak \u00fczere bizimle ileti\u015fime ge\u00e7in","robots":{"index":"index","follow":"follow","max-snippet":"max-snippet:-1","max-image-preview":"max-image-preview:large","max-video-preview":"max-video-preview:-1"},"canonical":"https:\/\/cigarettemanufacturingmachinery.com\/tr\/produkt\/splaszczacz-lodyg-tytoniu\/","og_locale":"tr_TR","og_type":"article","og_title":"Tobacco Stem Flattener","og_description":"Tobacco Stem Flattener | Ready to ship \u2714 - Contact us to get custom quote for your machinery requirements","og_url":"https:\/\/cigarettemanufacturingmachinery.com\/tr\/produkt\/splaszczacz-lodyg-tytoniu\/","og_site_name":"Cigarette Manufacturing Machinery","article_modified_time":"2024-11-18T17:14:19+00:00","og_image":[{"width":602,"height":376,"url":"https:\/\/cigarettemanufacturingmachinery.com\/wp-content\/uploads\/2024\/06\/Tobacco-Stem-Flattener.webp","type":"image\/webp"}],"twitter_card":"summary_large_image","twitter_misc":{"Tahmini okuma s\u00fcresi":"1 dakika"},"schema":{"@context":"https:\/\/schema.org","@graph":[{"@type":"WebPage","@id":"https:\/\/cigarettemanufacturingmachinery.com\/pl\/produkt\/splaszczacz-lodyg-tytoniu\/","url":"https:\/\/cigarettemanufacturingmachinery.com\/pl\/produkt\/splaszczacz-lodyg-tytoniu\/","name":"T\u00fct\u00fcn Sap\u0131 D\u00fczle\u015ftirici","isPartOf":{"@id":"https:\/\/cigarettemanufacturingmachinery.com\/#website"},"primaryImageOfPage":{"@id":"https:\/\/cigarettemanufacturingmachinery.com\/pl\/produkt\/splaszczacz-lodyg-tytoniu\/#primaryimage"},"image":{"@id":"https:\/\/cigarettemanufacturingmachinery.com\/pl\/produkt\/splaszczacz-lodyg-tytoniu\/#primaryimage"},"thumbnailUrl":"https:\/\/cigarettemanufacturingmachinery.com\/wp-content\/uploads\/2024\/06\/Tobacco-Stem-Flattener.webp","datePublished":"2024-06-19T07:30:53+00:00","dateModified":"2024-11-18T17:14:19+00:00","description":"T\u00fct\u00fcn Sap\u0131 D\u00fczle\u015ftirici | G\u00f6nderime haz\u0131r \u2714 - Makine gereksinimleriniz i\u00e7in \u00f6zel fiyat teklifi almak \u00fczere bizimle ileti\u015fime ge\u00e7in","breadcrumb":{"@id":"https:\/\/cigarettemanufacturingmachinery.com\/pl\/produkt\/splaszczacz-lodyg-tytoniu\/#breadcrumb"},"inLanguage":"tr","potentialAction":[{"@type":"ReadAction","target":["https:\/\/cigarettemanufacturingmachinery.com\/pl\/produkt\/splaszczacz-lodyg-tytoniu\/"]}]},{"@type":"ImageObject","inLanguage":"tr","@id":"https:\/\/cigarettemanufacturingmachinery.com\/pl\/produkt\/splaszczacz-lodyg-tytoniu\/#primaryimage","url":"https:\/\/cigarettemanufacturingmachinery.com\/wp-content\/uploads\/2024\/06\/Tobacco-Stem-Flattener.webp","contentUrl":"https:\/\/cigarettemanufacturingmachinery.com\/wp-content\/uploads\/2024\/06\/Tobacco-Stem-Flattener.webp","width":602,"height":376,"caption":"Tobacco Stem Flattener"},{"@type":"BreadcrumbList","@id":"https:\/\/cigarettemanufacturingmachinery.com\/pl\/produkt\/splaszczacz-lodyg-tytoniu\/#breadcrumb","itemListElement":[{"@type":"ListItem","position":1,"name":"Home","item":"https:\/\/cigarettemanufacturingmachinery.com\/"},{"@type":"ListItem","position":2,"name":"\u00dcr\u00fcnler","item":"https:\/\/cigarettemanufacturingmachinery.com\/tr\/shop\/"},{"@type":"ListItem","position":3,"name":"Tobacco Stem Flattener"}]},{"@type":"WebSite","@id":"https:\/\/cigarettemanufacturingmachinery.com\/#website","url":"https:\/\/cigarettemanufacturingmachinery.com\/","name":"Sigara \u00dcretim Makinalar\u0131","description":"Sigara Yapma Makinesi Tedarik\u00e7ileri","potentialAction":[{"@type":"SearchAction","target":{"@type":"EntryPoint","urlTemplate":"https:\/\/cigarettemanufacturingmachinery.com\/?s={search_term_string}"},"query-input":{"@type":"PropertyValueSpecification","valueRequired":true,"valueName":"search_term_string"}}],"inLanguage":"tr"}]}},"_links":{"self":[{"href":"https:\/\/cigarettemanufacturingmachinery.com\/tr\/wp-json\/wp\/v2\/product\/28349","targetHints":{"allow":["GET"]}}],"collection":[{"href":"https:\/\/cigarettemanufacturingmachinery.com\/tr\/wp-json\/wp\/v2\/product"}],"about":[{"href":"https:\/\/cigarettemanufacturingmachinery.com\/tr\/wp-json\/wp\/v2\/types\/product"}],"replies":[{"embeddable":true,"href":"https:\/\/cigarettemanufacturingmachinery.com\/tr\/wp-json\/wp\/v2\/comments?post=28349"}],"version-history":[{"count":2,"href":"https:\/\/cigarettemanufacturingmachinery.com\/tr\/wp-json\/wp\/v2\/product\/28349\/revisions"}],"predecessor-version":[{"id":28519,"href":"https:\/\/cigarettemanufacturingmachinery.com\/tr\/wp-json\/wp\/v2\/product\/28349\/revisions\/28519"}],"wp:featuredmedia":[{"embeddable":true,"href":"https:\/\/cigarettemanufacturingmachinery.com\/tr\/wp-json\/wp\/v2\/media\/28336"}],"wp:attachment":[{"href":"https:\/\/cigarettemanufacturingmachinery.com\/tr\/wp-json\/wp\/v2\/media?parent=28349"}],"wp:term":[{"taxonomy":"product_brand","embeddable":true,"href":"https:\/\/cigarettemanufacturingmachinery.com\/tr\/wp-json\/wp\/v2\/product_brand?post=28349"},{"taxonomy":"product_cat","embeddable":true,"href":"https:\/\/cigarettemanufacturingmachinery.com\/tr\/wp-json\/wp\/v2\/product_cat?post=28349"},{"taxonomy":"product_tag","embeddable":true,"href":"https:\/\/cigarettemanufacturingmachinery.com\/tr\/wp-json\/wp\/v2\/product_tag?post=28349"}],"curies":[{"name":"wp","href":"https:\/\/api.w.org\/{rel}","templated":true}]}}