{"id":28894,"date":"2024-12-21T12:10:12","date_gmt":"2024-12-21T12:10:12","guid":{"rendered":"https:\/\/cigarettemanufacturingmachinery.com\/?post_type=product&#038;p=28894"},"modified":"2025-10-11T09:47:01","modified_gmt":"2025-10-11T09:47:01","slug":"molins-mark-9-spare-parts","status":"publish","type":"product","link":"https:\/\/cigarettemanufacturingmachinery.com\/tr\/urun\/molins-mark-9-yedek-parcalari\/","title":{"rendered":"Molins Mark 9 Yedek Par\u00e7alar\u0131"},"content":{"rendered":"<h2>Mark 9 Sigara Makinesi Yedek Par\u00e7alar\u0131<\/h2>\n<p>Sigara \u00fcretim ekipman\u0131n\u0131z\u0131n verimli bir \u015fekilde \u00e7al\u0131\u015fmas\u0131n\u0131 sa\u011flamak i\u00e7in tasarlanm\u0131\u015f kapsaml\u0131 bir Molins Mark 9 yedek par\u00e7a yelpazesini ke\u015ffedin. Sekt\u00f6rdeki en g\u00fcvenilir modellerden biri olan Mark 9 makinesi, tutarl\u0131 performans\u0131 korumak ve duru\u015f s\u00fcresini azaltmak i\u00e7in y\u00fcksek kaliteli yedek bile\u015fenler gerektirir.<\/p>\n<p>Hassas m\u00fchendislikle \u00fcretilmi\u015f \u00fcr\u00fcnler tedarik ediyoruz <strong>Molins Mk9 par\u00e7alar\u0131, garnit\u00fcr bantlar\u0131, emme silindirleri, hazne besleyiciler ve filtre \u00e7ubu\u011fu kesicileri dahil<\/strong>Hepsi sigara \u00fcretiminin zorlu gereksinimlerini kar\u015f\u0131lamak \u00fczere tasarlanm\u0131\u015ft\u0131r. Yedek par\u00e7alar\u0131m\u0131z standart Mark 9 konfig\u00fcrasyonlar\u0131yla uyumludur ve maksimum dayan\u0131kl\u0131l\u0131k ve g\u00fcvenilirlik sa\u011flar. <strong><a href=\"https:\/\/api.whatsapp.com\/send?phone=971557861010\">\u015eimdi Whatsapp: +971 55 786 1010<\/a><\/strong><\/p>\n<h2>Mark 9 sigara makinesi yedek par\u00e7alar\u0131m\u0131z\u0131n temel \u00f6zellikleri:<\/h2>\n<ul>\n<li>Tam Uyumluluk: Molins Mark 9 makinelerine kusursuz bir \u015fekilde uyum sa\u011flayacak \u015fekilde tasarlanm\u0131\u015ft\u0131r.<\/li>\n<li>Geli\u015fmi\u015f Dayan\u0131kl\u0131l\u0131k: Ekipman\u0131n\u0131z\u0131n \u00f6mr\u00fcn\u00fc uzatmak i\u00e7in birinci s\u0131n\u0131f malzemelerle \u00fcretilmi\u015ftir.<\/li>\n<li>Operasyonel Verimlilik: Bak\u0131m s\u00fcresini azalt\u0131n ve \u00fcretim hatlar\u0131n\u0131z\u0131n sorunsuz \u00e7al\u0131\u015fmas\u0131n\u0131 sa\u011flay\u0131n.<\/li>\n<\/ul>\n<p>\u00dcst\u00fcn Molins Mk9 yedek par\u00e7alar\u0131m\u0131zla kesintisiz \u00fcretimi garantileyin. Teklif almak veya envanterimiz hakk\u0131nda daha fazla bilgi edinmek i\u00e7in bug\u00fcn bizimle ileti\u015fime ge\u00e7in.<\/p>","protected":false},"excerpt":{"rendered":"<p>Sigara \u00fcretim s\u00fcrecinizin g\u00fcvenilirli\u011fini ve performans\u0131n\u0131 garantilemek i\u00e7in birinci s\u0131n\u0131f kalitede Molins Mark 9 yedek par\u00e7alar\u0131 edinin. \u00dcr\u00fcn yelpazemiz, \u00fcretim hatt\u0131n\u0131z i\u00e7in sorunsuz operasyonlar sa\u011flayan hassasiyet ve uyumluluk i\u00e7in tasarlanm\u0131\u015f Mark 9 sigara makinesi yedek par\u00e7alar\u0131n\u0131 i\u00e7erir.<\/p>","protected":false},"featured_media":28895,"comment_status":"closed","ping_status":"closed","template":"","meta":[],"product_brand":[],"product_cat":[221],"product_tag":[],"class_list":{"0":"post-28894","1":"product","2":"type-product","3":"status-publish","4":"has-post-thumbnail","6":"product_cat-spare-parts","8":"first","9":"instock","10":"shipping-taxable","11":"product-type-simple"},"yoast_head":"<!-- This site is optimized with the Yoast SEO plugin v27.4 - https:\/\/yoast.com\/product\/yoast-seo-wordpress\/ -->\n<title>Mark 9 Spare Parts Suppliers - Order Now!<\/title>\n<meta name=\"description\" content=\"Get Mark 8 Cigarette Machine Spare Parts - We supply precision-engineered Molins Mk9 parts, including garniture tapes, suction rollers, hopper etc\" \/>\n<meta name=\"robots\" content=\"index, follow, max-snippet:-1, max-image-preview:large, max-video-preview:-1\" \/>\n<link rel=\"canonical\" href=\"https:\/\/cigarettemanufacturingmachinery.com\/tr\/produkt\/czesci-zamienne-do-molins-mark-9\/\" \/>\n<meta property=\"og:locale\" content=\"tr_TR\" \/>\n<meta property=\"og:type\" content=\"article\" \/>\n<meta property=\"og:title\" content=\"Mark 9 Spare Parts Suppliers - Order Now!\" \/>\n<meta property=\"og:description\" content=\"Get Mark 8 Cigarette Machine Spare Parts - We supply precision-engineered Molins Mk9 parts, including garniture tapes, suction rollers, hopper etc\" \/>\n<meta property=\"og:url\" content=\"https:\/\/cigarettemanufacturingmachinery.com\/tr\/produkt\/czesci-zamienne-do-molins-mark-9\/\" \/>\n<meta property=\"og:site_name\" content=\"Cigarette Manufacturing Machinery\" \/>\n<meta property=\"article:modified_time\" content=\"2025-10-11T09:47:01+00:00\" \/>\n<meta property=\"og:image\" content=\"https:\/\/cigarettemanufacturingmachinery.com\/wp-content\/uploads\/2024\/12\/Molins.webp\" \/>\n\t<meta property=\"og:image:width\" content=\"1667\" \/>\n\t<meta property=\"og:image:height\" content=\"938\" \/>\n\t<meta property=\"og:image:type\" content=\"image\/webp\" \/>\n<meta name=\"twitter:card\" content=\"summary_large_image\" \/>\n<meta name=\"twitter:label1\" content=\"Tahmini okuma s\u00fcresi\" \/>\n\t<meta name=\"twitter:data1\" content=\"1 dakika\" \/>\n<!-- \/ Yoast SEO plugin. -->","yoast_head_json":{"title":"Mark 9 Yedek Par\u00e7a Tedarik\u00e7ileri - Hemen Sipari\u015f Verin!","description":"Mark 8 Sigara Makinesi Yedek Par\u00e7alar\u0131n\u0131 Al\u0131n - Garnit\u00fcr bantlar\u0131, emme silindirleri, hazne vb. dahil olmak \u00fczere hassas m\u00fchendislikle \u00fcretilmi\u015f Molins Mk9 par\u00e7alar\u0131 tedarik ediyoruz.","robots":{"index":"index","follow":"follow","max-snippet":"max-snippet:-1","max-image-preview":"max-image-preview:large","max-video-preview":"max-video-preview:-1"},"canonical":"https:\/\/cigarettemanufacturingmachinery.com\/tr\/produkt\/czesci-zamienne-do-molins-mark-9\/","og_locale":"tr_TR","og_type":"article","og_title":"Mark 9 Spare Parts Suppliers - Order Now!","og_description":"Get Mark 8 Cigarette Machine Spare Parts - We supply precision-engineered Molins Mk9 parts, including garniture tapes, suction rollers, hopper etc","og_url":"https:\/\/cigarettemanufacturingmachinery.com\/tr\/produkt\/czesci-zamienne-do-molins-mark-9\/","og_site_name":"Cigarette Manufacturing Machinery","article_modified_time":"2025-10-11T09:47:01+00:00","og_image":[{"width":1667,"height":938,"url":"https:\/\/cigarettemanufacturingmachinery.com\/wp-content\/uploads\/2024\/12\/Molins.webp","type":"image\/webp"}],"twitter_card":"summary_large_image","twitter_misc":{"Tahmini okuma s\u00fcresi":"1 dakika"},"schema":{"@context":"https:\/\/schema.org","@graph":[{"@type":"WebPage","@id":"https:\/\/cigarettemanufacturingmachinery.com\/pl\/produkt\/czesci-zamienne-do-molins-mark-9\/","url":"https:\/\/cigarettemanufacturingmachinery.com\/pl\/produkt\/czesci-zamienne-do-molins-mark-9\/","name":"Mark 9 Yedek Par\u00e7a Tedarik\u00e7ileri - Hemen Sipari\u015f Verin!","isPartOf":{"@id":"https:\/\/cigarettemanufacturingmachinery.com\/#website"},"primaryImageOfPage":{"@id":"https:\/\/cigarettemanufacturingmachinery.com\/pl\/produkt\/czesci-zamienne-do-molins-mark-9\/#primaryimage"},"image":{"@id":"https:\/\/cigarettemanufacturingmachinery.com\/pl\/produkt\/czesci-zamienne-do-molins-mark-9\/#primaryimage"},"thumbnailUrl":"https:\/\/cigarettemanufacturingmachinery.com\/wp-content\/uploads\/2024\/12\/Molins.webp","datePublished":"2024-12-21T12:10:12+00:00","dateModified":"2025-10-11T09:47:01+00:00","description":"Mark 8 Sigara Makinesi Yedek Par\u00e7alar\u0131n\u0131 Al\u0131n - Garnit\u00fcr bantlar\u0131, emme silindirleri, hazne vb. dahil olmak \u00fczere hassas m\u00fchendislikle \u00fcretilmi\u015f Molins Mk9 par\u00e7alar\u0131 tedarik ediyoruz.","breadcrumb":{"@id":"https:\/\/cigarettemanufacturingmachinery.com\/pl\/produkt\/czesci-zamienne-do-molins-mark-9\/#breadcrumb"},"inLanguage":"tr","potentialAction":[{"@type":"ReadAction","target":["https:\/\/cigarettemanufacturingmachinery.com\/pl\/produkt\/czesci-zamienne-do-molins-mark-9\/"]}]},{"@type":"ImageObject","inLanguage":"tr","@id":"https:\/\/cigarettemanufacturingmachinery.com\/pl\/produkt\/czesci-zamienne-do-molins-mark-9\/#primaryimage","url":"https:\/\/cigarettemanufacturingmachinery.com\/wp-content\/uploads\/2024\/12\/Molins.webp","contentUrl":"https:\/\/cigarettemanufacturingmachinery.com\/wp-content\/uploads\/2024\/12\/Molins.webp","width":1667,"height":938,"caption":"Mark 9 spare Parts"},{"@type":"BreadcrumbList","@id":"https:\/\/cigarettemanufacturingmachinery.com\/pl\/produkt\/czesci-zamienne-do-molins-mark-9\/#breadcrumb","itemListElement":[{"@type":"ListItem","position":1,"name":"Home","item":"https:\/\/cigarettemanufacturingmachinery.com\/"},{"@type":"ListItem","position":2,"name":"\u00dcr\u00fcnler","item":"https:\/\/cigarettemanufacturingmachinery.com\/tr\/shop\/"},{"@type":"ListItem","position":3,"name":"Molins Mark 9 Spare Parts"}]},{"@type":"WebSite","@id":"https:\/\/cigarettemanufacturingmachinery.com\/#website","url":"https:\/\/cigarettemanufacturingmachinery.com\/","name":"Sigara \u00dcretim Makinalar\u0131","description":"Sigara Yapma Makinesi Tedarik\u00e7ileri","potentialAction":[{"@type":"SearchAction","target":{"@type":"EntryPoint","urlTemplate":"https:\/\/cigarettemanufacturingmachinery.com\/?s={search_term_string}"},"query-input":{"@type":"PropertyValueSpecification","valueRequired":true,"valueName":"search_term_string"}}],"inLanguage":"tr"}]}},"_links":{"self":[{"href":"https:\/\/cigarettemanufacturingmachinery.com\/tr\/wp-json\/wp\/v2\/product\/28894","targetHints":{"allow":["GET"]}}],"collection":[{"href":"https:\/\/cigarettemanufacturingmachinery.com\/tr\/wp-json\/wp\/v2\/product"}],"about":[{"href":"https:\/\/cigarettemanufacturingmachinery.com\/tr\/wp-json\/wp\/v2\/types\/product"}],"replies":[{"embeddable":true,"href":"https:\/\/cigarettemanufacturingmachinery.com\/tr\/wp-json\/wp\/v2\/comments?post=28894"}],"version-history":[{"count":5,"href":"https:\/\/cigarettemanufacturingmachinery.com\/tr\/wp-json\/wp\/v2\/product\/28894\/revisions"}],"predecessor-version":[{"id":29213,"href":"https:\/\/cigarettemanufacturingmachinery.com\/tr\/wp-json\/wp\/v2\/product\/28894\/revisions\/29213"}],"wp:featuredmedia":[{"embeddable":true,"href":"https:\/\/cigarettemanufacturingmachinery.com\/tr\/wp-json\/wp\/v2\/media\/28895"}],"wp:attachment":[{"href":"https:\/\/cigarettemanufacturingmachinery.com\/tr\/wp-json\/wp\/v2\/media?parent=28894"}],"wp:term":[{"taxonomy":"product_brand","embeddable":true,"href":"https:\/\/cigarettemanufacturingmachinery.com\/tr\/wp-json\/wp\/v2\/product_brand?post=28894"},{"taxonomy":"product_cat","embeddable":true,"href":"https:\/\/cigarettemanufacturingmachinery.com\/tr\/wp-json\/wp\/v2\/product_cat?post=28894"},{"taxonomy":"product_tag","embeddable":true,"href":"https:\/\/cigarettemanufacturingmachinery.com\/tr\/wp-json\/wp\/v2\/product_tag?post=28894"}],"curies":[{"name":"wp","href":"https:\/\/api.w.org\/{rel}","templated":true}]}}