{"id":28899,"date":"2024-12-21T12:35:09","date_gmt":"2024-12-21T12:35:09","guid":{"rendered":"https:\/\/cigarettemanufacturingmachinery.com\/?post_type=product&#038;p=28899"},"modified":"2025-10-04T08:10:26","modified_gmt":"2025-10-04T08:10:26","slug":"molins-mark-8-spare-parts","status":"publish","type":"product","link":"https:\/\/cigarettemanufacturingmachinery.com\/tr\/urun\/molins-mark-8-yedek-parcalari\/","title":{"rendered":"Molins Mark 8 Yedek Par\u00e7alar\u0131"},"content":{"rendered":"<h2>Mark 8 Yedek Par\u00e7a \u00dcreticisi<\/h2>\n<p>Molins Mark 8 yedek par\u00e7alar\u0131m\u0131z\u0131n kapsaml\u0131 se\u00e7kisiyle sigara \u00fcretim s\u00fcrecinizi optimize edin. G\u00fcvenilirli\u011fiyle tan\u0131nan Molins Mark 8 makinesi, t\u00fct\u00fcn end\u00fcstrisinde \u00f6nemli bir varl\u0131kt\u0131r ve performans\u0131n\u0131 korumak i\u00e7in hassas, dayan\u0131kl\u0131 yedek bile\u015fenler gerekir.<\/p>\n<p>\u00dcretim hatt\u0131n\u0131z\u0131n benzersiz taleplerini kar\u015f\u0131lamak \u00fczere tasarlanm\u0131\u015f garnit\u00fcr bantlar\u0131, emme bantlar\u0131, hazne besleyicileri ve kesme b\u0131\u00e7aklar\u0131 dahil olmak \u00fczere Mark 8 sigara makinesi yedek par\u00e7alar\u0131n\u0131n eksiksiz bir yelpazesini sunuyoruz. Yedek par\u00e7alar\u0131m\u0131z sorunsuz operasyonlar ve minimum kesinti s\u00fcresi sa\u011flayarak tutarl\u0131, y\u00fcksek kaliteli sonu\u00e7lar elde etmenize yard\u0131mc\u0131 olur.<\/p>\n<h2>Mark 8 Sigara Makinesi yedek par\u00e7alar\u0131m\u0131z\u0131n temel avantajlar\u0131:<\/h2>\n<ul>\n<li>\u00d6zel Uyum: Molins Mark 8 makineleriyle kusursuz entegrasyon i\u00e7in \u00f6zel olarak tasarlanm\u0131\u015ft\u0131r.<\/li>\n<li>Uzun \u00d6m\u00fcrl\u00fcl\u00fck: Uzun s\u00fcreli a\u015f\u0131nma direnci i\u00e7in birinci s\u0131n\u0131f malzemeler kullan\u0131larak \u00fcretilmi\u015ftir.<\/li>\n<li>Verimlilik: Makine performans\u0131n\u0131 art\u0131r\u0131n ve \u00fcretim kesintilerini azalt\u0131n.<\/li>\n<\/ul>\n<p>\u0130ster yedek garnit\u00fcr bantlar\u0131na ister Mark 8 bile\u015fenlerinizin komple bir revizyonuna ihtiyac\u0131n\u0131z olsun, ihtiya\u00e7lar\u0131n\u0131z\u0131 kar\u015f\u0131layacak uzmanl\u0131\u011fa ve envantere sahibiz. Molins Mk8 yedek par\u00e7alar\u0131nda rekabet\u00e7i fiyatland\u0131rma ve h\u0131zl\u0131 teslimat i\u00e7in bug\u00fcn bizimle ileti\u015fime ge\u00e7in.<\/p>","protected":false},"excerpt":{"rendered":"<p>Molins Mark 8 makineleriniz i\u00e7in en iyi performans\u0131 premium Mark 8 sigara makinesi yedek par\u00e7alar\u0131m\u0131zla sa\u011flay\u0131n. Y\u00fcksek kaliteli Molins Mk8 yedek par\u00e7alar\u0131m\u0131z dayan\u0131kl\u0131l\u0131\u011f\u0131 art\u0131rmak ve \u00fcretim hatt\u0131 operasyonlar\u0131n\u0131z\u0131 kolayla\u015ft\u0131rmak i\u00e7in tasarlanm\u0131\u015ft\u0131r.<\/p>","protected":false},"featured_media":28900,"comment_status":"closed","ping_status":"closed","template":"","meta":[],"product_brand":[],"product_cat":[221],"product_tag":[],"class_list":{"0":"post-28899","1":"product","2":"type-product","3":"status-publish","4":"has-post-thumbnail","6":"product_cat-spare-parts","8":"first","9":"instock","10":"shipping-taxable","11":"product-type-simple"},"yoast_head":"<!-- This site is optimized with the Yoast SEO plugin v27.4 - https:\/\/yoast.com\/product\/yoast-seo-wordpress\/ -->\n<title>Molins Mark 8 Spare Parts Suppliers -Order Now!<\/title>\n<meta name=\"description\" content=\"Get Mark 8 Spare Parts: Range of Mark 8 cigarette machine spare parts, including garniture tapes, suction tapes, hopper feeders, and cutting knives\" \/>\n<meta name=\"robots\" content=\"index, follow, max-snippet:-1, max-image-preview:large, max-video-preview:-1\" \/>\n<link rel=\"canonical\" href=\"https:\/\/cigarettemanufacturingmachinery.com\/tr\/\u043f\u0440\u043e\u0434\u0443\u043a\u0442\/\u0440\u0435\u0437\u0435\u0440\u0432\u043d\u0438-\u0447\u0430\u0441\u0442\u0438-\u0437\u0430-\u043c\u043e\u043b\u0438\u043d\u0441-\u043c\u0430\u0440\u043a-8\/\" \/>\n<meta property=\"og:locale\" content=\"tr_TR\" \/>\n<meta property=\"og:type\" content=\"article\" \/>\n<meta property=\"og:title\" content=\"Molins Mark 8 Spare Parts Suppliers -Order Now!\" \/>\n<meta property=\"og:description\" content=\"Get Mark 8 Spare Parts: Range of Mark 8 cigarette machine spare parts, including garniture tapes, suction tapes, hopper feeders, and cutting knives\" \/>\n<meta property=\"og:url\" content=\"https:\/\/cigarettemanufacturingmachinery.com\/tr\/\u043f\u0440\u043e\u0434\u0443\u043a\u0442\/\u0440\u0435\u0437\u0435\u0440\u0432\u043d\u0438-\u0447\u0430\u0441\u0442\u0438-\u0437\u0430-\u043c\u043e\u043b\u0438\u043d\u0441-\u043c\u0430\u0440\u043a-8\/\" \/>\n<meta property=\"og:site_name\" content=\"Cigarette Manufacturing Machinery\" \/>\n<meta property=\"article:modified_time\" content=\"2025-10-04T08:10:26+00:00\" \/>\n<meta property=\"og:image\" content=\"https:\/\/cigarettemanufacturingmachinery.com\/wp-content\/uploads\/2024\/12\/Spare.webp\" \/>\n\t<meta property=\"og:image:width\" content=\"1733\" \/>\n\t<meta property=\"og:image:height\" content=\"975\" \/>\n\t<meta property=\"og:image:type\" content=\"image\/webp\" \/>\n<meta name=\"twitter:card\" content=\"summary_large_image\" \/>\n<meta name=\"twitter:label1\" content=\"Tahmini okuma s\u00fcresi\" \/>\n\t<meta name=\"twitter:data1\" content=\"1 dakika\" \/>\n<!-- \/ Yoast SEO plugin. -->","yoast_head_json":{"title":"Molins Mark 8 Yedek Par\u00e7a Tedarik\u00e7ileri - Hemen Sipari\u015f Verin!","description":"Mark 8 Yedek Par\u00e7alar\u0131n\u0131 Al\u0131n: Garnit\u00fcr bantlar\u0131, emme bantlar\u0131, hazne besleyicileri ve kesme b\u0131\u00e7aklar\u0131 dahil olmak \u00fczere Mark 8 sigara makinesi yedek par\u00e7a yelpazesi","robots":{"index":"index","follow":"follow","max-snippet":"max-snippet:-1","max-image-preview":"max-image-preview:large","max-video-preview":"max-video-preview:-1"},"canonical":"https:\/\/cigarettemanufacturingmachinery.com\/tr\/\u043f\u0440\u043e\u0434\u0443\u043a\u0442\/\u0440\u0435\u0437\u0435\u0440\u0432\u043d\u0438-\u0447\u0430\u0441\u0442\u0438-\u0437\u0430-\u043c\u043e\u043b\u0438\u043d\u0441-\u043c\u0430\u0440\u043a-8\/","og_locale":"tr_TR","og_type":"article","og_title":"Molins Mark 8 Spare Parts Suppliers -Order Now!","og_description":"Get Mark 8 Spare Parts: Range of Mark 8 cigarette machine spare parts, including garniture tapes, suction tapes, hopper feeders, and cutting knives","og_url":"https:\/\/cigarettemanufacturingmachinery.com\/tr\/\u043f\u0440\u043e\u0434\u0443\u043a\u0442\/\u0440\u0435\u0437\u0435\u0440\u0432\u043d\u0438-\u0447\u0430\u0441\u0442\u0438-\u0437\u0430-\u043c\u043e\u043b\u0438\u043d\u0441-\u043c\u0430\u0440\u043a-8\/","og_site_name":"Cigarette Manufacturing Machinery","article_modified_time":"2025-10-04T08:10:26+00:00","og_image":[{"width":1733,"height":975,"url":"https:\/\/cigarettemanufacturingmachinery.com\/wp-content\/uploads\/2024\/12\/Spare.webp","type":"image\/webp"}],"twitter_card":"summary_large_image","twitter_misc":{"Tahmini okuma s\u00fcresi":"1 dakika"},"schema":{"@context":"https:\/\/schema.org","@graph":[{"@type":"WebPage","@id":"https:\/\/cigarettemanufacturingmachinery.com\/bg\/\u043f\u0440\u043e\u0434\u0443\u043a\u0442\/\u0440\u0435\u0437\u0435\u0440\u0432\u043d\u0438-\u0447\u0430\u0441\u0442\u0438-\u0437\u0430-\u043c\u043e\u043b\u0438\u043d\u0441-\u043c\u0430\u0440\u043a-8\/","url":"https:\/\/cigarettemanufacturingmachinery.com\/bg\/\u043f\u0440\u043e\u0434\u0443\u043a\u0442\/\u0440\u0435\u0437\u0435\u0440\u0432\u043d\u0438-\u0447\u0430\u0441\u0442\u0438-\u0437\u0430-\u043c\u043e\u043b\u0438\u043d\u0441-\u043c\u0430\u0440\u043a-8\/","name":"Molins Mark 8 Yedek Par\u00e7a Tedarik\u00e7ileri - Hemen Sipari\u015f Verin!","isPartOf":{"@id":"https:\/\/cigarettemanufacturingmachinery.com\/#website"},"primaryImageOfPage":{"@id":"https:\/\/cigarettemanufacturingmachinery.com\/bg\/\u043f\u0440\u043e\u0434\u0443\u043a\u0442\/\u0440\u0435\u0437\u0435\u0440\u0432\u043d\u0438-\u0447\u0430\u0441\u0442\u0438-\u0437\u0430-\u043c\u043e\u043b\u0438\u043d\u0441-\u043c\u0430\u0440\u043a-8\/#primaryimage"},"image":{"@id":"https:\/\/cigarettemanufacturingmachinery.com\/bg\/\u043f\u0440\u043e\u0434\u0443\u043a\u0442\/\u0440\u0435\u0437\u0435\u0440\u0432\u043d\u0438-\u0447\u0430\u0441\u0442\u0438-\u0437\u0430-\u043c\u043e\u043b\u0438\u043d\u0441-\u043c\u0430\u0440\u043a-8\/#primaryimage"},"thumbnailUrl":"https:\/\/cigarettemanufacturingmachinery.com\/wp-content\/uploads\/2024\/12\/Spare.webp","datePublished":"2024-12-21T12:35:09+00:00","dateModified":"2025-10-04T08:10:26+00:00","description":"Mark 8 Yedek Par\u00e7alar\u0131n\u0131 Al\u0131n: Garnit\u00fcr bantlar\u0131, emme bantlar\u0131, hazne besleyicileri ve kesme b\u0131\u00e7aklar\u0131 dahil olmak \u00fczere Mark 8 sigara makinesi yedek par\u00e7a yelpazesi","breadcrumb":{"@id":"https:\/\/cigarettemanufacturingmachinery.com\/bg\/\u043f\u0440\u043e\u0434\u0443\u043a\u0442\/\u0440\u0435\u0437\u0435\u0440\u0432\u043d\u0438-\u0447\u0430\u0441\u0442\u0438-\u0437\u0430-\u043c\u043e\u043b\u0438\u043d\u0441-\u043c\u0430\u0440\u043a-8\/#breadcrumb"},"inLanguage":"tr","potentialAction":[{"@type":"ReadAction","target":["https:\/\/cigarettemanufacturingmachinery.com\/bg\/\u043f\u0440\u043e\u0434\u0443\u043a\u0442\/\u0440\u0435\u0437\u0435\u0440\u0432\u043d\u0438-\u0447\u0430\u0441\u0442\u0438-\u0437\u0430-\u043c\u043e\u043b\u0438\u043d\u0441-\u043c\u0430\u0440\u043a-8\/"]}]},{"@type":"ImageObject","inLanguage":"tr","@id":"https:\/\/cigarettemanufacturingmachinery.com\/bg\/\u043f\u0440\u043e\u0434\u0443\u043a\u0442\/\u0440\u0435\u0437\u0435\u0440\u0432\u043d\u0438-\u0447\u0430\u0441\u0442\u0438-\u0437\u0430-\u043c\u043e\u043b\u0438\u043d\u0441-\u043c\u0430\u0440\u043a-8\/#primaryimage","url":"https:\/\/cigarettemanufacturingmachinery.com\/wp-content\/uploads\/2024\/12\/Spare.webp","contentUrl":"https:\/\/cigarettemanufacturingmachinery.com\/wp-content\/uploads\/2024\/12\/Spare.webp","width":1733,"height":975,"caption":"Molins Mark 8 Spare Parts"},{"@type":"BreadcrumbList","@id":"https:\/\/cigarettemanufacturingmachinery.com\/bg\/\u043f\u0440\u043e\u0434\u0443\u043a\u0442\/\u0440\u0435\u0437\u0435\u0440\u0432\u043d\u0438-\u0447\u0430\u0441\u0442\u0438-\u0437\u0430-\u043c\u043e\u043b\u0438\u043d\u0441-\u043c\u0430\u0440\u043a-8\/#breadcrumb","itemListElement":[{"@type":"ListItem","position":1,"name":"Home","item":"https:\/\/cigarettemanufacturingmachinery.com\/"},{"@type":"ListItem","position":2,"name":"\u00dcr\u00fcnler","item":"https:\/\/cigarettemanufacturingmachinery.com\/tr\/shop\/"},{"@type":"ListItem","position":3,"name":"Molins Mark 8 Spare Parts"}]},{"@type":"WebSite","@id":"https:\/\/cigarettemanufacturingmachinery.com\/#website","url":"https:\/\/cigarettemanufacturingmachinery.com\/","name":"Sigara \u00dcretim Makinalar\u0131","description":"Sigara Yapma Makinesi Tedarik\u00e7ileri","potentialAction":[{"@type":"SearchAction","target":{"@type":"EntryPoint","urlTemplate":"https:\/\/cigarettemanufacturingmachinery.com\/?s={search_term_string}"},"query-input":{"@type":"PropertyValueSpecification","valueRequired":true,"valueName":"search_term_string"}}],"inLanguage":"tr"}]}},"_links":{"self":[{"href":"https:\/\/cigarettemanufacturingmachinery.com\/tr\/wp-json\/wp\/v2\/product\/28899","targetHints":{"allow":["GET"]}}],"collection":[{"href":"https:\/\/cigarettemanufacturingmachinery.com\/tr\/wp-json\/wp\/v2\/product"}],"about":[{"href":"https:\/\/cigarettemanufacturingmachinery.com\/tr\/wp-json\/wp\/v2\/types\/product"}],"replies":[{"embeddable":true,"href":"https:\/\/cigarettemanufacturingmachinery.com\/tr\/wp-json\/wp\/v2\/comments?post=28899"}],"version-history":[{"count":3,"href":"https:\/\/cigarettemanufacturingmachinery.com\/tr\/wp-json\/wp\/v2\/product\/28899\/revisions"}],"predecessor-version":[{"id":29209,"href":"https:\/\/cigarettemanufacturingmachinery.com\/tr\/wp-json\/wp\/v2\/product\/28899\/revisions\/29209"}],"wp:featuredmedia":[{"embeddable":true,"href":"https:\/\/cigarettemanufacturingmachinery.com\/tr\/wp-json\/wp\/v2\/media\/28900"}],"wp:attachment":[{"href":"https:\/\/cigarettemanufacturingmachinery.com\/tr\/wp-json\/wp\/v2\/media?parent=28899"}],"wp:term":[{"taxonomy":"product_brand","embeddable":true,"href":"https:\/\/cigarettemanufacturingmachinery.com\/tr\/wp-json\/wp\/v2\/product_brand?post=28899"},{"taxonomy":"product_cat","embeddable":true,"href":"https:\/\/cigarettemanufacturingmachinery.com\/tr\/wp-json\/wp\/v2\/product_cat?post=28899"},{"taxonomy":"product_tag","embeddable":true,"href":"https:\/\/cigarettemanufacturingmachinery.com\/tr\/wp-json\/wp\/v2\/product_tag?post=28899"}],"curies":[{"name":"wp","href":"https:\/\/api.w.org\/{rel}","templated":true}]}}