{"id":28903,"date":"2024-12-21T12:47:45","date_gmt":"2024-12-21T12:47:45","guid":{"rendered":"https:\/\/cigarettemanufacturingmachinery.com\/?post_type=product&#038;p=28903"},"modified":"2026-03-03T08:56:25","modified_gmt":"2026-03-03T08:56:25","slug":"hauni-protos-spare-parts","status":"publish","type":"product","link":"https:\/\/cigarettemanufacturingmachinery.com\/tr\/urun\/hauni-protos-yedek-parcalari\/","title":{"rendered":"Hauni Protos Yedek Par\u00e7alar\u0131"},"content":{"rendered":"<h2>Hauni PROTOS Yedek Par\u00e7a \u00dcreticisi<\/h2>\n<p>Sigara \u00fcretim makinelerinizin g\u00fcvenilirli\u011fini ve uzun \u00f6m\u00fcrl\u00fcl\u00fc\u011f\u00fcn\u00fc birinci s\u0131n\u0131f Hauni Protos yedek par\u00e7alar\u0131m\u0131zla art\u0131r\u0131n. Ola\u011fan\u00fcst\u00fc performanslar\u0131yla bilinen Hauni Protos makineleri, t\u00fct\u00fcn end\u00fcstrisinin temel ta\u015flar\u0131ndan biridir ve i\u015flevselli\u011fini korumak i\u00e7in \u00fcst\u00fcn yedek par\u00e7alar gerekir.<\/p>\n<p>Envanterimizde PROTOS yedek par\u00e7alar\u0131n\u0131n kapsaml\u0131 bir yelpazesi bulunmaktad\u0131r.<strong> garnit\u00fcr bantlar\u0131 ve vakumlu silindirlerden kesme b\u0131\u00e7aklar\u0131na ve tutkal nozullar\u0131na kadar.<\/strong> Her par\u00e7a hassasiyet ve uyumluluk sa\u011flayacak \u015fekilde tasarlanm\u0131\u015ft\u0131r ve Hauni Protos makinelerinizin en y\u00fcksek verimlilikte \u00e7al\u0131\u015fmaya devam etmesini sa\u011flar. <strong><a href=\"https:\/\/api.whatsapp.com\/send?phone=971557861010\">\u015eimdi Whatsapp: +971 55 786 1010<\/a><\/strong><\/p>\n<h2>Protos Yedek Par\u00e7alar\u0131m\u0131z\u0131n Temel \u00d6zellikleri:<\/h2>\n<ul>\n<li>M\u00fckemmel Uyum: Hauni Protos 70, 80 ve 90 modellerine uyacak \u015fekilde hassas bir \u015fekilde tasarlanm\u0131\u015ft\u0131r.<\/li>\n<li>Y\u00fcksek Dayan\u0131kl\u0131l\u0131k: Uzun s\u00fcreli a\u015f\u0131nma direnci i\u00e7in birinci s\u0131n\u0131f malzemelerden \u00fcretilmi\u015ftir.<\/li>\n<li>Geli\u015fmi\u015f Verimlilik: Duru\u015f s\u00fcrelerini en aza indirmeye ve kesintisiz \u00fcretim operasyonlar\u0131n\u0131 s\u00fcrd\u00fcrmeye yard\u0131mc\u0131 olur.<\/li>\n<\/ul>\n<p>Rutin bak\u0131m veya acil onar\u0131mlar i\u00e7in yedek par\u00e7alara ihtiyac\u0131n\u0131z olsun, Hauni Protos yedek par\u00e7alar\u0131m\u0131z \u00fcretim hatlar\u0131n\u0131z\u0131n operasyonel ve verimli kalmas\u0131n\u0131 sa\u011flar.<\/p>\n<p>Envanterimiz hakk\u0131nda daha fazla bilgi edinmek veya rekabet\u00e7i fiyatlarla birinci s\u0131n\u0131f Hauni Protos par\u00e7alar\u0131 sipari\u015fi vermek i\u00e7in bug\u00fcn bizimle ileti\u015fime ge\u00e7in!<\/p>","protected":false},"excerpt":{"rendered":"<p>Sigara \u00fcretim makinelerinizin performans\u0131n\u0131 ve verimlili\u011fini korumak i\u00e7in tasarlanm\u0131\u015f y\u00fcksek kaliteli Hauni Protos yedek par\u00e7alar\u0131 sa\u011fl\u0131yoruz. PROTOS yedek par\u00e7a yelpazemiz, \u00fcretim ihtiya\u00e7lar\u0131n\u0131z\u0131 desteklemek i\u00e7in dayan\u0131kl\u0131l\u0131k ve hassasiyet i\u00e7in tasarlanm\u0131\u015ft\u0131r.<\/p>","protected":false},"featured_media":28904,"comment_status":"closed","ping_status":"closed","template":"","meta":[],"product_brand":[],"product_cat":[221],"product_tag":[],"class_list":{"0":"post-28903","1":"product","2":"type-product","3":"status-publish","4":"has-post-thumbnail","6":"product_cat-spare-parts","8":"first","9":"instock","10":"shipping-taxable","11":"product-type-simple"},"yoast_head":"<!-- This site is optimized with the Yoast SEO plugin v27.4 - https:\/\/yoast.com\/product\/yoast-seo-wordpress\/ -->\n<title>Hauni PROTOS Spare Parts Suppliers - Order Now!<\/title>\n<meta name=\"description\" content=\"Get Hauni Protos Spare Parts - Our inventory Have: garniture tapes and suction rollers to cutting knives and glue nozzles. PROTOS 70 \/ PROTOS 80\" \/>\n<meta name=\"robots\" content=\"index, follow, max-snippet:-1, max-image-preview:large, max-video-preview:-1\" \/>\n<link rel=\"canonical\" href=\"https:\/\/cigarettemanufacturingmachinery.com\/tr\/urun\/hauni-protos-yedek-parcalari\/\" \/>\n<meta property=\"og:locale\" content=\"tr_TR\" \/>\n<meta property=\"og:type\" content=\"article\" \/>\n<meta property=\"og:title\" content=\"Hauni PROTOS Spare Parts Suppliers - Order Now!\" \/>\n<meta property=\"og:description\" content=\"Get Hauni Protos Spare Parts - Our inventory Have: garniture tapes and suction rollers to cutting knives and glue nozzles. PROTOS 70 \/ PROTOS 80\" \/>\n<meta property=\"og:url\" content=\"https:\/\/cigarettemanufacturingmachinery.com\/tr\/urun\/hauni-protos-yedek-parcalari\/\" \/>\n<meta property=\"og:site_name\" content=\"Cigarette Manufacturing Machinery\" \/>\n<meta property=\"article:modified_time\" content=\"2026-03-03T08:56:25+00:00\" \/>\n<meta property=\"og:image\" content=\"https:\/\/cigarettemanufacturingmachinery.com\/wp-content\/uploads\/2024\/12\/Spare-1.webp\" \/>\n\t<meta property=\"og:image:width\" content=\"1700\" \/>\n\t<meta property=\"og:image:height\" content=\"956\" \/>\n\t<meta property=\"og:image:type\" content=\"image\/webp\" \/>\n<meta name=\"twitter:card\" content=\"summary_large_image\" \/>\n<meta name=\"twitter:label1\" content=\"Tahmini okuma s\u00fcresi\" \/>\n\t<meta name=\"twitter:data1\" content=\"1 dakika\" \/>\n<!-- \/ Yoast SEO plugin. -->","yoast_head_json":{"title":"Hauni PROTOS Yedek Par\u00e7a Tedarik\u00e7ileri - Hemen Sipari\u015f Verin!","description":"Hauni Protos Yedek Par\u00e7alar\u0131n\u0131 Al\u0131n - Envanterimizde \u015funlar bulunur: garnit\u00fcr bantlar\u0131 ve emi\u015f silindirlerinden kesme b\u0131\u00e7aklar\u0131na ve tutkal nozullar\u0131na kadar. PROTOS 70 \/ PROTOS 80","robots":{"index":"index","follow":"follow","max-snippet":"max-snippet:-1","max-image-preview":"max-image-preview:large","max-video-preview":"max-video-preview:-1"},"canonical":"https:\/\/cigarettemanufacturingmachinery.com\/tr\/urun\/hauni-protos-yedek-parcalari\/","og_locale":"tr_TR","og_type":"article","og_title":"Hauni PROTOS Spare Parts Suppliers - Order Now!","og_description":"Get Hauni Protos Spare Parts - Our inventory Have: garniture tapes and suction rollers to cutting knives and glue nozzles. PROTOS 70 \/ PROTOS 80","og_url":"https:\/\/cigarettemanufacturingmachinery.com\/tr\/urun\/hauni-protos-yedek-parcalari\/","og_site_name":"Cigarette Manufacturing Machinery","article_modified_time":"2026-03-03T08:56:25+00:00","og_image":[{"width":1700,"height":956,"url":"https:\/\/cigarettemanufacturingmachinery.com\/wp-content\/uploads\/2024\/12\/Spare-1.webp","type":"image\/webp"}],"twitter_card":"summary_large_image","twitter_misc":{"Tahmini okuma s\u00fcresi":"1 dakika"},"schema":{"@context":"https:\/\/schema.org","@graph":[{"@type":"WebPage","@id":"https:\/\/cigarettemanufacturingmachinery.com\/product\/hauni-protos-spare-parts\/","url":"https:\/\/cigarettemanufacturingmachinery.com\/product\/hauni-protos-spare-parts\/","name":"Hauni PROTOS Yedek Par\u00e7a Tedarik\u00e7ileri - Hemen Sipari\u015f Verin!","isPartOf":{"@id":"https:\/\/cigarettemanufacturingmachinery.com\/#website"},"primaryImageOfPage":{"@id":"https:\/\/cigarettemanufacturingmachinery.com\/product\/hauni-protos-spare-parts\/#primaryimage"},"image":{"@id":"https:\/\/cigarettemanufacturingmachinery.com\/product\/hauni-protos-spare-parts\/#primaryimage"},"thumbnailUrl":"https:\/\/cigarettemanufacturingmachinery.com\/wp-content\/uploads\/2024\/12\/Spare-1.webp","datePublished":"2024-12-21T12:47:45+00:00","dateModified":"2026-03-03T08:56:25+00:00","description":"Hauni Protos Yedek Par\u00e7alar\u0131n\u0131 Al\u0131n - Envanterimizde \u015funlar bulunur: garnit\u00fcr bantlar\u0131 ve emi\u015f silindirlerinden kesme b\u0131\u00e7aklar\u0131na ve tutkal nozullar\u0131na kadar. PROTOS 70 \/ PROTOS 80","breadcrumb":{"@id":"https:\/\/cigarettemanufacturingmachinery.com\/product\/hauni-protos-spare-parts\/#breadcrumb"},"inLanguage":"tr","potentialAction":[{"@type":"ReadAction","target":["https:\/\/cigarettemanufacturingmachinery.com\/product\/hauni-protos-spare-parts\/"]}]},{"@type":"ImageObject","inLanguage":"tr","@id":"https:\/\/cigarettemanufacturingmachinery.com\/product\/hauni-protos-spare-parts\/#primaryimage","url":"https:\/\/cigarettemanufacturingmachinery.com\/wp-content\/uploads\/2024\/12\/Spare-1.webp","contentUrl":"https:\/\/cigarettemanufacturingmachinery.com\/wp-content\/uploads\/2024\/12\/Spare-1.webp","width":1700,"height":956,"caption":"Hauni Protos Spare Parts"},{"@type":"BreadcrumbList","@id":"https:\/\/cigarettemanufacturingmachinery.com\/product\/hauni-protos-spare-parts\/#breadcrumb","itemListElement":[{"@type":"ListItem","position":1,"name":"Home","item":"https:\/\/cigarettemanufacturingmachinery.com\/"},{"@type":"ListItem","position":2,"name":"\u00dcr\u00fcnler","item":"https:\/\/cigarettemanufacturingmachinery.com\/tr\/shop\/"},{"@type":"ListItem","position":3,"name":"Hauni Protos Spare Parts"}]},{"@type":"WebSite","@id":"https:\/\/cigarettemanufacturingmachinery.com\/#website","url":"https:\/\/cigarettemanufacturingmachinery.com\/","name":"Sigara \u00dcretim Makinalar\u0131","description":"Sigara Yapma Makinesi Tedarik\u00e7ileri","potentialAction":[{"@type":"SearchAction","target":{"@type":"EntryPoint","urlTemplate":"https:\/\/cigarettemanufacturingmachinery.com\/?s={search_term_string}"},"query-input":{"@type":"PropertyValueSpecification","valueRequired":true,"valueName":"search_term_string"}}],"inLanguage":"tr"}]}},"_links":{"self":[{"href":"https:\/\/cigarettemanufacturingmachinery.com\/tr\/wp-json\/wp\/v2\/product\/28903","targetHints":{"allow":["GET"]}}],"collection":[{"href":"https:\/\/cigarettemanufacturingmachinery.com\/tr\/wp-json\/wp\/v2\/product"}],"about":[{"href":"https:\/\/cigarettemanufacturingmachinery.com\/tr\/wp-json\/wp\/v2\/types\/product"}],"replies":[{"embeddable":true,"href":"https:\/\/cigarettemanufacturingmachinery.com\/tr\/wp-json\/wp\/v2\/comments?post=28903"}],"version-history":[{"count":3,"href":"https:\/\/cigarettemanufacturingmachinery.com\/tr\/wp-json\/wp\/v2\/product\/28903\/revisions"}],"predecessor-version":[{"id":29208,"href":"https:\/\/cigarettemanufacturingmachinery.com\/tr\/wp-json\/wp\/v2\/product\/28903\/revisions\/29208"}],"wp:featuredmedia":[{"embeddable":true,"href":"https:\/\/cigarettemanufacturingmachinery.com\/tr\/wp-json\/wp\/v2\/media\/28904"}],"wp:attachment":[{"href":"https:\/\/cigarettemanufacturingmachinery.com\/tr\/wp-json\/wp\/v2\/media?parent=28903"}],"wp:term":[{"taxonomy":"product_brand","embeddable":true,"href":"https:\/\/cigarettemanufacturingmachinery.com\/tr\/wp-json\/wp\/v2\/product_brand?post=28903"},{"taxonomy":"product_cat","embeddable":true,"href":"https:\/\/cigarettemanufacturingmachinery.com\/tr\/wp-json\/wp\/v2\/product_cat?post=28903"},{"taxonomy":"product_tag","embeddable":true,"href":"https:\/\/cigarettemanufacturingmachinery.com\/tr\/wp-json\/wp\/v2\/product_tag?post=28903"}],"curies":[{"name":"wp","href":"https:\/\/api.w.org\/{rel}","templated":true}]}}